{"id":1306,"date":"2020-04-06T20:35:11","date_gmt":"2020-04-06T20:35:11","guid":{"rendered":"https:\/\/modernreef.eu\/about-modern-reef\/"},"modified":"2025-11-28T15:11:15","modified_gmt":"2025-11-28T14:11:15","slug":"uber-modern-reef","status":"publish","type":"page","link":"https:\/\/modernreef.eu\/de\/uber-modern-reef\/","title":{"rendered":"\u00dcber Modern Reef"},"content":{"rendered":"\t<div id=\"gap-571040971\" class=\"gap-element clearfix\" style=\"display:block; height:auto;\">\n\t\t\n<style>\n#gap-571040971 {\n  padding-top: 10px;\n}\n<\/style>\n\t<\/div>\n\t\n<div class=\"row\"  id=\"row-698599030\">\n\n\t<div id=\"col-809224518\" class=\"col small-12 large-12\"  >\n\t\t\t\t<div class=\"col-inner\"  >\n\t\t\t\n\t\t\t\n<p><strong>\u00dcber Modern Reef<\/strong><br \/><strong>Wo Korallenzucht-Expertise auf modernste BIO-Riff-Wissenschaft trifft<\/strong><\/p>\n<hr \/>\n<h2><strong>Der Ursprung der Pr\u00e4zision<\/strong><\/h2>\n<p>Modern Reef entsteht aus jahrzehntelanger Erfahrung in der Korallenzucht bei <strong>Euro Corals<\/strong> \u2013 einer der renommiertesten <strong>100% Aquakultur-Korallenfarmen<\/strong> Europas. Wir haben das Know-how der gro\u00dftechnischen Korallenkultivierung in ein <strong>hochentwickeltes Riffpflege-System<\/strong> \u00fcberf\u00fchrt, das in unseren eigenen Laboren bis ins Detail verfeinert wurde und nun Riff-Aquarianern weltweit zur Verf\u00fcgung steht.<\/p>\n<hr \/>\n<h2><strong>Unerreichte Wasseranalyse &amp; technische Exzellenz<\/strong><\/h2>\n<p>Das Labor von Modern Reef setzt einen <strong>neuen Branchenstandard<\/strong> durch ein umfassendes <strong>56-Parameter-Analysesystem<\/strong>. Unsere analytischen M\u00f6glichkeiten kombinieren <strong>ICP-OES\/MS<\/strong>-Basistechnologie mit <strong>Ionenchromatographie (IC)<\/strong> und weiteren High-End-Instrumenten. So erreichen wir eine <strong>beispiellose Genauigkeit<\/strong>, von Konzentrationen im Bereich von Teilen pro Billion (ppt) bis hin zu Teilen pro Milliarde (ppb). Das bedeutet: <strong>Probleme werden fr\u00fcher erkannt<\/strong> und <strong>Korrekturen k\u00f6nnen gezielter und sicherer<\/strong> durchgef\u00fchrt werden.<\/p>\n<h3><strong>Analytische Spitzen-Technologien<\/strong><\/h3>\n<ul>\n<li><strong>Multi-Instrumenten-Ansatz<\/strong>, der durch <strong>Cross-Validation-Protokolle<\/strong> falsche Messwerte minimiert<\/li>\n<li><strong>Hochentwickelte Spektrometer<\/strong> f\u00fcr pr\u00e4zise Elementanalysen<\/li>\n<li><strong>Hochpr\u00e4zise Chromatographen<\/strong> f\u00fcr exakte Messungen von Ionen<\/li>\n<li><strong>Exklusive Tr\u00fcbungsmesssysteme<\/strong>, die PAR-beeintr\u00e4chtigende Partikel quantifizieren<\/li>\n<li><strong>Redundante Validierungsinstrumente<\/strong>, die konsistente und verl\u00e4ssliche Daten sicherstellen<\/li>\n<\/ul>\n<h3><strong>Mehr als Tests \u2013 komplette Systeml\u00f6sungen<\/strong><\/h3>\n<p>Unser Labor treibt kontinuierliche Innovation voran durch:<\/p>\n<ol>\n<li><strong>Gezielte Modifikationen an Technik und Equipment<\/strong>, um systemische Probleme zu beheben<\/li>\n<li><strong>Spezialisierte Produktformulierungen<\/strong>, um konkrete Ungleichgewichte zu korrigieren<\/li>\n<li><strong>Optimierte Wartungsprotokolle<\/strong>, die auf echten Messdaten und Praxiserfahrungen basieren<\/li>\n<\/ol>\n<h3><strong>Un\u00fcbertroffener Service &amp; einzigartige Einblicke<\/strong><\/h3>\n<ul>\n<li><strong>Exklusive Tr\u00fcbungsanalyse<\/strong>, die die Effizienz deiner Beleuchtung ohne Mehrkosten maximiert \u2013 f\u00fcr <strong>mehr Wachstum mit derselben Beleuchtung<\/strong><\/li>\n<li><strong>Kontinuierliche Integration neuer Labortechnologien<\/strong>, ohne zus\u00e4tzliche Kosten<\/li>\n<li><strong>24\/7-Priorit\u00e4tsbearbeitung<\/strong> mit <strong>garantierten Ergebnissen innerhalb von 24 Stunden<\/strong><\/li>\n<li><strong>Redundante Systeme<\/strong>, die eine unterbrechungsfreie Verf\u00fcgbarkeit des Services sicherstellen<\/li>\n<\/ul>\n<p>Dieser umfassende analytische Ansatz bietet dir:<\/p>\n<ul>\n<li><strong>\u2713 Noch nie dagewesene Transparenz<\/strong> in die Chemie deines Riff-\u00d6kosystems<\/li>\n<li><strong>\u2713 Vollst\u00e4ndige Diagnosel\u00f6sungen<\/strong>, nicht nur Testwerte<\/li>\n<li><strong>\u2713 Umsetzbare Erkenntnisse<\/strong> f\u00fcr die Optimierung deines Systems<\/li>\n<li><strong>\u2713 Werkzeuge f\u00fcr ein langfristiges Gesundheitsmanagement<\/strong> deines Riffbeckens<\/li>\n<\/ul>\n<p>Durch die Kombination mehrerer hochentwickelter Technologien mit strengen Validierungsprotokollen verwandeln wir die Wasseranalyse von einem <strong>einfachen Diagnose-Tool<\/strong> in ein <strong>leistungsstarkes Instrument zur Systemoptimierung<\/strong> \u2013 und geben Riff-Aquarianern <strong>die volle Kontrolle<\/strong> \u00fcber ihre Aquarien.<\/p>\n<hr \/>\n<h2><strong>Die Evolution der Riff-Supplementierung<\/strong><\/h2>\n<p>Unsere Formulierungen sind <strong>im professionellen Ma\u00dfstab erprobt<\/strong> und wurden \u00fcber Jahre hinweg an <strong>tausenden von Korallenkolonien<\/strong> bei Euro Corals verfeinert. Getestet mit verschiedensten Arten und unter unterschiedlichen Wachstumsbedingungen, wurden sie im Labor zu <strong>pharmazeutischem Qualit\u00e4tsstandard<\/strong> entwickelt \u2013 mit <strong>Chargenkonstanz und h\u00f6chster Reinheit<\/strong>.<\/p>\n<p>Wir haben die Riffpflege mit <strong>pr\u00e4zisen Formulierungen<\/strong> neu definiert, die speziell f\u00fcr die <strong>besonderen Anforderungen von geschlossenen Meerwassersystemen (Riffaquarien)<\/strong> entwickelt wurden. Anders als das offene Meer arbeitet ein <strong>Riffbecken<\/strong> unter v\u00f6llig anderen biologischen und chemischen Rahmenbedingungen. Durch jahrelange Experimente haben wir L\u00f6sungen entwickelt, die in geschlossenen Systemen <strong>Meerwasser aus der Natur in Punkten wie Stabilit\u00e4t, Konstanz und n\u00e4hrstoffseitiger Unterst\u00fctzung des Korallenwachstums \u00fcbertreffen k\u00f6nnen<\/strong>.<\/p>\n<p>Modern Reef pr\u00e4sentiert das <strong>Proportional Consumption Reef-Keeping System<\/strong> \u2013 unser <strong>hybrider Durchbruch im pr\u00e4zisen Management von Riffaquarien<\/strong>. Diese <strong>intelligente Dosiertechnologie<\/strong> macht ein <strong>professionelles Niveau an Kontrolle<\/strong> selbst f\u00fcr Einsteiger zug\u00e4nglich und bietet gleichzeitig <strong>umfangreiche Individualisierungsm\u00f6glichkeiten<\/strong> f\u00fcr erfahrene Riffaquarianer. Grundlage ist ein <strong>propriet\u00e4res Wartungs- und Anpassungssystem<\/strong>, das sich an das <strong>tats\u00e4chliche Verbrauchsverhalten<\/strong> deines Riffs anpasst.<\/p>\n<p>Im Unterschied zu herk\u00f6mmlichen Ans\u00e4tzen <strong>reagiert unser System automatisch<\/strong> auf Ver\u00e4nderungen bei:<\/p>\n<ul>\n<li>Korallenbiomasse<\/li>\n<li>Lichtverh\u00e4ltnissen<\/li>\n<li>F\u00fctterungsroutinen<\/li>\n<li>Nutzeranpassungen und -eingriffen<\/li>\n<\/ul>\n<p>Die <strong>Proportional-Consumption-Methode<\/strong> sorgt f\u00fcr eine <strong>au\u00dfergew\u00f6hnliche Stabilit\u00e4t<\/strong>, indem sie <strong>optimale N\u00e4hrstoffverh\u00e4ltnisse<\/strong> erh\u00e4lt \u2013 so, wie es ein erfahrener Riffaquarianer manuell einstellen w\u00fcrde \u2013 und reduziert gleichzeitig den <strong>Wartungsaufwand deutlich<\/strong>. Das Ergebnis ist ein <strong>selbstregulierendes \u00d6kosystem<\/strong>, das <strong>intensives Wachstum und brillante F\u00e4rbung<\/strong> der Korallen durch <strong>intelligente, verbrauchsorientierte Supplementierung<\/strong> f\u00f6rdert.<\/p>\n<hr \/>\n<h2><strong>Mehr als Supplemente: ganzheitliche Riff-L\u00f6sungen<\/strong><\/h2>\n<p>Modern Reef verfolgt einen <strong>konsequent wissenschaftsbasierten Ansatz<\/strong>, um die hartn\u00e4ckigsten Probleme im Riffaquarium zu l\u00f6sen. Unsere <strong>Strategien zur F\u00f6rderung der Biodiversit\u00e4t<\/strong> helfen, Systeme zu schaffen, die <strong>von Natur aus widerstandsf\u00e4higer gegen Dinoflagellaten (Dinos)<\/strong> sind. Gleichzeitig sorgen unsere <strong>mikrobiellen Balance-Konzepte<\/strong> daf\u00fcr, dass <strong>Cyanobakterien<\/strong> an ihrer Ursache und nicht nur an den Symptomen bek\u00e4mpft werden.<\/p>\n<p>Dar\u00fcber hinaus bieten wir <strong>tr\u00fcbungs-korrelierte Beleuchtungs-Empfehlungen<\/strong>, um die <strong>PAR-Effizienz<\/strong> zu optimieren und so ein <strong>schnelleres, ges\u00fcnderes Korallenwachstum<\/strong> zu erm\u00f6glichen \u2013 ohne zwangsl\u00e4ufig st\u00e4rker oder teurer beleuchten zu m\u00fcssen.<\/p>\n<hr \/>\n<h2><strong>Kernprinzipien der BIO-Reef-Wissenschaft<\/strong><\/h2>\n<p>Jedes Modern Reef Produkt wird <strong>in realen Aquakultur-Systemen validiert<\/strong>, bevor es auf den Markt kommt. Unser Ansatz besteht nicht darin, das Meer einfach zu kopieren, sondern darin, <strong>gezielt f\u00fcr den Erfolg in geschlossenen Systemen zu optimieren<\/strong> \u2013 mit <strong>Dosierstrategien, die auf die Physiologie der Korallen und die Dynamik moderner Riffaquarien abgestimmt sind<\/strong>.<\/p>\n<hr \/>\n<h2><strong>Werde Teil der Modern-Reef-Revolution<\/strong><\/h2>\n<p>Bei Modern Reef glauben wir daran, <strong>dass die Ergebnisse f\u00fcr sich selbst sprechen<\/strong>. Wir behaupten nicht, die Besten zu sein \u2013 wir laden dich einfach ein, <strong>unser System zu testen und dir deine eigene Meinung zu bilden<\/strong>. In der heutigen Riffaquaristik k\u00f6nnen viele Produkte Korallen am Leben halten, aber wir fordern dich heraus, <strong>den Unterschied unseres wissenschaftlich fundierten Ansatzes f\u00fcr nur vier Wochen zu erleben<\/strong>. Danach bist <strong>du als Reefer<\/strong> derjenige, der entscheidet, was in deinem Becken wirklich am besten funktioniert.<\/p>\n<p>Tritt unserer <strong>Facebook-Gruppe<\/strong> bei, um dich mit <strong>erfahrenen Riffaquarianern<\/strong> zu vernetzen, Erfahrungen zu teilen und immer \u00fcber die <strong>neuesten Entwicklungen und Innovationen<\/strong> informiert zu bleiben. Sieh dir an, was unser System in der Praxis bereits erreicht hat. Achte darauf, dass wir <strong>nicht auf Influencer oder kostenlose Produktverteilungen angewiesen sind<\/strong> \u2013 unser Vertrauen basiert auf <strong>Wissenschaft, Daten<\/strong> und vor allem auf <strong>Riffaquarianern wie dir<\/strong>, die sich die Zeit genommen haben, unseren Ansatz gr\u00fcndlich zu testen.<\/p>\n<p><strong>Probiere es aus. Teste es. \u00dcberzeuge dich selbst.<\/strong> Das ist der <strong>Modern-Reef-Weg<\/strong>.<\/p>\n<h3><strong>Modern Reef: Wo BIO-Reef-Wissenschaft und Leidenschaft zusammenkommen, um wirklich florierende Riff-\u00d6kosysteme zu erschaffen.<\/strong><\/h3>\n\t\t<\/div>\n\t\t\t\t\t<\/div>\n\n\t\n<\/div>\n","protected":false},"excerpt":{"rendered":"","protected":false},"author":1,"featured_media":0,"parent":0,"menu_order":0,"comment_status":"closed","ping_status":"closed","template":"","meta":{"footnotes":""},"class_list":["post-1306","page","type-page","status-publish","hentry"],"_links":{"self":[{"href":"https:\/\/modernreef.eu\/de\/wp-json\/wp\/v2\/pages\/1306","targetHints":{"allow":["GET"]}}],"collection":[{"href":"https:\/\/modernreef.eu\/de\/wp-json\/wp\/v2\/pages"}],"about":[{"href":"https:\/\/modernreef.eu\/de\/wp-json\/wp\/v2\/types\/page"}],"author":[{"embeddable":true,"href":"https:\/\/modernreef.eu\/de\/wp-json\/wp\/v2\/users\/1"}],"replies":[{"embeddable":true,"href":"https:\/\/modernreef.eu\/de\/wp-json\/wp\/v2\/comments?post=1306"}],"version-history":[{"count":22,"href":"https:\/\/modernreef.eu\/de\/wp-json\/wp\/v2\/pages\/1306\/revisions"}],"predecessor-version":[{"id":47477,"href":"https:\/\/modernreef.eu\/de\/wp-json\/wp\/v2\/pages\/1306\/revisions\/47477"}],"wp:attachment":[{"href":"https:\/\/modernreef.eu\/de\/wp-json\/wp\/v2\/media?parent=1306"}],"curies":[{"name":"wp","href":"https:\/\/api.w.org\/{rel}","templated":true}]}}