{"id":10634,"date":"2022-03-06T15:36:56","date_gmt":"2022-03-06T14:36:56","guid":{"rendered":"https:\/\/modernreef.eu\/?post_type=product&#038;p=10634"},"modified":"2022-09-03T00:55:23","modified_gmt":"2022-09-02T22:55:23","slug":"b-1000ml","status":"publish","type":"product","link":"https:\/\/modernreef.eu\/de\/shop\/reef-supplements-de\/b-1000ml\/","title":{"rendered":"B+ 1000ml"},"content":{"rendered":"<p><strong>B+ 1000ml<br \/>\n<\/strong><span class=\"JsGRdQ\">B+ ist eine hochreine fl\u00fcssige L\u00f6sung um eine Abweichung von Bor in Riffaquarien zu korrigieren. Es ist designed f\u00fcr die Nutzung mit unserem Modern Reef Lab, ICP und IC Wasseranalysen.<\/span><\/p>\n<p class=\"_04xlpA direction-ltr align-justify para-style-body\"><strong><span class=\"JsGRdQ\">Gebrauchsanweisung:<\/span><\/strong><\/p>\n<ul>\n<li><span class=\"JsGRdQ\">Nutzung und Dosierung wie empfohlen in dem \u201eAnomalie\u201c<\/span> <span class=\"JsGRdQ\">Bereich gem\u00e4\u00df der Modern Reef Lab, ICP und IC Wasseranalyse.<\/span><\/li>\n<\/ul>\n","protected":false},"excerpt":{"rendered":"<p>B+ 1000ml B+ ist eine hochreine fl\u00fcssige L\u00f6sung um eine Abweichung von Bor in Riffaquarien zu korrigieren. Es ist designed f\u00fcr die Nutzung mit unserem Modern Reef Lab, ICP und IC Wasseranalysen. Gebrauchsanweisung: Nutzung und Dosierung wie empfohlen in dem \u201eAnomalie\u201c Bereich gem\u00e4\u00df der Modern Reef Lab, ICP und IC Wasseranalyse.<\/p>\n","protected":false},"featured_media":21230,"template":"","meta":[],"product_brand":[],"product_cat":[137],"product_tag":[],"class_list":{"0":"post-10634","1":"product","2":"type-product","3":"status-publish","4":"has-post-thumbnail","6":"product_cat-reef-supplements-de","8":"first","9":"instock","10":"taxable","11":"shipping-taxable","12":"purchasable","13":"product-type-simple"},"_links":{"self":[{"href":"https:\/\/modernreef.eu\/de\/wp-json\/wp\/v2\/product\/10634","targetHints":{"allow":["GET"]}}],"collection":[{"href":"https:\/\/modernreef.eu\/de\/wp-json\/wp\/v2\/product"}],"about":[{"href":"https:\/\/modernreef.eu\/de\/wp-json\/wp\/v2\/types\/product"}],"wp:featuredmedia":[{"embeddable":true,"href":"https:\/\/modernreef.eu\/de\/wp-json\/wp\/v2\/media\/21230"}],"wp:attachment":[{"href":"https:\/\/modernreef.eu\/de\/wp-json\/wp\/v2\/media?parent=10634"}],"wp:term":[{"taxonomy":"product_brand","embeddable":true,"href":"https:\/\/modernreef.eu\/de\/wp-json\/wp\/v2\/product_brand?post=10634"},{"taxonomy":"product_cat","embeddable":true,"href":"https:\/\/modernreef.eu\/de\/wp-json\/wp\/v2\/product_cat?post=10634"},{"taxonomy":"product_tag","embeddable":true,"href":"https:\/\/modernreef.eu\/de\/wp-json\/wp\/v2\/product_tag?post=10634"}],"curies":[{"name":"wp","href":"https:\/\/api.w.org\/{rel}","templated":true}]}}