{"id":10650,"date":"2022-03-06T15:58:44","date_gmt":"2022-03-06T14:58:44","guid":{"rendered":"https:\/\/modernreef.eu\/?post_type=product&#038;p=10650"},"modified":"2022-09-03T00:38:38","modified_gmt":"2022-09-02T22:38:38","slug":"ca-1000ml","status":"publish","type":"product","link":"https:\/\/modernreef.eu\/de\/shop\/reef-supplements-de\/ca-1000ml\/","title":{"rendered":"Ca+ 1000ml"},"content":{"rendered":"<p class=\"_04xlpA direction-ltr align-justify para-style-body\"><span class=\"JsGRdQ\"><strong>Ca+ 1000ml<\/strong><br \/>\nCa+ ist eine hochreine fl\u00fcssige L\u00f6sung um eine Abweichung von Kalzium in Riffaquarien zu korrigieren. Es ist designed f\u00fcr die Nutzung mit unserem Modern Reef Lab, ICP und IC Wasseranalysen.<\/span><\/p>\n<p class=\"_04xlpA direction-ltr align-justify para-style-body\"><strong><span class=\"JsGRdQ\">Gebrauchsanweisung:<\/span><\/strong><\/p>\n<ul>\n<li><span class=\"JsGRdQ\">Nutzung und Dosierung wie empfohlen in dem \u201eAnomalie\u201c<\/span> <span class=\"JsGRdQ\">Bereich gem\u00e4\u00df der Modern Reef Lab, ICP und IC Wasseranalyse.<\/span><\/li>\n<\/ul>\n","protected":false},"excerpt":{"rendered":"<p>Ca+ 1000ml Ca+ ist eine hochreine fl\u00fcssige L\u00f6sung um eine Abweichung von Kalzium in Riffaquarien zu korrigieren. Es ist designed f\u00fcr die Nutzung mit unserem Modern Reef Lab, ICP und IC Wasseranalysen. Gebrauchsanweisung: Nutzung und Dosierung wie empfohlen in dem \u201eAnomalie\u201c Bereich gem\u00e4\u00df der Modern Reef Lab, ICP und IC Wasseranalyse.<\/p>\n","protected":false},"featured_media":21245,"template":"","meta":[],"product_brand":[],"product_cat":[137],"product_tag":[],"class_list":{"0":"post-10650","1":"product","2":"type-product","3":"status-publish","4":"has-post-thumbnail","6":"product_cat-reef-supplements-de","8":"first","9":"instock","10":"taxable","11":"shipping-taxable","12":"purchasable","13":"product-type-simple"},"_links":{"self":[{"href":"https:\/\/modernreef.eu\/de\/wp-json\/wp\/v2\/product\/10650","targetHints":{"allow":["GET"]}}],"collection":[{"href":"https:\/\/modernreef.eu\/de\/wp-json\/wp\/v2\/product"}],"about":[{"href":"https:\/\/modernreef.eu\/de\/wp-json\/wp\/v2\/types\/product"}],"wp:featuredmedia":[{"embeddable":true,"href":"https:\/\/modernreef.eu\/de\/wp-json\/wp\/v2\/media\/21245"}],"wp:attachment":[{"href":"https:\/\/modernreef.eu\/de\/wp-json\/wp\/v2\/media?parent=10650"}],"wp:term":[{"taxonomy":"product_brand","embeddable":true,"href":"https:\/\/modernreef.eu\/de\/wp-json\/wp\/v2\/product_brand?post=10650"},{"taxonomy":"product_cat","embeddable":true,"href":"https:\/\/modernreef.eu\/de\/wp-json\/wp\/v2\/product_cat?post=10650"},{"taxonomy":"product_tag","embeddable":true,"href":"https:\/\/modernreef.eu\/de\/wp-json\/wp\/v2\/product_tag?post=10650"}],"curies":[{"name":"wp","href":"https:\/\/api.w.org\/{rel}","templated":true}]}}