{"id":11260,"date":"2022-04-07T00:23:15","date_gmt":"2022-04-06T22:23:15","guid":{"rendered":"https:\/\/modernreef.eu\/shop\/unkategorisiert\/one-4reef\/"},"modified":"2025-10-13T18:22:03","modified_gmt":"2025-10-13T16:22:03","slug":"one-4reef-5l","status":"publish","type":"product","link":"https:\/\/modernreef.eu\/de\/shop\/organic-reef-keeping-system-de\/one-4reef-5l\/","title":{"rendered":"ONE-4Reef 5L"},"content":{"rendered":"<div class=\"row\"  id=\"row-1277626268\">\r\n\r\n\n\t<div id=\"col-1731688969\" class=\"col small-12 large-12\"  >\n\t\t\t\t<div class=\"col-inner\"  >\n\t\t\t\n\t\t\t\r\n\r\n\t<div id=\"gap-530788124\" class=\"gap-element clearfix\" style=\"display:block; height:auto;\">\n\t\t\n<style>\n#gap-530788124 {\n  padding-top: 10px;\n}\n<\/style>\n\t<\/div>\n\t\r\n\r\n<div class=\"container section-title-container\" ><h3 class=\"section-title section-title-normal\"><b aria-hidden=\"true\"><\/b><span class=\"section-title-main\" >One-4Reef Leitfaden<\/span><b aria-hidden=\"true\"><\/b><\/h3><\/div>\r\n\r\nONE-4Reef ist eine superkonzentrierte, rein organische Form unseres verbrauchsproportionalen Systems f\u00fcr die Riffhaltung in einem Kanister. Es enth\u00e4lt alle notwendigen Spurenelemente des nat\u00fcrlichen Meerwassers, organische Mikron\u00e4hrstoffe und Aminos\u00e4uren in einem Produkt! Sofort einsatzbereit, um ein gedeihendes und farbenfrohes Riffaquarium zu erhalten. Hochkonzentriert (1L enth\u00e4lt 50.160 mg\/l Calcium und 7.000 \u00b0dKH\/l). Speziell f\u00fcr die Verwendung mit unserem Reef Keeping System (RKS) entwickelt, kann aber auch allein oder in Aquarien mit Kalziumreaktoren verwendet werden.\r\n<blockquote><em><strong>Wichtig!<\/strong>ONE-4Reef kann durch die bakterielle Aktivit\u00e4t der organischen Dosierung die N\u00e4hrstoffe erheblich reduzieren. Dies kann zu einer blassen F\u00e4rbung und Stagnation des Riffaquariums f\u00fchren. Wir empfehlen daher, NO3 und PO4 zu \u00fcberwachen und Modern Reef N+ und P+ bei Bedarf zu dosieren, insbesondere in n\u00e4hrstoffarmen Riffaquarien.<\/em><\/blockquote>\r\n<strong>Vorteile:<\/strong>\r\n<ul>\r\n \t<li>All-in-One-Kanister f\u00fcr den gesamten Bedarf eines Riffaquariums (Complete Reef Food und Polypop werden weiterhin ben\u00f6tigt)<\/li>\r\n \t<li>Keine Anreicherung von Nebenprodukten wie Natrium oder Chlorid<\/li>\r\n \t<li>Geeignet f\u00fcr alle LPS-dominanten, SPS-dominanten, weichen, oder gemischte Riffaquarien<\/li>\r\n \t<li>Verbesserung der Farbe und des Wachstums im Vergleich zu anderen organischen Balling-Methoden<\/li>\r\n \t<li>Widerstandsf\u00e4higeres Riffaquarium gegen Cyanobakterien und Dinoflagellaten<\/li>\r\n \t<li>Maximale Polypenexpansion bei allen Korallen<\/li>\r\n \t<li>Hilft bei der Reinigung von Steinen und Sand<\/li>\r\n \t<li>Hilft bei der Aufrechterhaltung von klarem Wasser<\/li>\r\n \t<li>Reduziert \u00fcbersch\u00fcssige N\u00e4hrstoffe wie NO3 und PO4<\/li>\r\n \t<li>Geeignet f\u00fcr manuelle oder automatische Dosierung<\/li>\r\n \t<li>Platzsparend mit einem Kanister und einer Pumpe bei alleiniger Verwendung<\/li>\r\n \t<li>Kann als \"Sparmodus\" f\u00fcr Riffaquariensysteme mit Balling oder Kalziumreaktoren verwendet werden<\/li>\r\n \t<li>Modern Reef verbrauchsproportionale einzigartige Formel in organischer Form<\/li>\r\n<\/ul>\r\n<strong>Sie k\u00f6nnen ONE-4Reef auf 3 Arten zur Pflege eines Riffaquariums verwenden:<\/strong>\r\n<ul>\r\n \t<li><a href=\"#anchor-alone\">Allein als Basis-Riffhaltungssystem<\/a><\/li>\r\n \t<li><a href=\"#anchor-with-RKS\">Mit dem Modern Reef RKS (Reef Keeping System) als \"Sparmodus\"<\/a><\/li>\r\n \t<li><a href=\"#anchor-with-calciumreactor\">In Riffaquarien mit Kalziumreaktoren<\/a><\/li>\r\n<\/ul>\r\n<span class=\"scroll-to\" data-label=\"Scroll to: #anchor-alone\" data-bullet=\"true\" data-link=\"#anchor-alone\" data-title=\"ONE-4REEF ALLEIN ALS METHODE DER RIFFHALTUNG\"><a name=\"anchor-alone\"><\/a><\/span>\r\n\r\n<div class=\"container section-title-container\" ><h3 class=\"section-title section-title-normal\"><b aria-hidden=\"true\"><\/b><span class=\"section-title-main\" >ONE-4REEF ALLEIN ALS METHODE DER RIFFHALTUNG<\/span><b aria-hidden=\"true\"><\/b><\/h3><\/div>\r\n\r\nWenn Sie f\u00fcr Ihr Riffaquarium eine organische Dosierung und eine Form von Balling bevorzugen, dann k\u00f6nnen Sie ONE-4Reef allein verwenden. Beginnen Sie mit einer Dosierung von 4 ml ONE-4Reef pro 100 Liter. Erh\u00f6hen Sie dann alle 2-4 Tage um 2 ml pro 100 Liter, bis KH und Kalzium konstant bleiben und Sie Ihre Erhaltungsdosis gefunden haben. Testen Sie regelm\u00e4\u00dfig KH und Kalzium und verwenden Sie Kalzium als Dosierungsregler. Dies liegt daran, dass der von ONE-4Reef gelieferte KH-Wert (wie alle Arten von organischem Balling) bis zu 2 Tage dauern kann, bis er in einem KH-Testkit angezeigt wird. \u00dcberschreiten Sie nicht 20 ml pro 100 Liter pro Tag, und vergessen Sie nicht, Modern Reef Complete Reef Food und Polypop zu verwenden, um das verbrauchsproportionale System zu vervollst\u00e4ndigen.\r\n\r\nWenn Ihr Riffaquarium gro\u00df ist und Sie nicht st\u00e4ndig nachf\u00fcllen m\u00f6chten, k\u00f6nnen Sie die Dosierung aufteilen und so viele Kanister und Dosierpumpen anschlie\u00dfen, wie Sie m\u00f6chten. Wenn Sie zum Beispiel 400 ml ONE-4Reef pro Tag dosieren, k\u00f6nnen Sie 4 Kanister an 4 Dosierpumpen anschlie\u00dfen und jeweils 100 ml pro Tag dosieren. Erst nach relativ langer Zeit werden sie somit die Kanister austauschen oder nachf\u00fcllen m\u00fcssen. Bedenken Sie, dass Sie f\u00fcr die Dosierung des Modern Reef Complete Reef Food und Polypop die Gesamtmenge multiplizieren m\u00fcssen.\r\n\r\n\n\t<section class=\"section\" id=\"section_1035339539\">\n\t\t<div class=\"section-bg fill\" >\n\t\t\t\t\t\t\t\t\t\n\t\t\t\n\n\t\t<\/div>\n\n\t\t\n\n\t\t<div class=\"section-content relative\">\n\t\t\t\r\n\r\n<div class=\"container section-title-container\" ><h4 class=\"section-title section-title-center\"><b aria-hidden=\"true\"><\/b><span class=\"section-title-main\" >AKTIONEN MIT ONE-4REEF ALLEIN<\/span><b aria-hidden=\"true\"><\/b><\/h4><\/div>\r\n\r\n<div class=\"row row-small align-center row-box-shadow-2\"  id=\"row-1562065289\">\r\n\r\n\n\t<div id=\"col-1457881852\" class=\"col medium-3 small-12 large-2\"  >\n\t\t\t\t<div class=\"col-inner\"  >\n\t\t\t\n\t\t\t\r\n<h2 style=\"text-align: center;\"><strong>Ca \u2193\r\nKH \u2193<\/strong><\/h2>\r\n<p style=\"text-align: center;\">Erh\u00f6hen Sie die ONE-4Reef Dosierung alle 2-4 Tage<\/p>\r\n\t\t<\/div>\n\t\t\t\t\t<\/div>\n\n\t\r\n\n\t<div id=\"col-606592044\" class=\"col medium-3 small-12 large-2\"  >\n\t\t\t\t<div class=\"col-inner\"  >\n\t\t\t\n\t\t\t\r\n<h2 style=\"text-align: center;\"><strong>Ca \u2193\r\nKH &#x2194;<\/strong><\/h2>\r\n<p style=\"text-align: center;\">Fahren Sie mit der gleichen ONE-4Reef-Dosierung fort und dosieren Sie Ca+<\/p>\r\n\t\t<\/div>\n\t\t\t\t\t<\/div>\n\n\t\r\n\n\t<div id=\"col-2125663490\" class=\"col medium-3 small-12 large-2\"  >\n\t\t\t\t<div class=\"col-inner\"  >\n\t\t\t\n\t\t\t\r\n<h2 style=\"text-align: center;\"><strong>Ca \u2193 <\/strong>| <strong>&#x2194;<\/strong><strong>\r\nKH \u2191<\/strong><\/h2>\r\n<p style=\"text-align: center;\">ONE-4Reef-Dosierung reduzieren und Ca+ hinzuf\u00fcgen<\/p>\r\n\t\t<\/div>\n\t\t\t\t\t<\/div>\n\n\t\r\n\n\t<div id=\"col-252551473\" class=\"col medium-3 small-12 large-2\"  >\n\t\t\t\t<div class=\"col-inner\"  >\n\t\t\t\n\t\t\t\r\n<h2 style=\"text-align: center;\"><strong>Ca <\/strong><strong>&#x2194;<\/strong><strong>\r\nKH <\/strong><strong>&#x2194;<\/strong><\/h2>\r\n<p style=\"text-align: center;\">Weiter mit der gleichen ONE-4Reef Dosierung<\/p>\r\n\t\t<\/div>\n\t\t\t\t\t<\/div>\n\n\t\r\n\n\t<div id=\"col-281589298\" class=\"col medium-3 small-12 large-2\"  >\n\t\t\t\t<div class=\"col-inner\"  >\n\t\t\t\n\t\t\t\r\n<h2 style=\"text-align: center;\"><strong>Ca <\/strong><strong>&#x2194;<\/strong><strong>\r\nKH \u2193<\/strong><\/h2>\r\n<p style=\"text-align: center;\">Fahren Sie mit der gleichen ONE-4Reef-Dosierung fort und dosieren Sie KH+<\/p>\r\n\t\t<\/div>\n\t\t\t\t\t<\/div>\n\n\t\r\n\n\t<div id=\"col-1948233839\" class=\"col medium-3 small-12 large-2\"  >\n\t\t\t\t<div class=\"col-inner\"  >\n\t\t\t\n\t\t\t\r\n<h2 style=\"text-align: center;\"><strong>Ca \u2191\u00a0<\/strong><strong>\r\nKH \u2193 <\/strong>| <strong>&#x2194;<\/strong><\/h2>\r\n<p style=\"text-align: center;\">Reduzieren Sie die ONE-4Reef-Dosierung und dosieren Sie KH+<\/p>\r\n\t\t<\/div>\n\t\t\t\t\t<\/div>\n\n\t\r\n\n\t<div id=\"col-505113143\" class=\"col medium-3 small-12 large-2\"  >\n\t\t\t\t<div class=\"col-inner\"  >\n\t\t\t\n\t\t\t\r\n<h2 style=\"text-align: center;\"><strong>Ca \u2191\u00a0<\/strong><strong>\r\nKH <\/strong><strong>\u2191\u00a0<\/strong><\/h2>\r\n<p style=\"text-align: center;\">Verringerung der ONE-4Reef-Dosierung<\/p>\r\n\t\t<\/div>\n\t\t\t\t\t<\/div>\n\n\t\r\n\r\n\n<style>\n#row-1562065289 > .col > .col-inner {\n  padding: 8px 4px 1px 4px;\n}\n<\/style>\n<\/div>\r\n\r\n\t\t<\/div>\n\n\t\t\n<style>\n#section_1035339539 {\n  padding-top: 30px;\n  padding-bottom: 30px;\n}\n<\/style>\n\t<\/section>\n\t\r\n\r\n\t\t<\/div>\n\t\t\t\t\t<\/div>\n\n\t\r\n\n\t<div id=\"col-1087028964\" class=\"col small-12 large-12\"  >\n\t\t\t\t<div class=\"col-inner\"  >\n\t\t\t\n\t\t\t\r\n\r\n<span class=\"scroll-to\" data-label=\"Scroll to: #anchor-with-RKS\" data-bullet=\"true\" data-link=\"#anchor-with-RKS\" data-title=\"ONE-4REEF MIT MODERN REEF RKS\"><a name=\"anchor-with-RKS\"><\/a><\/span>\r\n\r\n<div class=\"container section-title-container\" ><h3 class=\"section-title section-title-normal\"><b aria-hidden=\"true\"><\/b><span class=\"section-title-main\" >ONE-4REEF MIT MODERN REEF RKS<\/span><b aria-hidden=\"true\"><\/b><\/h3><\/div>\r\n\r\nDas ONE-4Reef kann mit dem Modern Reef - RKS - (Reef Keeping System) als \"Sparmodus\" verwendet werden, um mehr von der organischen und anorganischen Balling-Dosierung zu profitieren wie:\r\n<ul>\r\n \t<li>Maximale Farbe und Wachstum aller Korallen, insbesondere SPS<\/li>\r\n \t<li>Extreme Polypenexpansion bei allen Korallen, insbesondere Acropora<\/li>\r\n \t<li>Geringere Anreicherung von Nebenprodukten wie Natrium oder Chlorid<\/li>\r\n \t<li>Sauberere Steine und Sand<\/li>\r\n \t<li>Klareres Wasser<\/li>\r\n \t<li>Reduziert \u00fcbersch\u00fcssige N\u00e4hrstoffe wie NO3 und PO4<\/li>\r\n \t<li>Einsparung beim Verbrauch der RKS-Dosierung (bis zu 20% im Kostenvergleich)<\/li>\r\n \t<li>Widerstandsf\u00e4higere Riffaquarienumgebung gegen Cyanobakterien und Dinoflagellaten<\/li>\r\n<\/ul>\r\nUnsere Untersuchungen haben ergeben, dass mit dieser Methode die besten Ergebnisse erzielt werden und der Verbrauch von Modern Reef - RKS (Reef Keeping System) deutlich reduziert werden kann.\r\n\r\nEs ist wichtig, immer KH und Kalzium zu testen, wenn Sie das ONE-4Reef in den ersten 2 Wochen einsetzen. Denken Sie auch daran, dass es 2 Tage dauern kann, bis der KH-Wert von ONE-4Reef mit den KH-Testkits angezeigt wird.\r\n\r\nSie k\u00f6nnen das Modern Reef - RKS auf 2 Arten verwenden:\r\n<ul>\r\n \t<li><strong>RKS zu 75% und ONE-4Reef zu 25%<\/strong><\/li>\r\n \t<li><strong>RKS zu 50% und ONE-4Reef zu 50%<\/strong><\/li>\r\n<\/ul>\r\n(% von der t\u00e4glichen RKS-Dosis)\r\n\r\n<strong>RKS zu 75% und ONE-4Reef zu 25%: <\/strong>Um auf diese Weise ONE-4Reef zu verwenden, reduzieren Sie die Tagesdosis des RKS um 25% und dosieren Sie t\u00e4glich die gleiche reduzierte Menge ONE-4Reef in ml. Behalten Sie dann ONE-4Reef bei, ohne die Dosierung zu \u00e4ndern, und verwenden Sie das RKS wie gewohnt weiter. Wenn Sie m\u00f6chten, k\u00f6nnen Sie sp\u00e4ter ONE-4Reef um mehr als 25 % erh\u00f6hen und gleichzeitig die RKS-Dosierung langsam verringern, um mehr vom ONE-4Reef und weniger vom RKS zu verwenden. Sie k\u00f6nnen sich langsam auf die maximale Tagesdosis des RKS steigern, was zu einem Dosierungssystem mit 5 gleichen Teilen f\u00fchrt (siehe unten). Achten Sie nur darauf, dass Sie die Tagesdosis des RKS mit dem ONE-4Reef nicht \u00fcberschreiten. Bitte lassen Sie zwischen den einzelnen Dosen jeder Pumpe einen Abstand von 5-10 Minuten.\r\n\r\n<strong>RKS zu 50 % und ONE-4Reef zu 50 %: <\/strong>Er verwandelt das RKS und den ONE-4Reef in ein Dosiersystem mit 5 gleichen Teilen. Um auf diese Weise ONE-4Reef zu verwenden, reduzieren Sie die Tagesdosis des RKS um 25% und dosieren Sie t\u00e4glich die gleiche reduzierte Menge ONE-4Reef in ml, dann warten Sie 4 Tage, dann dosieren Sie alle 5 gleichen Teile, bis Sie konstante KH und Kalzium zwischen 7.2-8.5 dKH und 390-440 mg\/l Kalzium halten. Wenn Sie neu mit Modern Reef anfangen, beginnen Sie mit einer t\u00e4glichen Testdosierung von 4 ml pro 100 Liter aus jedem der 5 Kanister (4 Kanister RKS und 1 Kanister ONE-4Reef) und passen Sie die t\u00e4gliche Dosierung um 2 ml pro 100 Liter an, bis Sie eine konstante KH und Kalzium zwischen 7.2-8.5 dKH und 390-440 mg\/l Kalzium halten. Bitte lassen Sie zwischen jeder Dosis jeder Pumpe einen Abstand von 5-10 Minuten.\r\n\r\nEin Nachteil bei der gemeinsamen Verwendung von ONE-4Reef und RKS ist die Notwendigkeit einer f\u00fcnften Dosierpumpe. Wir empfehlen, eine 5. Dosierpumpe zu verwenden und diese wie beim RKS zu kalibrieren. Wenn dies nicht m\u00f6glich ist, k\u00f6nnen Sie jedoch Base KH1 und Base KH2 in einem Beh\u00e4lter\/Kanister dosieren und die Dosierung mit 2 multiplizieren. Wenn Sie also zum Beispiel 50 ml von jedem Kanister dosieren, k\u00f6nnen Sie 100 ml Base KH1 und Base KH2 (kombiniert in einem Beh\u00e4lter\/Kanister) sowie 50 ml Base Cal und 50 ml Base Mag dosieren. Dann haben Sie eine zus\u00e4tzliche Dosierpumpe f\u00fcr den ONE-4Reef frei.\r\n\r\n\n\t<section class=\"section\" id=\"section_1423778992\">\n\t\t<div class=\"section-bg fill\" >\n\t\t\t\t\t\t\t\t\t\n\t\t\t\n\n\t\t<\/div>\n\n\t\t\n\n\t\t<div class=\"section-content relative\">\n\t\t\t\r\n\r\n<div class=\"container section-title-container\" ><h4 class=\"section-title section-title-center\"><b aria-hidden=\"true\"><\/b><span class=\"section-title-main\" >AKTIONEN MIT ONE-4REEF UND RKS<\/span><b aria-hidden=\"true\"><\/b><\/h4><\/div>\r\n\r\n<div class=\"row row-small align-center row-box-shadow-2\"  id=\"row-1428656881\">\r\n\r\n\n\t<div id=\"col-2095263563\" class=\"col medium-3 small-12 large-2\"  >\n\t\t\t\t<div class=\"col-inner\"  >\n\t\t\t\n\t\t\t\r\n<h2 style=\"text-align: center;\"><strong>Ca \u2193\r\nKH \u2193<\/strong><\/h2>\r\n<p style=\"text-align: center;\">Erh\u00f6hen Sie die Dosierung von ONE-4Reef\/RKS alle 2-4 Tage<\/p>\r\n\t\t<\/div>\n\t\t\t\t\t<\/div>\n\n\t\r\n\n\t<div id=\"col-1355860049\" class=\"col medium-3 small-12 large-2\"  >\n\t\t\t\t<div class=\"col-inner\"  >\n\t\t\t\n\t\t\t\r\n<h2 style=\"text-align: center;\"><strong>Ca \u2193\r\nKH &#x2194;<\/strong><\/h2>\r\n<p style=\"text-align: center;\">Weiter mit der gleichen ONE-4Reef\/RKS-Dosierung und Dosis Ca+<\/p>\r\n\t\t<\/div>\n\t\t\t\t\t<\/div>\n\n\t\r\n\n\t<div id=\"col-1417166303\" class=\"col medium-3 small-12 large-2\"  >\n\t\t\t\t<div class=\"col-inner\"  >\n\t\t\t\n\t\t\t\r\n<h2 style=\"text-align: center;\"><strong>Ca \u2193 <\/strong>| <strong>&#x2194;<\/strong><strong>\r\nKH \u2191<\/strong><\/h2>\r\n<p style=\"text-align: center;\">ONE-4Reef\/RKS-Dosierung reduzieren und Ca+ hinzuf\u00fcgen<\/p>\r\n\t\t<\/div>\n\t\t\t\t\t<\/div>\n\n\t\r\n\n\t<div id=\"col-1031159669\" class=\"col medium-3 small-12 large-2\"  >\n\t\t\t\t<div class=\"col-inner\"  >\n\t\t\t\n\t\t\t\r\n<h2 style=\"text-align: center;\"><strong>Ca <\/strong><strong>&#x2194;<\/strong><strong>\r\nKH <\/strong><strong>&#x2194;<\/strong><\/h2>\r\n<p style=\"text-align: center;\">Weiter mit der gleichen ONE-4Reef\/RKS-Dosierung<\/p>\r\n\t\t<\/div>\n\t\t\t\t\t<\/div>\n\n\t\r\n\n\t<div id=\"col-605518655\" class=\"col medium-3 small-12 large-2\"  >\n\t\t\t\t<div class=\"col-inner\"  >\n\t\t\t\n\t\t\t\r\n<h2 style=\"text-align: center;\"><strong>Ca <\/strong><strong>&#x2194;<\/strong><strong>\r\nKH \u2193<\/strong><\/h2>\r\n<p style=\"text-align: center;\">Mit der gleichen ONE-4Reef\/RKS-Dosierung fortfahren und KH+ dosieren<\/p>\r\n\t\t<\/div>\n\t\t\t\t\t<\/div>\n\n\t\r\n\n\t<div id=\"col-617734585\" class=\"col medium-3 small-12 large-2\"  >\n\t\t\t\t<div class=\"col-inner\"  >\n\t\t\t\n\t\t\t\r\n<h2 style=\"text-align: center;\"><strong>Ca \u2191\u00a0<\/strong><strong>\r\nKH \u2193 <\/strong>| <strong>&#x2194;<\/strong><\/h2>\r\n<p style=\"text-align: center;\">ONE-4Reef\/RKS-Dosierung reduzieren und KH+ dosieren<\/p>\r\n\t\t<\/div>\n\t\t\t\t\t<\/div>\n\n\t\r\n\n\t<div id=\"col-515090390\" class=\"col medium-3 small-12 large-2\"  >\n\t\t\t\t<div class=\"col-inner\"  >\n\t\t\t\n\t\t\t\r\n<h2 style=\"text-align: center;\"><strong>Ca \u2191\u00a0<\/strong><strong>\r\nKH <\/strong><strong>\u2191\u00a0<\/strong><\/h2>\r\n<p style=\"text-align: center;\">Verringerung der ONE-4Reef\/RKS-Dosierung<\/p>\r\n\t\t<\/div>\n\t\t\t\t\t<\/div>\n\n\t\r\n\r\n\n<style>\n#row-1428656881 > .col > .col-inner {\n  padding: 8px 4px 1px 4px;\n}\n<\/style>\n<\/div>\r\n\r\n\t\t<\/div>\n\n\t\t\n<style>\n#section_1423778992 {\n  padding-top: 30px;\n  padding-bottom: 30px;\n}\n<\/style>\n\t<\/section>\n\t\r\n\r\n\t\t<\/div>\n\t\t\t\t\t<\/div>\n\n\t\r\n\n\t<div id=\"col-1791861042\" class=\"col small-12 large-12\"  >\n\t\t\t\t<div class=\"col-inner\"  >\n\t\t\t\n\t\t\t\r\n\r\n<span class=\"scroll-to\" data-label=\"Scroll to: #anchor-with-calciumreactor\" data-bullet=\"true\" data-link=\"#anchor-with-calciumreactor\" data-title=\"ONE-4REEF MIT KALZIUMREAKTOR\"><a name=\"anchor-with-calciumreactor\"><\/a><\/span>\r\n\r\n<div class=\"container section-title-container\" ><h3 class=\"section-title section-title-normal\"><b aria-hidden=\"true\"><\/b><span class=\"section-title-main\" >ONE-4REEF MIT KALZIUMREAKTOR<\/span><b aria-hidden=\"true\"><\/b><\/h3><\/div>\r\n\r\nONE-4Reef kann in Riffaquarien mit Kalziumreaktoren verwendet werden. Es ist dasselbe wie bei der Verwendung von ONE-4Reef allein als Basis-Riffhaltungssystem, aber in diesem Fall m\u00fcssen Sie die Kapazit\u00e4t des Kalziumreaktors um 50 % reduzieren. Sobald Sie die Kapazit\u00e4t des Kalziumreaktors auf 50 % reduziert haben, beginnen Sie mit einer t\u00e4glichen Dosierung von 2 ml pro 100 Liter. Dann passen Sie die Dosierung um 1 ml t\u00e4glich pro 100 Liter an, bis Sie eine konstante KH und Kalzium zwischen 7.2-8.5 dKH und 390-440 mg\/l Kalzium erhalten. Hier finden Sie einige der Vorteile der Verwendung von ONE-4Reef in einem Riffaquariensystem mit einem Kalziumreaktor:\r\n<ul>\r\n \t<li>Verbesserung der Farbe und des Wachstums aller Korallen, insbesondere der SPS<\/li>\r\n \t<li>Bessere Polypenexpansion bei allen Korallen, insbesondere bei Acropora<\/li>\r\n \t<li>Weniger CO2-Verbrauch durch den Kalziumreaktor, was die pH-Schwankungen verbessert<\/li>\r\n \t<li>Sauberere Steine und Sand<\/li>\r\n \t<li>Klareres Wasser<\/li>\r\n \t<li>Die Wartung des Kalziumreaktors wird seltener n\u00f6tig<\/li>\r\n \t<li>Konstante Erg\u00e4nzung einiger Elemente die von den Bakterien im Kalziumreaktor verbraucht werden<\/li>\r\n \t<li>Reduziert \u00fcbersch\u00fcssige N\u00e4hrstoffe wie NO3 und PO4<\/li>\r\n \t<li>Widerstandsf\u00e4higeres Riffaquarienmilieu gegen Cyanobakterien und Dinoflagellaten<\/li>\r\n \t<li>Anwendung des Modern Reef Proportional Consumption Riffhaltungssystems<\/li>\r\n \t<li>Erm\u00f6glicht eine bessere Kalkulation f\u00fcr Modern Reef Complete Reef Food und Polypop<\/li>\r\n<\/ul>\r\n\n\t<section class=\"section\" id=\"section_386494493\">\n\t\t<div class=\"section-bg fill\" >\n\t\t\t\t\t\t\t\t\t\n\t\t\t\n\n\t\t<\/div>\n\n\t\t\n\n\t\t<div class=\"section-content relative\">\n\t\t\t\r\n\r\n<div class=\"container section-title-container\" ><h4 class=\"section-title section-title-center\"><b aria-hidden=\"true\"><\/b><span class=\"section-title-main\" >Aktionen mit ONE-4Reef mit Kalziumreaktor<\/span><b aria-hidden=\"true\"><\/b><\/h4><\/div>\r\n\r\n<div class=\"row row-small align-center row-box-shadow-2\"  id=\"row-616408812\">\r\n\r\n\n\t<div id=\"col-679570980\" class=\"col medium-3 small-12 large-2\"  >\n\t\t\t\t<div class=\"col-inner\"  >\n\t\t\t\n\t\t\t\r\n<h2 style=\"text-align: center;\"><strong>Ca \u2193\r\nKH \u2193<\/strong><\/h2>\r\n<p style=\"text-align: center;\">Erh\u00f6hen Sie die ONE-4Reef Dosierung alle 2-4 Tage<\/p>\r\n\t\t<\/div>\n\t\t\t\t\t<\/div>\n\n\t\r\n\n\t<div id=\"col-1948568983\" class=\"col medium-3 small-12 large-2\"  >\n\t\t\t\t<div class=\"col-inner\"  >\n\t\t\t\n\t\t\t\r\n<h2 style=\"text-align: center;\"><strong>Ca \u2193\r\nKH &#x2194;<\/strong><\/h2>\r\n<p style=\"text-align: center;\">Fahren Sie mit der gleichen ONE-4Reef-Dosierung fort und dosieren Sie Ca+<\/p>\r\n\t\t<\/div>\n\t\t\t\t\t<\/div>\n\n\t\r\n\n\t<div id=\"col-585890728\" class=\"col medium-3 small-12 large-2\"  >\n\t\t\t\t<div class=\"col-inner\"  >\n\t\t\t\n\t\t\t\r\n<h2 style=\"text-align: center;\"><strong>Ca \u2193 <\/strong>| <strong>&#x2194;<\/strong><strong>\r\nKH \u2191<\/strong><\/h2>\r\n<p style=\"text-align: center;\">ONE-4Reef-Dosierung reduzieren und Ca+ hinzuf\u00fcgen<\/p>\r\n\t\t<\/div>\n\t\t\t\t\t<\/div>\n\n\t\r\n\n\t<div id=\"col-1853995671\" class=\"col medium-3 small-12 large-2\"  >\n\t\t\t\t<div class=\"col-inner\"  >\n\t\t\t\n\t\t\t\r\n<h2 style=\"text-align: center;\"><strong>Ca <\/strong><strong>&#x2194;<\/strong><strong>\r\nKH <\/strong><strong>&#x2194;<\/strong><\/h2>\r\n<p style=\"text-align: center;\">Weiter mit der gleichen ONE-4Reef Dosierung<\/p>\r\n\t\t<\/div>\n\t\t\t\t\t<\/div>\n\n\t\r\n\n\t<div id=\"col-1792969553\" class=\"col medium-3 small-12 large-2\"  >\n\t\t\t\t<div class=\"col-inner\"  >\n\t\t\t\n\t\t\t\r\n<h2 style=\"text-align: center;\"><strong>Ca <\/strong><strong>&#x2194;<\/strong><strong>\r\nKH \u2193<\/strong><\/h2>\r\n<p style=\"text-align: center;\">Fahren Sie mit der gleichen ONE-4Reef-Dosierung fort und dosieren Sie KH+<\/p>\r\n\t\t<\/div>\n\t\t\t\t\t<\/div>\n\n\t\r\n\n\t<div id=\"col-642149325\" class=\"col medium-3 small-12 large-2\"  >\n\t\t\t\t<div class=\"col-inner\"  >\n\t\t\t\n\t\t\t\r\n<h2 style=\"text-align: center;\"><strong>Ca \u2191\u00a0<\/strong><strong>\r\nKH \u2193 <\/strong>| <strong>&#x2194;<\/strong><\/h2>\r\n<p style=\"text-align: center;\">Reduzieren Sie die ONE-4Reef-Dosierung und dosieren Sie KH+<\/p>\r\n\t\t<\/div>\n\t\t\t\t\t<\/div>\n\n\t\r\n\n\t<div id=\"col-1662688534\" class=\"col medium-3 small-12 large-2\"  >\n\t\t\t\t<div class=\"col-inner\"  >\n\t\t\t\n\t\t\t\r\n<h2 style=\"text-align: center;\"><strong>Ca \u2191\u00a0<\/strong><strong>\r\nKH <\/strong><strong>\u2191\u00a0<\/strong><\/h2>\r\n<p style=\"text-align: center;\">Verringerung der ONE-4Reef-Dosierung<\/p>\r\n\t\t<\/div>\n\t\t\t\t\t<\/div>\n\n\t\r\n\r\n\n<style>\n#row-616408812 > .col > .col-inner {\n  padding: 8px 4px 1px 4px;\n}\n<\/style>\n<\/div>\r\n\r\n\t\t<\/div>\n\n\t\t\n<style>\n#section_386494493 {\n  padding-top: 30px;\n  padding-bottom: 30px;\n}\n<\/style>\n\t<\/section>\n\t\r\n<div>ONE-4Reef erfordert Modern Reef Complete Reef Food und Polypop, um unser System f\u00fcr die Riffhaltung mit proportionalem Verbrauch zu vervollst\u00e4ndigen. Wie Sie diese mit ONE-4Reef verwenden k\u00f6nnen, erfahren Sie \u00fcber den unten stehenden Link.<\/div>\r\n<div><\/div>\r\n<div>Wenn Sie Fragen zu unseren Modern Reef Produkten oder Dienstleistungen haben, z\u00f6gern Sie bitte nicht, uns zu kontaktieren.<\/div>\r\n\t\t<\/div>\n\t\t\t\t\t<\/div>\n\n\t\r\n\r\n<\/div>\n","protected":false},"excerpt":{"rendered":"<p>ONE-4Reef is a super-concentrated pure organic form of our proportional consumption reef-keeping system in one canister. It contains all necessary trace elements in natural seawater, organic micro-nutrients, and amino acids in one product! Ready to use to maintain a thriving and colorful reef aquarium. Highly concentrated (1L contains 50.160 mg\/l calcium and 7.000 \u00b0dKH\/l). Specially designed to be used with our Reef Keeping System (RKS) but can also be used alone or in aquariums with calcium reactors.<\/p>\n","protected":false},"featured_media":21195,"template":"","meta":[],"product_brand":[],"product_cat":[151],"product_tag":[],"class_list":{"0":"post-11260","1":"product","2":"type-product","3":"status-publish","4":"has-post-thumbnail","6":"product_cat-organic-reef-keeping-system-de","8":"first","9":"instock","10":"taxable","11":"shipping-taxable","12":"purchasable","13":"product-type-simple"},"_links":{"self":[{"href":"https:\/\/modernreef.eu\/de\/wp-json\/wp\/v2\/product\/11260","targetHints":{"allow":["GET"]}}],"collection":[{"href":"https:\/\/modernreef.eu\/de\/wp-json\/wp\/v2\/product"}],"about":[{"href":"https:\/\/modernreef.eu\/de\/wp-json\/wp\/v2\/types\/product"}],"wp:featuredmedia":[{"embeddable":true,"href":"https:\/\/modernreef.eu\/de\/wp-json\/wp\/v2\/media\/21195"}],"wp:attachment":[{"href":"https:\/\/modernreef.eu\/de\/wp-json\/wp\/v2\/media?parent=11260"}],"wp:term":[{"taxonomy":"product_brand","embeddable":true,"href":"https:\/\/modernreef.eu\/de\/wp-json\/wp\/v2\/product_brand?post=11260"},{"taxonomy":"product_cat","embeddable":true,"href":"https:\/\/modernreef.eu\/de\/wp-json\/wp\/v2\/product_cat?post=11260"},{"taxonomy":"product_tag","embeddable":true,"href":"https:\/\/modernreef.eu\/de\/wp-json\/wp\/v2\/product_tag?post=11260"}],"curies":[{"name":"wp","href":"https:\/\/api.w.org\/{rel}","templated":true}]}}