{"id":12587,"date":"2022-07-15T13:46:11","date_gmt":"2022-07-15T11:46:11","guid":{"rendered":"https:\/\/modernreef.eu\/?post_type=product&#038;p=12587"},"modified":"2022-09-03T00:11:52","modified_gmt":"2022-09-02T22:11:52","slug":"sps-color-growth-micro-pearl-ultra-fine-130g","status":"publish","type":"product","link":"https:\/\/modernreef.eu\/de\/shop\/all-in-one-reef-food-polypop-de\/sps-color-growth-micro-pearl-ultra-fine-130g\/","title":{"rendered":"SPS Color &#038; Growth (Micro-Pearl Ultra-Fine) 130g"},"content":{"rendered":"<p><span class=\"JsGRdQ\"><strong>Bio-Engineered Micro-Pearl Ultra-Fine<br \/>\nSPS COLOR &amp; GROWTH<br \/>\nKorallen-futter f\u00fcr gezielte Direktf\u00fctterung<br \/>\n<\/strong><\/span><\/p>\n<p><strong>\u00a0<\/strong><span class=\"JsGRdQ\"><strong>SPS COLOR &amp; GROWTH<\/strong> ist ein mikroperliges ultrafeink\u00f6rniges, proteinreiches Premium Korallen-futter f\u00fcr gezielte Direktf\u00fctterung oder die F\u00fctterung durch Dosierung ins Aquariensystem. Die zur Herstellung dieses Produkts verwendete Mikroperlen-technologie soll verhindern, dass sich das Futter im Wasser aufl\u00f6st. Stattdessen gelangt es in die mecha-nische Filterung, bevor es zerfallen und N\u00e4hrstoffans-ammlungen verursachen kann. Diese Funktion erm\u00f6glicht es Reefern, \u00fcbersch\u00fcssiges Futter nach dem F\u00fctterungsprozess und vor dem verschlech-tern der Wasserqualit\u00e4t zu entfernen. Es verbessert das Wachstum und die Ausf\u00e4rbung der Korallen und verst\u00e4rkt das Immunsystem. Diese Rezeptur kann f\u00fcr alle Korallen und insbesondere f\u00fcr SPS-Korallen und Filtrierer verwendet werden. <\/span><\/p>\n<p><strong><span class=\"JsGRdQ\">Dosierung:<\/span><\/strong><span class=\"JsGRdQ\"> Stark abh\u00e4ngig von der Anzahl der Korallen, die Sie gezielt f\u00fcttern m\u00f6chten. Mische \u00bd-1 Teel\u00f6ffel mit 50 ml Aquarienwasser geben. Je nach N\u00e4hrstoffgehalt t\u00e4glich oder 2-3 Mal pro Woche f\u00fcttern.<\/span><\/p>\n","protected":false},"excerpt":{"rendered":"<p><span class=\"JsGRdQ\"><strong>Bio-Engineered Micro-Pearl Ultra-Fine<br \/>\nSPS COLOR &amp; GROWTH<br \/>\nCoral Target Feeding 130g<\/strong><\/span><\/p>\n","protected":false},"featured_media":27384,"template":"","meta":[],"product_brand":[],"product_cat":[89],"product_tag":[],"class_list":{"0":"post-12587","1":"product","2":"type-product","3":"status-publish","4":"has-post-thumbnail","6":"product_cat-all-in-one-reef-food-polypop-de","8":"first","9":"instock","10":"taxable","11":"shipping-taxable","12":"purchasable","13":"product-type-simple"},"_links":{"self":[{"href":"https:\/\/modernreef.eu\/de\/wp-json\/wp\/v2\/product\/12587","targetHints":{"allow":["GET"]}}],"collection":[{"href":"https:\/\/modernreef.eu\/de\/wp-json\/wp\/v2\/product"}],"about":[{"href":"https:\/\/modernreef.eu\/de\/wp-json\/wp\/v2\/types\/product"}],"wp:featuredmedia":[{"embeddable":true,"href":"https:\/\/modernreef.eu\/de\/wp-json\/wp\/v2\/media\/27384"}],"wp:attachment":[{"href":"https:\/\/modernreef.eu\/de\/wp-json\/wp\/v2\/media?parent=12587"}],"wp:term":[{"taxonomy":"product_brand","embeddable":true,"href":"https:\/\/modernreef.eu\/de\/wp-json\/wp\/v2\/product_brand?post=12587"},{"taxonomy":"product_cat","embeddable":true,"href":"https:\/\/modernreef.eu\/de\/wp-json\/wp\/v2\/product_cat?post=12587"},{"taxonomy":"product_tag","embeddable":true,"href":"https:\/\/modernreef.eu\/de\/wp-json\/wp\/v2\/product_tag?post=12587"}],"curies":[{"name":"wp","href":"https:\/\/api.w.org\/{rel}","templated":true}]}}