{"id":12592,"date":"2022-07-15T13:59:43","date_gmt":"2022-07-15T11:59:43","guid":{"rendered":"https:\/\/modernreef.eu\/?post_type=product&#038;p=12592"},"modified":"2022-09-03T00:09:30","modified_gmt":"2022-09-02T22:09:30","slug":"lps-color-growth-micro-pearl-65g","status":"publish","type":"product","link":"https:\/\/modernreef.eu\/de\/shop\/all-in-one-reef-food-polypop-de\/lps-color-growth-micro-pearl-65g\/","title":{"rendered":"LPS Color &#038; Growth (Micro-Pearl) 65g"},"content":{"rendered":"<p><strong>Bio-Engineered Micro-Pear<\/strong><br \/>\n<strong>LPS COLOR &amp; GROWTH<\/strong><br \/>\n<strong>Korallenfutter f\u00fcr gezielte Direktf\u00fctterung<\/strong><\/p>\n<p><strong>LPS COLOR &amp; GROWTH<\/strong> ist mikroperliges, proteinreiches Premium Korallenfutter f\u00fcr gezielte Direktf\u00fctterung oder F\u00fctterung durch Dosierung ins Aquariensystem. Die zur Herstellung dieses Produkts verwendete Mikroperlentechnologie soll verhindern, dass sich das Futter im Wasser aufl\u00f6st. Stattdessen gelangt es in die mechanische Filterung, bevor es zerfallen und N\u00e4hrstoffans-ammlungen verursachen kann. Diese Funktion erm\u00f6glicht es Reefern, \u00fcber-sch\u00fcssiges Futter nach dem F\u00fctterungsprozess und vor dem verschlech-tern der Wasserqualit\u00e4t zu entfernen. Es verbessert das Wachstum und die Ausf\u00e4rbung der Korallen und verst\u00e4rkt das Immunsystem. Diese Rezeptur kann f\u00fcr alle Korallen verwendet werden, insbesondere f\u00fcr LPS-Korallen.<\/p>\n<p><strong>Dosierung:<\/strong> Stark abh\u00e4ngig von der Anzahl der Korallen, die Sie gezielt f\u00fcttern m\u00f6chten. Mische \u00bd-1 Teel\u00f6ffel mit 50 ml Aquarienwasser geben, t\u00e4glich oder 2-3 Mal pro Woche f\u00fcttern.<\/p>\n","protected":false},"excerpt":{"rendered":"<p><strong>Bio-Engineered Micro-Pear<\/strong><br \/>\n<strong>LPS COLOR &amp; GROWTH<\/strong><br \/>\n<strong>Coral Target Feeding 65g<\/strong><\/p>\n","protected":false},"featured_media":27344,"template":"","meta":[],"product_brand":[],"product_cat":[89],"product_tag":[],"class_list":{"0":"post-12592","1":"product","2":"type-product","3":"status-publish","4":"has-post-thumbnail","6":"product_cat-all-in-one-reef-food-polypop-de","8":"first","9":"instock","10":"taxable","11":"shipping-taxable","12":"purchasable","13":"product-type-simple"},"_links":{"self":[{"href":"https:\/\/modernreef.eu\/de\/wp-json\/wp\/v2\/product\/12592","targetHints":{"allow":["GET"]}}],"collection":[{"href":"https:\/\/modernreef.eu\/de\/wp-json\/wp\/v2\/product"}],"about":[{"href":"https:\/\/modernreef.eu\/de\/wp-json\/wp\/v2\/types\/product"}],"wp:featuredmedia":[{"embeddable":true,"href":"https:\/\/modernreef.eu\/de\/wp-json\/wp\/v2\/media\/27344"}],"wp:attachment":[{"href":"https:\/\/modernreef.eu\/de\/wp-json\/wp\/v2\/media?parent=12592"}],"wp:term":[{"taxonomy":"product_brand","embeddable":true,"href":"https:\/\/modernreef.eu\/de\/wp-json\/wp\/v2\/product_brand?post=12592"},{"taxonomy":"product_cat","embeddable":true,"href":"https:\/\/modernreef.eu\/de\/wp-json\/wp\/v2\/product_cat?post=12592"},{"taxonomy":"product_tag","embeddable":true,"href":"https:\/\/modernreef.eu\/de\/wp-json\/wp\/v2\/product_tag?post=12592"}],"curies":[{"name":"wp","href":"https:\/\/api.w.org\/{rel}","templated":true}]}}