{"id":1283,"date":"2021-01-31T02:35:45","date_gmt":"2021-01-31T01:35:45","guid":{"rendered":"https:\/\/modernreef.eu\/shop\/unkategorisiert\/modern-reef-all-in-one-reef-keeping-system-4x5l-set\/"},"modified":"2025-12-26T14:40:14","modified_gmt":"2025-12-26T13:40:14","slug":"modern-reef-all-in-one-reef-keeping-system-4x5l-set","status":"publish","type":"product","link":"https:\/\/modernreef.eu\/de\/shop\/all-in-one-reef-keeping-system-de\/modern-reef-all-in-one-reef-keeping-system-4x5l-set\/","title":{"rendered":"All-in-one Proportional Consumption Reef-Keeping System (RKS) 4x5L Set"},"content":{"rendered":"<p><strong><span class=\"JsGRdQ\">All-in-one Proportional Consumption Reef-Keeping System (RKS) 4x5L Set<br \/>\n(Verbrauchsproportionales Reef-Keeping-System)<br \/>\n<\/span><br \/>\n4x5L Kanister Set<br \/>\n(Base KH1, Base KH2, Base CAL, Base MAG)<br \/>\n<\/strong>E<span class=\"JsGRdQ\">s enth\u00e4lt alle essentiellen Spurenelemente aus nat\u00fcrlichem Meerwasser, organische und anorganische Mikron\u00e4hrstoffe und Aminos\u00e4uren in einem Set mit 4 Kanistern! Alles was Sie brauchen, um ein gedeihendes und farbenfrohes modernes Riffaquarium zu erhalten. Eine einzigartige verbrauchsproportionale Formel, die von Herrn Akil von Euro Corals entwickelt und verwendet wird, um spektakul\u00e4re Korallen zu z\u00fcchten. Modern Reef &#8211; Reef Keeping System ist die Basis unseres verbrauchsproportionalen Versorgungssystems mit Complete Reef Food und Polypop. Sobald Sie die Erhaltungsdosis und den idealen KH-Wert gefunden haben, versorgt unser System Ihr Riff mit allem, was es zum Gedeihen und F\u00e4rben ben\u00f6tigt, je nach Verh\u00e4ltnis des Verbrauchs von KH (Karbonath\u00e4rte) und Ca (Kalzium).<\/span><\/p>\n<ul>\n<li><span class=\"JsGRdQ\">Entwickelt um die Bildung anspruchsvollster Pigmente wie gelb und orange in der Riffhaltung zu verbessern<\/span><\/li>\n<li><span class=\"JsGRdQ\">Verbesserung von roten, pinken, blauen und violetten Pigmenten. Insbesondere profitieren bei Acropora Korallen sowohl Form, als auch die Polypen<\/span><\/li>\n<li><span class=\"JsGRdQ\">Nicht fluoreszierende Chromoproteine \u200b\u200bwerden f\u00fcr eine bessere Pigmentierung stimuliert<\/span><\/li>\n<li><span class=\"JsGRdQ\">Entwickelt f\u00fcr Riffaquarien mit blaulastigem Lichtspktrum zur besseren Anregung und Stimulation von fluoreszierenden Proteinen oder reflektierenden Pigmenten<\/span><\/li>\n<li><span class=\"JsGRdQ\">Die Wachstumsrate wird bei Verwendung mit dem Complete Reef Food stark verbessert und kann desweiteren mit einem korrekten wei\u00dflastigeren Lichtspektrum noch weiter gesteigert werden, wobei hier aber das RKS mehr verbraucht wird<\/span><\/li>\n<li><span class=\"JsGRdQ\">Verbessert die Wasserklarheit durch F\u00f6rderung der Ausbreitung von Schw\u00e4mmen und Seescheiden<\/span><\/li>\n<li><span class=\"JsGRdQ\">Sie m\u00fcssen nicht st\u00e4ndig auf Magnesium und Kalzium testen, nur auf KH<\/span><\/li>\n<li><span class=\"JsGRdQ\">Keine Notwendigkeit f\u00fcr andere Drittprodukte wie Aminos\u00e4uren, gemischte Spurenelemente oder andere Produkte f\u00fcr Korallenf\u00e4rbung, Polypenexpansion oder Wachstum (nur Modern Reef &#8211; Complete Reef Food und Polypop)<\/span><\/li>\n<li><span class=\"JsGRdQ\">Verbrauchsproportionales Versorgungssystem, welches durch Berechnung problematische \u00dcberdosierungen oder unn\u00f6tige Anreicherungen vermeidet<\/span><\/li>\n<li><span class=\"JsGRdQ\">Frei von Nitraten (no3) oder Phosphaten (po4)<\/span><\/li>\n<li><span class=\"JsGRdQ\">Passt sich an jedes Aquariensetup und N\u00e4hrstoffexportmethode an, indem es die Aufrechterhaltung von KH gew\u00e4hrleistet und den idealen KH-Wert findet, den das Riffaquarium mit dem jeweiligen Kalziumgehalt verwenden sollte<\/span><\/li>\n<\/ul>\n<p><strong>Konzentration:<br \/>\n<\/strong>10ml x 100 Liter erh\u00f6hen um 1dKh<\/p>\n<p><strong>Vorbereitung:<br \/>\n<\/strong>Modern Reef ist ein direkt verwendbares System mit 4 in gleicher Menge dosierten L\u00f6sungen. Dieses Produkt kann von Hand dosiert werden, jedoch wird insbesondere in SPS dominierten Riffaquarien die Verwendung einer Dosierpumpe empfohlen. Zu bevorzugen ist eine kalibrierbare Dosierpumpe mit 4 Kan\u00e4len.<\/p>\n<p>Sie k\u00f6nnen bei Pumpen mit 3 Kan\u00e4len BASE KH1 und BASE KH2 auf einen Kanal zusammenlegen, m\u00fcssen dann aber die Dosiermenge verdoppeln.<\/p>\n<p>Bitte bedenken Sie folgende Tipps um die Dosierpumpenleistung und deren Genauigkeit zu verbessern:<\/p>\n<ul>\n<li>Die Schlauchl\u00e4ngen von den Dosierbeh\u00e4ltern bis zu den Pumpenk\u00f6pfen sollten gleich sein. Selbiges gilt f\u00fcr die Schlauchl\u00e4ngen von den Pumpenk\u00f6pfen ins Aquarium. Dies sorgt f\u00fcr gleiche Bedingungen zwischen den Pumpenk\u00f6pfen und tr\u00e4gt zu einer konstanteren Kalibrierung bei.<\/li>\n<li>Kalibrieren Sie Ihre Dosierpumpe gem\u00e4\u00df der Herstellerempfehlung. Vergessen Sie nicht die Kalibrierung alle 6 Monate zu \u00fcberpr\u00fcfen und wenn n\u00f6tig erneut zu kalibrieren.<\/li>\n<li>Programmieren Sie gleiche Dosiermengen bei jedem Kanal und halten Sie zeitlich 10 minuten Abstand zwischen den Dosierungen. Idealerweise in der Reihenfolge: KH1, CAL, KH2 und zuletzt MAG mit 10-15 Minuten Abstand dazwischen.<\/li>\n<li>Verteilen Sie die Dosierungen auf 24 Stunden und versuchen Sie dazu so viele Dosierungen zu nutzen wie m\u00f6glich.<\/li>\n<\/ul>\n<div><\/div>\n<div><strong>Dosiermengen:<br \/>\n<\/strong>Einfach alle Fl\u00fcssigkeiten in gleicher Menge dosieren, um den KH-Wert zwischen 6.8 und 8dKH zu halten und die restlichen Werte werden sich proportional dazu einstellen und halten. In den ersten 2 Wochen sollten Sie den f\u00fcr Ihr Beleuchtungsspektrum idealen KH-Wert finden, in Abh\u00e4ngigkeit des Calciumverbrauches. Mit anderen Worten sollten Sie gleiche Mengen dosieren, um den Calciumwert stabil zwischen 380 und 420ppm zu halten und testen dann den KH-Wert um den idealen Bereich zwischen 6.8 und 8dKH zu finden. Dann wird sich unser Modern Reef all-in-one RKS ihrem Aquariensetup anpassen und nicht umgekehrt.<strong>Beispiel 1:<br \/>\n<\/strong>Wenn Sie bei gleicher Dosierung feststellen, dass trotz eines KH-Wertes von 7.5 der Calcium-Wert sinkt, erh\u00f6hen Sie die Dosis um auf KH 7.7 zu erh\u00f6hen und messen Calcium erneut. Wiederholen Sie den Vorgang falls erforderlich. Wenn Sie den idealen KH-Wert herausgefunden haben, m\u00fcssen Sie Calcium nur noch selten messen.<\/div>\n<div><strong><br \/>\nBeispiel 2:<br \/>\n<\/strong>Wenn Sie bei gleicher Dosierung feststellen, dass trotz eines KH-Wertes von 8.0 der Calcium-Wert steigt, verringern Sie die Dosiermengen um den KH-Wert 7.8 zu erreichen und testen Calcium erneut. Wiederholen Sie den Vorgang falls erforderlich. Wenn Sie den idealen KH-Wert gefunden haben, m\u00fcssen Sie Calcium nur noch selten testen.Unser Modern Reef RKS muss weder aufgesch\u00fcttelt, noch mit einem Magnetr\u00fchrer verr\u00fchrt werden.<strong>Vorsicht:<br \/>\n<\/strong>Sie brauchen keine anderen Produkte zu benutzen wie Aminos\u00e4uren, Spurenelementmischungen oder Weiteres mit der Zielsetzung Farbverbesserung, verbesserte Polypenexpansion oder besserem Wachstum. Alles bis auf ungel\u00f6stes Futter ist in korrekter Proportion enthalten. Verzichten Sie auf zus\u00e4tzliche Dosierung anderer Produkte.Bitte bewahren Sie unser Produkt an einem dunklen Ort auf. Setzen Sie es niemals direktem Sonnenlicht oder einer anderen Lichtquelle aus. Wenn m\u00f6glich bevorzugen Sie die Kanister mit denen das Produkt ausgeliefert wurde. Wenn Sie transparente Beh\u00e4lter haben, versichern Sie sich, dass keine Lichtquelle in der N\u00e4he ist.<\/div>\n<div>\n<p>Direktes starkes Sonnenlicht wird dazu f\u00fchren, dass enthaltene Elemente instabil werden und sich enthaltene Mikroorganismen vermehren. Die originalen Kanister sollten die L\u00f6sungen gut sch\u00fctzen, jedoch sollten Sie dennoch direktes Sonnenlicht vermeiden.<\/p>\n<p>Dieses Produkt muss nicht im K\u00fchlschrank aufbewahrt werden, sollte aber an einem k\u00fchlen Ort gelagert werden.<\/p>\n<p>Falls Sie Hilfe ben\u00f6tigen, kontaktieren Sie unseren WhatsApp-MR-Support +491759627777 (24\/7) jederzeit.<\/p>\n<\/div>\n","protected":false},"excerpt":{"rendered":"<p><strong>4x 5L Kanister Set<br \/>\n(Base KH1, Base KH2, Base CAL, Base MAG)<br \/>\n<\/strong>Enth\u00e4lt alle essentiellen Spurenelemente nat\u00fcrlichen Meerwassers, organische und anorganische Mikron\u00e4hrstoffe und Aminos\u00e4uren in einem Produkt! Alles N\u00f6tige f\u00fcr ein perfekt gedeihendes und farbenfrohes Riffaquarium, in einer speziellen geheimen proportionalen Zusammensetzung. Entwickelt um rote, pinke, blaue, violette und besonders gelbe\/orangene Pigmente zu verst\u00e4rken und bei s\u00e4mtlichen Korallenarten extreme Polypenexpansion zu erreichen.<\/p>\n","protected":false},"featured_media":21210,"template":"","meta":[],"product_brand":[],"product_cat":[69],"product_tag":[],"class_list":{"0":"post-1283","1":"product","2":"type-product","3":"status-publish","4":"has-post-thumbnail","6":"product_cat-all-in-one-reef-keeping-system-de","7":"product_shipping_class-20kg","9":"first","10":"instock","11":"taxable","12":"shipping-taxable","13":"purchasable","14":"product-type-simple"},"_links":{"self":[{"href":"https:\/\/modernreef.eu\/de\/wp-json\/wp\/v2\/product\/1283","targetHints":{"allow":["GET"]}}],"collection":[{"href":"https:\/\/modernreef.eu\/de\/wp-json\/wp\/v2\/product"}],"about":[{"href":"https:\/\/modernreef.eu\/de\/wp-json\/wp\/v2\/types\/product"}],"wp:featuredmedia":[{"embeddable":true,"href":"https:\/\/modernreef.eu\/de\/wp-json\/wp\/v2\/media\/21210"}],"wp:attachment":[{"href":"https:\/\/modernreef.eu\/de\/wp-json\/wp\/v2\/media?parent=1283"}],"wp:term":[{"taxonomy":"product_brand","embeddable":true,"href":"https:\/\/modernreef.eu\/de\/wp-json\/wp\/v2\/product_brand?post=1283"},{"taxonomy":"product_cat","embeddable":true,"href":"https:\/\/modernreef.eu\/de\/wp-json\/wp\/v2\/product_cat?post=1283"},{"taxonomy":"product_tag","embeddable":true,"href":"https:\/\/modernreef.eu\/de\/wp-json\/wp\/v2\/product_tag?post=1283"}],"curies":[{"name":"wp","href":"https:\/\/api.w.org\/{rel}","templated":true}]}}