{"id":14800,"date":"2023-01-15T20:08:20","date_gmt":"2023-01-15T19:08:20","guid":{"rendered":"https:\/\/modernreef.eu\/?post_type=product&#038;p=14800"},"modified":"2023-01-18T12:00:17","modified_gmt":"2023-01-18T11:00:17","slug":"biodiversity-500ml","status":"publish","type":"product","link":"https:\/\/modernreef.eu\/de\/shop\/bakterien-einfahren\/biodiversity-500ml\/","title":{"rendered":"BIODiversity 500ml"},"content":{"rendered":"<p>Die Artenvielfalt von Mikroorganismen in Riffaquarien ist essentiell. Sie fungieren als Mikroarmeen um altbekannte Plagen wie Dinoflagellaten, Cyanobakterien usw. zu verdr\u00e4ngen oder sich von Ihnen 100% nat\u00fcrlich zu ern\u00e4hren. Modern Reef BIODiversity wird die Mikrofauna Ihres Riffaquariums diversifizieren und f\u00f6rdern (von Bakterien bis hin zu Filtrierern und Copepoden), bevor oben genannte Plagen \u00fcberhand nehmen k\u00f6nnen. Hierzu werden marine Bakterienst\u00e4mme, Mikroorganismen, Mineralien und N\u00e4hrstoffe verwendet (L\u00f6sung biotechnologisch im Labor hergestellt). BIODiversity kommt Ihren Korallen durch die Schaffung einer diversifizierten mikrobiellen Riffumgebung indirekt zugute und vitalisiert das Immunsystem des Riffs.<\/p>\n<p><strong>Anwendung:<\/strong> Kr\u00e4ftig sch\u00fctteln und in str\u00f6mungsstarken Bereich dosieren. Die anf\u00e4ngliche Tr\u00fcbung ist normal.<\/p>\n<p><strong>Neue Aquariensysteme:<\/strong> 50 ml pro 100 Liter dosieren, vorzugsweise nach Zugabe von lebenden Copepoden. Nach einer Woche einmal wiederholen.<\/p>\n<p><strong>Erhaltungsmodus:<\/strong> 10 ml pro 100 Liter (1-2 mal w\u00f6chentlich). Beste Wirkung zur Plagenbek\u00e4mpfung wird bei zeitgleicher Hinzugabe von Zooplankton und Copepoden erzielt.<\/p>\n","protected":false},"excerpt":{"rendered":"<p>Die Artenvielfalt von Mikroorganismen in Riffaquarien ist essentiell. Sie fungieren als Mikroarmeen um altbekannte Plagen wie Dinoflagellaten, Cyanobakterien usw. zu verdr\u00e4ngen oder sich von Ihnen 100% nat\u00fcrlich zu ern\u00e4hren. Modern Reef BIODiversity wird die Mikrofauna Ihres Riffaquariums diversifizieren und f\u00f6rdern (von Bakterien bis hin zu Filtrierern und Copepoden), bevor oben genannte Plagen \u00fcberhand nehmen k\u00f6nnen. [&#8230;]\n","protected":false},"featured_media":21085,"template":"","meta":[],"product_brand":[],"product_cat":[155,101],"product_tag":[],"class_list":{"0":"post-14800","1":"product","2":"type-product","3":"status-publish","4":"has-post-thumbnail","6":"product_cat-bakterien-einfahren","7":"product_cat-problem-solving-de","9":"first","10":"instock","11":"taxable","12":"shipping-taxable","13":"purchasable","14":"product-type-simple"},"_links":{"self":[{"href":"https:\/\/modernreef.eu\/de\/wp-json\/wp\/v2\/product\/14800","targetHints":{"allow":["GET"]}}],"collection":[{"href":"https:\/\/modernreef.eu\/de\/wp-json\/wp\/v2\/product"}],"about":[{"href":"https:\/\/modernreef.eu\/de\/wp-json\/wp\/v2\/types\/product"}],"wp:featuredmedia":[{"embeddable":true,"href":"https:\/\/modernreef.eu\/de\/wp-json\/wp\/v2\/media\/21085"}],"wp:attachment":[{"href":"https:\/\/modernreef.eu\/de\/wp-json\/wp\/v2\/media?parent=14800"}],"wp:term":[{"taxonomy":"product_brand","embeddable":true,"href":"https:\/\/modernreef.eu\/de\/wp-json\/wp\/v2\/product_brand?post=14800"},{"taxonomy":"product_cat","embeddable":true,"href":"https:\/\/modernreef.eu\/de\/wp-json\/wp\/v2\/product_cat?post=14800"},{"taxonomy":"product_tag","embeddable":true,"href":"https:\/\/modernreef.eu\/de\/wp-json\/wp\/v2\/product_tag?post=14800"}],"curies":[{"name":"wp","href":"https:\/\/api.w.org\/{rel}","templated":true}]}}