{"id":15859,"date":"2023-03-09T11:13:52","date_gmt":"2023-03-09T10:13:53","guid":{"rendered":"https:\/\/modernreef.eu\/?post_type=product&#038;p=15859"},"modified":"2023-05-08T18:02:56","modified_gmt":"2023-05-08T16:02:56","slug":"ammomix-200ml-copy","status":"publish","type":"product","link":"https:\/\/modernreef.eu\/de\/shop\/bakterien-einfahren\/ammomix-200ml-copy\/","title":{"rendered":"AmmoMix 100ml"},"content":{"rendered":"<p class=\"_04xlpA direction-ltr align-start para-style-body\"><span class=\"S1PPyQ\">AmmoMix ist eine einzigartige Ammonium-rezeptur, die f\u00fcr das fischlose Einfahren und die Bildung der biologischen Filterung bei neuen Aquarien mit k\u00fcnstlichen und trockenen Dekomaterialien verwendet wird.<\/span><\/p>\n<p class=\"_04xlpA direction-ltr align-start para-style-body\"><span class=\"S1PPyQ\"><strong>Anwendung:<\/strong><br \/>\n<\/span><span class=\"S1PPyQ\">Dosieren Sie 1 Tropfen pro 1 Liter und f\u00fcgen Sie dann Modern Reef Nitri-Bac hinzu, um die nitrifizierenden Bakterien bereitzustellen. Wiederholen Sie nach 3 Tagen 3 Mal oder bis Sie einen Messwert von 2 ppm NH3 (Ammonium) erreichen. 2 ppm Ammonium NH3 nicht \u00fcberschreiten! F\u00fcgen Sie <\/span><span class=\"S1PPyQ\">Modern Reef Nitri-Bac<\/span><span class=\"S1PPyQ\"> hinzu, bis sich Nitrit (NO2) zu bilden beginnt. Wenn der pH-Wert w\u00e4hrend des Einfahrens unter 7 f\u00e4llt, f\u00fchren Sie einen 25%igen Wasser-wechsel durch, indem Sie das Wasser von der Oberseite der Wassers\u00e4ule nehmen. Der Vorgang kann zwischen 2 und 4 Wochen dauern. Sobald Ammonium (NH3) und Nitrit (NO2) nicht mehr nachweisbar sind, ist der Einfahrvorgang abgeschlossen und Sie k\u00f6nnen Fische hinzu-f\u00fcgen.<\/span><\/p>\n","protected":false},"excerpt":{"rendered":"<p>AmmoMix ist eine einzigartige Ammonium-rezeptur, die f\u00fcr das fischlose Einfahren und die Bildung der biologischen Filterung bei neuen Aquarien mit k\u00fcnstlichen und trockenen Dekomaterialien verwendet wird. Anwendung: Dosieren Sie 1 Tropfen pro 1 Liter und f\u00fcgen Sie dann Modern Reef Nitri-Bac hinzu, um die nitrifizierenden Bakterien bereitzustellen. Wiederholen Sie nach 3 Tagen 3 Mal oder [&#8230;]\n","protected":false},"featured_media":21070,"template":"","meta":[],"product_brand":[],"product_cat":[155],"product_tag":[],"class_list":{"0":"post-15859","1":"product","2":"type-product","3":"status-publish","4":"has-post-thumbnail","6":"product_cat-bakterien-einfahren","8":"first","9":"instock","10":"taxable","11":"shipping-taxable","12":"purchasable","13":"product-type-simple"},"_links":{"self":[{"href":"https:\/\/modernreef.eu\/de\/wp-json\/wp\/v2\/product\/15859","targetHints":{"allow":["GET"]}}],"collection":[{"href":"https:\/\/modernreef.eu\/de\/wp-json\/wp\/v2\/product"}],"about":[{"href":"https:\/\/modernreef.eu\/de\/wp-json\/wp\/v2\/types\/product"}],"wp:featuredmedia":[{"embeddable":true,"href":"https:\/\/modernreef.eu\/de\/wp-json\/wp\/v2\/media\/21070"}],"wp:attachment":[{"href":"https:\/\/modernreef.eu\/de\/wp-json\/wp\/v2\/media?parent=15859"}],"wp:term":[{"taxonomy":"product_brand","embeddable":true,"href":"https:\/\/modernreef.eu\/de\/wp-json\/wp\/v2\/product_brand?post=15859"},{"taxonomy":"product_cat","embeddable":true,"href":"https:\/\/modernreef.eu\/de\/wp-json\/wp\/v2\/product_cat?post=15859"},{"taxonomy":"product_tag","embeddable":true,"href":"https:\/\/modernreef.eu\/de\/wp-json\/wp\/v2\/product_tag?post=15859"}],"curies":[{"name":"wp","href":"https:\/\/api.w.org\/{rel}","templated":true}]}}