{"id":1627,"date":"2021-03-06T19:32:09","date_gmt":"2021-03-06T18:32:09","guid":{"rendered":"https:\/\/modernreef.eu\/shop\/unkategorisiert\/modern-reef-professional-reef-salt-22kg\/"},"modified":"2023-09-05T11:37:34","modified_gmt":"2023-09-05T09:37:34","slug":"modern-reef-professional-reef-salt-22kg","status":"publish","type":"product","link":"https:\/\/modernreef.eu\/de\/shop\/ultimate-reef-salt-pro-de\/modern-reef-professional-reef-salt-22kg\/","title":{"rendered":"Modern Reef Professional Reef Salt 25kg"},"content":{"rendered":"<p><span class=\"JsGRdQ\">Designed um die speziellen Voraussetzungen des modernen Reef-ings zu erf\u00fcllen. Es wird nur hochreines, schnell l\u00f6sendes Salz pharmazeutischer Qualit\u00e4t benutzt. Enth\u00e4lt alle Spurenelemente des nat\u00fcrlichen Meerwassers mit einer kleinen geheimen Optimierung, gem\u00e4\u00df jahrelanger eigener Nutzung durch Eurocorals. Ein perfekt ausbalanciertes Meersalz, welches die Calcifikation, das Wachstum und die Farbauspr\u00e4gung aller Korallen verbessert. Ideal um ein neues Meerwasseraquarium zu starten, ungewollte Schwermetallbelastungen zu senken oder f\u00fcr regelm\u00e4\u00dfige Teilwasserwechsel (um organische Verschmutzungen, Phenole, Huminstoffe oder Nesselgifte mancher Tiere oder Organismen zu entfernen). Das Salz beinhaltet sehr niedrige Mengen an NO3 und PO4 um insbesondere dem \u201eSchock\u201c durch gr\u00f6\u00dfere Wasserwechsel vorzubeugen. Kann in Systemen mit Kalkreaktoren benutzt werden, ist jedoch haupts\u00e4chlich f\u00fcr Ballingmethoden entwickelt. Durchgehend Labor und ICP gepr\u00fcft zur Qualit\u00e4tskontrolle. <\/span><span class=\"JsGRdQ\">Gebrauchsanleitung:<\/span><span class=\"JsGRdQ\"> F\u00fcgen Sie immer Salz dem Wasser hinzu, nicht umgekehrt! L\u00f6sen Sie 35ml (ca. 38-39g) pro Liter Wasser bei 24-25\u00b0C Grad auf. Messen Sie die Salinit\u00e4t, nachdem das Salz vollst\u00e4ndig gel\u00f6st ist und das Wasser wieder klar ist. F\u00fcgen Sie falls n\u00f6tig in kleinen Schritten weiteres Salz hinzu, bis Sie 1.026sg (34.50ppt) erreichen. <\/span><span class=\"JsGRdQ\">Basisparameter:<\/span><span class=\"JsGRdQ\"> Alkalinit\u00e4t (KH) 7.2-8dKH, Calcium (Ca) 420-440ppm und Magnesium (Mg) 1350-1380ppm.<\/span><\/p>\n","protected":false},"excerpt":{"rendered":"<p>Designed um die speziellen Voraussetzungen des modernen Reef-ings zu erf\u00fcllen. Es wird nur hochreines, schnell l\u00f6sendes Salz pharmazeutischer Qualit\u00e4t benutzt. Enth\u00e4lt alle Spurenelemente des nat\u00fcrlichen Meerwassers mit einer kleinen geheimen Optimierung, gem\u00e4\u00df jahrelanger eigener Nutzung durch Eurocorals. Ein perfekt ausbalanciertes Meersalz, welches die Calcifikation, das Wachstum und die Farbauspr\u00e4gung aller Korallen verbessert. Ideal um ein [&#8230;]\n","protected":false},"featured_media":21225,"template":"","meta":[],"product_brand":[],"product_cat":[85],"product_tag":[],"class_list":{"0":"post-1627","1":"product","2":"type-product","3":"status-publish","4":"has-post-thumbnail","6":"product_cat-ultimate-reef-salt-pro-de","7":"product_shipping_class-25kg","9":"first","10":"instock","11":"taxable","12":"shipping-taxable","13":"purchasable","14":"product-type-simple"},"_links":{"self":[{"href":"https:\/\/modernreef.eu\/de\/wp-json\/wp\/v2\/product\/1627","targetHints":{"allow":["GET"]}}],"collection":[{"href":"https:\/\/modernreef.eu\/de\/wp-json\/wp\/v2\/product"}],"about":[{"href":"https:\/\/modernreef.eu\/de\/wp-json\/wp\/v2\/types\/product"}],"wp:featuredmedia":[{"embeddable":true,"href":"https:\/\/modernreef.eu\/de\/wp-json\/wp\/v2\/media\/21225"}],"wp:attachment":[{"href":"https:\/\/modernreef.eu\/de\/wp-json\/wp\/v2\/media?parent=1627"}],"wp:term":[{"taxonomy":"product_brand","embeddable":true,"href":"https:\/\/modernreef.eu\/de\/wp-json\/wp\/v2\/product_brand?post=1627"},{"taxonomy":"product_cat","embeddable":true,"href":"https:\/\/modernreef.eu\/de\/wp-json\/wp\/v2\/product_cat?post=1627"},{"taxonomy":"product_tag","embeddable":true,"href":"https:\/\/modernreef.eu\/de\/wp-json\/wp\/v2\/product_tag?post=1627"}],"curies":[{"name":"wp","href":"https:\/\/api.w.org\/{rel}","templated":true}]}}