{"id":27299,"date":"2024-05-03T11:55:43","date_gmt":"2024-05-03T09:55:43","guid":{"rendered":"https:\/\/modernreef.eu\/shop\/unkategorisiert\/27297\/"},"modified":"2024-05-03T12:13:14","modified_gmt":"2024-05-03T10:13:14","slug":"precision-reference-solution-250ml","status":"publish","type":"product","link":"https:\/\/modernreef.eu\/de\/shop\/problem-solving-de\/precision-reference-solution-250ml\/","title":{"rendered":"PRECISION Reference Solution 250ml"},"content":{"rendered":"<p><span class=\"OYPEnA text-decoration-none text-strikethrough-none\">Precision ist eine professionelle und hochpr\u00e4zise Referenzl\u00f6sung, die in Modern Reef Labors f\u00fcr alle automatischen Testverfahren und Heimtestkits f\u00fcr Riffaquarien hergestellt wird. Es kann zur \u00dcberpr\u00fcfung der Genauigkeit und zur Berechnung eines Korrekturfaktors oder zur Kalibrierung f\u00fcr die unten aufgef\u00fchrten Parameter verwendet werden. F\u00fchren Sie mit dieser Referenzl\u00f6sung eine Messung gem\u00e4\u00df den jeweiligen Pr\u00fcfanweisungen durch. Verwenden Sie bei Bedarf eine saubere Dosierspritze. Vergleichen Sie das Messergebnis (Messwert) mit dem Zielwert (Sollwert) in der untenstehenden Liste f\u00fcr den jeweiligen auf der Flasche angegebenen Parameter. Wenn die Werte \u00fcbereinstimmen, ist der Test in Ordnung. Stimmen die Werte nicht \u00fcberein, ermitteln Sie einen Korrekturfaktor f\u00fcr den Test: <\/span><span class=\"OYPEnA text-decoration-none text-strikethrough-none\">Korrekturfaktor = Zielwert \/ Messwert<\/span><span class=\"OYPEnA text-decoration-none text-strikethrough-none\">. Zuk\u00fcnftige Ergebnisse Ihrer Aquarienprobenmessungen m\u00fcssen mit diesem Korrekturfaktor multipliziert werden. Wiederholen Sie die Pr\u00fcfung regelm\u00e4\u00dfig alle 2\u20134 Wochen und bei einem Wechsel der Reagenziencharge.<\/span><\/p>\n<p><strong>PARAMETER:<\/strong> <span class=\"OYPEnA text-decoration-none text-strikethrough-none\">SALZGEHALT (PSU), KARBONATH\u00c4RTE (Kh), CALZIUM (Ca), BOR (B), BROM (Br), KALIUM (K), MAGNESIUM (Mg), FLUOR (F), STRONTIUM (Sr), EISEN (Fe), IOD (I), SILIZIUM (Si)<\/span><\/p>\n","protected":false},"excerpt":{"rendered":"<p>Precision ist eine professionelle und hochpr\u00e4zise Referenzl\u00f6sung, die in Modern Reef Labors f\u00fcr alle automatischen Testverfahren und Heimtestkits f\u00fcr Riffaquarien hergestellt wird. Es kann zur \u00dcberpr\u00fcfung der Genauigkeit und zur Berechnung eines Korrekturfaktors oder zur Kalibrierung f\u00fcr die unten aufgef\u00fchrten Parameter verwendet werden. F\u00fchren Sie mit dieser Referenzl\u00f6sung eine Messung gem\u00e4\u00df den jeweiligen Pr\u00fcfanweisungen durch. [&#8230;]\n","protected":false},"featured_media":27354,"template":"","meta":[],"product_brand":[],"product_cat":[101,132],"product_tag":[],"class_list":{"0":"post-27299","1":"product","2":"type-product","3":"status-publish","4":"has-post-thumbnail","6":"product_cat-problem-solving-de","7":"product_cat-icp-ic-reef-lab-water-analysis-de","9":"first","10":"instock","11":"taxable","12":"shipping-taxable","13":"purchasable","14":"product-type-simple"},"_links":{"self":[{"href":"https:\/\/modernreef.eu\/de\/wp-json\/wp\/v2\/product\/27299","targetHints":{"allow":["GET"]}}],"collection":[{"href":"https:\/\/modernreef.eu\/de\/wp-json\/wp\/v2\/product"}],"about":[{"href":"https:\/\/modernreef.eu\/de\/wp-json\/wp\/v2\/types\/product"}],"wp:featuredmedia":[{"embeddable":true,"href":"https:\/\/modernreef.eu\/de\/wp-json\/wp\/v2\/media\/27354"}],"wp:attachment":[{"href":"https:\/\/modernreef.eu\/de\/wp-json\/wp\/v2\/media?parent=27299"}],"wp:term":[{"taxonomy":"product_brand","embeddable":true,"href":"https:\/\/modernreef.eu\/de\/wp-json\/wp\/v2\/product_brand?post=27299"},{"taxonomy":"product_cat","embeddable":true,"href":"https:\/\/modernreef.eu\/de\/wp-json\/wp\/v2\/product_cat?post=27299"},{"taxonomy":"product_tag","embeddable":true,"href":"https:\/\/modernreef.eu\/de\/wp-json\/wp\/v2\/product_tag?post=27299"}],"curies":[{"name":"wp","href":"https:\/\/api.w.org\/{rel}","templated":true}]}}