{"id":2736,"date":"2021-08-11T21:23:15","date_gmt":"2021-08-11T19:23:15","guid":{"rendered":"https:\/\/modernreef.eu\/?post_type=product&#038;p=2736"},"modified":"2025-07-25T11:34:10","modified_gmt":"2025-07-25T09:34:10","slug":"bioclear-250ml","status":"publish","type":"product","link":"https:\/\/modernreef.eu\/de\/shop\/problem-solving-de\/bioclear-250ml\/","title":{"rendered":"BIOClear 250ml"},"content":{"rendered":"<p class=\"cvGsUA direction-ltr align-start para-style-body\"><span class=\"OYPEnA text-decoration-none text-strikethrough-none\">BIOClear will help improve your water clarity and assist in cleaning detritus or any other organic debris and sludge. Its unique blend of herbal extract and bacterial fuel promotes an ideal enzyme balance, supporting the growth of beneficial bacteria. As a side effect, this may also lead to a reduction in cyanobacteria growth. <\/span><span class=\"OYPEnA text-strikethrough-none text-decoration-underline\">BIOClear requires <strong>BIOBac and Nitri-Bac<\/strong> to work efficiently!<\/span><\/p>\n<p class=\"cvGsUA direction-ltr align-start para-style-body\"><strong><span class=\"OYPEnA text-decoration-none text-strikethrough-none\">Dosage: <em><span class=\"OYPEnA font-feature-liga-off font-feature-clig-off font-feature-calt-off text-decoration-none text-strikethrough-none\">WICHTIG!<\/span><span class=\"OYPEnA font-feature-liga-off font-feature-clig-off font-feature-calt-off text-decoration-none text-strikethrough-none\"> \u00dcberwachen Sie w\u00e4hrend der Anwendung Sauerstoff und PH Wert. Wir empfehlen die Str\u00f6mungspumpen auf die Wasser-oberfl\u00e4che auszurichten.<\/span><span class=\"OYPEnA font-feature-liga-off font-feature-clig-off font-feature-calt-off text-decoration-none text-strikethrough-none\"> Versichern Sie sich, dass das Aquarium eine STARK bestr\u00f6mte Wasseroberfl\u00e4che hat um einen Tag vor der Behandlung den Gasaustausch zu verbessern! <\/span><\/em><\/span><\/strong><span class=\"OYPEnA text-decoration-none text-strikethrough-none\">Turn off\/remove carbon filtration, UV, skimmer (<\/span><span class=\"OYPEnA text-strikethrough-none text-decoration-underline\">completely off!<\/span><span class=\"OYPEnA text-strikethrough-none text-decoration-none\">), and ozone. Dose 10 ml for each 100 L, preferably at night or when the aquarium light turns off.<\/span><\/p>\n<p class=\"cvGsUA direction-ltr align-start para-style-body\"><span class=\"OYPEnA text-decoration-none text-strikethrough-none\">After 48 hours, turn on\/resume the skimmer and all others and then dose<\/span><strong><span class=\"OYPEnA text-decoration-none text-strikethrough-none\"> BIOBac and Nitri-Bac<\/span><\/strong><span class=\"OYPEnA text-decoration-none text-strikethrough-none\">. Skimmer over-skimming is normal after treatment; reduce skimming and empty\/clean the cup regularly.<\/span> <span class=\"OYPEnA text-decoration-none text-strikethrough-none\">Repeat weekly until the aquarium is clean.<\/span><\/p>\n","protected":false},"excerpt":{"rendered":"<p>BIOClear will help improve your water clarity and assist in cleaning detritus or any other organic debris and sludge.<\/p>\n","protected":false},"featured_media":37463,"template":"","meta":[],"product_brand":[],"product_cat":[101],"product_tag":[],"class_list":{"0":"post-2736","1":"product","2":"type-product","3":"status-publish","4":"has-post-thumbnail","6":"product_cat-problem-solving-de","8":"first","9":"instock","10":"taxable","11":"shipping-taxable","12":"purchasable","13":"product-type-simple"},"_links":{"self":[{"href":"https:\/\/modernreef.eu\/de\/wp-json\/wp\/v2\/product\/2736","targetHints":{"allow":["GET"]}}],"collection":[{"href":"https:\/\/modernreef.eu\/de\/wp-json\/wp\/v2\/product"}],"about":[{"href":"https:\/\/modernreef.eu\/de\/wp-json\/wp\/v2\/types\/product"}],"wp:featuredmedia":[{"embeddable":true,"href":"https:\/\/modernreef.eu\/de\/wp-json\/wp\/v2\/media\/37463"}],"wp:attachment":[{"href":"https:\/\/modernreef.eu\/de\/wp-json\/wp\/v2\/media?parent=2736"}],"wp:term":[{"taxonomy":"product_brand","embeddable":true,"href":"https:\/\/modernreef.eu\/de\/wp-json\/wp\/v2\/product_brand?post=2736"},{"taxonomy":"product_cat","embeddable":true,"href":"https:\/\/modernreef.eu\/de\/wp-json\/wp\/v2\/product_cat?post=2736"},{"taxonomy":"product_tag","embeddable":true,"href":"https:\/\/modernreef.eu\/de\/wp-json\/wp\/v2\/product_tag?post=2736"}],"curies":[{"name":"wp","href":"https:\/\/api.w.org\/{rel}","templated":true}]}}