{"id":27397,"date":"2024-05-03T15:47:25","date_gmt":"2024-05-03T13:47:25","guid":{"rendered":"https:\/\/modernreef.eu\/?post_type=product&#038;p=27397"},"modified":"2024-05-03T23:40:13","modified_gmt":"2024-05-03T21:40:13","slug":"reef-feast-granules-m-65g","status":"publish","type":"product","link":"https:\/\/modernreef.eu\/de\/shop\/all-in-one-reef-food-polypop-de\/reef-feast-granules-m-65g\/","title":{"rendered":"Reef Feast Granules M 65g"},"content":{"rendered":"<p>Ein komplettes All-in-One-Granulatfutter f\u00fcr Meeresfische, LPS-Korallen und Wirbellose. Ausschlie\u00dflich aus Meereszutaten, Algen und Fisch\u00f6l hergestellt. Unterst\u00fctzt die Vitalit\u00e4t, Energie, das Immunsystem und die Farbgebung von Fischen, Korallen und Wirbellosen. Es wurde speziell entwickelt, um Ammoniakverschmutzung und andere Abbauprodukte zu reduzieren \u2013 das perfekt ausgewogene All-in-One-Futter f\u00fcr alle Bewohner Ihres Riffaquariums.<\/p>\n<p><strong>F\u00fctterung:<\/strong><br \/>\nGeben Sie 2-3 mal t\u00e4glich so viel hinzu, wie die Fische in kurzer Zeit fressen k\u00f6nnen.<\/p>\n<p><strong>Gr\u00f6\u00dfe:<\/strong><br \/>\nGranulatgr\u00f6\u00dfen 1.25\u20131.5 mm<\/p>\n","protected":false},"excerpt":{"rendered":"<p>Ein komplettes All-in-One-Granulatfutter f\u00fcr Meeresfische, LPS-Korallen und Wirbellose. Ausschlie\u00dflich aus Meereszutaten, Algen und Fisch\u00f6l hergestellt. Unterst\u00fctzt die Vitalit\u00e4t, Energie, das Immunsystem und die Farbgebung von Fischen, Korallen und Wirbellosen. Es wurde speziell entwickelt, um Ammoniakverschmutzung und andere Abbauprodukte zu reduzieren \u2013 das perfekt ausgewogene All-in-One-Futter f\u00fcr alle Bewohner Ihres Riffaquariums. F\u00fctterung: Geben Sie 2-3 mal [&#8230;]\n","protected":false},"featured_media":27359,"template":"","meta":[],"product_brand":[],"product_cat":[89],"product_tag":[],"class_list":{"0":"post-27397","1":"product","2":"type-product","3":"status-publish","4":"has-post-thumbnail","6":"product_cat-all-in-one-reef-food-polypop-de","8":"first","9":"instock","10":"taxable","11":"shipping-taxable","12":"purchasable","13":"product-type-simple"},"_links":{"self":[{"href":"https:\/\/modernreef.eu\/de\/wp-json\/wp\/v2\/product\/27397","targetHints":{"allow":["GET"]}}],"collection":[{"href":"https:\/\/modernreef.eu\/de\/wp-json\/wp\/v2\/product"}],"about":[{"href":"https:\/\/modernreef.eu\/de\/wp-json\/wp\/v2\/types\/product"}],"wp:featuredmedia":[{"embeddable":true,"href":"https:\/\/modernreef.eu\/de\/wp-json\/wp\/v2\/media\/27359"}],"wp:attachment":[{"href":"https:\/\/modernreef.eu\/de\/wp-json\/wp\/v2\/media?parent=27397"}],"wp:term":[{"taxonomy":"product_brand","embeddable":true,"href":"https:\/\/modernreef.eu\/de\/wp-json\/wp\/v2\/product_brand?post=27397"},{"taxonomy":"product_cat","embeddable":true,"href":"https:\/\/modernreef.eu\/de\/wp-json\/wp\/v2\/product_cat?post=27397"},{"taxonomy":"product_tag","embeddable":true,"href":"https:\/\/modernreef.eu\/de\/wp-json\/wp\/v2\/product_tag?post=27397"}],"curies":[{"name":"wp","href":"https:\/\/api.w.org\/{rel}","templated":true}]}}