{"id":27414,"date":"2024-05-03T23:26:05","date_gmt":"2024-05-03T21:26:05","guid":{"rendered":"https:\/\/modernreef.eu\/shop\/unkategorisiert\/bioactivator-250ml\/"},"modified":"2024-05-03T23:27:43","modified_gmt":"2024-05-03T21:27:43","slug":"bioactivator-250ml","status":"publish","type":"product","link":"https:\/\/modernreef.eu\/de\/shop\/bakterien-einfahren\/bioactivator-250ml\/","title":{"rendered":"BIOActivator 250ml"},"content":{"rendered":"<p>BIOactivator ist eine biologische All-in-One-Stimulanz auf Basis von Enzymen und Bakterienfutter zur F\u00f6rderung der Mikrobiologie in Riffaquarien. Es verbessert die Wasserklarheit und h\u00e4lt \u00fcbersch\u00fcssige N\u00e4hrstoffe und andere Verunreinigungen zur\u00fcck. Das Produkt f\u00f6rdert die Meeresmikrobiologie, verbessert die Absch\u00e4umerleistung und verst\u00e4rkt die Wirkung der Bakteriendosierung. BIOactivator aktiviert die \u00d6kosystemumgebung eines Riffs und st\u00e4rkt so das nat\u00fcrliche Immun-system des Aquariums. Dies verbessert das Wachstum und die F\u00e4rbung der Korallen und sorgt f\u00fcr sauberere Dekoration \u200b\u200bund Bodengrund.<\/p>\n<p><strong>Dosierung:<\/strong><br \/>\n1 Messl\u00f6ffel (im Lieferumfang enthalten) pro 100 Liter, 1 oder 2 Mal w\u00f6chentlich. Separat in 250-500 ml Aquarienwasser aufl\u00f6sen und 3 bis 6 Stunden ruhen lassen. Alternativ k\u00f6nnen Sie BIODiversity und BIOBakto zum Mix hinzuf\u00fcgen. Lassen Sie es nach der Dosierung etwa 10 bis 20 Sekunden lang im Aquarium durch die Pumpen vermischen und stoppen Sie diese dann f\u00fcr 15 bis 30 Minuten. Deakitivieren Sie Ger\u00e4te wie UV, Ozon und Absch\u00e4umer f\u00fcr 2 Stunden.<\/p>\n","protected":false},"excerpt":{"rendered":"<p>BIOactivator ist eine biologische All-in-One-Stimulanz auf Basis von Enzymen und Bakterienfutter zur F\u00f6rderung der Mikrobiologie in Riffaquarien. Es verbessert die Wasserklarheit und h\u00e4lt \u00fcbersch\u00fcssige N\u00e4hrstoffe und andere Verunreinigungen zur\u00fcck. Das Produkt f\u00f6rdert die Meeresmikrobiologie, verbessert die Absch\u00e4umerleistung und verst\u00e4rkt die Wirkung der Bakteriendosierung. BIOactivator aktiviert die \u00d6kosystemumgebung eines Riffs und st\u00e4rkt so das nat\u00fcrliche Immun-system [&#8230;]\n","protected":false},"featured_media":27309,"template":"","meta":[],"product_brand":[],"product_cat":[155,101],"product_tag":[],"class_list":{"0":"post-27414","1":"product","2":"type-product","3":"status-publish","4":"has-post-thumbnail","6":"product_cat-bakterien-einfahren","7":"product_cat-problem-solving-de","9":"first","10":"instock","11":"taxable","12":"shipping-taxable","13":"purchasable","14":"product-type-simple"},"_links":{"self":[{"href":"https:\/\/modernreef.eu\/de\/wp-json\/wp\/v2\/product\/27414","targetHints":{"allow":["GET"]}}],"collection":[{"href":"https:\/\/modernreef.eu\/de\/wp-json\/wp\/v2\/product"}],"about":[{"href":"https:\/\/modernreef.eu\/de\/wp-json\/wp\/v2\/types\/product"}],"wp:featuredmedia":[{"embeddable":true,"href":"https:\/\/modernreef.eu\/de\/wp-json\/wp\/v2\/media\/27309"}],"wp:attachment":[{"href":"https:\/\/modernreef.eu\/de\/wp-json\/wp\/v2\/media?parent=27414"}],"wp:term":[{"taxonomy":"product_brand","embeddable":true,"href":"https:\/\/modernreef.eu\/de\/wp-json\/wp\/v2\/product_brand?post=27414"},{"taxonomy":"product_cat","embeddable":true,"href":"https:\/\/modernreef.eu\/de\/wp-json\/wp\/v2\/product_cat?post=27414"},{"taxonomy":"product_tag","embeddable":true,"href":"https:\/\/modernreef.eu\/de\/wp-json\/wp\/v2\/product_tag?post=27414"}],"curies":[{"name":"wp","href":"https:\/\/api.w.org\/{rel}","templated":true}]}}