{"id":27427,"date":"2024-05-03T23:48:19","date_gmt":"2024-05-03T21:48:19","guid":{"rendered":"https:\/\/modernreef.eu\/shop\/unkategorisiert\/biobac-bacterial-blend-250ml\/"},"modified":"2024-11-14T11:14:29","modified_gmt":"2024-11-14T10:14:29","slug":"biobac-blend-250ml","status":"publish","type":"product","link":"https:\/\/modernreef.eu\/de\/shop\/bakterien-einfahren\/biobac-blend-250ml\/","title":{"rendered":"BIOBac Blend 250ml"},"content":{"rendered":"<p>BIOBac ist eine synthetische Vollspektrum-Bakterienmischung, die probiotische, nitrifizierende und violette Bakterien enth\u00e4lt. Das Produkt wurde entwickelt, um den Nitrifikationsprozess und den Abbau von giftigem Ammoniak und Hydrogensulfat zu unterst\u00fctzen. BIOBac beseitigt \u00fcble Ger\u00fcche, verbessert die Klarheit des Wassers, hilft bei der Reinigung von Substrat und Steinen und hilft bei der Reduzierung von Mulmablagerungen und \u00fcbersch\u00fcssigen N\u00e4hrstoffen.<\/p>\n<p><strong>Dosierung:<\/strong><br \/>\nKr\u00e4ftig sch\u00fctteln und 1 ml pro 100 Liter dosieren , 1 oder 2 Mal w\u00f6chentlich. Stoppen Sie Technik wie UV, Ozon und Absch\u00e4umer f\u00fcr 2 Stunden. BIOBac kann zusammen mit BIOActivator und BIODiversity verwendet werden. Bitte lesen Sie hierzu im BIOActivator-Leitfaden. Das Produkt kann auch im ersten Einfahrzyklus verwendet werden, um den biologischen Filterungsprozess mit Nitri-Bac zu starten. Erfordert keine gek\u00fchlte Lagerung.<\/p>\n","protected":false},"excerpt":{"rendered":"<p>BIOBac ist eine synthetische Vollspektrum-Bakterienmischung, die probiotische, nitrifizierende und violette Bakterien enth\u00e4lt. Das Produkt wurde entwickelt, um den Nitrifikationsprozess und den Abbau von giftigem Ammoniak und Hydrogensulfat zu unterst\u00fctzen. BIOBac beseitigt \u00fcble Ger\u00fcche, verbessert die Klarheit des Wassers, hilft bei der Reinigung von Substrat und Steinen und hilft bei der Reduzierung von Mulmablagerungen und \u00fcbersch\u00fcssigen [&#8230;]\n","protected":false},"featured_media":27319,"template":"","meta":[],"product_brand":[],"product_cat":[155,101],"product_tag":[],"class_list":{"0":"post-27427","1":"product","2":"type-product","3":"status-publish","4":"has-post-thumbnail","6":"product_cat-bakterien-einfahren","7":"product_cat-problem-solving-de","9":"first","10":"instock","11":"taxable","12":"shipping-taxable","13":"purchasable","14":"product-type-simple"},"_links":{"self":[{"href":"https:\/\/modernreef.eu\/de\/wp-json\/wp\/v2\/product\/27427","targetHints":{"allow":["GET"]}}],"collection":[{"href":"https:\/\/modernreef.eu\/de\/wp-json\/wp\/v2\/product"}],"about":[{"href":"https:\/\/modernreef.eu\/de\/wp-json\/wp\/v2\/types\/product"}],"wp:featuredmedia":[{"embeddable":true,"href":"https:\/\/modernreef.eu\/de\/wp-json\/wp\/v2\/media\/27319"}],"wp:attachment":[{"href":"https:\/\/modernreef.eu\/de\/wp-json\/wp\/v2\/media?parent=27427"}],"wp:term":[{"taxonomy":"product_brand","embeddable":true,"href":"https:\/\/modernreef.eu\/de\/wp-json\/wp\/v2\/product_brand?post=27427"},{"taxonomy":"product_cat","embeddable":true,"href":"https:\/\/modernreef.eu\/de\/wp-json\/wp\/v2\/product_cat?post=27427"},{"taxonomy":"product_tag","embeddable":true,"href":"https:\/\/modernreef.eu\/de\/wp-json\/wp\/v2\/product_tag?post=27427"}],"curies":[{"name":"wp","href":"https:\/\/api.w.org\/{rel}","templated":true}]}}