{"id":27440,"date":"2024-05-04T00:19:05","date_gmt":"2024-05-03T22:19:05","guid":{"rendered":"https:\/\/modernreef.eu\/shop\/unkategorisiert\/bioreef-snow-1000ml\/"},"modified":"2024-05-04T00:21:52","modified_gmt":"2024-05-03T22:21:52","slug":"bioreef-snow-1000ml","status":"publish","type":"product","link":"https:\/\/modernreef.eu\/de\/shop\/problem-solving-de\/bioreef-snow-1000ml\/","title":{"rendered":"BIOReef-Snow 1000ml"},"content":{"rendered":"<p class=\"cvGsUA direction-ltr align-start para-style-body\"><span class=\"OYPEnA text-decoration-none text-strikethrough-none\">Eine einzigartige Mischung verschiedener Flockungs-mittel und Schwamm-Vitalisatoren in einem Produkt! BIOReef-Snow neutralisiert unerw\u00fcnschte S\u00e4uren und ist eine L\u00f6sung gegen Dinoflagellaten, Schleimalgen und Cyano-bakterien. Es bindet unerw\u00fcnschte organische Schadstoffe, giftiges Ammoniak, Phenole, Huminstoffe und Nesselgifte, die von einigen Korallen oder anderen Organismen produziert werden. Einige davon k\u00f6nnen gelbliches Wasser und \u00fcble Ger\u00fcche verursachen. Anschlie\u00dfend werden sie mithilfe des Absch\u00e4umers und der mechanischen Filterung des Aquariums exportiert. BIOReef-Snow f\u00f6rdert das Wachstum von Schw\u00e4mmen und Seescheiden und unterst\u00fctzt deren wasserreinigende Wirkung; dadurch wird die Wasserqualit\u00e4t deutlich verbessert. BIOReef-Snow ist auch ein biologisches Tr\u00e4germaterial f\u00fcr Elemente, Bakterienprodukte oder andere Nahrungserg\u00e4nzungsmittel. Eine Wassertr\u00fcbung ist nach der Dosierung zu erwarten, diese verschwindet jedoch nach einigen Stunden.<\/span><\/p>\n<p class=\"cvGsUA direction-ltr align-start para-style-body\"><strong><span class=\"OYPEnA text-decoration-none text-strikethrough-none\">Dosierung:<\/span><\/strong><span class=\"OYPEnA text-decoration-none text-strikethrough-none\"> Kr\u00e4ftig sch\u00fctteln und in str\u00f6mungsstarken Bereich dosieren.<\/span><\/p>\n<p class=\"cvGsUA direction-ltr align-start para-style-body\"><span class=\"OYPEnA text-decoration-none text-strikethrough-none\">1-2 ml pro 100 l (Bei Verwendung mit BIOActivator au\u00dferhalb des Aquariums anmischen &#8211; 1 ml pro 100 l auftragen), 1 oder 2 Mal w\u00f6chentlich.<\/span><\/p>\n<p class=\"cvGsUA direction-ltr align-start para-style-body\"><strong><span class=\"OYPEnA text-decoration-none text-strikethrough-none\">Tipp:<\/span><\/strong><span class=\"OYPEnA text-decoration-none text-strikethrough-none\"> Kann als biologisches Tr\u00e4germaterial in einer beckenexternen Zubereitung mit 250-500 ml Aquarienwasser verwendet werden.<\/span><\/p>\n","protected":false},"excerpt":{"rendered":"<p>Eine einzigartige Mischung verschiedener Flockungs-mittel und Schwamm-Vitalisatoren in einem Produkt! BIOReef-Snow neutralisiert unerw\u00fcnschte S\u00e4uren und ist eine L\u00f6sung gegen Dinoflagellaten, Schleimalgen und Cyano-bakterien. Es bindet unerw\u00fcnschte organische Schadstoffe, giftiges Ammoniak, Phenole, Huminstoffe und Nesselgifte, die von einigen Korallen oder anderen Organismen produziert werden. Einige davon k\u00f6nnen gelbliches Wasser und \u00fcble Ger\u00fcche verursachen. Anschlie\u00dfend werden sie [&#8230;]\n","protected":false},"featured_media":27329,"template":"","meta":[],"product_brand":[],"product_cat":[101],"product_tag":[],"class_list":{"0":"post-27440","1":"product","2":"type-product","3":"status-publish","4":"has-post-thumbnail","6":"product_cat-problem-solving-de","8":"first","9":"instock","10":"taxable","11":"shipping-taxable","12":"purchasable","13":"product-type-simple"},"_links":{"self":[{"href":"https:\/\/modernreef.eu\/de\/wp-json\/wp\/v2\/product\/27440","targetHints":{"allow":["GET"]}}],"collection":[{"href":"https:\/\/modernreef.eu\/de\/wp-json\/wp\/v2\/product"}],"about":[{"href":"https:\/\/modernreef.eu\/de\/wp-json\/wp\/v2\/types\/product"}],"wp:featuredmedia":[{"embeddable":true,"href":"https:\/\/modernreef.eu\/de\/wp-json\/wp\/v2\/media\/27329"}],"wp:attachment":[{"href":"https:\/\/modernreef.eu\/de\/wp-json\/wp\/v2\/media?parent=27440"}],"wp:term":[{"taxonomy":"product_brand","embeddable":true,"href":"https:\/\/modernreef.eu\/de\/wp-json\/wp\/v2\/product_brand?post=27440"},{"taxonomy":"product_cat","embeddable":true,"href":"https:\/\/modernreef.eu\/de\/wp-json\/wp\/v2\/product_cat?post=27440"},{"taxonomy":"product_tag","embeddable":true,"href":"https:\/\/modernreef.eu\/de\/wp-json\/wp\/v2\/product_tag?post=27440"}],"curies":[{"name":"wp","href":"https:\/\/api.w.org\/{rel}","templated":true}]}}