{"id":37036,"date":"2023-01-15T19:10:45","date_gmt":"2025-05-13T20:36:45","guid":{"rendered":"https:\/\/modernreef.eu\/?post_type=product&#038;p=37036"},"modified":"2025-05-13T22:44:36","modified_gmt":"2025-05-13T20:44:36","slug":"p-po4-remover-500ml","status":"publish","type":"product","link":"https:\/\/modernreef.eu\/de\/shop\/c-n-p-mix-de\/p-po4-remover-500ml\/","title":{"rendered":"P- (Po4 Remover) 500ml"},"content":{"rendered":"<p class=\"_04xlpA direction-ltr align-start para-style-body\"><span class=\"S1PPyQ\">Hochwirksame Rezeptur auf Basis von Lanthan, die Phosphate schnell bindet und aus dem Wasser ausscheidet. Entfernt Phosphat extrem schnell!<\/span><\/p>\n<p class=\"_04xlpA direction-ltr align-start para-style-body\"><strong><span class=\"S1PPyQ\">Anwendung:<\/span><\/strong><span class=\"S1PPyQ\"> 1 ml P- auf 100 Liter reduziert Phosphat um 0,1 mg\/l. Beginnen Sie mit der Dosierung von 0,1-0,25 ml pro 100 Liter. Reduzieren Sie die Phosphatkonzentration nicht um mehr als 0,01-0,025 mg\/l pro Tag! P- ist am effektivsten in Riffaquarien mit einem guten Absch\u00e4umer. \u00dcberwachen Sie das Alkalit\u00e4tsniveau; es kann leicht fallen. Die ideale Dosierstelle w\u00e4re am Anfang des Technikbeckens oder vor dem Absch\u00e4umer. Wir empfehlen, den Phosphatgehalt nicht unter 0,02 mg\/l zu halten.<\/span><\/p>\n<p class=\"_04xlpA direction-ltr align-start para-style-body\"><strong><span class=\"S1PPyQ\">Tipp: <\/span><\/strong><span class=\"S1PPyQ\">Die durch Osmosewasser verd\u00fcnnte Anwendung von P- in Kombination mit einer Dosierpumpe zur Verteilung der Tagesdosis w\u00e4re optimal, um problematisch schnelle \u00c4nderungen des Phosphatwertes zu vermeiden.<\/span><\/p>\n<p class=\"_04xlpA direction-ltr align-start para-style-body\"><strong><span class=\"S1PPyQ\">WICHTIG!<\/span><\/strong><span class=\"S1PPyQ\"> P- kann Strudelw\u00fcrmer der Gattungen Waminoa, Concolutriloba und AEFW angreifen. Entfernen Sie, falls vorhanden, so viele Plattw\u00fcrmer wie m\u00f6glich um die Freisetzung von Toxinen durch deren Absterben zu minimieren.<\/span><\/p>\n","protected":false},"excerpt":{"rendered":"<p>Hochwirksame Rezeptur auf Basis von Lanthan, die Phosphate schnell bindet und aus dem Wasser ausscheidet. Entfernt Phosphat extrem schnell! Anwendung: 1 ml P- auf 100 Liter reduziert Phosphat um 0,1 mg\/l. Beginnen Sie mit der Dosierung von 0,1-0,25 ml pro 100 Liter. Reduzieren Sie die Phosphatkonzentration nicht um mehr als 0,01-0,025 mg\/l pro Tag! P- [&#8230;]\n","protected":false},"featured_media":37488,"template":"","meta":[],"product_brand":[],"product_cat":[93],"product_tag":[],"class_list":{"0":"post-37036","1":"product","2":"type-product","3":"status-publish","4":"has-post-thumbnail","6":"product_cat-c-n-p-mix-de","8":"first","9":"instock","10":"taxable","11":"shipping-taxable","12":"purchasable","13":"product-type-simple"},"_links":{"self":[{"href":"https:\/\/modernreef.eu\/de\/wp-json\/wp\/v2\/product\/37036","targetHints":{"allow":["GET"]}}],"collection":[{"href":"https:\/\/modernreef.eu\/de\/wp-json\/wp\/v2\/product"}],"about":[{"href":"https:\/\/modernreef.eu\/de\/wp-json\/wp\/v2\/types\/product"}],"wp:featuredmedia":[{"embeddable":true,"href":"https:\/\/modernreef.eu\/de\/wp-json\/wp\/v2\/media\/37488"}],"wp:attachment":[{"href":"https:\/\/modernreef.eu\/de\/wp-json\/wp\/v2\/media?parent=37036"}],"wp:term":[{"taxonomy":"product_brand","embeddable":true,"href":"https:\/\/modernreef.eu\/de\/wp-json\/wp\/v2\/product_brand?post=37036"},{"taxonomy":"product_cat","embeddable":true,"href":"https:\/\/modernreef.eu\/de\/wp-json\/wp\/v2\/product_cat?post=37036"},{"taxonomy":"product_tag","embeddable":true,"href":"https:\/\/modernreef.eu\/de\/wp-json\/wp\/v2\/product_tag?post=37036"}],"curies":[{"name":"wp","href":"https:\/\/api.w.org\/{rel}","templated":true}]}}