{"id":37041,"date":"2021-04-25T14:13:28","date_gmt":"2025-05-13T20:49:29","guid":{"rendered":"https:\/\/modernreef.eu\/?post_type=product&#038;p=37041"},"modified":"2025-05-13T22:54:01","modified_gmt":"2025-05-13T20:54:01","slug":"c-complex-carbons-500ml","status":"publish","type":"product","link":"https:\/\/modernreef.eu\/de\/shop\/c-n-p-mix-de\/c-complex-carbons-500ml\/","title":{"rendered":"C+ (Complex Carbons) 500ml"},"content":{"rendered":"<p class=\"_04xlpA direction-ltr align-justify para-style-body\"><span class=\"JsGRdQ\"><strong>C+ (Complex Carbons)<\/strong><br \/>\nVersorgen Sie ihr Modern Reef mit einem Kohlenstoffkomplex, welcher zur N\u00e4hrstoffkontrolle essentiell ist. Ein Komplex bestehend aus Kohlenstoffsubstanzen und anderen gebundenen Elementen, um die Aktivit\u00e4t n\u00e4hrstoffreduzierender Bakterien zu verst\u00e4rken. Kann sowohl Nitrat, als auch Phosphat senken.<\/span><\/p>\n<ul>\n<li><span class=\"JsGRdQ\">Verst\u00e4rkt die Aktivit\u00e4t von n\u00e4hrstoffreduzierenden Bakterien<\/span><\/li>\n<li><span class=\"JsGRdQ\">Senkt biologisch sowohl Nitrat als auch Phosphat<\/span><\/li>\n<li><span class=\"JsGRdQ\">Verbessert das Wachstum und die Farbauspr\u00e4gung von Korallen<\/span><\/li>\n<\/ul>\n<p class=\"_04xlpA direction-ltr align-start para-style-body\"><strong><span class=\"JsGRdQ\">Anleitung:<\/span><\/strong><\/p>\n<ul>\n<li><span class=\"JsGRdQ\">Starten Sie mit einer Dosierung von 1ml auf 100 Liter \/ 1 Tropfen auf 5 Liter. Die t\u00e4gliche Maximaldosis betr\u00e4gt 3ml auf 100 Liter<\/span><\/li>\n<li><span class=\"JsGRdQ\">Testen Sie Nitrat alle 4 Tage und modifizieren Sie die Dosierung entsprechend bis der erw\u00fcnschte Zielwert erreicht ist<\/span><\/li>\n<li><span class=\"JsGRdQ\">erh\u00f6hen Sie die Dosis um nicht mehr als 1ml auf 100 Liter t\u00e4glich innerhalb eines 4 Tages Zeitraumes<\/span><\/li>\n<li><span class=\"JsGRdQ\">Wir empfehlen den Nitratwert zwischen 5ppm und 10ppm zu halten<\/span><\/li>\n<\/ul>\n<p class=\"_04xlpA direction-ltr align-justify para-style-body\"><strong><span class=\"JsGRdQ\">Tip: <\/span><\/strong><span class=\"JsGRdQ\">F\u00fcr bessere Ergebnisse sollten Sie die Dosierung mittels einer Dosierpumpe m\u00f6glichst wenig \u00fcber den Tag verteilen. Maximal 4-6 mal am Tag.<\/span><\/p>\n","protected":false},"excerpt":{"rendered":"<p><span class=\"JsGRdQ\">Provide your modern reef with complex carbons essential for nutrient control. A complex of carbon substances and other organic bound elements to enhance the activity of nutrient-reducing bacteria. Can reduce both nitrate and phosphate.<\/span><\/p>\n","protected":false},"featured_media":37468,"template":"","meta":[],"product_brand":[],"product_cat":[93],"product_tag":[],"class_list":{"0":"post-37041","1":"product","2":"type-product","3":"status-publish","4":"has-post-thumbnail","6":"product_cat-c-n-p-mix-de","7":"product_shipping_class-less-than-20kg","9":"first","10":"instock","11":"taxable","12":"shipping-taxable","13":"purchasable","14":"product-type-simple"},"_links":{"self":[{"href":"https:\/\/modernreef.eu\/de\/wp-json\/wp\/v2\/product\/37041","targetHints":{"allow":["GET"]}}],"collection":[{"href":"https:\/\/modernreef.eu\/de\/wp-json\/wp\/v2\/product"}],"about":[{"href":"https:\/\/modernreef.eu\/de\/wp-json\/wp\/v2\/types\/product"}],"wp:featuredmedia":[{"embeddable":true,"href":"https:\/\/modernreef.eu\/de\/wp-json\/wp\/v2\/media\/37468"}],"wp:attachment":[{"href":"https:\/\/modernreef.eu\/de\/wp-json\/wp\/v2\/media?parent=37041"}],"wp:term":[{"taxonomy":"product_brand","embeddable":true,"href":"https:\/\/modernreef.eu\/de\/wp-json\/wp\/v2\/product_brand?post=37041"},{"taxonomy":"product_cat","embeddable":true,"href":"https:\/\/modernreef.eu\/de\/wp-json\/wp\/v2\/product_cat?post=37041"},{"taxonomy":"product_tag","embeddable":true,"href":"https:\/\/modernreef.eu\/de\/wp-json\/wp\/v2\/product_tag?post=37041"}],"curies":[{"name":"wp","href":"https:\/\/api.w.org\/{rel}","templated":true}]}}