{"id":37047,"date":"2021-04-25T13:51:10","date_gmt":"2025-05-13T20:59:10","guid":{"rendered":"https:\/\/modernreef.eu\/?post_type=product&#038;p=37047"},"modified":"2025-05-13T23:03:30","modified_gmt":"2025-05-13T21:03:30","slug":"n-nitrogen-no3-mix-500ml","status":"publish","type":"product","link":"https:\/\/modernreef.eu\/de\/shop\/c-n-p-mix-de\/n-nitrogen-no3-mix-500ml\/","title":{"rendered":"N+ (Nitrogen NO3 MIX) 500ml"},"content":{"rendered":"<p><strong>N+ (Nitrogen NO3 MIX)<br \/>\n<\/strong><span class=\"JsGRdQ\">Versorgen Sie ihr Modern Reef mit erforderlichem Stickstoff f\u00fcr bestes Wachstum und bessere Farbauspr\u00e4gung, ohne jede ungewollte Beimischung. Ein spezieller Mix aus aufbereitetem Stickstoff, um den Nebeneffekten von vergleichbaren Produkten vorzubeugen (wie erh\u00f6hte Natrium oder Kaliumwerte).<\/span><\/p>\n<ul>\n<li><span class=\"JsGRdQ\">Keine bis minimalste Nebenprodukte<\/span><\/li>\n<li><span class=\"JsGRdQ\">Unterst\u00fctzt beim Abbau und Kontrolle des Phosphatgehaltes<\/span><\/li>\n<li><span class=\"JsGRdQ\">Farbauspr\u00e4gungs- und Wachstumsverbesserung in potentiell Stickstoffarmen Riffaquarien<\/span><\/li>\n<\/ul>\n<p class=\"_04xlpA direction-ltr align-start para-style-body\"><strong><span class=\"JsGRdQ\">Anleitung:<\/span><\/strong><\/p>\n<ul>\n<li><span class=\"JsGRdQ\">Starten Sie mit einer Dosierung von 1ml auf 100 Liter \/ 1 Tropfen auf 5 Liter<\/span><\/li>\n<li><span class=\"JsGRdQ\">Testen Sie Nitrat alle 4 Tage und modifizieren Sie die Dosierung entsprechend bis der erw\u00fcnschte Zielwert erreicht ist<\/span><\/li>\n<li><span class=\"JsGRdQ\">Erh\u00f6hen Sie die Dosis um nicht mehr als 1ml auf 100 Liter t\u00e4glich innerhalb eines 5 Tages Zeitraumes<\/span><\/li>\n<li><span class=\"JsGRdQ\">Wir empfehlen den Nitratwert zwischen 5ppm und 10ppm zu halten<\/span><\/li>\n<\/ul>\n<p class=\"_04xlpA direction-ltr align-justify para-style-body\"><span class=\"JsGRdQ\"><strong>Konzentration:<\/strong> <\/span><span class=\"JsGRdQ\">1ml\/100L Aquariumwasser erh\u00f6ht Nitrat um 1 ppm.<\/span><\/p>\n","protected":false},"excerpt":{"rendered":"<p>N+ (Nitrogen NO3 MIX) Versorgen Sie ihr Modern Reef mit erforderlichem Stickstoff f\u00fcr bestes Wachstum und bessere Farbauspr\u00e4gung, ohne jede ungewollte Beimischung. Ein spezieller Mix aus aufbereitetem Stickstoff, um den Nebeneffekten von vergleichbaren Produkten vorzubeugen (wie erh\u00f6hte Natrium oder Kaliumwerte). Keine bis minimalste Nebenprodukte Unterst\u00fctzt beim Abbau und Kontrolle des Phosphatgehaltes Farbauspr\u00e4gungs- und Wachstumsverbesserung in [&#8230;]\n","protected":false},"featured_media":37478,"template":"","meta":[],"product_brand":[],"product_cat":[93],"product_tag":[],"class_list":{"0":"post-37047","1":"product","2":"type-product","3":"status-publish","4":"has-post-thumbnail","6":"product_cat-c-n-p-mix-de","7":"product_shipping_class-less-than-20kg","9":"first","10":"instock","11":"taxable","12":"shipping-taxable","13":"purchasable","14":"product-type-simple"},"_links":{"self":[{"href":"https:\/\/modernreef.eu\/de\/wp-json\/wp\/v2\/product\/37047","targetHints":{"allow":["GET"]}}],"collection":[{"href":"https:\/\/modernreef.eu\/de\/wp-json\/wp\/v2\/product"}],"about":[{"href":"https:\/\/modernreef.eu\/de\/wp-json\/wp\/v2\/types\/product"}],"wp:featuredmedia":[{"embeddable":true,"href":"https:\/\/modernreef.eu\/de\/wp-json\/wp\/v2\/media\/37478"}],"wp:attachment":[{"href":"https:\/\/modernreef.eu\/de\/wp-json\/wp\/v2\/media?parent=37047"}],"wp:term":[{"taxonomy":"product_brand","embeddable":true,"href":"https:\/\/modernreef.eu\/de\/wp-json\/wp\/v2\/product_brand?post=37047"},{"taxonomy":"product_cat","embeddable":true,"href":"https:\/\/modernreef.eu\/de\/wp-json\/wp\/v2\/product_cat?post=37047"},{"taxonomy":"product_tag","embeddable":true,"href":"https:\/\/modernreef.eu\/de\/wp-json\/wp\/v2\/product_tag?post=37047"}],"curies":[{"name":"wp","href":"https:\/\/api.w.org\/{rel}","templated":true}]}}