{"id":37053,"date":"2021-04-25T14:02:13","date_gmt":"2025-05-13T21:07:13","guid":{"rendered":"https:\/\/modernreef.eu\/?post_type=product&#038;p=37053"},"modified":"2025-05-13T23:11:00","modified_gmt":"2025-05-13T21:11:00","slug":"p-phosphorus-po4-mix-500ml","status":"publish","type":"product","link":"https:\/\/modernreef.eu\/de\/shop\/c-n-p-mix-de\/p-phosphorus-po4-mix-500ml\/","title":{"rendered":"P+ (Phosphorus PO4 MIX) 500ml"},"content":{"rendered":"<p><span class=\"JsGRdQ\"><strong>P+ (Phosphorus PO4 MIX)<br \/>\n<\/strong><\/span><span class=\"JsGRdQ\">Versorgen Sie ihr Modern Reef mit erforderlichem Phosphor f\u00fcr phosphatarme Aquarien, ohne jede ungewollte Beimischung. Ein spezieller Mix aus aufbereitetem Phosphor, um den Nebeneffekten von vergleichbaren Produkten vorzubeugen (wie erh\u00f6hte Natrium oder Kaliumwerte).<\/span><\/p>\n<ul>\n<li><span class=\"JsGRdQ\">Keine bis minimalste Nebenprodukte<\/span><\/li>\n<li><span class=\"JsGRdQ\">Unterst\u00fctzt beim Abbau von Nitrat<\/span><\/li>\n<li><span class=\"JsGRdQ\">Verbessert die Gesundheit und das Wachstum durch Erh\u00f6hung der Zooxanthellendichte und photosyntetische Produktion<\/span><\/li>\n<\/ul>\n<p class=\"_04xlpA direction-ltr align-start para-style-body\"><strong><span class=\"JsGRdQ\">Anleitung:<\/span><\/strong><\/p>\n<ul>\n<li><span class=\"JsGRdQ\">Starten Sie mit einer Dosierung von 1ml auf 100 Liter \/ 1 Tropfen auf 5 Liter<\/span><\/li>\n<li><span class=\"JsGRdQ\">Testen Sie Phosphat alle 4 Tage und modifizieren Sie die Dosierung entsprechend bis der erw\u00fcnschte Zielwert erreicht ist<\/span><\/li>\n<li><span class=\"JsGRdQ\">Erh\u00f6hen Sie die Dosis um nicht mehr als 1ml auf 100 Liter t\u00e4glich innerhalb eines 4 Tages Zeitraumes<\/span><\/li>\n<li><span class=\"JsGRdQ\">Wir empfehlen den Phosphatwert zwischen 0.02 mg\/l und 0.06 mg\/l zu halten (abh\u00e4ngig vom Aquarienbesatz)<\/span><\/li>\n<\/ul>\n<p class=\"_04xlpA direction-ltr align-justify para-style-body\"><strong><span class=\"JsGRdQ\">Konzentration: <\/span><\/strong><span class=\"JsGRdQ\">1ml\/100L Aquariumwasser erh\u00f6ht Phosphat um 0.01 mg\/l<\/span><\/p>\n<p><span class=\"JsGRdQ\">\u00a0<\/span><\/p>\n","protected":false},"excerpt":{"rendered":"<p>P+ (Phosphorus PO4 MIX) Versorgen Sie ihr Modern Reef mit erforderlichem Phosphor f\u00fcr phosphatarme Aquarien, ohne jede ungewollte Beimischung. Ein spezieller Mix aus aufbereitetem Phosphor, um den Nebeneffekten von vergleichbaren Produkten vorzubeugen (wie erh\u00f6hte Natrium oder Kaliumwerte). Keine bis minimalste Nebenprodukte Unterst\u00fctzt beim Abbau von Nitrat Verbessert die Gesundheit und das Wachstum durch Erh\u00f6hung der [&#8230;]\n","protected":false},"featured_media":37483,"template":"","meta":[],"product_brand":[],"product_cat":[93],"product_tag":[],"class_list":{"0":"post-37053","1":"product","2":"type-product","3":"status-publish","4":"has-post-thumbnail","6":"product_cat-c-n-p-mix-de","7":"product_shipping_class-less-than-20kg","9":"first","10":"instock","11":"taxable","12":"shipping-taxable","13":"purchasable","14":"product-type-simple"},"_links":{"self":[{"href":"https:\/\/modernreef.eu\/de\/wp-json\/wp\/v2\/product\/37053","targetHints":{"allow":["GET"]}}],"collection":[{"href":"https:\/\/modernreef.eu\/de\/wp-json\/wp\/v2\/product"}],"about":[{"href":"https:\/\/modernreef.eu\/de\/wp-json\/wp\/v2\/types\/product"}],"wp:featuredmedia":[{"embeddable":true,"href":"https:\/\/modernreef.eu\/de\/wp-json\/wp\/v2\/media\/37483"}],"wp:attachment":[{"href":"https:\/\/modernreef.eu\/de\/wp-json\/wp\/v2\/media?parent=37053"}],"wp:term":[{"taxonomy":"product_brand","embeddable":true,"href":"https:\/\/modernreef.eu\/de\/wp-json\/wp\/v2\/product_brand?post=37053"},{"taxonomy":"product_cat","embeddable":true,"href":"https:\/\/modernreef.eu\/de\/wp-json\/wp\/v2\/product_cat?post=37053"},{"taxonomy":"product_tag","embeddable":true,"href":"https:\/\/modernreef.eu\/de\/wp-json\/wp\/v2\/product_tag?post=37053"}],"curies":[{"name":"wp","href":"https:\/\/api.w.org\/{rel}","templated":true}]}}