{"id":38784,"date":"2025-07-08T14:41:17","date_gmt":"2025-07-08T12:41:17","guid":{"rendered":"https:\/\/modernreef.eu\/shop\/unkategorisiert\/ro-di-water-analysis-1-pack\/"},"modified":"2025-07-19T14:35:03","modified_gmt":"2025-07-19T12:35:03","slug":"ro-di-check-1-set-1-ro-di-water-analysis","status":"publish","type":"product","link":"https:\/\/modernreef.eu\/de\/shop\/icp-ic-reef-lab-water-analysis-de\/ro-di-check-1-set-1-ro-di-water-analysis\/","title":{"rendered":"RO\/DI CHECK 1-SET (1 RO\/DI Water Analysis)"},"content":{"rendered":"<p><span class=\"OYPEnA font-feature-liga-off font-feature-clig-off font-feature-calt-off text-decoration-none text-strikethrough-none\">RO\/DI Check ist ein unverzichtbarer Laborservice f\u00fcr Riffaquarien Enthusiasten, welcher der \u00dcberpr\u00fcfung des Osmosewassers bez\u00fcglich Reinheit und der Freiheit von Verunreingungen dient. Mit modernster Laborausr\u00fcstung wie ICP-MS\/OES-basierter Technologie analysieren wir <\/span><span class=\"OYPEnA font-feature-liga-off font-feature-clig-off font-feature-calt-off text-decoration-none text-strikethrough-none\">49 wichtige Parameter<\/span><span class=\"OYPEnA font-feature-liga-off font-feature-clig-off font-feature-calt-off text-decoration-none text-strikethrough-none\"> pr\u00e4zise und liefern schnelle und zuverl\u00e4ssige Ergebnisse. Wenn es um die Ansammlung unerw\u00fcnschter Elemente in Ihrem Riffaquarium geht, ist das Osmosewasser das Erste, was Sie \u00fcberpr\u00fcfen sollten. Verunreinigungen in Ihrem Ursprungswasser k\u00f6nnen im Laufe der Zeit h\u00e4ufig zu Ablagerungen f\u00fchren und die Gesundheit Ihrer Meereslebewesen beeintr\u00e4chtigen. Indem Sie Ihr RO\/DI-Wasser testen, k\u00f6nnen Sie die Quelle dieser Ansammlungen identifizieren und Ma\u00dfnahmen zu ihrer Beseitigung ergreifen. Dar\u00fcber hinaus ist es vor der Inbetriebnahme eines Riffaquariums wichtig, die Qualit\u00e4t Ihres Osmosewassers zu \u00fcberpr\u00fcfen. Selbst ein gut funktionierendes Filtersystem kann manchmal nicht alle Verunreinigungen entfernen. RO\/DI Check stellt sicher, dass Ihr Wasser den h\u00f6chsten Reinheitsstandards entspricht und bietet Ihnen eine solide Grundlage f\u00fcr ein florierendes Riff\u00f6kosystem. Mit schnellen Ergebnissen und personalisierten Empfehlungen helfen wir Ihnen, Ihren RO\/DI-Filter zu optimieren, um Verunreinigungen effektiv zu entfernen. Sch\u00fctzen Sie Ihr Riffaquarium, verhindern Sie sch\u00e4dliche Anreicherungen und sorgen Sie damit daf\u00fcr, dass Ihr Riffaquarium zuverl\u00e4ssig gedeiht.<\/span><\/p>\n<h3>Hauptmerkmale<\/h3>\n<ul>\n<li><strong>Umfassende RO\/DI-Wasseranalyse<\/strong><br \/>\nJeder Set bietet eine detaillierte Laboranalyse deines Osmose-(RO\/DI)-Wassers und deckt <strong>49 essentielle Parameter<\/strong> ab, um Reinheit und Sicherheit zu gew\u00e4hrleisten.<\/li>\n<li><strong>Fortschrittliche Technologie<\/strong><br \/>\nVerwendet modernste <strong>ICP-MS\/OES-based<\/strong> Laborausr\u00fcstung f\u00fcr h\u00f6chst pr\u00e4zise und zuverl\u00e4ssige Ergebnisse.<\/li>\n<li><strong>Schnelle Ergebnisse<\/strong><br \/>\nErhalte schnelle und genaue Resultate, um Probleme rasch zu erkennen und die Gesundheit deines Riffbeckens zu sichern.<\/li>\n<li><strong>Kontaminanten gezielt erkennen<\/strong><br \/>\nErkennt sch\u00e4dliche Elemente und Verunreinigungen, die sich im Riffaquarium ansammeln k\u00f6nnen, und hilft dir, deren Ursprung zu finden.<\/li>\n<li><strong>Wichtig f\u00fcr die Riffgesundheit<\/strong><br \/>\nSch\u00fctzt das Meeresleben, indem es sicherstellt, dass dein Ausgangswasser frei von Schadstoffen ist, die Korallen und Fischen schaden k\u00f6nnen.<\/li>\n<li><strong>Unverzichtbar f\u00fcr neue Aquarien<\/strong><br \/>\n\u00dcberpr\u00fcft die Wasserqualit\u00e4t vor dem Start eines neuen Riffbeckens und sorgt so von Anfang an f\u00fcr Sicherheit.<\/li>\n<li><strong>Optimierung deines RO\/DI-Systems<\/strong><br \/>\nErhalte individuelle Empfehlungen zur Verbesserung deiner Filteranlage und zur Aufrechterhaltung bester Wasserqualit\u00e4t.<\/li>\n<li><strong>F\u00f6rdert nachhaltige Riffpflege<\/strong><br \/>\nVerhindert die Anreicherung unerw\u00fcnschter Elemente und unterst\u00fctzt ein stabiles, gedeihendes Meeres\u00f6kosystem.<\/li>\n<li><strong>Einfach und bequem<\/strong><br \/>\nEinfacher Probenversand mit klaren und umsetzbaren Laborberichten.<\/li>\n<li><strong>Professionelle Unterst\u00fctzung<\/strong><br \/>\nProfi-Beratung hilft dir, deine Ergebnisse zu verstehen und die besten Entscheidungen f\u00fcr dein Aquarium zu treffen.<\/li>\n<\/ul>\n<p class=\"cvGsUA direction-ltr align-justify para-style-body\"><strong><span class=\"OYPEnA font-feature-liga-off font-feature-clig-off font-feature-calt-off text-decoration-none text-strikethrough-none\">49 Parameter (RO\/DI Water Analysis)<\/span><\/strong><\/p>\n<p class=\"cvGsUA direction-ltr align-justify para-style-body\"><span class=\"OYPEnA font-feature-liga-off font-feature-clig-off font-feature-calt-off text-decoration-none text-strikethrough-none\">SALINITY (PSU), Ca, Cl, B, Br, K, Mg, F, Na, S, Sr, Ba, Co, Cr, Cu, Fe, I, Li, Mn, Mo, Ni, Se, V, Zn, No3, P, Po4, Si, Al, As, Ag, Be, Bi, Cd, Ga, Ge, Hg, La, In, Nb, Pb, Sb, Sc, Sn, Te, Ti, Tl, W, Zr<\/span><\/p>\n<p><span class=\"OYPEnA font-feature-liga-off font-feature-clig-off font-feature-calt-off text-decoration-none text-strikethrough-none\">\u00a0<\/span><\/p>\n","protected":false},"excerpt":{"rendered":"<p>RO\/DI Check ist ein unverzichtbarer Laborservice f\u00fcr Riffaquarien Enthusiasten, welcher der \u00dcberpr\u00fcfung des Osmosewassers bez\u00fcglich Reinheit und der Freiheit von Verunreingungen dient. Mit modernster Laborausr\u00fcstung wie ICP-MS\/OES-basierter Technologie analysieren wir 49 wichtige Parameter pr\u00e4zise und liefern schnelle und zuverl\u00e4ssige Ergebnisse. Wenn es um die Ansammlung unerw\u00fcnschter Elemente in Ihrem Riffaquarium geht, ist das Osmosewasser das [&#8230;]\n","protected":false},"featured_media":38790,"template":"","meta":[],"product_brand":[],"product_cat":[132],"product_tag":[],"class_list":{"0":"post-38784","1":"product","2":"type-product","3":"status-publish","4":"has-post-thumbnail","6":"product_cat-icp-ic-reef-lab-water-analysis-de","8":"first","9":"instock","10":"taxable","11":"shipping-taxable","12":"purchasable","13":"product-type-simple"},"_links":{"self":[{"href":"https:\/\/modernreef.eu\/de\/wp-json\/wp\/v2\/product\/38784","targetHints":{"allow":["GET"]}}],"collection":[{"href":"https:\/\/modernreef.eu\/de\/wp-json\/wp\/v2\/product"}],"about":[{"href":"https:\/\/modernreef.eu\/de\/wp-json\/wp\/v2\/types\/product"}],"wp:featuredmedia":[{"embeddable":true,"href":"https:\/\/modernreef.eu\/de\/wp-json\/wp\/v2\/media\/38790"}],"wp:attachment":[{"href":"https:\/\/modernreef.eu\/de\/wp-json\/wp\/v2\/media?parent=38784"}],"wp:term":[{"taxonomy":"product_brand","embeddable":true,"href":"https:\/\/modernreef.eu\/de\/wp-json\/wp\/v2\/product_brand?post=38784"},{"taxonomy":"product_cat","embeddable":true,"href":"https:\/\/modernreef.eu\/de\/wp-json\/wp\/v2\/product_cat?post=38784"},{"taxonomy":"product_tag","embeddable":true,"href":"https:\/\/modernreef.eu\/de\/wp-json\/wp\/v2\/product_tag?post=38784"}],"curies":[{"name":"wp","href":"https:\/\/api.w.org\/{rel}","templated":true}]}}