{"id":38845,"date":"2025-07-08T20:09:23","date_gmt":"2025-07-08T18:09:23","guid":{"rendered":"https:\/\/modernreef.eu\/?post_type=product&#038;p=38845"},"modified":"2025-10-29T00:16:32","modified_gmt":"2025-10-28T23:16:32","slug":"reef-mastery-pro-duo-3-pack-3-reef-water-analysis-pro-3-ro-di-water-analysis-pro","status":"publish","type":"product","link":"https:\/\/modernreef.eu\/de\/shop\/icp-ic-reef-lab-water-analysis-de\/reef-mastery-pro-duo-3-pack-3-reef-water-analysis-pro-3-ro-di-water-analysis-pro\/","title":{"rendered":"Reef Mastery PRO DUO 3-SETS (3 Reef Water Analysis Pro + 3 RO\/DI Water Analysis Pro)"},"content":{"rendered":"<p><span class=\"OYPEnA font-feature-liga-off font-feature-clig-off font-feature-calt-off text-decoration-none text-strikethrough-none\">Hier treffen Biologie, Chemie und Technologie des Riffaquariums aufeinander, kombiniert mit der intellektuellsten und einfachsten Website, die Sie jemals finden werden. Unser Website-System l\u00f6st jede Anomalie und f\u00fchrt Sie zu einem besseren Ergebnis basierend auf Ihrem Riffaquarium. Mit anderen Worten, unsere Wasseranalyse soll nicht nur ein Problem beheben, sondern auch Ziele basierend auf Ihrer Aquarieneinrichtung, der verwendeten Technik, dem Riffaquariumtyp und den Ergebnissen der Wasseranalyse erreichen. Unser System findet eine Korrekturdosierung f\u00fcr Parameter, Erhaltungsdosierung f\u00fcr Elemente, Schadstoffe und hilft Ihnen bei der Entscheidung, ob Ihre Ger\u00e4te oder Produkte eingestellt oder in Ihr Riffaquarium aufgenommen werden sollten. Unser intelligentes System bietet auch einen Hilfe-bereich namens &#8220;Anomalien&#8221; mit halbautomatischem Multi-Task-Management, um alle von unserem Labor vorgeschlagenen Aufgaben im Auge zu behalten. Wir k\u00f6nnen sogar <\/span><span class=\"OYPEnA font-feature-liga-off font-feature-clig-off font-feature-calt-off text-decoration-none text-strikethrough-none\">56 Parameter<\/span><span class=\"OYPEnA font-feature-liga-off font-feature-clig-off font-feature-calt-off text-decoration-none text-strikethrough-none\"> analysieren, einschlie\u00dflich KH, hochaufl\u00f6sendem Salzgehaltstest, N\u00e4hrstoffe, Schadstoffe und Wasserklarheit, um Ihre Beleuchtung optimal zu nutzen. Dies wird nur von Modern Reef Lab angeboten. Unsere zwei umfangreichen Labors bestehen aus mehr als nur ICP MS\/OES-Maschinen; Wir verwenden IC-Chromatographie und andere moderne Laborger\u00e4te und Methoden, um Ergebnisse zu \u00fcberpr\u00fcfen. Dank mehreren Maschinen pro Methode k\u00f6nnen wir die Ergebnisse der Wasseranalyse innerhalb von <\/span><span class=\"OYPEnA font-feature-liga-off font-feature-clig-off font-feature-calt-off text-decoration-none text-strikethrough-none\">24 Stunden<\/span><span class=\"OYPEnA font-feature-liga-off font-feature-clig-off font-feature-calt-off text-decoration-none text-strikethrough-none\"> liefern. Sie haben auch die M\u00f6glichkeit, den Status Ihrer Probe online live zu verfolgen und Ihren QR-Code zu scannen, um Tippfehler zu vermeiden. Unser Labor ist <\/span><span class=\"OYPEnA font-feature-liga-off font-feature-clig-off font-feature-calt-off text-decoration-none text-strikethrough-none\">rund um die Uhr in Betrieb<\/span><span class=\"OYPEnA font-feature-liga-off font-feature-clig-off font-feature-calt-off text-decoration-none text-strikethrough-none\">, um schnelle Ergebnisse zu gew\u00e4hrleisten, und wir betrachten alle unsere Proben ohne zus\u00e4tzliche Kosten als Priorit\u00e4t Nummer eins. Dieses Set beinhaltet eine RO\/DI-Wasseranalyse.<\/span><\/p>\n<h2>Hauptmerkmale<\/h2>\n<ul>\n<li><strong>Qualit\u00e4tskontrolle durch KI-Analyst:<\/strong><br \/>\nEin fortschrittlicher, KI-gest\u00fctzter Analyst fungiert als dritte Kontrollinstanz und gew\u00e4hrleistet unvergleichliche Genauigkeit, Konsistenz und Zuverl\u00e4ssigkeit in jedem Wasseranalysebericht.<\/li>\n<li><strong>Umfassende Wasseranalyse:<\/strong><br \/>\nBewertung von bis zu <strong>56 entscheidenden Parametern<\/strong>\u2014darunter Salinit\u00e4t, Alkalinit\u00e4t (KH), pH-Wert, Kalzium, Magnesium, N\u00e4hrstoffe, Schadstoffe und Wassertr\u00fcbung\u2014f\u00fcr einen vollst\u00e4ndigen \u00dcberblick \u00fcber die Gesundheit Ihres Riffsystems. Jedes <strong>1 Set<\/strong> beinhaltet eine Osmose (RO\/DI) Wasserprobenanalyse mit <strong>49 essentiellen Parametern<\/strong>.<\/li>\n<li><strong>Intelligente Empfehlungstechnologie:<\/strong><br \/>\nEin hochmodernes Online-System analysiert Ihre individuellen Ergebnisse und liefert personalisierte, umsetzbare Empfehlungen, ma\u00dfgeschneidert auf die Ausstattung, Technik und Ziele Ihres Aquariums.<\/li>\n<li><strong>Zielorientierte Korrekturen:<\/strong><br \/>\nErhalten Sie sofort pr\u00e4zise Vorschl\u00e4ge f\u00fcr Korrekturdosierungen, regelm\u00e4\u00dfige Wartung und Anpassungen bei Produkten oder Technik\u2014alles individuell auf Ihre Wasseranalyse zugeschnitten.<\/li>\n<li><strong>Anomalie-Management:<\/strong><br \/>\nIntegrierter <strong>Anomalien<\/strong>-Bereich mit halbautomatischer Aufgabenverwaltung erm\u00f6glicht effizientes L\u00f6sen von Problemen und Nachverfolgung laborseitig empfohlener Ma\u00dfnahmen.<\/li>\n<li><strong>Fortschrittliche Labortechnologie:<\/strong><br \/>\nZwei hochmoderne Labore, ausgestattet mit <strong>ICP-OES\/MS Base<\/strong>, Chromatographie und weiteren modernen Analysemethoden f\u00fcr kompromisslose Pr\u00e4zision.<\/li>\n<li><strong>Schnelle Ergebnisse \u2013 Immer Priorit\u00e4t:<\/strong><br \/>\nUmfassende Wasseranalyseergebnisse innerhalb von <strong>24 Stunden<\/strong>. Unsere Labore arbeiten rund um die Uhr (24\/7) und behandeln jede Probe als h\u00f6chste Priorit\u00e4t \u2013 ohne Zusatzkosten.<\/li>\n<li><strong>M\u00fcheloses Proben-Tracking:<\/strong><br \/>\nVerfolgen Sie den Status Ihrer Proben jederzeit online in Echtzeit und reichen Sie Proben einfach und fehlerfrei per QR-Code-Scan ein.<\/li>\n<li><strong>Benutzerfreundliches digitales Erlebnis:<\/strong><br \/>\nNutzen Sie die intellektuell anspruchsvollste und zugleich benutzerfreundlichste Website der Branche \u2013 mit klarer Navigation, Expertenrat und Bildungsressourcen f\u00fcr alle Riffaquarianer.<\/li>\n<\/ul>\n<p class=\"cvGsUA direction-ltr align-justify para-style-body\"><strong><span class=\"OYPEnA font-feature-liga-off font-feature-clig-off font-feature-calt-off text-decoration-none text-strikethrough-none\">56 Parameter (Reef Water Analysis)<\/span><\/strong><\/p>\n<p class=\"cvGsUA direction-ltr align-justify para-style-body\"><span class=\"OYPEnA font-feature-liga-off font-feature-clig-off font-feature-calt-off text-decoration-none text-strikethrough-none\">SALINITY (PSU, SG, mS\/cm), Kh, pH, CO2, WATER CLARITY (MRNU), PAR LOSS (PARL), Ca, Cl, B, Br, K, Mg, F, Na, S, Sr, Ba, Co, Cr, Cu, Fe, I, Li, Mn, Mo, Ni, Se, V, Zn, No3, P, Po4, Si, Al, As, Ag, Be, Bi, Cd, Ga, Ge, Hg, La, In, Nb, Pb, Sb, Sc, Sn, Te, Ti, Tl, W, Zr.<\/span><\/p>\n<p class=\"cvGsUA direction-ltr align-justify para-style-body\"><strong><span class=\"OYPEnA font-feature-liga-off font-feature-clig-off font-feature-calt-off text-decoration-none text-strikethrough-none\">49 Parameter (RO\/DI Water Analysis)<\/span><\/strong><\/p>\n<p class=\"cvGsUA direction-ltr align-justify para-style-body\"><span class=\"OYPEnA font-feature-liga-off font-feature-clig-off font-feature-calt-off text-decoration-none text-strikethrough-none\">SALINITY (PSU), Ca, Cl, B, Br, K, Mg, F, Na, S, Sr, Ba, Co, Cr, Cu, Fe, I, Li, Mn, Mo, Ni, Se, V, Zn, No3, P, Po4, Si, Al, As, Ag, Be, Bi, Cd, Ga, Ge, Hg, La, In, Nb, Pb, Sb, Sc, Sn, Te, Ti, Tl, W, Zr<\/span><\/p>\n","protected":false},"excerpt":{"rendered":"<p>Hier treffen Biologie, Chemie und Technologie des Riffaquariums aufeinander, kombiniert mit der intellektuellsten und einfachsten Website, die Sie jemals finden werden. Unser Website-System l\u00f6st jede Anomalie und f\u00fchrt Sie zu einem besseren Ergebnis basierend auf Ihrem Riffaquarium. Mit anderen Worten, unsere Wasseranalyse soll nicht nur ein Problem beheben, sondern auch Ziele basierend auf Ihrer Aquarieneinrichtung, [&#8230;]\n","protected":false},"featured_media":38803,"template":"","meta":[],"product_brand":[],"product_cat":[132],"product_tag":[],"class_list":{"0":"post-38845","1":"product","2":"type-product","3":"status-publish","4":"has-post-thumbnail","6":"product_cat-icp-ic-reef-lab-water-analysis-de","8":"first","9":"instock","10":"taxable","11":"shipping-taxable","12":"purchasable","13":"product-type-simple"},"_links":{"self":[{"href":"https:\/\/modernreef.eu\/de\/wp-json\/wp\/v2\/product\/38845","targetHints":{"allow":["GET"]}}],"collection":[{"href":"https:\/\/modernreef.eu\/de\/wp-json\/wp\/v2\/product"}],"about":[{"href":"https:\/\/modernreef.eu\/de\/wp-json\/wp\/v2\/types\/product"}],"wp:featuredmedia":[{"embeddable":true,"href":"https:\/\/modernreef.eu\/de\/wp-json\/wp\/v2\/media\/38803"}],"wp:attachment":[{"href":"https:\/\/modernreef.eu\/de\/wp-json\/wp\/v2\/media?parent=38845"}],"wp:term":[{"taxonomy":"product_brand","embeddable":true,"href":"https:\/\/modernreef.eu\/de\/wp-json\/wp\/v2\/product_brand?post=38845"},{"taxonomy":"product_cat","embeddable":true,"href":"https:\/\/modernreef.eu\/de\/wp-json\/wp\/v2\/product_cat?post=38845"},{"taxonomy":"product_tag","embeddable":true,"href":"https:\/\/modernreef.eu\/de\/wp-json\/wp\/v2\/product_tag?post=38845"}],"curies":[{"name":"wp","href":"https:\/\/api.w.org\/{rel}","templated":true}]}}