{"id":38851,"date":"2025-07-08T20:25:50","date_gmt":"2025-07-08T18:25:50","guid":{"rendered":"https:\/\/modernreef.eu\/?post_type=product&#038;p=38851"},"modified":"2025-07-19T14:06:02","modified_gmt":"2025-07-19T12:06:02","slug":"icp-flex-3-sets-3-icp-reef-water-icp-flex","status":"publish","type":"product","link":"https:\/\/modernreef.eu\/de\/shop\/icp-ic-reef-lab-water-analysis-de\/icp-flex-3-sets-3-icp-reef-water-icp-flex\/","title":{"rendered":"ICP FLEX 3-SETS (3 ICP Reef Water ICP FLEX)"},"content":{"rendered":"<p><span class=\"OYPEnA font-feature-liga-off font-feature-clig-off font-feature-calt-off text-decoration-none text-strikethrough-none\">\u00a0Erleben Sie eine beispiellose Wasseranalyse mit unserem ICP FLEX, das mithilfe der MS\/OES-basierten ICP-only-Technologie bis zu 49 wesen-tliche Parameter pr\u00e4zise testet und gleichzeitig kosteng\u00fcnstige Ergebnisse liefert. Sie Flexibilit\u00e4t Ihre Heimtestergebnisse f\u00fcr fehlende Parameter (KH, pH, No3 und Fluorid) nahtlos zu integrieren, zeichnet uns aus. Dies erm\u00f6glicht eine personalisierte Anleitung und ein breiteres \u00dcberwachungsspektrum. F\u00fcgen Sie einfach den Barcode in Ihrem Dashboard hinzu oder scannen Sie ihn. Unser System erkennt dann automatisch den Probentyp und Sie k\u00f6nnen fehlende Parameter sofort (oder nach Ergebniserhalt) erg\u00e4nzen. Au\u00dferdem k\u00f6nnen Sie den Barcode ganz einfach mit einem vorhandenen Aquarium in unserem System verkn\u00fcpfen. Unser System ber\u00fccksichtigt dann fr\u00fchere Analysen, auch wenn diese nicht mit ICP FLEX durchgef\u00fchrt wurden. So k\u00f6nnen die bisherigen Trends der Parameter Ihres Aquariums genutzt werden. Mit unserem System erhalten Sie Korrekturdosierungen, Wartungsempfehlungen und kompetente Beratung zu Ger\u00e4te- und Produktanpassungen. Unsere Abschnitte \u201eAnomalien\u201c und \u201eAufgaben\u201c optimieren die Aufgabenverwaltung und stellen sicher, dass Sie \u00fcber die Vorschl\u00e4ge unseres Labors auf dem Laufenden bleiben. Mit unserem schnellen und zuverl\u00e4ssigen Service erhalten Sie die Ergebnisse der Wasseranalyse innerhalb von 24 Stunden, inklusive Online-Statusverfolgung und QR-Code-Scanning f\u00fcr zus\u00e4tzlichen Komfort. Unser engagiertes 24\/7-Labor priorisiert jede Probe ohne zus\u00e4tzliche Kosten und erm\u00f6glicht es Ihnen, mit der kombinierten Leistung der ICP-Technologie und unserem Expertenwissen ein optimal gedeihendes Riffaquarium zu schaffen.<\/span><\/p>\n<h2>Hauptmerkmale<\/h2>\n<ul>\n<li><strong>Qualit\u00e4tskontrolle durch KI-Analyst:<\/strong><br \/>\nEin fortschrittlicher, KI-gest\u00fctzter Analyst bietet eine dritte Stufe der Qualit\u00e4tskontrolle und gew\u00e4hrleistet h\u00f6chste Pr\u00e4zision und Zuverl\u00e4ssigkeit in jedem Wasseranalysebericht.<\/li>\n<li><strong>ICP-OES\/MS Base Technologie f\u00fcr 49 Parameter:<\/strong><br \/>\nModernste <strong>ICP-OES\/MS Base-Technologie<\/strong> analysiert bis zu <strong>49 essenzielle Meerwasser-Parameter<\/strong>\u2014darunter Salinit\u00e4t, Kalzium, Magnesium, Kalium, Spurenelemente und mehr\u2014f\u00fcr eine umfassende \u00dcberwachung deines Riffaquariums.<\/li>\n<li><strong>Unvergleichliche Flexibilit\u00e4t:<\/strong><br \/>\nIntegriere problemlos eigene Heimtestergebnisse (KH, pH, NO\u2083, Fluorid) f\u00fcr fehlende Parameter. Einfach den Barcode im Dashboard hinzuf\u00fcgen oder scannen\u2014das System erkennt automatisch den Probentyp und erm\u00f6glicht das Erg\u00e4nzen fehlender Werte sofort oder sp\u00e4ter.<\/li>\n<li><strong>Personalisierte Empfehlungen:<\/strong><br \/>\nErhalte individuelle Dosierungsvorschl\u00e4ge, Wartungsempfehlungen und Expertenratschl\u00e4ge zur Anpassung von Technik und Produkten\u2014ma\u00dfgeschneidert auf die Bed\u00fcrfnisse und Verlaufstrends deines Aquariums.<\/li>\n<li><strong>Integration von Verlaufstrends:<\/strong><br \/>\nVerkn\u00fcpfe Analysen\u2014auch vorherige, nicht mit ICP FLEX durchgef\u00fchrte\u2014mit deinem Aquarium-Profil. Das System nutzt den gesamten Parameterverlauf f\u00fcr noch intelligentere und gezieltere Empfehlungen.<\/li>\n<li><strong>Effiziente Verwaltung von Aufgaben &amp; Anomalien:<\/strong><br \/>\nIntegrierte <strong>Anomalien<\/strong>&#8211; und <strong>Aufgaben<\/strong>-Sektionen erm\u00f6glichen ein halbautomatisches Tracking und Management, damit du stets den \u00dcberblick \u00fcber Laborvorschl\u00e4ge beh\u00e4ltst.<\/li>\n<li><strong>Schnelle und zuverl\u00e4ssige Ergebnisse:<\/strong><br \/>\nErhalte deine Wasseranalyse-Ergebnisse innerhalb von <strong>24 Stunden<\/strong>. Unser Labor arbeitet rund um die Uhr (24\/7) und behandelt jede Probe als h\u00f6chste Priorit\u00e4t\u2014ohne Zusatzkosten.<\/li>\n<li><strong>Online-Tracking &amp; QR-Einsendung:<\/strong><br \/>\nVerfolge den Status deiner Proben jederzeit online und sende sie komfortabel und fehlerfrei per QR-Code-Scan ein.<\/li>\n<li><strong>Einfache Integration in dein Aquarium:<\/strong><br \/>\nVerkn\u00fcpfe jeden Barcode\/jede Probe ganz einfach mit einem bestehenden Aquarium in deinem System f\u00fcr pr\u00e4zise, aquariumspezifische Analysen und Empfehlungen.<\/li>\n<li><strong>Professionelle Resultate zum fairen Preis:<\/strong><br \/>\nProfitiere von fortschrittlicher <strong>ICP-OES\/MS Base-Analyse<\/strong> und Experten-Support zu einem attraktiven Preis\u2014f\u00fcr ein gesundes, erfolgreiches Riffaquarium.<\/li>\n<\/ul>\n<p class=\"cvGsUA direction-ltr align-justify para-style-body\"><strong><span class=\"OYPEnA font-feature-liga-off font-feature-clig-off font-feature-calt-off text-decoration-none text-strikethrough-none\">49 Parameter (Reef Water ICP only Analysis)<\/span><\/strong><\/p>\n<p class=\"cvGsUA direction-ltr align-justify para-style-body\"><span class=\"OYPEnA font-feature-liga-off font-feature-clig-off font-feature-calt-off text-decoration-none text-strikethrough-none\">SALINITY (PSU, SG, mS\/cm), Ca, Cl, B, Br, K, Mg, Na, S, Sr, Ba, Co, Cr, Cu, Fe, I, Li, Mn, Mo, Ni, Se, V, Zn, P, Po4, Si, Al, As, Ag, Be, Bi, Cd, Ga, Ge, Hg, La, In, Nb, Pb, Sb, Sc, Sn, Te, Ti, Tl, W, Zr<\/span><\/p>\n","protected":false},"excerpt":{"rendered":"<p>\u00a0Erleben Sie eine beispiellose Wasseranalyse mit unserem ICP FLEX, das mithilfe der MS\/OES-basierten ICP-only-Technologie bis zu 49 wesen-tliche Parameter pr\u00e4zise testet und gleichzeitig kosteng\u00fcnstige Ergebnisse liefert. Sie Flexibilit\u00e4t Ihre Heimtestergebnisse f\u00fcr fehlende Parameter (KH, pH, No3 und Fluorid) nahtlos zu integrieren, zeichnet uns aus. Dies erm\u00f6glicht eine personalisierte Anleitung und ein breiteres \u00dcberwachungsspektrum. F\u00fcgen Sie [&#8230;]\n","protected":false},"featured_media":38808,"template":"","meta":[],"product_brand":[],"product_cat":[132],"product_tag":[],"class_list":{"0":"post-38851","1":"product","2":"type-product","3":"status-publish","4":"has-post-thumbnail","6":"product_cat-icp-ic-reef-lab-water-analysis-de","8":"first","9":"instock","10":"taxable","11":"shipping-taxable","12":"purchasable","13":"product-type-simple"},"_links":{"self":[{"href":"https:\/\/modernreef.eu\/de\/wp-json\/wp\/v2\/product\/38851","targetHints":{"allow":["GET"]}}],"collection":[{"href":"https:\/\/modernreef.eu\/de\/wp-json\/wp\/v2\/product"}],"about":[{"href":"https:\/\/modernreef.eu\/de\/wp-json\/wp\/v2\/types\/product"}],"wp:featuredmedia":[{"embeddable":true,"href":"https:\/\/modernreef.eu\/de\/wp-json\/wp\/v2\/media\/38808"}],"wp:attachment":[{"href":"https:\/\/modernreef.eu\/de\/wp-json\/wp\/v2\/media?parent=38851"}],"wp:term":[{"taxonomy":"product_brand","embeddable":true,"href":"https:\/\/modernreef.eu\/de\/wp-json\/wp\/v2\/product_brand?post=38851"},{"taxonomy":"product_cat","embeddable":true,"href":"https:\/\/modernreef.eu\/de\/wp-json\/wp\/v2\/product_cat?post=38851"},{"taxonomy":"product_tag","embeddable":true,"href":"https:\/\/modernreef.eu\/de\/wp-json\/wp\/v2\/product_tag?post=38851"}],"curies":[{"name":"wp","href":"https:\/\/api.w.org\/{rel}","templated":true}]}}