{"id":47807,"date":"2026-01-16T11:34:59","date_gmt":"2026-01-16T10:34:59","guid":{"rendered":"https:\/\/modernreef.eu\/?post_type=product&#038;p=47807"},"modified":"2026-01-20T20:44:50","modified_gmt":"2026-01-20T19:44:50","slug":"kh-1000ml","status":"publish","type":"product","link":"https:\/\/modernreef.eu\/de\/shop\/reef-supplements-de\/kh-1000ml\/","title":{"rendered":"Kh+ 1000ml"},"content":{"rendered":"<p class=\"cvGsUA direction-ltr align-justify para-style-body\"><span class=\"a_GcMg font-feature-liga-off font-feature-clig-off font-feature-calt-off text-decoration-none text-strikethrough-none\">Verwenden Sie Kh+, um die Alkalinit\u00e4t (KH) in Meerwasseraquarien sicher anzuheben und auszugleichen \u2013 sei es zur Vorbereitung auf das Modern Reef RKS System oder zur Korrektur des Ionenhaushalts. Ein optimaler KH-Wert ist entscheidend f\u00fcr die Gesundheit der Korallen und die Stabilit\u00e4t des Aquariums.<\/span><\/p>\n<p class=\"cvGsUA direction-ltr align-justify para-style-body\"><strong><span class=\"a_GcMg font-feature-liga-off font-feature-clig-off font-feature-calt-off text-decoration-none text-strikethrough-none\">Gebrauchsanweisung:<\/span><\/strong><\/p>\n<ul>\n<li><span class=\"a_GcMg font-feature-liga-off font-feature-clig-off font-feature-calt-off text-decoration-none text-strikethrough-none\">Dosieren Sie 10\u202fml pro 100\u202fl, um den KH-Wert um 0.5\u202fdKH zu erh\u00f6hen. Erh\u00f6hen Sie die Alkalinit\u00e4t langsam \u2013 steigern Sie den KH-Wert nicht um mehr als 1\u202fdKH pro Tag. Testen Sie den KH-Wert immer vor und nach der Zugabe und passen Sie die Dosierung in kleinen Schritten an, um Stress f\u00fcr Korallen oder einen Ionenungleichgewicht zu vermeiden.<\/span><\/li>\n<\/ul>\n","protected":false},"excerpt":{"rendered":"<p>Verwenden Sie Kh+, um die Alkalinit\u00e4t (KH) in Meerwasseraquarien sicher anzuheben und auszugleichen \u2013 sei es zur Vorbereitung auf das Modern Reef RKS System oder zur Korrektur des Ionenhaushalts. Ein optimaler KH-Wert ist entscheidend f\u00fcr die Gesundheit der Korallen und die Stabilit\u00e4t des Aquariums. Gebrauchsanweisung: Dosieren Sie 10\u202fml pro 100\u202fl, um den KH-Wert um 0.5\u202fdKH [&#8230;]\n","protected":false},"featured_media":0,"template":"","meta":[],"product_brand":[],"product_cat":[137],"product_tag":[],"class_list":{"0":"post-47807","1":"product","2":"type-product","3":"status-publish","5":"product_cat-reef-supplements-de","7":"first","8":"instock","9":"taxable","10":"shipping-taxable","11":"purchasable","12":"product-type-simple"},"_links":{"self":[{"href":"https:\/\/modernreef.eu\/de\/wp-json\/wp\/v2\/product\/47807","targetHints":{"allow":["GET"]}}],"collection":[{"href":"https:\/\/modernreef.eu\/de\/wp-json\/wp\/v2\/product"}],"about":[{"href":"https:\/\/modernreef.eu\/de\/wp-json\/wp\/v2\/types\/product"}],"wp:attachment":[{"href":"https:\/\/modernreef.eu\/de\/wp-json\/wp\/v2\/media?parent=47807"}],"wp:term":[{"taxonomy":"product_brand","embeddable":true,"href":"https:\/\/modernreef.eu\/de\/wp-json\/wp\/v2\/product_brand?post=47807"},{"taxonomy":"product_cat","embeddable":true,"href":"https:\/\/modernreef.eu\/de\/wp-json\/wp\/v2\/product_cat?post=47807"},{"taxonomy":"product_tag","embeddable":true,"href":"https:\/\/modernreef.eu\/de\/wp-json\/wp\/v2\/product_tag?post=47807"}],"curies":[{"name":"wp","href":"https:\/\/api.w.org\/{rel}","templated":true}]}}