{"id":4840,"date":"2021-12-08T00:19:52","date_gmt":"2021-12-07T23:19:52","guid":{"rendered":"https:\/\/modernreef.eu\/shop\/unkategorisiert\/c-dip\/"},"modified":"2022-09-02T23:49:01","modified_gmt":"2022-09-02T21:49:01","slug":"c-dip","status":"publish","type":"product","link":"https:\/\/modernreef.eu\/de\/shop\/problem-solving-de\/c-dip\/","title":{"rendered":"C-Dip 1 &#038; 2"},"content":{"rendered":"<p class=\"_04xlpA direction-ltr align-start para-style-details\"><span class=\"JsGRdQ\">Das weltweit erste 2-Phasen-Tauchbad f\u00fcr Korallen! <\/span><span class=\"JsGRdQ\">Frei von Jod oder Oxidationsmittel. C-Dip enth\u00e4lt Substanzen, welche sich auf die Eistr\u00e4nge von Sch\u00e4dlingen auswirken.<\/span><\/p>\n<p class=\"_04xlpA direction-ltr align-start para-style-body\"><span class=\"JsGRdQ\"><strong>C-Dip 1<\/strong> ist ein professioneller Dip f\u00fcr Korallen, welcher extrem effektiv gegen Parasiten und bakterielle Infektionen wirkt. Ohne Iod oder Oxidantien. C-Dip beinhaltet eindringende Substanzen, <\/span><span class=\"JsGRdQ\">die sich auf Eiergelege von Parasiten auswirken.<\/span><\/p>\n<p><strong><span class=\"JsGRdQ\">Verwendung:<\/span><\/strong><span class=\"JsGRdQ\"> Dosieren Sie <\/span><span class=\"JsGRdQ\">12 Tropfen pro 1 Liter. Gut vermischen, Korallen eintauchen und mehrere male<\/span> <span class=\"JsGRdQ\">vorsichtig darin sch\u00fctteln. Eine kleine Str\u00f6mungspumpe funktioniert ebenso. Nach <\/span><span class=\"JsGRdQ\">5 Minuten<\/span><span class=\"JsGRdQ\"> verbringen Sie die <\/span><span class=\"JsGRdQ\">Koralle in das C-Dip 2 (vor Dip in C-Dip 1 vorbereiten). Verwenden Sie den Korallendip nicht mehrfach, da Parasiten Toxine freisetzen k\u00f6nnen. Nur als Tauchbad verwenden!<\/span><\/p>\n<p><strong><span class=\"JsGRdQ\">WARNUNG! Kann ernsthafte Augen &amp; Hautirritationen verursachen. Verwenden Sie es mit Vorsicht und waschen Sie in Folge gr\u00fcndlich die H\u00e4nde.<\/span><\/strong><\/p>\n<p class=\"_04xlpA direction-ltr align-start para-style-body\"><span class=\"JsGRdQ\"><strong>C-Dip 2<\/strong> ist die zweite sch\u00fctzende Stufe unseres Korallendips gegen Parasiten <\/span><span class=\"JsGRdQ\">und bakterielle Infektionen. C-Dip 2 unterst\u00fctzt die Korallen zus\u00e4tzlich bei der Erholung von Stress oder Versand-sch\u00e4den. Frei von Iod und Oxidantien.<\/span><\/p>\n<p><strong><span class=\"JsGRdQ\">Verwendung: <\/span><\/strong><span class=\"JsGRdQ\">Kr\u00e4ftig sch\u00fctteln!<\/span> <span class=\"JsGRdQ\">Dosieren Sie 12 Tropfen pro 1 Liter. Gut vermischen, dann die Korallen eintauchen. Eine kleine Str\u00f6mungspumpe funktioniert ebenso. Nach <\/span><span class=\"JsGRdQ\">30 Minuten<\/span><span class=\"JsGRdQ\"> k\u00f6nnen die Korallen entnommen und direkt ins Riffaquarium oder Quarant\u00e4nebecken eingebracht werden. Sie k\u00f6nnen den ganzen Prozess des tauchens in C-Dip 1 und C-Dip 2 vier mal alle 5 Tage wiederholen. Verwenden Sie den Korallendip nicht mehrfach, da Parasiten Toxine freisetzen k\u00f6nnen. Nur als Tauchbad verwenden!<\/span><\/p>\n","protected":false},"excerpt":{"rendered":"<p><span class=\"JsGRdQ\">C-Dip 1 ist ein professioneller Dip f\u00fcr Korallen, welcher extrem effektiv gegen Parasiten und bakterielle Infektionen wirkt. <\/span><span class=\"JsGRdQ\">C-Dip 2 ist die zweite sch\u00fctzende Stufe unseres Korallendips gegen Parasiten <\/span><span class=\"JsGRdQ\">und bakterielle Infektionen. C-Dip 2 unterst\u00fctzt die Korallen zus\u00e4tzlich bei der Erholung von Stress oder Versand-sch\u00e4den. Frei von Iod und Oxidantien. <\/span><span class=\"JsGRdQ\">C-Dip beinhaltet eindringende Substanzen, <\/span><span class=\"JsGRdQ\">die sich auf Eiergelege von Parasiten auswirken.<\/span><\/p>\n","protected":false},"featured_media":21110,"template":"","meta":[],"product_brand":[],"product_cat":[101],"product_tag":[],"class_list":{"0":"post-4840","1":"product","2":"type-product","3":"status-publish","4":"has-post-thumbnail","6":"product_cat-problem-solving-de","7":"product_shipping_class-less-than-20kg","9":"first","10":"instock","11":"taxable","12":"shipping-taxable","13":"purchasable","14":"product-type-simple"},"_links":{"self":[{"href":"https:\/\/modernreef.eu\/de\/wp-json\/wp\/v2\/product\/4840","targetHints":{"allow":["GET"]}}],"collection":[{"href":"https:\/\/modernreef.eu\/de\/wp-json\/wp\/v2\/product"}],"about":[{"href":"https:\/\/modernreef.eu\/de\/wp-json\/wp\/v2\/types\/product"}],"wp:featuredmedia":[{"embeddable":true,"href":"https:\/\/modernreef.eu\/de\/wp-json\/wp\/v2\/media\/21110"}],"wp:attachment":[{"href":"https:\/\/modernreef.eu\/de\/wp-json\/wp\/v2\/media?parent=4840"}],"wp:term":[{"taxonomy":"product_brand","embeddable":true,"href":"https:\/\/modernreef.eu\/de\/wp-json\/wp\/v2\/product_brand?post=4840"},{"taxonomy":"product_cat","embeddable":true,"href":"https:\/\/modernreef.eu\/de\/wp-json\/wp\/v2\/product_cat?post=4840"},{"taxonomy":"product_tag","embeddable":true,"href":"https:\/\/modernreef.eu\/de\/wp-json\/wp\/v2\/product_tag?post=4840"}],"curies":[{"name":"wp","href":"https:\/\/api.w.org\/{rel}","templated":true}]}}