{"id":1308,"date":"2020-04-06T20:35:11","date_gmt":"2020-04-06T20:35:11","guid":{"rendered":"https:\/\/modernreef.eu\/about-modern-reef\/"},"modified":"2025-11-28T15:06:36","modified_gmt":"2025-11-28T14:06:36","slug":"about-modern-reef","status":"publish","type":"page","link":"https:\/\/modernreef.eu\/es\/about-modern-reef\/","title":{"rendered":"About Modern Reef"},"content":{"rendered":"\t<div id=\"gap-415904582\" class=\"gap-element clearfix\" style=\"display:block; height:auto;\">\n\t\t\n<style>\n#gap-415904582 {\n  padding-top: 10px;\n}\n<\/style>\n\t<\/div>\n\t\n<div class=\"row\"  id=\"row-949393646\">\n\n\t<div id=\"col-481637789\" class=\"col small-12 large-12\"  >\n\t\t\t\t<div class=\"col-inner\"  >\n\t\t\t\n\t\t\t\n<p><strong>Acerca de Modern Reef<\/strong><br \/><strong>Donde la experiencia en cultivo de corales se une con la BIO-ciencia de arrecife m\u00e1s avanzada<\/strong><\/p>\n<hr \/>\n<h2><strong>El origen de la precisi\u00f3n<\/strong><\/h2>\n<p>Modern Reef nace de d\u00e9cadas de experiencia en el cultivo de corales en <strong>Euro Corals<\/strong>, una de las granjas de coral <strong>100% de acuicultura<\/strong> m\u00e1s prestigiosas de Europa. Hemos destilado el conocimiento de cultivo de corales a escala comercial en un <strong>sistema avanzado de manejo de arrecifes<\/strong>, refinado meticulosamente en nuestros laboratorios y ahora disponible para reefers de todo el mundo.<\/p>\n<hr \/>\n<h2><strong>An\u00e1lisis de agua sin rival y excelencia t\u00e9cnica<\/strong><\/h2>\n<p>El laboratorio de Modern Reef establece un <strong>nuevo est\u00e1ndar en la industria<\/strong> gracias a un <strong>sistema de an\u00e1lisis de 56 par\u00e1metros<\/strong>. Nuestras capacidades anal\u00edticas combinan tecnolog\u00eda base <strong>ICP-OES\/MS<\/strong> con <strong>Cromatograf\u00eda I\u00f3nica (IC)<\/strong> y otros instrumentos avanzados, ofreciendo una <strong>precisi\u00f3n sin precedentes<\/strong>, desde niveles de partes por trill\u00f3n (ppt) hasta partes por bill\u00f3n (ppb). Esto permite <strong>detectar problemas antes<\/strong> y realizar <strong>correcciones m\u00e1s seguras y precisas<\/strong>.<\/p>\n<h3><strong>Capacidades anal\u00edticas de vanguardia<\/strong><\/h3>\n<ul>\n<li><strong>Enfoque multi-instrumento<\/strong>, que elimina lecturas err\u00f3neas mediante protocolos de <strong>validaci\u00f3n cruzada<\/strong><\/li>\n<li><strong>Espectr\u00f3metros avanzados<\/strong> para un an\u00e1lisis elemental preciso<\/li>\n<li><strong>Cromat\u00f3grafos de alta precisi\u00f3n<\/strong> para mediciones i\u00f3nicas exactas<\/li>\n<li><strong>Sistemas exclusivos de cuantificaci\u00f3n de turbidez<\/strong> que miden part\u00edculas que reducen el PAR<\/li>\n<li><strong>Instrumentos de validaci\u00f3n redundantes<\/strong>, que garantizan datos consistentes y fiables<\/li>\n<\/ul>\n<h3><strong>M\u00e1s all\u00e1 del an\u00e1lisis \u2013 Soluciones completas de sistema<\/strong><\/h3>\n<p>Nuestro laboratorio impulsa una innovaci\u00f3n continua mediante:<\/p>\n<ol>\n<li><strong>Desarrollo de modificaciones espec\u00edficas en el equipamiento<\/strong> para resolver problemas sist\u00e9micos<\/li>\n<li><strong>Formulaci\u00f3n de productos especializados<\/strong> para corregir desequilibrios concretos<\/li>\n<li><strong>Creaci\u00f3n de protocolos de mantenimiento optimizados<\/strong>, basados en datos emp\u00edricos<\/li>\n<\/ol>\n<h3><strong>Servicio inigualable e informaci\u00f3n \u00fanica<\/strong><\/h3>\n<ul>\n<li><strong>An\u00e1lisis exclusivo de turbidez<\/strong>, que maximiza la eficiencia de la iluminaci\u00f3n sin coste adicional, ayud\u00e1ndote a obtener <strong>m\u00e1s crecimiento con la misma luz<\/strong><\/li>\n<li><strong>Integraci\u00f3n continua de nuevas tecnolog\u00edas de laboratorio<\/strong>, sin coste adicional<\/li>\n<li><strong>Procesamiento prioritario 24\/7<\/strong>, con <strong>resultados garantizados en 24 horas<\/strong><\/li>\n<li><strong>Sistemas redundantes<\/strong> que aseguran una disponibilidad de servicio ininterrumpida<\/li>\n<\/ul>\n<p>Este enfoque anal\u00edtico integral proporciona:<\/p>\n<ul>\n<li><strong>\u2713 Visibilidad sin precedentes<\/strong> de la qu\u00edmica de tu ecosistema de arrecife<\/li>\n<li><strong>\u2713 Soluciones de diagn\u00f3stico completas<\/strong>, no solo resultados de test<\/li>\n<li><strong>\u2713 Informaci\u00f3n accionable<\/strong> para la optimizaci\u00f3n del sistema<\/li>\n<li><strong>\u2713 Herramientas para la gesti\u00f3n a largo plazo<\/strong> de la salud del acuario de arrecife<\/li>\n<\/ul>\n<p>Al combinar m\u00faltiples tecnolog\u00edas avanzadas con rigurosos protocolos de validaci\u00f3n, transformamos el an\u00e1lisis de agua de un <strong>simple diagn\u00f3stico b\u00e1sico<\/strong> en un <strong>potente recurso de optimizaci\u00f3n del sistema<\/strong>, dando a los reefers <strong>control total<\/strong> de sus acuarios.<\/p>\n<hr \/>\n<h2><strong>La evoluci\u00f3n de la suplementaci\u00f3n en arrecifes<\/strong><\/h2>\n<p>Nuestras formulaciones est\u00e1n <strong>probadas a escala comercial<\/strong>, refinadas durante a\u00f1os en <strong>miles de colonias de coral<\/strong> en Euro Corals. Probadas con especies variadas y bajo m\u00faltiples condiciones de crecimiento, se han <strong>perfeccionado en laboratorio con est\u00e1ndares de grado farmac\u00e9utico<\/strong>, garantizando <strong>consistencia entre lotes y pureza<\/strong>.<\/p>\n<p>Hemos revolucionado el cuidado del arrecife con <strong>formulaciones de alta precisi\u00f3n<\/strong>, dise\u00f1adas para las <strong>exigencias espec\u00edficas de los acuarios marinos cerrados<\/strong>. A diferencia del oc\u00e9ano abierto, un <strong>reef tank<\/strong> (acuario de arrecife) funciona bajo otras limitaciones biol\u00f3gicas y qu\u00edmicas, y gracias a a\u00f1os de experimentaci\u00f3n hemos desarrollado soluciones que, en sistemas cerrados, pueden <strong>superar al agua de mar natural<\/strong> en t\u00e9rminos de <strong>estabilidad, consistencia y equilibrio de nutrientes favorable al crecimiento<\/strong>.<\/p>\n<p>Modern Reef presenta el <strong>Sistema de Arrecife por Consumo Proporcional<\/strong> (<em>Proportional Consumption Reef-Keeping System<\/em>): nuestro <strong>avance h\u00edbrido en manejo de acuarios de arrecife de alta precisi\u00f3n<\/strong>. Esta <strong>tecnolog\u00eda de dosificaci\u00f3n inteligente<\/strong> pone un control de nivel profesional al alcance de principiantes, mientras ofrece <strong>personalizaci\u00f3n avanzada<\/strong> para usuarios expertos, todo ello respaldado por un <strong>sistema de mantenimiento propietario<\/strong> que se adapta al <strong>consumo real<\/strong> de tu reef.<\/p>\n<p>A diferencia de los enfoques convencionales, nuestro sistema se <strong>ajusta autom\u00e1ticamente<\/strong> a las variaciones en:<\/p>\n<ul>\n<li>Biomasa de coral<\/li>\n<li>Condiciones de iluminaci\u00f3n<\/li>\n<li>Rutinas de alimentaci\u00f3n<\/li>\n<li>Cambios introducidos por el usuario<\/li>\n<\/ul>\n<p>El m\u00e9todo de <strong>Consumo Proporcional<\/strong> proporciona una <strong>estabilidad extraordinaria<\/strong> al mantener <strong>relaciones de nutrientes \u00f3ptimas<\/strong>, propias de un reefer experto, a la vez que <strong>reduce de forma significativa las tareas de mantenimiento<\/strong>. El resultado es un <strong>ecosistema auto-regulado<\/strong> que favorece un <strong>crecimiento r\u00e1pido y saludable<\/strong>, as\u00ed como una <strong>coloraci\u00f3n intensa<\/strong> en los corales, gracias a una <strong>suplementaci\u00f3n inteligente y proporcional<\/strong>.<\/p>\n<hr \/>\n<h2><strong>M\u00e1s all\u00e1 de los suplementos: soluciones completas para el arrecife<\/strong><\/h2>\n<p>Modern Reef adopta un enfoque <strong>totalmente guiado por la ciencia<\/strong> para abordar los problemas m\u00e1s persistentes en acuarios de arrecife. Nuestras <strong>estrategias de aumento de biodiversidad<\/strong> ayudan a crear sistemas <strong>naturalmente resistentes a dinoflagelados (dinos)<\/strong>, mientras que nuestras <strong>t\u00e9cnicas de equilibrio microbiano<\/strong> abordan la <strong>cianobacteria<\/strong> desde su causa ra\u00edz.<\/p>\n<p>Adem\u00e1s, ofrecemos <strong>asesoramiento en iluminaci\u00f3n correlacionado con la turbidez<\/strong>, optimizando la <strong>eficiencia del PAR<\/strong> para lograr un <strong>crecimiento m\u00e1s r\u00e1pido y saludable de los corales<\/strong>, sin necesidad de sobredimensionar la iluminaci\u00f3n.<\/p>\n<hr \/>\n<h2><strong>Principios cient\u00edficos BIO-Reef fundamentales<\/strong><\/h2>\n<p>Cada producto de Modern Reef se <strong>valida en sistemas reales de acuicultura<\/strong> antes de su lanzamiento. Nuestro enfoque <strong>no se centra en replicar el oc\u00e9ano<\/strong>, sino en <strong>optimizar el \u00e9xito en sistemas cerrados<\/strong>, con <strong>estrategias de dosificaci\u00f3n adaptadas a la fisiolog\u00eda del coral y a las din\u00e1micas propias del acuario marino de arrecife<\/strong>.<\/p>\n<hr \/>\n<h2><strong>\u00danete a la revoluci\u00f3n Modern Reef<\/strong><\/h2>\n<p>En Modern Reef creemos en <strong>dejar que los resultados hablen por s\u00ed mismos<\/strong>. No afirmamos ser los mejores: simplemente te invitamos a <strong>probar nuestro sistema y sacar tus propias conclusiones<\/strong>. En el mundo actual del reefkeeping, la mayor\u00eda de productos pueden mantener corales vivos, pero te retamos a <strong>experimentar la diferencia de nuestro enfoque cient\u00edfico durante solo cuatro semanas<\/strong>. Despu\u00e9s de eso, <strong>t\u00fa, como reefer, decidir\u00e1s<\/strong> qu\u00e9 funciona realmente mejor para tu tanque.<\/p>\n<p>\u00danete a nuestro <strong>grupo de Facebook<\/strong> para conectar con <strong>reefers experimentados<\/strong>, compartir experiencias y mantenerte al d\u00eda con las <strong>\u00faltimas innovaciones<\/strong>. Descubre lo que nuestro sistema ha conseguido cuando se ha puesto a prueba. Observa c\u00f3mo <strong>no dependemos de influencers ni de promociones con producto gratuito<\/strong>: nuestra confianza nace de <strong>la ciencia, los datos<\/strong> y, sobre todo, de <strong>reefers como t\u00fa<\/strong> que se han tomado el tiempo de evaluar correctamente nuestro enfoque.<\/p>\n<p><strong>Pru\u00e9balo. Test\u00e9alo. Demu\u00e9stratelo a ti mismo.<\/strong> Esa es la <strong>filosof\u00eda Modern Reef<\/strong>.<\/p>\n<h3><strong>Modern Reef: donde la BIO-ciencia de arrecife se une con la pasi\u00f3n para crear ecosistemas de arrecife realmente pr\u00f3speros.<\/strong><\/h3>\n\t\t<\/div>\n\t\t\t\t\t<\/div>\n\n\t\n<\/div>\n","protected":false},"excerpt":{"rendered":"","protected":false},"author":1,"featured_media":0,"parent":0,"menu_order":0,"comment_status":"closed","ping_status":"closed","template":"","meta":{"footnotes":""},"class_list":["post-1308","page","type-page","status-publish","hentry"],"_links":{"self":[{"href":"https:\/\/modernreef.eu\/es\/wp-json\/wp\/v2\/pages\/1308","targetHints":{"allow":["GET"]}}],"collection":[{"href":"https:\/\/modernreef.eu\/es\/wp-json\/wp\/v2\/pages"}],"about":[{"href":"https:\/\/modernreef.eu\/es\/wp-json\/wp\/v2\/types\/page"}],"author":[{"embeddable":true,"href":"https:\/\/modernreef.eu\/es\/wp-json\/wp\/v2\/users\/1"}],"replies":[{"embeddable":true,"href":"https:\/\/modernreef.eu\/es\/wp-json\/wp\/v2\/comments?post=1308"}],"version-history":[{"count":21,"href":"https:\/\/modernreef.eu\/es\/wp-json\/wp\/v2\/pages\/1308\/revisions"}],"predecessor-version":[{"id":47476,"href":"https:\/\/modernreef.eu\/es\/wp-json\/wp\/v2\/pages\/1308\/revisions\/47476"}],"wp:attachment":[{"href":"https:\/\/modernreef.eu\/es\/wp-json\/wp\/v2\/media?parent=1308"}],"curies":[{"name":"wp","href":"https:\/\/api.w.org\/{rel}","templated":true}]}}