{"id":11614,"date":"2022-05-03T20:20:55","date_gmt":"2022-05-03T18:20:55","guid":{"rendered":"https:\/\/modernreef.eu\/?post_type=product&#038;p=11614"},"modified":"2025-10-13T18:21:16","modified_gmt":"2025-10-13T16:21:16","slug":"one-4reef-2-5l","status":"publish","type":"product","link":"https:\/\/modernreef.eu\/es\/shop\/organic-reef-keeping-system-es\/one-4reef-2-5l\/","title":{"rendered":"ONE-4Reef 2.5L"},"content":{"rendered":"<div class=\"row\"  id=\"row-1438359251\">\r\n\r\n\n\t<div id=\"col-1515229899\" class=\"col small-12 large-12\"  >\n\t\t\t\t<div class=\"col-inner\"  >\n\t\t\t\n\t\t\t\r\n\r\n\t<div id=\"gap-1724502915\" class=\"gap-element clearfix\" style=\"display:block; height:auto;\">\n\t\t\n<style>\n#gap-1724502915 {\n  padding-top: 10px;\n}\n<\/style>\n\t<\/div>\n\t\r\n\r\n<div class=\"container section-title-container\" ><h3 class=\"section-title section-title-normal\"><b aria-hidden=\"true\"><\/b><span class=\"section-title-main\" >One-4Reef guide<\/span><b aria-hidden=\"true\"><\/b><\/h3><\/div>\r\n\r\n<p>ONE-4Reef es una forma org\u00e1nica pura superconcentrada de nuestro sistema de mantenimiento de arrecifes de consumo proporcional en un recipiente. \u00a1Contiene todos los oligoelementos necesarios en el agua de mar natural, micronutrientes org\u00e1nicos y amino\u00e1cidos en un solo producto! Listo para usar para mantener un acuario de arrecife colorido y pr\u00f3spero. Altamente concentrado (1L contiene 50.160 mg\/l de calcio y 7.000 \u00b0dKH\/l). Especialmente dise\u00f1ado para usarse con nuestro Reef Keeping System (RKS), pero tambi\u00e9n se puede usar solo o en acuarios con reactores de calcio.<\/p>\r\n<blockquote>\r\n<p><em><strong>\u00a1Importante! <\/strong>ONE-4Reef puede reducir significativamente los nutrientes debido a la actividad bacteriana producida por la dosificaci\u00f3n org\u00e1nica, lo que provoca una coloraci\u00f3n p\u00e1lida y el estancamiento del acuario de arrecife. Por lo tanto, recomendamos monitorear el NO3 y el PO4 y dosificar Modern Reef N+ y P+ si es necesario, especialmente en acuarios de arrecife con bajos nutrientes.<\/em><\/p>\r\n<\/blockquote>\r\n<p><strong>Beneficios:<\/strong><\/p>\r\n<ul>\r\n<li>Un recipiente todo en uno para satisfacer todas las necesidades del acuario de arrecife (todav\u00eda se necesitan Complete Reef Food y Polypop)<\/li>\r\n<li>Sin acumulaci\u00f3n de subproductos como sodio o cloruro<\/li>\r\n<li>Apto para todos los acuarios de arrecife LPS dominante, SPS dominante, corales blandos o mixto<\/li>\r\n<li>Mejora en el color y el crecimiento en comparaci\u00f3n con otros m\u00e9todos org\u00e1nicos de Balling<\/li>\r\n<li>Ambiente de acuario de arrecife m\u00e1s resistente contra cianobacterias y dinoflagelados<\/li>\r\n<li>M\u00e1xima extensi\u00f3n de p\u00f3lipos en todos los corales<\/li>\r\n<li>Ayuda a limpiar rocas y arena.<\/li>\r\n<li>Ayuda a mantener el agua clara<\/li>\r\n<li>Reduce el exceso de nutrientes como NO3 y PO4<\/li>\r\n<li>Apto para dosificaci\u00f3n manual o autom\u00e1tica.<\/li>\r\n<li>Ahorro de espacio con un recipiente y una bomba cuando se usa solo<\/li>\r\n<li>Se puede usar como una aplicaci\u00f3n de \"modo de ahorro\" para sistemas de acuarios de arrecife con reactores de calcio o Balling <\/li>\r\n<li>F\u00f3rmula \u00fanica de consumo proporcional de Modern Reef en forma org\u00e1nica<\/li>\r\n<\/ul>\r\n<p><strong>Puede usar ONE-4Reef de 3 maneras para mantener un acuario de arrecife:<\/strong><\/p>\r\n<ul>\r\n<li><a href=\"#anchor-alone\">Solo como sistema base de mantenimiento de arrecifes<\/a><\/li>\r\n<li><a href=\"#anchor-with-RKS\">Con Modern Reef RKS (Reef Keeping System) como \"modo de ahorro\"<\/a><\/li>\r\n<li><a href=\"#anchor-with-calciumreactor\">En acuarios de arrecife con reactores de calcio<\/a><\/li>\r\n<\/ul>\r\n<span class=\"scroll-to\" data-label=\"Scroll to: #anchor-alone\" data-bullet=\"true\" data-link=\"#anchor-alone\" data-title=\"ONE-4REEF SOLO COMO M\u00c9TODO DE MANTENIMIENTO DE ARRECIFES\"><a name=\"anchor-alone\"><\/a><\/span>\r\n\r\n<div class=\"container section-title-container\" ><h3 class=\"section-title section-title-normal\"><b aria-hidden=\"true\"><\/b><span class=\"section-title-main\" >ONE-4REEF SOLO COMO M\u00c9TODO DE MANTENIMIENTO DE ARRECIFES<\/span><b aria-hidden=\"true\"><\/b><\/h3><\/div>\r\n\r\n<p>Si prefiere una dosificaci\u00f3n org\u00e1nica y una forma de formiato de Balling para mantener su acuario de arrecife, entonces puede usar ONE-4Reef solo. Comience dosificando 4 ml de ONE-4Reef por cada 100 litros. Luego, aumente por 2 ml por cada 100 litros cada 2-4 d\u00edas hasta que mantenga el KH y el calcio constantes y encuentre su dosis de mantenimiento. Pruebe KH y calcio regularmente y use el calcio como regulador de dosis. Esto se debe a que el nivel de KH proporcionado por ONE-4Reef (como todos los tipos de Balling org\u00e1nico) puede tardar hasta 2 d\u00edas en comenzar a mostrarse en un kit de prueba de KH. No excedas los 20 ml por cada 100 litros por d\u00eda, y no olvides aplicar Modern Reef Complete Reef Food y Polypop para completar el sistema de consumo proporcional.<\/p>\r\n<p>Si tu acuario de arrecife es grande y no quieres recargar el ONE-4Reef constantemente, puedes dividir la dosis y conectar tantos botes y bombas dosificadoras como quieras. Por ejemplo, si dosifica 400 ml al d\u00eda de ONE-4Reef, puede conectar 4 botes a 4 bombas dosificadoras y dosificar 100 ml cada una al d\u00eda. Durar\u00e1 mucho hasta que cambie los recipientes o los rellene. Solo tenga en cuenta multiplicar la cantidad total dosificada cuando aplique Modern Reef Complete Reef Food y Polypop.<\/p>\r\n\n\t<section class=\"section\" id=\"section_690951842\">\n\t\t<div class=\"section-bg fill\" >\n\t\t\t\t\t\t\t\t\t\n\t\t\t\n\n\t\t<\/div>\n\n\t\t\n\n\t\t<div class=\"section-content relative\">\n\t\t\t\r\n\r\n<div class=\"container section-title-container\" ><h4 class=\"section-title section-title-center\"><b aria-hidden=\"true\"><\/b><span class=\"section-title-main\" >Acciones usando ONE-4Reef solo<\/span><b aria-hidden=\"true\"><\/b><\/h4><\/div>\r\n\r\n<div class=\"row row-small align-center row-box-shadow-2\"  id=\"row-352320113\">\r\n\r\n\n\t<div id=\"col-1608755310\" class=\"col medium-3 small-12 large-2\"  >\n\t\t\t\t<div class=\"col-inner\"  >\n\t\t\t\n\t\t\t\r\n\r\n<h2 style=\"text-align: center;\"><strong>Ca \u2193<br \/>\r\nKH \u2193<\/strong><\/h2>\r\n<p style=\"text-align: center;\">Aumente la dosis de ONE-4Reef cada 2-4 d\u00edas<\/p>\r\n\r\n\t\t<\/div>\n\t\t\t\t\t<\/div>\n\n\t\r\n\n\t<div id=\"col-761164607\" class=\"col medium-3 small-12 large-2\"  >\n\t\t\t\t<div class=\"col-inner\"  >\n\t\t\t\n\t\t\t\r\n\r\n<h2 style=\"text-align: center;\"><strong>Ca \u2193<br \/>\r\nKH &#x2194;<\/strong><\/h2>\r\n<p style=\"text-align: center;\">Contin\u00fae con la misma dosis de ONE-4Reef y dosifique Ca+<\/p>\r\n\r\n\t\t<\/div>\n\t\t\t\t\t<\/div>\n\n\t\r\n\n\t<div id=\"col-1040771315\" class=\"col medium-3 small-12 large-2\"  >\n\t\t\t\t<div class=\"col-inner\"  >\n\t\t\t\n\t\t\t\r\n\r\n<h2 style=\"text-align: center;\"><strong>Ca \u2193 <\/strong>| <strong>&#x2194;<\/strong><strong><br \/>\r\nKH \u2191<\/strong><\/h2>\r\n<p style=\"text-align: center;\">Reduzca la dosis de ONE-4Reef y agregue Ca+<\/p>\r\n\r\n\t\t<\/div>\n\t\t\t\t\t<\/div>\n\n\t\r\n\n\t<div id=\"col-1950877624\" class=\"col medium-3 small-12 large-2\"  >\n\t\t\t\t<div class=\"col-inner\"  >\n\t\t\t\n\t\t\t\r\n\r\n<h2 style=\"text-align: center;\"><strong>Ca <\/strong><strong>&#x2194;<\/strong><strong><br \/>\r\nKH <\/strong><strong>&#x2194;<\/strong><\/h2>\r\n<p style=\"text-align: center;\">Contin\u00fae con la misma dosis de ONE-4Reef<\/p>\r\n\r\n\t\t<\/div>\n\t\t\t\t\t<\/div>\n\n\t\r\n\n\t<div id=\"col-945998884\" class=\"col medium-3 small-12 large-2\"  >\n\t\t\t\t<div class=\"col-inner\"  >\n\t\t\t\n\t\t\t\r\n\r\n<h2 style=\"text-align: center;\"><strong>Ca <\/strong><strong>&#x2194;<\/strong><strong><br \/>\r\nKH \u2193<\/strong><\/h2>\r\n<p style=\"text-align: center;\">Contin\u00fae con la misma dosis de ONE-4Reef y agregue de KH+<\/p>\r\n\r\n\t\t<\/div>\n\t\t\t\t\t<\/div>\n\n\t\r\n\n\t<div id=\"col-2119820278\" class=\"col medium-3 small-12 large-2\"  >\n\t\t\t\t<div class=\"col-inner\"  >\n\t\t\t\n\t\t\t\r\n\r\n<h2 style=\"text-align: center;\"><strong>Ca \u2191\u00a0<\/strong><strong><br \/>\r\nKH \u2193 <\/strong>| <strong>&#x2194;<\/strong><\/h2>\r\n<p style=\"text-align: center;\">Reduzca la dosis de ONE-4Reef y dosifique KH+<\/p>\r\n\r\n\t\t<\/div>\n\t\t\t\t\t<\/div>\n\n\t\r\n\n\t<div id=\"col-1112905797\" class=\"col medium-3 small-12 large-2\"  >\n\t\t\t\t<div class=\"col-inner\"  >\n\t\t\t\n\t\t\t\r\n\r\n<h2 style=\"text-align: center;\"><strong>Ca \u2191\u00a0<\/strong><strong><br \/>\r\nKH <\/strong><strong>\u2191\u00a0<\/strong><\/h2>\r\n<p style=\"text-align: center;\">Disminuya la dosis de ONE-4Reef<\/p>\r\n\r\n\t\t<\/div>\n\t\t\t\t\t<\/div>\n\n\t\r\n\r\n\n<style>\n#row-352320113 > .col > .col-inner {\n  padding: 8px 4px 1px 4px;\n}\n<\/style>\n<\/div>\r\n\r\n\t\t<\/div>\n\n\t\t\n<style>\n#section_690951842 {\n  padding-top: 30px;\n  padding-bottom: 30px;\n}\n<\/style>\n\t<\/section>\n\t\r\n\r\n\t\t<\/div>\n\t\t\t\t\t<\/div>\n\n\t\r\n\n\t<div id=\"col-201228448\" class=\"col small-12 large-12\"  >\n\t\t\t\t<div class=\"col-inner\"  >\n\t\t\t\n\t\t\t\r\n\r\n<span class=\"scroll-to\" data-label=\"Scroll to: #anchor-with-RKS\" data-bullet=\"true\" data-link=\"#anchor-with-RKS\" data-title=\"ONE-4REEF CON MODERN REEF RKS\"><a name=\"anchor-with-RKS\"><\/a><\/span>\r\n\r\n<div class=\"container section-title-container\" ><h3 class=\"section-title section-title-normal\"><b aria-hidden=\"true\"><\/b><span class=\"section-title-main\" >ONE-4REEF CON MODERN REEF RKS<\/span><b aria-hidden=\"true\"><\/b><\/h3><\/div>\r\n\r\n<p>El ONE-4Reef se puede usar con Modern Reef - RKS - (Reef Keeping System) como una aplicaci\u00f3n de \"modo de ahorro\" y para beneficiarse m\u00e1s de la dosificaci\u00f3n de Balling org\u00e1nica e inorg\u00e1nica como:<\/p>\r\n<ul>\r\n<li>M\u00e1ximo color y crecimiento de todos los corales, especialmente SPS<\/li>\r\n<li>Extensi\u00f3n extrema de p\u00f3lipos en todos los corales, especialmente Acropora<\/li>\r\n<li>Menos acumulaci\u00f3n de subproductos como sodio o cloruro<\/li>\r\n<li>Rocas y arena m\u00e1s limpias<\/li>\r\n<li>Agua m\u00e1s clara<\/li>\r\n<li>Reduce el exceso de nutrientes como NO3 y PO4<\/li>\r\n<li>Ahorro con el consumo de dosificaci\u00f3n RKS (hasta un 20% en coste vs consumo)<\/li>\r\n<li>Ambiente de acuario de arrecife m\u00e1s resistente contra cianobacterias y dinoflagelados<\/li>\r\n<\/ul>\r\n<p>Nuestra investigaci\u00f3n encontr\u00f3 que los mejores resultados se lograron con este m\u00e9todo y ayudaron a reducir significativamente el consumo de Modern Reef - RKS (Reef Keeping System).<\/p>\r\n<p>Es importante siempre probar KH y Calcio cuando comience a usar ONE-4Reef durante las primeras 2 semanas. Adem\u00e1s, tenga en cuenta que el nivel de KH proporcionado por ONE-4Reef puede tardar 2 d\u00edas en comenzar a mostrarse con los kits de prueba de KH.<\/p>\r\n<p>Puede elegir usarlo con Modern Reef - RKS de 2 maneras:<\/p>\r\n<ul>\r\n<li><strong>RKS al 75 % y ONE-4Reef al 25 %<\/strong><\/li>\r\n<li><strong>RKS al 50% y ONE-4Reef al 50%<\/strong><\/li>\r\n<\/ul>\r\n<p>(% tomado de la dosis diaria de RKS)<\/p>\r\n<p><strong>RKS al 75% y ONE-4Reef al 25%: <\/strong>Para usar ONE-4Reef de esta manera, reduzca la dosis diaria de RKS en un 25% y dosifique diariamente la misma cantidad reducida en ml de ONE-4Reef. Luego mantenga ONE-4Reef sin cambiar la dosis y siga usando el RKS como lo hace normalmente. Puede aumentar el ONE-4Reef en m\u00e1s del 25% si lo desea m\u00e1s tarde y disminuir la dosis de RKS de forma simult\u00e1nea y lenta para usar m\u00e1s del ONE-4Reef y menos del RKS. Puede subir lentamente a la dosis diaria m\u00e1xima igual a la del RKS, lo que har\u00e1 que sea un sistema de dosificaci\u00f3n de 5 partes iguales como se explica a continuaci\u00f3n. Solo tenga en cuenta que no debe exceder la dosis diaria de RKS con ONE-4Reef. Deje un espacio de 5 a 10 minutos entre cada dosis de cada bomba.<\/p>\r\n<p><strong>RKS al 50% y ONE-4Reef al 50%: <\/strong>Convierte el RKS y el ONE-4Reef en un sistema de dosificaci\u00f3n de 5 partes iguales. Para usar el ONE-4Reef de esta manera, reduzca la dosis diaria de RKS en un 25% y dosifique diariamente la misma cantidad reducida en ml de ONE-4Reef, luego espere 4 d\u00edas, luego dosifique las 5 partes iguales hasta que mantenga constante KH y calcio entre 7.2-8.5 dKH y 390-440 mg\/l de calcio. Si est\u00e1 comenzando con Modern Reef, comience dosificando 4 ml por 100 litros de cada uno de los 5 botes (4 botes RKS y 1 ONE-4Reef) pruebe KH y calcio diariamente y ajuste la dosis diaria en 2 ml por 100 litros hasta que mantenga constante KH y calcio entre 7.2-8.5 dKH y 390-440 mg\/l de calcio. Deje un espacio de 5 a 10 minutos entre cada dosis de cada bomba.<\/p>\r\n<p>Una desventaja de usar ONE-4Reef con RKS juntos es la necesidad de una quinta bomba dosificadora. Recomendamos utilizar una quinta bomba dosificadora y calibrarla como lo hace con el RKS. Si esta no es una opci\u00f3n, a\u00fan puede dosificar Base KH1 y Base KH2 en un recipiente\/bote y multiplicar la dosis por 2. Entonces, por ejemplo, si est\u00e1 dosificando 50 ml de cada bote, puede dosificar 100 ml de Base KH1 y Base KH2 (combinados en un recipiente\/bote) y 50 ml de Base Cal y 50 ml de Base Mag. Entonces tendr\u00e1 una bomba dosificadora extra libre para el ONE-4Reef.<\/p>\r\n\n\t<section class=\"section\" id=\"section_990545293\">\n\t\t<div class=\"section-bg fill\" >\n\t\t\t\t\t\t\t\t\t\n\t\t\t\n\n\t\t<\/div>\n\n\t\t\n\n\t\t<div class=\"section-content relative\">\n\t\t\t\r\n\r\n<div class=\"container section-title-container\" ><h4 class=\"section-title section-title-center\"><b aria-hidden=\"true\"><\/b><span class=\"section-title-main\" >Actions with ONE-4Reef and RKS<\/span><b aria-hidden=\"true\"><\/b><\/h4><\/div>\r\n\r\n<div class=\"row row-small align-center row-box-shadow-2\"  id=\"row-1303273052\">\r\n\r\n\n\t<div id=\"col-1786810437\" class=\"col medium-3 small-12 large-2\"  >\n\t\t\t\t<div class=\"col-inner\"  >\n\t\t\t\n\t\t\t\r\n\r\n<h2 style=\"text-align: center;\"><strong>Ca \u2193<br \/>\r\nKH \u2193<\/strong><\/h2>\r\n<p style=\"text-align: center;\">Aumente la dosis de ONE-4Reef\/RKS cada 2-4 d\u00edas<\/p>\r\n\r\n\t\t<\/div>\n\t\t\t\t\t<\/div>\n\n\t\r\n\n\t<div id=\"col-1896591089\" class=\"col medium-3 small-12 large-2\"  >\n\t\t\t\t<div class=\"col-inner\"  >\n\t\t\t\n\t\t\t\r\n\r\n<h2 style=\"text-align: center;\"><strong>Ca \u2193<br \/>\r\nKH &#x2194;<\/strong><\/h2>\r\n<p style=\"text-align: center;\">Contin\u00fae con la misma dosis de ONE-4Reef\/RKS y dosifique Ca+<\/p>\r\n\r\n\t\t<\/div>\n\t\t\t\t\t<\/div>\n\n\t\r\n\n\t<div id=\"col-819770694\" class=\"col medium-3 small-12 large-2\"  >\n\t\t\t\t<div class=\"col-inner\"  >\n\t\t\t\n\t\t\t\r\n\r\n<h2 style=\"text-align: center;\"><strong>Ca \u2193 <\/strong>| <strong>&#x2194;<\/strong><strong><br \/>\r\nKH \u2191<\/strong><\/h2>\r\n<p style=\"text-align: center;\">Reduzca la dosis de ONE-4Reef\/RKS y agregue Ca+<\/p>\r\n\r\n\t\t<\/div>\n\t\t\t\t\t<\/div>\n\n\t\r\n\n\t<div id=\"col-1072700295\" class=\"col medium-3 small-12 large-2\"  >\n\t\t\t\t<div class=\"col-inner\"  >\n\t\t\t\n\t\t\t\r\n\r\n<h2 style=\"text-align: center;\"><strong>Ca <\/strong><strong>&#x2194;<\/strong><strong><br \/>\r\nKH <\/strong><strong>&#x2194;<\/strong><\/h2>\r\n<p style=\"text-align: center;\">Contin\u00fae con la misma dosis de ONE-4Reef\/RKS<\/p>\r\n\r\n\t\t<\/div>\n\t\t\t\t\t<\/div>\n\n\t\r\n\n\t<div id=\"col-1164545084\" class=\"col medium-3 small-12 large-2\"  >\n\t\t\t\t<div class=\"col-inner\"  >\n\t\t\t\n\t\t\t\r\n\r\n<h2 style=\"text-align: center;\"><strong>Ca <\/strong><strong>&#x2194;<\/strong><strong><br \/>\r\nKH \u2193<\/strong><\/h2>\r\n<p style=\"text-align: center;\">Contin\u00fae con la misma dosis de ONE-4Reef\/RKS y dosifique KH+<\/p>\r\n\r\n\t\t<\/div>\n\t\t\t\t\t<\/div>\n\n\t\r\n\n\t<div id=\"col-115725494\" class=\"col medium-3 small-12 large-2\"  >\n\t\t\t\t<div class=\"col-inner\"  >\n\t\t\t\n\t\t\t\r\n\r\n<h2 style=\"text-align: center;\"><strong>Ca \u2191\u00a0<\/strong><strong><br \/>\r\nKH \u2193 <\/strong>| <strong>&#x2194;<\/strong><\/h2>\r\n<p style=\"text-align: center;\">Reduzca la dosis de ONE-4Reef\/RKS y dosifique KH+<\/p>\r\n\r\n\t\t<\/div>\n\t\t\t\t\t<\/div>\n\n\t\r\n\n\t<div id=\"col-1438147393\" class=\"col medium-3 small-12 large-2\"  >\n\t\t\t\t<div class=\"col-inner\"  >\n\t\t\t\n\t\t\t\r\n\r\n<h2 style=\"text-align: center;\"><strong>Ca \u2191\u00a0<\/strong><strong><br \/>\r\nKH <\/strong><strong>\u2191\u00a0<\/strong><\/h2>\r\n<p style=\"text-align: center;\">Disminuya la dosis de ONE-4Reef\/RKS<\/p>\r\n\r\n\t\t<\/div>\n\t\t\t\t\t<\/div>\n\n\t\r\n\r\n\n<style>\n#row-1303273052 > .col > .col-inner {\n  padding: 8px 4px 1px 4px;\n}\n<\/style>\n<\/div>\r\n\r\n\t\t<\/div>\n\n\t\t\n<style>\n#section_990545293 {\n  padding-top: 30px;\n  padding-bottom: 30px;\n}\n<\/style>\n\t<\/section>\n\t\r\n\r\n\t\t<\/div>\n\t\t\t\t\t<\/div>\n\n\t\r\n\n\t<div id=\"col-436336547\" class=\"col small-12 large-12\"  >\n\t\t\t\t<div class=\"col-inner\"  >\n\t\t\t\n\t\t\t\r\n\r\n<span class=\"scroll-to\" data-label=\"Scroll to: #anchor-with-calciumreactor\" data-bullet=\"true\" data-link=\"#anchor-with-calciumreactor\" data-title=\"ONE-4REEF CON REACTOR DE CALCIO\"><a name=\"anchor-with-calciumreactor\"><\/a><\/span>\r\n\r\n<div class=\"container section-title-container\" ><h3 class=\"section-title section-title-normal\"><b aria-hidden=\"true\"><\/b><span class=\"section-title-main\" >ONE-4REEF CON REACTOR DE CALCIO<\/span><b aria-hidden=\"true\"><\/b><\/h3><\/div>\r\n\r\n<p>ONE-4Reef se puede utilizar en acuarios de arrecife con reactores de calcio. Es lo mismo que usar ONE-4Reef solo como sistema base de mantenimiento de arrecifes, pero en este caso, debe reducir la capacidad del reactor de calcio en un 50%. Una vez que reduzca la capacidad del reactor de calcio al 50%, comience dosificando diariamente 2 ml por cada 100 litros. Luego ajustar la dosis en 1 ml diario por cada 100 litros hasta mantener constante el KH y el calcio entre 7.2-8.5 dKH y 390-440 mg\/l de calcio. Aqu\u00ed tiene algunos de los beneficios de usar ONE-4Reef en un sistema de acuario de arrecife con un reactor de calcio:<\/p>\r\n<ul>\r\n<li>Mejora el color y el crecimiento de todos los corales especialmente SPS<\/li>\r\n<li>Mejor extensi\u00f3n de p\u00f3lipos en todos los corales, especialmente Acropora<\/li>\r\n<li>Menos uso de CO2 por el reactor de calcio que mejorar\u00e1 la fluctuaci\u00f3n del pH<\/li>\r\n<li>Rocas y arena m\u00e1s limpias<\/li>\r\n<li>Agua m\u00e1s clara<\/li>\r\n<li>El mantenimiento del reactor de calcio durar\u00e1 m\u00e1s<\/li>\r\n<li>Suplementaci\u00f3n constante de algunos elementos consumidos por bacterias en el reactor de calcio<\/li>\r\n<li>Reduce el exceso de nutrientes como NO3 y PO4<\/li>\r\n<li>Ambiente de acuario de arrecife m\u00e1s resistente contra cianobacterias y dinoflagelados<\/li>\r\n<li>Aplicaci\u00f3n del sistema de mantenimiento de arrecifes de consumo proporcional de Modern Reef<\/li>\r\n<li>Permite un mejor c\u00e1lculo para Modern Reef Complete Reef Food y Polypop<\/li>\r\n<\/ul>\r\n\n\t<section class=\"section\" id=\"section_981699115\">\n\t\t<div class=\"section-bg fill\" >\n\t\t\t\t\t\t\t\t\t\n\t\t\t\n\n\t\t<\/div>\n\n\t\t\n\n\t\t<div class=\"section-content relative\">\n\t\t\t\r\n\r\n<div class=\"container section-title-container\" ><h4 class=\"section-title section-title-center\"><b aria-hidden=\"true\"><\/b><span class=\"section-title-main\" >Acciones utilizando ONE-4Reef con reactor de calcio<\/span><b aria-hidden=\"true\"><\/b><\/h4><\/div>\r\n\r\n<div class=\"row row-small align-center row-box-shadow-2\"  id=\"row-126198190\">\r\n\r\n\n\t<div id=\"col-1884758957\" class=\"col medium-3 small-12 large-2\"  >\n\t\t\t\t<div class=\"col-inner\"  >\n\t\t\t\n\t\t\t\r\n\r\n<h2 style=\"text-align: center;\"><strong>Ca \u2193<br \/>\r\nKH \u2193<\/strong><\/h2>\r\n<p style=\"text-align: center;\">Aumente la dosis de ONE-4Reef cada 2-4 d\u00edas<\/p>\r\n\r\n\t\t<\/div>\n\t\t\t\t\t<\/div>\n\n\t\r\n\n\t<div id=\"col-1685330110\" class=\"col medium-3 small-12 large-2\"  >\n\t\t\t\t<div class=\"col-inner\"  >\n\t\t\t\n\t\t\t\r\n\r\n<h2 style=\"text-align: center;\"><strong>Ca \u2193<br \/>\r\nKH &#x2194;<\/strong><\/h2>\r\n<p style=\"text-align: center;\">Contin\u00fae con la misma dosis de ONE-4Reef y dosifique Ca+<\/p>\r\n\r\n\t\t<\/div>\n\t\t\t\t\t<\/div>\n\n\t\r\n\n\t<div id=\"col-614949206\" class=\"col medium-3 small-12 large-2\"  >\n\t\t\t\t<div class=\"col-inner\"  >\n\t\t\t\n\t\t\t\r\n\r\n<h2 style=\"text-align: center;\"><strong>Ca \u2193 <\/strong>| <strong>&#x2194;<\/strong><strong><br \/>\r\nKH \u2191<\/strong><\/h2>\r\n<p style=\"text-align: center;\">Reduzca la dosis de ONE-4Reef y agregue Ca+<\/p>\r\n\r\n\t\t<\/div>\n\t\t\t\t\t<\/div>\n\n\t\r\n\n\t<div id=\"col-1543031255\" class=\"col medium-3 small-12 large-2\"  >\n\t\t\t\t<div class=\"col-inner\"  >\n\t\t\t\n\t\t\t\r\n\r\n<h2 style=\"text-align: center;\"><strong>Ca <\/strong><strong>&#x2194;<\/strong><strong><br \/>\r\nKH <\/strong><strong>&#x2194;<\/strong><\/h2>\r\n<p style=\"text-align: center;\">Contin\u00fae con la misma dosis de ONE-4Reef<\/p>\r\n\r\n\t\t<\/div>\n\t\t\t\t\t<\/div>\n\n\t\r\n\n\t<div id=\"col-1419936600\" class=\"col medium-3 small-12 large-2\"  >\n\t\t\t\t<div class=\"col-inner\"  >\n\t\t\t\n\t\t\t\r\n\r\n<h2 style=\"text-align: center;\"><strong>Ca <\/strong><strong>&#x2194;<\/strong><strong><br \/>\r\nKH \u2193<\/strong><\/h2>\r\n<p style=\"text-align: center;\">Contin\u00fae con la misma dosis de ONE-4Reef y dosifique KH+<\/p>\r\n\r\n\t\t<\/div>\n\t\t\t\t\t<\/div>\n\n\t\r\n\n\t<div id=\"col-1481477619\" class=\"col medium-3 small-12 large-2\"  >\n\t\t\t\t<div class=\"col-inner\"  >\n\t\t\t\n\t\t\t\r\n\r\n<h2 style=\"text-align: center;\"><strong>Ca \u2191\u00a0<\/strong><strong><br \/>\r\nKH \u2193 <\/strong>| <strong>&#x2194;<\/strong><\/h2>\r\n<p style=\"text-align: center;\">Reduzca la dosis de ONE-4Reef y dosifique KH+<\/p>\r\n\r\n\t\t<\/div>\n\t\t\t\t\t<\/div>\n\n\t\r\n\n\t<div id=\"col-122053611\" class=\"col medium-3 small-12 large-2\"  >\n\t\t\t\t<div class=\"col-inner\"  >\n\t\t\t\n\t\t\t\r\n\r\n<h2 style=\"text-align: center;\"><strong>Ca \u2191\u00a0<\/strong><strong><br \/>\r\nKH <\/strong><strong>\u2191\u00a0<\/strong><\/h2>\r\n<p style=\"text-align: center;\">Disminuya la dosis de ONE-4Reef<\/p>\r\n\r\n\t\t<\/div>\n\t\t\t\t\t<\/div>\n\n\t\r\n\r\n\n<style>\n#row-126198190 > .col > .col-inner {\n  padding: 8px 4px 1px 4px;\n}\n<\/style>\n<\/div>\r\n\r\n\t\t<\/div>\n\n\t\t\n<style>\n#section_981699115 {\n  padding-top: 30px;\n  padding-bottom: 30px;\n}\n<\/style>\n\t<\/section>\n\t\r\n<div>ONE-4Reef requiere Modern Reef Complete Reef Food y Polypop para completar nuestro sistema de mantenimiento de arrecifes de consumo proporcional. Aprenda c\u00f3mo usarlos con ONE-4Reef utilizando el enlace a continuaci\u00f3n.<\/div>\r\n<div>\u00a0<\/div>\r\n<div>Si tiene alguna pregunta sobre nuestros productos o servicios de Modern Reef, no dude en contactarnos.<\/div>\r\n\r\n\t\t<\/div>\n\t\t\t\t\t<\/div>\n\n\t\r\n\r\n<\/div>\n","protected":false},"excerpt":{"rendered":"<p>ONE-4Reef is a super-concentrated pure organic form of our proportional consumption reef-keeping system in one canister. It contains all necessary trace elements in natural seawater, organic micro-nutrients, and amino acids in one product! Ready to use to maintain a thriving and colorful reef aquarium. Highly concentrated (1L contains 50.160 mg\/l calcium and 7.000 \u00b0dKH\/l). Specially designed to be used with our Reef Keeping System (RKS) but can also be used alone or in aquariums with calcium reactors.<\/p>\n","protected":false},"featured_media":21202,"template":"","meta":[],"product_brand":[],"product_cat":[153],"product_tag":[],"class_list":{"0":"post-11614","1":"product","2":"type-product","3":"status-publish","4":"has-post-thumbnail","6":"product_cat-organic-reef-keeping-system-es","8":"first","9":"instock","10":"taxable","11":"shipping-taxable","12":"purchasable","13":"product-type-simple"},"_links":{"self":[{"href":"https:\/\/modernreef.eu\/es\/wp-json\/wp\/v2\/product\/11614","targetHints":{"allow":["GET"]}}],"collection":[{"href":"https:\/\/modernreef.eu\/es\/wp-json\/wp\/v2\/product"}],"about":[{"href":"https:\/\/modernreef.eu\/es\/wp-json\/wp\/v2\/types\/product"}],"wp:featuredmedia":[{"embeddable":true,"href":"https:\/\/modernreef.eu\/es\/wp-json\/wp\/v2\/media\/21202"}],"wp:attachment":[{"href":"https:\/\/modernreef.eu\/es\/wp-json\/wp\/v2\/media?parent=11614"}],"wp:term":[{"taxonomy":"product_brand","embeddable":true,"href":"https:\/\/modernreef.eu\/es\/wp-json\/wp\/v2\/product_brand?post=11614"},{"taxonomy":"product_cat","embeddable":true,"href":"https:\/\/modernreef.eu\/es\/wp-json\/wp\/v2\/product_cat?post=11614"},{"taxonomy":"product_tag","embeddable":true,"href":"https:\/\/modernreef.eu\/es\/wp-json\/wp\/v2\/product_tag?post=11614"}],"curies":[{"name":"wp","href":"https:\/\/api.w.org\/{rel}","templated":true}]}}