{"id":12776,"date":"2022-08-04T09:50:05","date_gmt":"2022-08-04T07:50:05","guid":{"rendered":"https:\/\/modernreef.eu\/shop\/sin%20categor\u00eda\/professional-reef-salt-25kg-bag-refill-store-use\/"},"modified":"2025-09-16T11:06:19","modified_gmt":"2025-09-16T09:06:19","slug":"professional-reef-salt-30kg-bag-refill-store-use","status":"publish","type":"product","link":"https:\/\/modernreef.eu\/es\/shop\/ultimate-reef-salt-pro-es\/professional-reef-salt-30kg-bag-refill-store-use\/","title":{"rendered":"Professional Reef Salt 30kg Bag Refill\/Store Use"},"content":{"rendered":"<p><span class=\"JsGRdQ\"><strong>Professional Reef Salt 30kg Bag Refill\/Store Use<br \/>\n<\/strong>(30kg bag version)<br \/>\nDise\u00f1ada para cumplir con los requisitos especiales de los arrecifes modernos utilizando sales puras de grado farmac\u00e9utico de r\u00e1pida disoluci\u00f3n. Contiene todos los oligoelementos que se encuentran en el agua de mar natural con un peque\u00f1o ajuste secreto utilizado por Euro Corals durante a\u00f1os. Una sal de arrecife perfectamente equilibrada que promover\u00e1 una mejor calcificaci\u00f3n, crecimiento y coloraci\u00f3n de todos los corales. Ideal para iniciar un nuevo acuario de arrecife, reducir metales pesados \u200b\u200bno deseados o para cambios parciales regulares de agua que ayudan a exportar contaminantes org\u00e1nicos, fenoles, sustancias h\u00famicas y toxicos producidos por algunos corales u otros organismos. Contiene una cantidad acr\u00edtica muy baja de no3 y po4 que reducir\u00e1 la &#8220;conmoci\u00f3n&#8221; con cambios de agua m\u00e1s grandes. Puede utilizarse en sistemas con reactor de calcio, pero est\u00e1 dise\u00f1ado principalmente para m\u00e9todos balling. Siempre comprobado en laboratorio e ICP para control de calidad. Modo de empleo: Siempre agregue la sal al agua, \u00a1nunca el agua a la sal! Agregue 35ml (aproximadamente 38-39g) por litro al agua a alrededor de 24-25\u00b0C. Despu\u00e9s de que este completamente disuelto y transparente, mide la salinidad. Siga agregando peque\u00f1as cantidades de sal si es necesario hasta que alcance 1.026sg (34.50ppt). Par\u00e1metros b\u00e1sicos: Alcalinidad (KH) 7.2-8dKH, Calcio (Ca) 420-440ppm y Magnesio (Mg) 1350-1380ppm.<br \/>\n<\/span><\/p>\n","protected":false},"excerpt":{"rendered":"<p><span class=\"JsGRdQ\">(30kg bag version)<\/span><\/p>\n","protected":false},"featured_media":13053,"template":"","meta":[],"product_brand":[],"product_cat":[87],"product_tag":[],"class_list":{"0":"post-12776","1":"product","2":"type-product","3":"status-publish","4":"has-post-thumbnail","6":"product_cat-ultimate-reef-salt-pro-es","8":"first","9":"instock","10":"taxable","11":"shipping-taxable","12":"purchasable","13":"product-type-simple"},"_links":{"self":[{"href":"https:\/\/modernreef.eu\/es\/wp-json\/wp\/v2\/product\/12776","targetHints":{"allow":["GET"]}}],"collection":[{"href":"https:\/\/modernreef.eu\/es\/wp-json\/wp\/v2\/product"}],"about":[{"href":"https:\/\/modernreef.eu\/es\/wp-json\/wp\/v2\/types\/product"}],"wp:featuredmedia":[{"embeddable":true,"href":"https:\/\/modernreef.eu\/es\/wp-json\/wp\/v2\/media\/13053"}],"wp:attachment":[{"href":"https:\/\/modernreef.eu\/es\/wp-json\/wp\/v2\/media?parent=12776"}],"wp:term":[{"taxonomy":"product_brand","embeddable":true,"href":"https:\/\/modernreef.eu\/es\/wp-json\/wp\/v2\/product_brand?post=12776"},{"taxonomy":"product_cat","embeddable":true,"href":"https:\/\/modernreef.eu\/es\/wp-json\/wp\/v2\/product_cat?post=12776"},{"taxonomy":"product_tag","embeddable":true,"href":"https:\/\/modernreef.eu\/es\/wp-json\/wp\/v2\/product_tag?post=12776"}],"curies":[{"name":"wp","href":"https:\/\/api.w.org\/{rel}","templated":true}]}}