{"id":1285,"date":"2021-01-31T02:35:45","date_gmt":"2021-01-31T01:35:45","guid":{"rendered":"https:\/\/modernreef.eu\/shop\/sin%20categor\u00eda\/modern-reef-all-in-one-reef-keeping-system-4x5l-set\/"},"modified":"2025-12-26T14:41:12","modified_gmt":"2025-12-26T13:41:12","slug":"modern-reef-all-in-one-reef-keeping-system-4x5l-set","status":"publish","type":"product","link":"https:\/\/modernreef.eu\/es\/shop\/all-in-one-reef-keeping-system-es\/modern-reef-all-in-one-reef-keeping-system-4x5l-set\/","title":{"rendered":"Modern Reef All-in-one Reef Keeping System 4x5L Set"},"content":{"rendered":"<p><strong>Set de 4x 5L pimpinas<br \/>\n(Base KH1, Base KH2, Base CAL, Base MAG)<br \/>\n<\/strong><span class=\"JsGRdQ\">Contiene todos los oligoelementos esenciales que se encuentran en el agua de mar natural, micronutrientes org\u00e1nicos e inorg\u00e1nicos y amino\u00e1cidos en un solo producto! Todo lo que necesita para mantener un acuario de arrecife pr\u00f3spero y colorido en una f\u00f3rmula proporcional secreta especial. Desarrollada para potenciar pigmentos rojos, rosados, azules, violetas y especialmente amarillos\/naranjas y extensi\u00f3n extrema de p\u00f3lipos en todo tipo de corales. Dise\u00f1ado para acuarios de arrecife de espectro azulado para una mejor excitaci\u00f3n y estimulaci\u00f3n del color, pero puede usarse en todo tipo de acuarios de arrecifes. Con el espectro blanco y horas de luz correctos, puede aumentar el crecimiento hasta 2x, pero tambi\u00e9n se consumir\u00e1 aproximadamente 1.5-2x. Un sistema de dosificaci\u00f3n de 4 partes iguales por consumo proporcional de KH (@ 7.5-8dKH) para evitar sobredosis. Con el objetivo de facilitar y simplificar el mantenimiento del arrecife profesional y moderno.\u00a0<\/span><\/p>\n<p><strong>Concentraci\u00f3n:<\/strong><br \/>\n10ml x 100 litros aumentan 1dKH<\/p>\n<p><strong>Preparaci\u00f3n:<\/strong><br \/>\nEste producto se puede dosificar a mano, pero se recomienda su uso con una bomba dosificadora, especialmente para acuarios de arrecife predominantemente SPS. Preferiblemente una bomba dosificadora que se pueda calibrar con 4 cabezales. Puede unir la base KH1 y KH2 para que se dosifiquen en una sola bomba si su dosificador solo tiene 3 cabezales, pero tendr\u00e1 que multiplicar la dosis por 2.<\/p>\n<p>Tenga en cuenta los consejos a continuacion para mejorar el rendimiento de la bomba y la dosificaci\u00f3n precisa:<\/p>\n<ul>\n<li>La tuber\u00eda desde los botes hasta los cabezales de las bombas dosificadoras debe tener la misma longitud y tambi\u00e9n desde las bombas hasta su acuario debe tener la misma longitud. Esto har\u00e1 que las bombas tengan algunas condiciones y la calibraci\u00f3n ser\u00e1 m\u00e1s constante entre ellas.<\/li>\n<li>Calibre la bomba dosificadora.<\/li>\n<li>Programe para dosificar partes iguales y d\u00e9 10 minutos entre cada bomba dosificadora. Idealmente, comience con Base KH1, luego Base CAL, luego Base KH2, luego Base MAG con un intervalo de 10-15 minutos entre ellos.<\/li>\n<li>Distribuya la dosis en 24 horas y trate de distribuir la dosis tantas veces como lo permita su bomba dosificadora por d\u00eda.<\/li>\n<\/ul>\n<p><strong>Dosis:<\/strong><br \/>\nSimplemente dosifique partes iguales de cada uno para mantener el KH entre 6.8-8dKH y todo el resto se mantendr\u00e1 proporcionalmente. Las primeras 2 semanas, encuentre el nivel de KH ideal para el espectro de luz de su acuario de arrecife basado en el consumo de calcio. En otras palabras, dosifique partes iguales para mantener el calcio estable entre 380-420ppm y luego pruebe su KH para encontrar su nivel ideal de entre 6.8-8dKH. Intente utilizar el mismo comprobador de KH y mant\u00e9ngalo constante.<\/p>\n<p>Ejemplo 1: Si est\u00e1 dosificando partes iguales de cada uno para mantener KH en 7.5 y su calcio est\u00e1 bajando, aumente su dosis para llegar y mantener KH en 7.7 dKH. Luego verifique el calcio nuevamente. Repita si es necesario. Una vez que encuentre el nivel de KH ideal para su tanque, no necesita analizar el calcio con frecuencia.<\/p>\n<p>Ejemplo 2: Si est\u00e1 dosificando partes iguales de cada uno para mantener KH en 8 y su calcio est\u00e1 subiendo, disminuya la dosis para bajar y manter el KH en 7.8 dKH. Luego verifique el calcio nuevamente. Repita si es necesario. Una vez que encuentre el nivel de KH ideal para su tanque, no necesita analizar el calcio con frecuencia.<\/p>\n<p>Si necesita ayuda, comun\u00edquese con nuestro soporte de WhatsApp MR +491759627777 (24\/7) en cualquier momento.<\/p>\n","protected":false},"excerpt":{"rendered":"<p><strong>Set de 4x 5L pimpinas<br \/>\n(Base KH1, Base KH2, Base CAL, Base MAG)<br \/>\n<\/strong><span class=\"JsGRdQ\">Contiene todos los oligoelementos esenciales que se encuentran en el agua de mar natural, micronutrientes org\u00e1nicos e inorg\u00e1nicos y amino\u00e1cidos en un solo producto! Todo lo que necesita para mantener un acuario de arrecife pr\u00f3spero y colorido en una f\u00f3rmula proporcional secreta especial. Desarrollada para potenciar pigmentos rojos, rosados, azules, violetas y especialmente amarillos\/naranjas y extensi\u00f3n extrema de p\u00f3lipos en todo tipo de corales.<\/span><\/p>\n","protected":false},"featured_media":21212,"template":"","meta":[],"product_brand":[],"product_cat":[71],"product_tag":[],"class_list":{"0":"post-1285","1":"product","2":"type-product","3":"status-publish","4":"has-post-thumbnail","6":"product_cat-all-in-one-reef-keeping-system-es","7":"product_shipping_class-20kg","9":"first","10":"instock","11":"taxable","12":"shipping-taxable","13":"purchasable","14":"product-type-simple"},"_links":{"self":[{"href":"https:\/\/modernreef.eu\/es\/wp-json\/wp\/v2\/product\/1285","targetHints":{"allow":["GET"]}}],"collection":[{"href":"https:\/\/modernreef.eu\/es\/wp-json\/wp\/v2\/product"}],"about":[{"href":"https:\/\/modernreef.eu\/es\/wp-json\/wp\/v2\/types\/product"}],"wp:featuredmedia":[{"embeddable":true,"href":"https:\/\/modernreef.eu\/es\/wp-json\/wp\/v2\/media\/21212"}],"wp:attachment":[{"href":"https:\/\/modernreef.eu\/es\/wp-json\/wp\/v2\/media?parent=1285"}],"wp:term":[{"taxonomy":"product_brand","embeddable":true,"href":"https:\/\/modernreef.eu\/es\/wp-json\/wp\/v2\/product_brand?post=1285"},{"taxonomy":"product_cat","embeddable":true,"href":"https:\/\/modernreef.eu\/es\/wp-json\/wp\/v2\/product_cat?post=1285"},{"taxonomy":"product_tag","embeddable":true,"href":"https:\/\/modernreef.eu\/es\/wp-json\/wp\/v2\/product_tag?post=1285"}],"curies":[{"name":"wp","href":"https:\/\/api.w.org\/{rel}","templated":true}]}}