{"id":14793,"date":"2023-01-15T19:09:09","date_gmt":"2023-01-15T18:09:09","guid":{"rendered":"https:\/\/modernreef.eu\/shop\/sin%20categor\u00eda\/p-po4-remover-lanthanum-base-mix-1000ml\/"},"modified":"2023-01-15T19:27:33","modified_gmt":"2023-01-15T18:27:33","slug":"p-po4-remover-1000ml","status":"publish","type":"product","link":"https:\/\/modernreef.eu\/es\/shop\/c-n-p-mix-es\/p-po4-remover-1000ml\/","title":{"rendered":"P- (Po4 Remover) 1000ml"},"content":{"rendered":"<p>Mezcla de gran eficacia a base de lantano que fija r\u00e1pidamente los fosfatos y los elimina del agua. \u00a1Elimina el fosfato extremadamente r\u00e1pido!<\/p>\n<p><strong>Indicaciones:<\/strong> 1 ml de P- en 100 litros reducir\u00e1 el fosfato por 0.1 mg\/l. Comience dosificando 0.1-0.25 ml por cada 100 litros. \u00a1No reduzca la concentraci\u00f3n de fosfato por m\u00e1s de 0.01-0.025 mg\/l por d\u00eda! P- es m\u00e1s efectivo en acuarios de arrecife con un buen skimmer. Controle el nivel de alcalinidad; puede disminuir un poco. El lugar ideal para la dosificaci\u00f3n ser\u00eda al principio del sumidero o antes del skimmer. Recomendamos mantener un nivel de fosfato no inferior a 0.02 mg\/l.<\/p>\n<p><strong>Consejo:<\/strong> Aplicar P- diluido en \u00f3smosis con una bomba dosificadora para repartir la dosis diaria ser\u00eda \u00f3ptimo para evitar cambios r\u00e1pidos en el fosfato que pueden causar problemas.<\/p>\n<p><strong>\u00a1IMPORTANTE!<\/strong> P- puede afectar a los platelmintos existentes de los g\u00e9neros Waminoa, Concolutriloba y los que afectan a las Acroporas. Si est\u00e1n presentes, elimine tantos platelmintos como sea posible para minimizar la liberaci\u00f3n de toxinas de los gusanos remolinos.<\/p>\n","protected":false},"excerpt":{"rendered":"<p>Mezcla de gran eficacia a base de lantano que fija r\u00e1pidamente los fosfatos y los elimina del agua. \u00a1Elimina el fosfato extremadamente r\u00e1pido! Indicaciones: 1 ml de P- en 100 litros reducir\u00e1 el fosfato por 0.1 mg\/l. Comience dosificando 0.1-0.25 ml por cada 100 litros. \u00a1No reduzca la concentraci\u00f3n de fosfato por m\u00e1s de 0.01-0.025 [&#8230;]\n","protected":false},"featured_media":21137,"template":"","meta":[],"product_brand":[],"product_cat":[95,103],"product_tag":[],"class_list":{"0":"post-14793","1":"product","2":"type-product","3":"status-publish","4":"has-post-thumbnail","6":"product_cat-c-n-p-mix-es","7":"product_cat-problem-solving-es","9":"first","10":"instock","11":"taxable","12":"shipping-taxable","13":"purchasable","14":"product-type-simple"},"_links":{"self":[{"href":"https:\/\/modernreef.eu\/es\/wp-json\/wp\/v2\/product\/14793","targetHints":{"allow":["GET"]}}],"collection":[{"href":"https:\/\/modernreef.eu\/es\/wp-json\/wp\/v2\/product"}],"about":[{"href":"https:\/\/modernreef.eu\/es\/wp-json\/wp\/v2\/types\/product"}],"wp:featuredmedia":[{"embeddable":true,"href":"https:\/\/modernreef.eu\/es\/wp-json\/wp\/v2\/media\/21137"}],"wp:attachment":[{"href":"https:\/\/modernreef.eu\/es\/wp-json\/wp\/v2\/media?parent=14793"}],"wp:term":[{"taxonomy":"product_brand","embeddable":true,"href":"https:\/\/modernreef.eu\/es\/wp-json\/wp\/v2\/product_brand?post=14793"},{"taxonomy":"product_cat","embeddable":true,"href":"https:\/\/modernreef.eu\/es\/wp-json\/wp\/v2\/product_cat?post=14793"},{"taxonomy":"product_tag","embeddable":true,"href":"https:\/\/modernreef.eu\/es\/wp-json\/wp\/v2\/product_tag?post=14793"}],"curies":[{"name":"wp","href":"https:\/\/api.w.org\/{rel}","templated":true}]}}