{"id":14798,"date":"2023-01-15T19:53:36","date_gmt":"2023-01-15T18:53:36","guid":{"rendered":"https:\/\/modernreef.eu\/shop\/sin%20categor\u00eda\/biodiversity-1000ml\/"},"modified":"2023-01-15T19:57:36","modified_gmt":"2023-01-15T18:57:36","slug":"biodiversity-1000ml","status":"publish","type":"product","link":"https:\/\/modernreef.eu\/es\/shop\/bacterias-y-ciclado\/biodiversity-1000ml\/","title":{"rendered":"BIODiversity 1000ml"},"content":{"rendered":"<p>La biodiversidad de microorganismos en los acuarios de arrecife es fundamental; act\u00faan como micro ej\u00e9rcitos para competir y alimentarse de plagas comunes como dinoflagelados, cianobacterias y otras pestes problem\u00e1ticas de forma 100% natural. Modern Reef BIODiversity diversifica y reactiva la micro fauna desde bacterias hasta filtradores y cop\u00e9podos para competir y alimentarse de plagas no deseadas que pueden apoderarse de su acuario de arrecife. Proporciona diversas cepas de bacterias marinas, microorganismos, minerales y nutrientes en una soluci\u00f3n biodise\u00f1ada en laboratorio. Modern Reef BIODiversity beneficia indirectamente a sus corales mediante la creaci\u00f3n de un entorno de arrecife microbiano diversificado que promover\u00e1 a los cop\u00e9podos y filtradores para un sistema inmunol\u00f3gico de arrecife m\u00e1s sano.<\/p>\n<p><strong>Indicaciones:<\/strong> Agite vigorosamente y dosifique en \u00e1rea de alto flujo. El agua turbia despu\u00e9s de la dosificaci\u00f3n es normal.<\/p>\n<p><strong>Acuarios nuevos:<\/strong> A\u00f1adir 50 ml por cada 100 litros, preferiblemente despu\u00e9s de a\u00f1adir cop\u00e9podos vivos. Repita una vez despu\u00e9s de una semana.<\/p>\n<p><strong>Modo mantenimiento:<\/strong> A\u00f1adir 10ml por cada 100 litros una o dos veces por semana. Funciona mejor cuando se dosifica mientras se agrega cop\u00e9podos a su arrecife para resolver un problema de plagas.<\/p>\n","protected":false},"excerpt":{"rendered":"<p>La biodiversidad de microorganismos en los acuarios de arrecife es fundamental; act\u00faan como micro ej\u00e9rcitos para competir y alimentarse de plagas comunes como dinoflagelados, cianobacterias y otras pestes problem\u00e1ticas de forma 100% natural. Modern Reef BIODiversity diversifica y reactiva la micro fauna desde bacterias hasta filtradores y cop\u00e9podos para competir y alimentarse de plagas no [&#8230;]\n","protected":false},"featured_media":21082,"template":"","meta":[],"product_brand":[],"product_cat":[157,103],"product_tag":[],"class_list":{"0":"post-14798","1":"product","2":"type-product","3":"status-publish","4":"has-post-thumbnail","6":"product_cat-bacterias-y-ciclado","7":"product_cat-problem-solving-es","9":"first","10":"instock","11":"taxable","12":"shipping-taxable","13":"purchasable","14":"product-type-simple"},"_links":{"self":[{"href":"https:\/\/modernreef.eu\/es\/wp-json\/wp\/v2\/product\/14798","targetHints":{"allow":["GET"]}}],"collection":[{"href":"https:\/\/modernreef.eu\/es\/wp-json\/wp\/v2\/product"}],"about":[{"href":"https:\/\/modernreef.eu\/es\/wp-json\/wp\/v2\/types\/product"}],"wp:featuredmedia":[{"embeddable":true,"href":"https:\/\/modernreef.eu\/es\/wp-json\/wp\/v2\/media\/21082"}],"wp:attachment":[{"href":"https:\/\/modernreef.eu\/es\/wp-json\/wp\/v2\/media?parent=14798"}],"wp:term":[{"taxonomy":"product_brand","embeddable":true,"href":"https:\/\/modernreef.eu\/es\/wp-json\/wp\/v2\/product_brand?post=14798"},{"taxonomy":"product_cat","embeddable":true,"href":"https:\/\/modernreef.eu\/es\/wp-json\/wp\/v2\/product_cat?post=14798"},{"taxonomy":"product_tag","embeddable":true,"href":"https:\/\/modernreef.eu\/es\/wp-json\/wp\/v2\/product_tag?post=14798"}],"curies":[{"name":"wp","href":"https:\/\/api.w.org\/{rel}","templated":true}]}}