{"id":15860,"date":"2023-03-09T11:13:52","date_gmt":"2023-03-09T10:13:53","guid":{"rendered":"https:\/\/modernreef.eu\/?post_type=product&#038;p=15860"},"modified":"2023-05-08T18:03:17","modified_gmt":"2023-05-08T16:03:17","slug":"ammomix-200ml-copy","status":"publish","type":"product","link":"https:\/\/modernreef.eu\/es\/shop\/bacterias-y-ciclado\/ammomix-200ml-copy\/","title":{"rendered":"AmmoMix 100ml"},"content":{"rendered":"<p class=\"_04xlpA direction-ltr align-start para-style-body\"><span class=\"S1PPyQ\">AmmoMix es una mezcla \u00fanica de cloruro de amonio que se utiliza para iniciar el ciclo sin peces y la filtraci\u00f3n biol\u00f3gica en acuarios nuevos con roca seca.<\/span><\/p>\n<p class=\"_04xlpA direction-ltr align-start para-style-body\"><span class=\"S1PPyQ\"><strong>C\u00f3mo usar:<\/strong><br \/>\n<\/span><span class=\"S1PPyQ\">Agregue 1 gota por 1 litro, luego aplique <\/span><span class=\"S1PPyQ\">Modern Reef Nitri-Bac<\/span><span class=\"S1PPyQ\"> para agregar las bacterias nitrificantes. Repita despu\u00e9s de 3 d\u00edas 3 veces o hasta que alcance una lectura de 2 ppm NH3 (amonio). \u00a1No exceda los 2 ppm de amonio NH3! Puede seguir agregando <\/span><span class=\"S1PPyQ\">Modern Reef Nitri-Back<\/span><span class=\"S1PPyQ\"> hasta que el nitrito (NO2) comience a acumularse. Si el pH cae por debajo de 7 durante el proceso de ciclo, realice un cambio de agua del 25 % tomando el agua de la parte superior de la columna de agua. El proceso puede tardar entre 2 y 4 semanas. Una vez que el amonio (NH3) y el nitrito (NO2) son indetectables, el proceso de ciclado es completo y puede agregar pescado.<\/span><\/p>\n","protected":false},"excerpt":{"rendered":"<p>AmmoMix es una mezcla \u00fanica de cloruro de amonio que se utiliza para iniciar el ciclo sin peces y la filtraci\u00f3n biol\u00f3gica en acuarios nuevos con roca seca. C\u00f3mo usar: Agregue 1 gota por 1 litro, luego aplique Modern Reef Nitri-Bac para agregar las bacterias nitrificantes. Repita despu\u00e9s de 3 d\u00edas 3 veces o hasta [&#8230;]\n","protected":false},"featured_media":21072,"template":"","meta":[],"product_brand":[],"product_cat":[157],"product_tag":[],"class_list":{"0":"post-15860","1":"product","2":"type-product","3":"status-publish","4":"has-post-thumbnail","6":"product_cat-bacterias-y-ciclado","8":"first","9":"instock","10":"taxable","11":"shipping-taxable","12":"purchasable","13":"product-type-simple"},"_links":{"self":[{"href":"https:\/\/modernreef.eu\/es\/wp-json\/wp\/v2\/product\/15860","targetHints":{"allow":["GET"]}}],"collection":[{"href":"https:\/\/modernreef.eu\/es\/wp-json\/wp\/v2\/product"}],"about":[{"href":"https:\/\/modernreef.eu\/es\/wp-json\/wp\/v2\/types\/product"}],"wp:featuredmedia":[{"embeddable":true,"href":"https:\/\/modernreef.eu\/es\/wp-json\/wp\/v2\/media\/21072"}],"wp:attachment":[{"href":"https:\/\/modernreef.eu\/es\/wp-json\/wp\/v2\/media?parent=15860"}],"wp:term":[{"taxonomy":"product_brand","embeddable":true,"href":"https:\/\/modernreef.eu\/es\/wp-json\/wp\/v2\/product_brand?post=15860"},{"taxonomy":"product_cat","embeddable":true,"href":"https:\/\/modernreef.eu\/es\/wp-json\/wp\/v2\/product_cat?post=15860"},{"taxonomy":"product_tag","embeddable":true,"href":"https:\/\/modernreef.eu\/es\/wp-json\/wp\/v2\/product_tag?post=15860"}],"curies":[{"name":"wp","href":"https:\/\/api.w.org\/{rel}","templated":true}]}}