{"id":2737,"date":"2021-08-11T21:23:15","date_gmt":"2021-08-11T19:23:15","guid":{"rendered":"https:\/\/modernreef.eu\/?post_type=product&#038;p=2737"},"modified":"2025-07-25T11:35:48","modified_gmt":"2025-07-25T09:35:48","slug":"bioclear-250ml","status":"publish","type":"product","link":"https:\/\/modernreef.eu\/es\/shop\/problem-solving-es\/bioclear-250ml\/","title":{"rendered":"BIOClear 250ml"},"content":{"rendered":"<p class=\"cvGsUA direction-ltr align-start para-style-body\"><span class=\"OYPEnA font-feature-liga-off font-feature-clig-off font-feature-calt-off text-decoration-none text-strikethrough-none\">BIOClear ayudar\u00e1 a mejorar la claridad del agua y ayudar\u00e1 a limpiar los detritos o cualquier otro residuo org\u00e1nico y lodo. Su combinaci\u00f3n \u00fanica de extracto de algas y combustible bacteriano promueve un equilibrio enzim\u00e1tico ideal, lo que favorece el crecimiento de bacterias beneficiosas. Como efecto secundario, esto tambi\u00e9n puede reducir el crecimiento de cianobacterias y promover un equilibrio enzim\u00e1tico ideal. <\/span><span class=\"OYPEnA font-feature-liga-off font-feature-clig-off font-feature-calt-off text-decoration-none text-strikethrough-none\">\u00a1BIOClear requiere <strong>BIObac y Nitri-Bac<\/strong> para funcionar de manera eficiente! <\/span><\/p>\n<p class=\"cvGsUA direction-ltr align-start para-style-body\"><strong><span class=\"OYPEnA font-feature-liga-off font-feature-clig-off font-feature-calt-off text-decoration-none text-strikethrough-none\">Dosis:<\/span> <em><span class=\"OYPEnA font-feature-liga-off font-feature-clig-off font-feature-calt-off text-decoration-none text-strikethrough-none\">\u00a1IMPORTANTE! <\/span><span class=\"OYPEnA font-feature-liga-off font-feature-clig-off font-feature-calt-off text-decoration-none text-strikethrough-none\">Controle el ox\u00edgeno y pH durante el tratamiento. Sugerimos apuntar las bombas de circulaci\u00f3n a la superficie. <\/span><span class=\"OYPEnA font-feature-liga-off font-feature-clig-off font-feature-calt-off text-decoration-none text-strikethrough-none\">\u00a1Aseg\u00farese de que su acuario tenga un FUERTE movimiento en la superficie del agua para mejorar el intercambio de gases un d\u00eda antes del tratamiento!<\/span><\/em><\/strong><span class=\"OYPEnA font-feature-liga-off font-feature-clig-off font-feature-calt-off text-decoration-none text-strikethrough-none\"> Apague o retire el filtrado de carb\u00f3n, UV, skimmer (\u00a1apague completamente!) y ozono. Dosificar 10\u202fml por cada 100\u202fL.<\/span><\/p>\n<p class=\"cvGsUA direction-ltr align-start para-style-body\"><span class=\"OYPEnA font-feature-liga-off font-feature-clig-off font-feature-calt-off text-decoration-none text-strikethrough-none\"><strong>Despu\u00e9s de 48 horas<\/strong>, encienda\/reanude el skimmer y todos los dem\u00e1s. luego dosifique <\/span><span class=\"OYPEnA font-feature-liga-off font-feature-clig-off font-feature-calt-off text-decoration-none text-strikethrough-none\">BIOBac y Niti-Bac<\/span><span class=\"OYPEnA font-feature-liga-off font-feature-clig-off font-feature-calt-off text-decoration-none text-strikethrough-none\">. El desnatado excesivo del skimmer es normal despu\u00e9s del tratamiento; reduzca el desnatado y vac\u00ede\/limpie la taza con regularidad. Repita semanal-mente hasta que el acuario est\u00e9 limpio.<\/span><\/p>\n","protected":false},"excerpt":{"rendered":"<p>BIOClear will help improve your water clarity and assist in cleaning detritus or any other organic debris and sludge.<\/p>\n","protected":false},"featured_media":37465,"template":"","meta":[],"product_brand":[],"product_cat":[103],"product_tag":[],"class_list":{"0":"post-2737","1":"product","2":"type-product","3":"status-publish","4":"has-post-thumbnail","6":"product_cat-problem-solving-es","8":"first","9":"instock","10":"taxable","11":"shipping-taxable","12":"purchasable","13":"product-type-simple"},"_links":{"self":[{"href":"https:\/\/modernreef.eu\/es\/wp-json\/wp\/v2\/product\/2737","targetHints":{"allow":["GET"]}}],"collection":[{"href":"https:\/\/modernreef.eu\/es\/wp-json\/wp\/v2\/product"}],"about":[{"href":"https:\/\/modernreef.eu\/es\/wp-json\/wp\/v2\/types\/product"}],"wp:featuredmedia":[{"embeddable":true,"href":"https:\/\/modernreef.eu\/es\/wp-json\/wp\/v2\/media\/37465"}],"wp:attachment":[{"href":"https:\/\/modernreef.eu\/es\/wp-json\/wp\/v2\/media?parent=2737"}],"wp:term":[{"taxonomy":"product_brand","embeddable":true,"href":"https:\/\/modernreef.eu\/es\/wp-json\/wp\/v2\/product_brand?post=2737"},{"taxonomy":"product_cat","embeddable":true,"href":"https:\/\/modernreef.eu\/es\/wp-json\/wp\/v2\/product_cat?post=2737"},{"taxonomy":"product_tag","embeddable":true,"href":"https:\/\/modernreef.eu\/es\/wp-json\/wp\/v2\/product_tag?post=2737"}],"curies":[{"name":"wp","href":"https:\/\/api.w.org\/{rel}","templated":true}]}}