{"id":27394,"date":"2024-05-03T15:43:33","date_gmt":"2024-05-03T13:43:33","guid":{"rendered":"https:\/\/modernreef.eu\/shop\/sin%20categor\u00eda\/reef-feast-granules-m-130g\/"},"modified":"2024-05-15T17:24:56","modified_gmt":"2024-05-15T15:24:56","slug":"reef-feast-granules-m-150g","status":"publish","type":"product","link":"https:\/\/modernreef.eu\/es\/shop\/all-in-one-reef-food-polypop-es\/reef-feast-granules-m-150g\/","title":{"rendered":"Reef Feast Granules M 150g"},"content":{"rendered":"<p class=\"cvGsUA direction-ltr align-start para-style-body\"><span class=\"OYPEnA text-decoration-none text-strikethrough-none\">Un alimento completo granulado todo en uno para peces de arrecife, corales LPS e invertebrados. Elaborado exclusivamente con ingredientes marinos, algas y aceite de pescado. Apoya la vitalidad, la energ\u00eda, el sistema inmunol\u00f3gico y la coloraci\u00f3n de peces, corales e invertidos. Est\u00e1 especialmente dise\u00f1ado para reducir la contaminaci\u00f3n por amon\u00edaco y otros productos de descomposici\u00f3n. El alimento todo en uno perfecto y equilibrado para todos los habitantes de su acuario de arrecife.<\/span><\/p>\n<p class=\"cvGsUA direction-ltr align-start para-style-body\"><span class=\"OYPEnA text-decoration-none text-strikethrough-none\"><strong>Alimentaci\u00f3n:<\/strong><br \/>\n<\/span><span class=\"OYPEnA text-decoration-none text-strikethrough-none\">Agregue 2-3 veces al d\u00eda tanto como el pes pueda comer en un per\u00edodo corto.<\/span><\/p>\n<p class=\"cvGsUA direction-ltr align-start para-style-body\"><span class=\"OYPEnA text-decoration-none text-strikethrough-none\"><strong>Tama\u00f1o:<\/strong><br \/>\n<\/span><span class=\"OYPEnA text-decoration-none text-strikethrough-none\">Granulado 1.25-1.5 mm<\/span><\/p>\n","protected":false},"excerpt":{"rendered":"<p>Un alimento completo granulado todo en uno para peces de arrecife, corales LPS e invertebrados. Elaborado exclusivamente con ingredientes marinos, algas y aceite de pescado. Apoya la vitalidad, la energ\u00eda, el sistema inmunol\u00f3gico y la coloraci\u00f3n de peces, corales e invertidos. Est\u00e1 especialmente dise\u00f1ado para reducir la contaminaci\u00f3n por amon\u00edaco y otros productos de descomposici\u00f3n. [&#8230;]\n","protected":false},"featured_media":27366,"template":"","meta":[],"product_brand":[],"product_cat":[91],"product_tag":[],"class_list":{"0":"post-27394","1":"product","2":"type-product","3":"status-publish","4":"has-post-thumbnail","6":"product_cat-all-in-one-reef-food-polypop-es","8":"first","9":"instock","10":"taxable","11":"shipping-taxable","12":"purchasable","13":"product-type-simple"},"_links":{"self":[{"href":"https:\/\/modernreef.eu\/es\/wp-json\/wp\/v2\/product\/27394","targetHints":{"allow":["GET"]}}],"collection":[{"href":"https:\/\/modernreef.eu\/es\/wp-json\/wp\/v2\/product"}],"about":[{"href":"https:\/\/modernreef.eu\/es\/wp-json\/wp\/v2\/types\/product"}],"wp:featuredmedia":[{"embeddable":true,"href":"https:\/\/modernreef.eu\/es\/wp-json\/wp\/v2\/media\/27366"}],"wp:attachment":[{"href":"https:\/\/modernreef.eu\/es\/wp-json\/wp\/v2\/media?parent=27394"}],"wp:term":[{"taxonomy":"product_brand","embeddable":true,"href":"https:\/\/modernreef.eu\/es\/wp-json\/wp\/v2\/product_brand?post=27394"},{"taxonomy":"product_cat","embeddable":true,"href":"https:\/\/modernreef.eu\/es\/wp-json\/wp\/v2\/product_cat?post=27394"},{"taxonomy":"product_tag","embeddable":true,"href":"https:\/\/modernreef.eu\/es\/wp-json\/wp\/v2\/product_tag?post=27394"}],"curies":[{"name":"wp","href":"https:\/\/api.w.org\/{rel}","templated":true}]}}