{"id":27409,"date":"2024-05-03T23:11:28","date_gmt":"2024-05-03T21:11:28","guid":{"rendered":"https:\/\/modernreef.eu\/?post_type=product&#038;p=27409"},"modified":"2024-05-03T23:41:17","modified_gmt":"2024-05-03T21:41:17","slug":"reef-feast-granules-s-65g","status":"publish","type":"product","link":"https:\/\/modernreef.eu\/es\/shop\/all-in-one-reef-food-polypop-es\/reef-feast-granules-s-65g\/","title":{"rendered":"Reef Feast Granules S 65g"},"content":{"rendered":"<p>Un alimento completo granulado todo en uno para peces de arrecife, corales LPS e invertebrados. Elaborado exclusivamente con ingredientes marinos, algas y aceite de pescado. Apoya la vitalidad, la energ\u00eda, el sistema inmunol\u00f3gico y la coloraci\u00f3n de peces, corales e invertidos. Est\u00e1 especialmente dise\u00f1ado para reducir la contaminaci\u00f3n por amon\u00edaco y otros productos de descomposici\u00f3n. El alimento todo en uno perfecto y equilibrado para todos los habitantes de su acuario de arrecife.<\/p>\n<p><strong>Alimentaci\u00f3n:<\/strong><br \/>\nAgregue 2-3 veces al d\u00eda tanto como el pes pueda comer en un per\u00edodo corto.<\/p>\n<p><strong>Tama\u00f1o:<\/strong><br \/>\nGranulado 0.75-1 mm<\/p>\n<p>&nbsp;<\/p>\n<p>&nbsp;<\/p>\n","protected":false},"excerpt":{"rendered":"<p>Un alimento completo granulado todo en uno para peces de arrecife, corales LPS e invertebrados. Elaborado exclusivamente con ingredientes marinos, algas y aceite de pescado. Apoya la vitalidad, la energ\u00eda, el sistema inmunol\u00f3gico y la coloraci\u00f3n de peces, corales e invertidos. Est\u00e1 especialmente dise\u00f1ado para reducir la contaminaci\u00f3n por amon\u00edaco y otros productos de descomposici\u00f3n. [&#8230;]\n","protected":false},"featured_media":27371,"template":"","meta":[],"product_brand":[],"product_cat":[91],"product_tag":[],"class_list":{"0":"post-27409","1":"product","2":"type-product","3":"status-publish","4":"has-post-thumbnail","6":"product_cat-all-in-one-reef-food-polypop-es","8":"first","9":"instock","10":"taxable","11":"shipping-taxable","12":"purchasable","13":"product-type-simple"},"_links":{"self":[{"href":"https:\/\/modernreef.eu\/es\/wp-json\/wp\/v2\/product\/27409","targetHints":{"allow":["GET"]}}],"collection":[{"href":"https:\/\/modernreef.eu\/es\/wp-json\/wp\/v2\/product"}],"about":[{"href":"https:\/\/modernreef.eu\/es\/wp-json\/wp\/v2\/types\/product"}],"wp:featuredmedia":[{"embeddable":true,"href":"https:\/\/modernreef.eu\/es\/wp-json\/wp\/v2\/media\/27371"}],"wp:attachment":[{"href":"https:\/\/modernreef.eu\/es\/wp-json\/wp\/v2\/media?parent=27409"}],"wp:term":[{"taxonomy":"product_brand","embeddable":true,"href":"https:\/\/modernreef.eu\/es\/wp-json\/wp\/v2\/product_brand?post=27409"},{"taxonomy":"product_cat","embeddable":true,"href":"https:\/\/modernreef.eu\/es\/wp-json\/wp\/v2\/product_cat?post=27409"},{"taxonomy":"product_tag","embeddable":true,"href":"https:\/\/modernreef.eu\/es\/wp-json\/wp\/v2\/product_tag?post=27409"}],"curies":[{"name":"wp","href":"https:\/\/api.w.org\/{rel}","templated":true}]}}