{"id":27419,"date":"2024-05-03T23:29:20","date_gmt":"2024-05-03T21:29:20","guid":{"rendered":"https:\/\/modernreef.eu\/?post_type=product&#038;p=27419"},"modified":"2024-05-03T23:42:26","modified_gmt":"2024-05-03T21:42:26","slug":"bioactivator-100ml","status":"publish","type":"product","link":"https:\/\/modernreef.eu\/es\/shop\/bacterias-y-ciclado\/bioactivator-100ml\/","title":{"rendered":"BIOActivator 100ml"},"content":{"rendered":"<p>BIOactivator es un estimulante biol\u00f3gico todo en uno a base de enzimas y alimento para bacterias para promover la microbiolog\u00eda en acuarios de arrecife. Mejora la claridad del agua, retiene el exceso de nutrientes y otros contaminantes, promueve la microbiolog\u00eda marina, mejora el rendimiento del skimmer y amplifica el efecto de la dosificaci\u00f3n de bacterias. BIOactivator activa un entorno de ecosistema de arrecife que ayudar\u00e1 a mejorar el sistema inmunol\u00f3gico natural del acuario. Lo que mejora el crecimiento y la coloraci\u00f3n de los corales, as\u00ed como rocas y arena m\u00e1s limpias.<\/p>\n<p><strong>Dosis:<\/strong><br \/>\n1 cucharilla dosificadora (incluida) por cada 100 litros, 1 o 2 veces semanal. Disolver por separado en 500 ml de agua de acuario y dejarla reposar durante 3 a 6 horas. Alternativamente, puedes agregar BIOdiversity y BIOBac a la mezcla. Una vez dosificado, dejar que se mezcle en el acuario durante unos 10-20 segundos, luego detener las bombas de circulaci\u00f3n durante 15-30 minutos. Detenga equipos como filtracion UV, ozono y skimmer durante 2 horas.<\/p>\n","protected":false},"excerpt":{"rendered":"<p>BIOactivator es un estimulante biol\u00f3gico todo en uno a base de enzimas y alimento para bacterias para promover la microbiolog\u00eda en acuarios de arrecife. Mejora la claridad del agua, retiene el exceso de nutrientes y otros contaminantes, promueve la microbiolog\u00eda marina, mejora el rendimiento del skimmer y amplifica el efecto de la dosificaci\u00f3n de bacterias. [&#8230;]\n","protected":false},"featured_media":27306,"template":"","meta":[],"product_brand":[],"product_cat":[157,103],"product_tag":[],"class_list":{"0":"post-27419","1":"product","2":"type-product","3":"status-publish","4":"has-post-thumbnail","6":"product_cat-bacterias-y-ciclado","7":"product_cat-problem-solving-es","9":"first","10":"instock","11":"taxable","12":"shipping-taxable","13":"purchasable","14":"product-type-simple"},"_links":{"self":[{"href":"https:\/\/modernreef.eu\/es\/wp-json\/wp\/v2\/product\/27419","targetHints":{"allow":["GET"]}}],"collection":[{"href":"https:\/\/modernreef.eu\/es\/wp-json\/wp\/v2\/product"}],"about":[{"href":"https:\/\/modernreef.eu\/es\/wp-json\/wp\/v2\/types\/product"}],"wp:featuredmedia":[{"embeddable":true,"href":"https:\/\/modernreef.eu\/es\/wp-json\/wp\/v2\/media\/27306"}],"wp:attachment":[{"href":"https:\/\/modernreef.eu\/es\/wp-json\/wp\/v2\/media?parent=27419"}],"wp:term":[{"taxonomy":"product_brand","embeddable":true,"href":"https:\/\/modernreef.eu\/es\/wp-json\/wp\/v2\/product_brand?post=27419"},{"taxonomy":"product_cat","embeddable":true,"href":"https:\/\/modernreef.eu\/es\/wp-json\/wp\/v2\/product_cat?post=27419"},{"taxonomy":"product_tag","embeddable":true,"href":"https:\/\/modernreef.eu\/es\/wp-json\/wp\/v2\/product_tag?post=27419"}],"curies":[{"name":"wp","href":"https:\/\/api.w.org\/{rel}","templated":true}]}}