{"id":27429,"date":"2024-05-03T23:48:19","date_gmt":"2024-05-03T21:48:19","guid":{"rendered":"https:\/\/modernreef.eu\/shop\/sin%20categor\u00eda\/biobac-bacterial-blend-250ml\/"},"modified":"2024-11-14T11:15:39","modified_gmt":"2024-11-14T10:15:39","slug":"biobac-blend-250ml","status":"publish","type":"product","link":"https:\/\/modernreef.eu\/es\/shop\/bacterias-y-ciclado\/biobac-blend-250ml\/","title":{"rendered":"BIOBac Blend 250ml"},"content":{"rendered":"<p>BIOBac es una mezcla bacteriana sint\u00e9tica de espectro completo que incluye bacterias probi\u00f3ticas, nitrificantes y moradas. Esta dise\u00f1ado para ayudar en el proceso de nitrificaci\u00f3n y la descomposici\u00f3n del amon\u00edaco t\u00f3xico y el sulfato de hidr\u00f3geno. BIOBac elimina los malos olores, mejora la claridad del agua, ayuda a limpiar el sustrato y las rocas, y ayuda a reducir los dep\u00f3sitos de ditritos y el exceso de nutrientes.<\/p>\n<p><strong>Dosis:<\/strong><br \/>\nAgitar vigorosamente y a\u00f1adir 1 ml por cada 100 litros, 1 o 2 veces semanal. Detenga equipos como UV, ozono y skimmer durante 2 horas. Se puede utilizar con BIOActivator y BIODiversity juntos. Lea sobre esto en la gu\u00eda de BIOActivator. Tambi\u00e9n se puede utilizar en el primer ciclo para iniciar el proceso de filtraci\u00f3n biol\u00f3gica con Nitri-Bac. No requiere refrigeraci\u00f3n.<\/p>\n","protected":false},"excerpt":{"rendered":"<p>BIOBac es una mezcla bacteriana sint\u00e9tica de espectro completo que incluye bacterias probi\u00f3ticas, nitrificantes y moradas. Esta dise\u00f1ado para ayudar en el proceso de nitrificaci\u00f3n y la descomposici\u00f3n del amon\u00edaco t\u00f3xico y el sulfato de hidr\u00f3geno. BIOBac elimina los malos olores, mejora la claridad del agua, ayuda a limpiar el sustrato y las rocas, y [&#8230;]\n","protected":false},"featured_media":27321,"template":"","meta":[],"product_brand":[],"product_cat":[157,103],"product_tag":[],"class_list":{"0":"post-27429","1":"product","2":"type-product","3":"status-publish","4":"has-post-thumbnail","6":"product_cat-bacterias-y-ciclado","7":"product_cat-problem-solving-es","9":"first","10":"instock","11":"taxable","12":"shipping-taxable","13":"purchasable","14":"product-type-simple"},"_links":{"self":[{"href":"https:\/\/modernreef.eu\/es\/wp-json\/wp\/v2\/product\/27429","targetHints":{"allow":["GET"]}}],"collection":[{"href":"https:\/\/modernreef.eu\/es\/wp-json\/wp\/v2\/product"}],"about":[{"href":"https:\/\/modernreef.eu\/es\/wp-json\/wp\/v2\/types\/product"}],"wp:featuredmedia":[{"embeddable":true,"href":"https:\/\/modernreef.eu\/es\/wp-json\/wp\/v2\/media\/27321"}],"wp:attachment":[{"href":"https:\/\/modernreef.eu\/es\/wp-json\/wp\/v2\/media?parent=27429"}],"wp:term":[{"taxonomy":"product_brand","embeddable":true,"href":"https:\/\/modernreef.eu\/es\/wp-json\/wp\/v2\/product_brand?post=27429"},{"taxonomy":"product_cat","embeddable":true,"href":"https:\/\/modernreef.eu\/es\/wp-json\/wp\/v2\/product_cat?post=27429"},{"taxonomy":"product_tag","embeddable":true,"href":"https:\/\/modernreef.eu\/es\/wp-json\/wp\/v2\/product_tag?post=27429"}],"curies":[{"name":"wp","href":"https:\/\/api.w.org\/{rel}","templated":true}]}}