{"id":27447,"date":"2024-05-04T00:28:45","date_gmt":"2024-05-03T22:28:45","guid":{"rendered":"https:\/\/modernreef.eu\/?post_type=product&#038;p=27447"},"modified":"2024-05-04T00:32:06","modified_gmt":"2024-05-03T22:32:06","slug":"bioreef-snow-500ml","status":"publish","type":"product","link":"https:\/\/modernreef.eu\/es\/shop\/problem-solving-es\/bioreef-snow-500ml\/","title":{"rendered":"BIOReef-Snow 500ml"},"content":{"rendered":"<p>\u00a1Una mezcla \u00fanica de diferentes compuestos floculantes y vitalizadores de esponjas en un solo producto! BIOReef-Snow neutraliza los \u00e1cidos indeseables y es una soluci\u00f3n contra dinoflagelados, algas limosas y cianobacterias. Se une a contaminantes org\u00e1nicos no deseados, amon\u00edaco t\u00f3xico, fenoles, sustancias h\u00famicas y venenos de ortiga producidos por algunos corales u otros organismos. Algunos de los cuales pueden provocar agua amarillenta y malos olores. Luego, se exportan mediante el skimmer y la filtraci\u00f3n mec\u00e1nica del acuario. BIOReef-Snow mejora el crecimiento de las esponjas y las ascidias favoreciendo su car\u00e1cter limpiador del agua; por lo tanto, la calidad del agua mejora significativamente. BIOReef-Snow es tambi\u00e9n un facilitador biol\u00f3gico de elementos, productos bacterianos u otros suplementos. Se espera que el agua se vea turbia despu\u00e9s de la dosificaci\u00f3n y desaparecer\u00e1 despu\u00e9s de unas horas.<\/p>\n<p><strong>Dosis:<\/strong> 1-2 ml por 100 L (Cuando se utiliza con la mezcla externa con BIOActivator, aplicar 1ml por 100 L), 1 o 2 veces semanal.<\/p>\n<p><strong>Consejo:<\/strong> Puede utilizarse como facilitador biol\u00f3gico en una preparaci\u00f3n externa con 250-500 ml de agua de acuario.<\/p>\n","protected":false},"excerpt":{"rendered":"<p>\u00a1Una mezcla \u00fanica de diferentes compuestos floculantes y vitalizadores de esponjas en un solo producto! BIOReef-Snow neutraliza los \u00e1cidos indeseables y es una soluci\u00f3n contra dinoflagelados, algas limosas y cianobacterias. Se une a contaminantes org\u00e1nicos no deseados, amon\u00edaco t\u00f3xico, fenoles, sustancias h\u00famicas y venenos de ortiga producidos por algunos corales u otros organismos. Algunos de [&#8230;]\n","protected":false},"featured_media":27326,"template":"","meta":[],"product_brand":[],"product_cat":[103],"product_tag":[],"class_list":{"0":"post-27447","1":"product","2":"type-product","3":"status-publish","4":"has-post-thumbnail","6":"product_cat-problem-solving-es","8":"first","9":"instock","10":"taxable","11":"shipping-taxable","12":"purchasable","13":"product-type-simple"},"_links":{"self":[{"href":"https:\/\/modernreef.eu\/es\/wp-json\/wp\/v2\/product\/27447","targetHints":{"allow":["GET"]}}],"collection":[{"href":"https:\/\/modernreef.eu\/es\/wp-json\/wp\/v2\/product"}],"about":[{"href":"https:\/\/modernreef.eu\/es\/wp-json\/wp\/v2\/types\/product"}],"wp:featuredmedia":[{"embeddable":true,"href":"https:\/\/modernreef.eu\/es\/wp-json\/wp\/v2\/media\/27326"}],"wp:attachment":[{"href":"https:\/\/modernreef.eu\/es\/wp-json\/wp\/v2\/media?parent=27447"}],"wp:term":[{"taxonomy":"product_brand","embeddable":true,"href":"https:\/\/modernreef.eu\/es\/wp-json\/wp\/v2\/product_brand?post=27447"},{"taxonomy":"product_cat","embeddable":true,"href":"https:\/\/modernreef.eu\/es\/wp-json\/wp\/v2\/product_cat?post=27447"},{"taxonomy":"product_tag","embeddable":true,"href":"https:\/\/modernreef.eu\/es\/wp-json\/wp\/v2\/product_tag?post=27447"}],"curies":[{"name":"wp","href":"https:\/\/api.w.org\/{rel}","templated":true}]}}