{"id":37042,"date":"2021-04-25T14:13:28","date_gmt":"2025-05-13T20:49:28","guid":{"rendered":"https:\/\/modernreef.eu\/?post_type=product&#038;p=37042"},"modified":"2025-05-13T22:56:20","modified_gmt":"2025-05-13T20:56:20","slug":"c-complex-carbons-500ml","status":"publish","type":"product","link":"https:\/\/modernreef.eu\/es\/shop\/c-n-p-mix-es\/c-complex-carbons-500ml\/","title":{"rendered":"C+ (Complex Carbons) 500ml"},"content":{"rendered":"<p class=\"_04xlpA direction-ltr align-justify para-style-body\"><span class=\"JsGRdQ\"><strong>C+ (Complex Carbons)<br \/>\n<\/strong><\/span><span class=\"OYPEnA font-feature-liga-off font-feature-clig-off font-feature-calt-off text-decoration-none text-strikethrough-none\">Proporciona a su arrecife moderno complejos de carbono esenciales para el control de nutrientes. Complejos de sustancias de carbono y otros elementos org\u00e1nicos unidos para mejorar la actividad bacteriana reductoras de nutrientes. Puede reducir tanto el nitrato como el fosfato.<\/span><\/p>\n<ul>\n<li><span class=\"OYPEnA font-feature-liga-off font-feature-clig-off font-feature-calt-off text-decoration-none text-strikethrough-none\">Mejora la actividad de las bacterias reductoras de nutrientes<\/span><\/li>\n<li><span class=\"OYPEnA font-feature-liga-off font-feature-clig-off font-feature-calt-off text-decoration-none text-strikethrough-none\">Reduce tanto el nitrato como el fosfato<\/span><\/li>\n<li><span class=\"OYPEnA font-feature-liga-off font-feature-clig-off font-feature-calt-off text-decoration-none text-strikethrough-none\">Aumenta el crecimiento y la coloraci\u00f3n de los corales<\/span><\/li>\n<\/ul>\n<p class=\"cvGsUA direction-ltr align-start para-style-body\"><strong><span class=\"OYPEnA font-feature-liga-off font-feature-clig-off font-feature-calt-off text-decoration-none text-strikethrough-none\">Instrucciones:<\/span><\/strong><\/p>\n<ul>\n<li><span class=\"OYPEnA font-feature-liga-off font-feature-clig-off font-feature-calt-off text-decoration-none text-strikethrough-none\">Comience agregando 1 ml por cada 100 litros \/ 1 gota por cada 5 litros. La dosis m\u00e1xima por d\u00eda 3 ml por 100 litros<\/span><\/li>\n<li><span class=\"OYPEnA font-feature-liga-off font-feature-clig-off font-feature-calt-off text-decoration-none text-strikethrough-none\">Pruebe el nitrato cada 4 d\u00edas y ajuste la dosis en consecuencia hasta que se alcance el nivel objetivo<\/span><\/li>\n<li><span class=\"OYPEnA font-feature-liga-off font-feature-clig-off font-feature-calt-off text-decoration-none text-strikethrough-none\">No aumente la dosis m\u00e1s de 1 ml por cada 100 litros al d\u00eda en un per\u00edodo de 4 d\u00edas<\/span><\/li>\n<li><span class=\"OYPEnA font-feature-liga-off font-feature-clig-off font-feature-calt-off text-decoration-none text-strikethrough-none\">Recomendamos mantener los niveles de nitrato entre 5 ppm y 10 ppm<\/span><\/li>\n<\/ul>\n<p class=\"cvGsUA direction-ltr align-start para-style-body\"><strong><span class=\"OYPEnA font-feature-liga-off font-feature-clig-off font-feature-calt-off text-decoration-none text-strikethrough-none\">Consejo:<\/span><\/strong><span class=\"OYPEnA font-feature-liga-off font-feature-clig-off font-feature-calt-off text-decoration-none text-strikethrough-none\"> Para obtener mejores resultados, distribuya la dosis menos por d\u00eda si usa una bomba dosificadora. M\u00e1ximo 4-6 veces al d\u00eda.<\/span><\/p>\n<p class=\"_04xlpA direction-ltr align-justify para-style-body\"><span class=\"JsGRdQ\">\u00a0<\/span><\/p>\n","protected":false},"excerpt":{"rendered":"<p><span class=\"JsGRdQ\">Provide your modern reef with complex carbons essential for nutrient control. A complex of carbon substances and other organic bound elements to enhance the activity of nutrient-reducing bacteria. Can reduce both nitrate and phosphate.<\/span><\/p>\n","protected":false},"featured_media":37470,"template":"","meta":[],"product_brand":[],"product_cat":[95],"product_tag":[],"class_list":{"0":"post-37042","1":"product","2":"type-product","3":"status-publish","4":"has-post-thumbnail","6":"product_cat-c-n-p-mix-es","7":"product_shipping_class-less-than-20kg","9":"first","10":"instock","11":"taxable","12":"shipping-taxable","13":"purchasable","14":"product-type-simple"},"_links":{"self":[{"href":"https:\/\/modernreef.eu\/es\/wp-json\/wp\/v2\/product\/37042","targetHints":{"allow":["GET"]}}],"collection":[{"href":"https:\/\/modernreef.eu\/es\/wp-json\/wp\/v2\/product"}],"about":[{"href":"https:\/\/modernreef.eu\/es\/wp-json\/wp\/v2\/types\/product"}],"wp:featuredmedia":[{"embeddable":true,"href":"https:\/\/modernreef.eu\/es\/wp-json\/wp\/v2\/media\/37470"}],"wp:attachment":[{"href":"https:\/\/modernreef.eu\/es\/wp-json\/wp\/v2\/media?parent=37042"}],"wp:term":[{"taxonomy":"product_brand","embeddable":true,"href":"https:\/\/modernreef.eu\/es\/wp-json\/wp\/v2\/product_brand?post=37042"},{"taxonomy":"product_cat","embeddable":true,"href":"https:\/\/modernreef.eu\/es\/wp-json\/wp\/v2\/product_cat?post=37042"},{"taxonomy":"product_tag","embeddable":true,"href":"https:\/\/modernreef.eu\/es\/wp-json\/wp\/v2\/product_tag?post=37042"}],"curies":[{"name":"wp","href":"https:\/\/api.w.org\/{rel}","templated":true}]}}