{"id":37048,"date":"2021-04-25T13:51:10","date_gmt":"2025-05-13T20:59:10","guid":{"rendered":"https:\/\/modernreef.eu\/?post_type=product&#038;p=37048"},"modified":"2025-05-13T23:05:17","modified_gmt":"2025-05-13T21:05:17","slug":"n-nitrogen-no3-mix-500ml","status":"publish","type":"product","link":"https:\/\/modernreef.eu\/es\/shop\/c-n-p-mix-es\/n-nitrogen-no3-mix-500ml\/","title":{"rendered":"N+ (Nitrogen NO3 MIX) 500ml"},"content":{"rendered":"<p><strong>N+ (Nitrogen NO3 MIX)<br \/>\n<\/strong><span class=\"OYPEnA font-feature-liga-off font-feature-clig-off font-feature-calt-off text-decoration-none text-strikethrough-none\">Proporciona a tu arrecife moderno nitr\u00f3geno esencial para un gran crecimiento y color, con nulo a muy m\u00ednimo de subproductos no deseados. Una mezcla de f\u00f3rmula especial de nitr\u00f3geno purificado para evitar algunos de los efectos secundarios de otros suplementos similares, como niveles elevados de sodio y potasio.<\/span><\/p>\n<ul>\n<li><span class=\"OYPEnA font-feature-liga-off font-feature-clig-off font-feature-calt-off text-decoration-none text-strikethrough-none\">Nulo a muy m\u00ednimo de subproductos no deseados<\/span><\/li>\n<li><span class=\"OYPEnA font-feature-liga-off font-feature-clig-off font-feature-calt-off text-decoration-none text-strikethrough-none\">Ayudar\u00e1 a reducir y controlar el fosfato<\/span><\/li>\n<li><span class=\"OYPEnA font-feature-liga-off font-feature-clig-off font-feature-calt-off text-decoration-none text-strikethrough-none\">Mejora de color y el crecimiento en acuarios de arrecife con nitr\u00f3geno limitado<\/span><\/li>\n<\/ul>\n<p class=\"cvGsUA direction-ltr align-start para-style-body\"><strong><span class=\"OYPEnA font-feature-liga-off font-feature-clig-off font-feature-calt-off text-decoration-none text-strikethrough-none\">Instrucciones:<\/span><\/strong><\/p>\n<ul>\n<li><span class=\"OYPEnA font-feature-liga-off font-feature-clig-off font-feature-calt-off text-decoration-none text-strikethrough-none\">Comience agregando 1 ml por cada 100 litros \/ 1 gota por cada 5 litros por d\u00eda<\/span><\/li>\n<li><span class=\"OYPEnA font-feature-liga-off font-feature-clig-off font-feature-calt-off text-decoration-none text-strikethrough-none\">Pruebe el nitrato cada 4 d\u00edas y ajuste la dosis en consecuencia hasta que se alcance el nivel objetivo<\/span><\/li>\n<li><span class=\"OYPEnA font-feature-liga-off font-feature-clig-off font-feature-calt-off text-decoration-none text-strikethrough-none\">No aumente la dosis en m\u00e1s de 1 ml por cada 100 litros al d\u00eda en un per\u00edodo de 4 d\u00edas<\/span><\/li>\n<li><span class=\"OYPEnA font-feature-liga-off font-feature-clig-off font-feature-calt-off text-decoration-none text-strikethrough-none\">Recomendamos mantener los niveles de nitrato entre 5ppm &#8211; 10 ppm<\/span><\/li>\n<\/ul>\n<p class=\"cvGsUA direction-ltr align-start para-style-body\"><strong><span class=\"OYPEnA font-feature-liga-off font-feature-clig-off font-feature-calt-off text-decoration-none text-strikethrough-none\">Concentraci\u00f3n:<\/span><\/strong><span class=\"OYPEnA font-feature-liga-off font-feature-clig-off font-feature-calt-off text-decoration-none text-strikethrough-none\"> 1ml \/ 100L de agua de acuario aumenta 1 ppm de nitrato.<\/span><\/p>\n","protected":false},"excerpt":{"rendered":"<p>N+ (Nitrogen NO3 MIX) Proporciona a tu arrecife moderno nitr\u00f3geno esencial para un gran crecimiento y color, con nulo a muy m\u00ednimo de subproductos no deseados. Una mezcla de f\u00f3rmula especial de nitr\u00f3geno purificado para evitar algunos de los efectos secundarios de otros suplementos similares, como niveles elevados de sodio y potasio. Nulo a muy [&#8230;]\n","protected":false},"featured_media":37480,"template":"","meta":[],"product_brand":[],"product_cat":[95],"product_tag":[],"class_list":{"0":"post-37048","1":"product","2":"type-product","3":"status-publish","4":"has-post-thumbnail","6":"product_cat-c-n-p-mix-es","7":"product_shipping_class-less-than-20kg","9":"first","10":"instock","11":"taxable","12":"shipping-taxable","13":"purchasable","14":"product-type-simple"},"_links":{"self":[{"href":"https:\/\/modernreef.eu\/es\/wp-json\/wp\/v2\/product\/37048","targetHints":{"allow":["GET"]}}],"collection":[{"href":"https:\/\/modernreef.eu\/es\/wp-json\/wp\/v2\/product"}],"about":[{"href":"https:\/\/modernreef.eu\/es\/wp-json\/wp\/v2\/types\/product"}],"wp:featuredmedia":[{"embeddable":true,"href":"https:\/\/modernreef.eu\/es\/wp-json\/wp\/v2\/media\/37480"}],"wp:attachment":[{"href":"https:\/\/modernreef.eu\/es\/wp-json\/wp\/v2\/media?parent=37048"}],"wp:term":[{"taxonomy":"product_brand","embeddable":true,"href":"https:\/\/modernreef.eu\/es\/wp-json\/wp\/v2\/product_brand?post=37048"},{"taxonomy":"product_cat","embeddable":true,"href":"https:\/\/modernreef.eu\/es\/wp-json\/wp\/v2\/product_cat?post=37048"},{"taxonomy":"product_tag","embeddable":true,"href":"https:\/\/modernreef.eu\/es\/wp-json\/wp\/v2\/product_tag?post=37048"}],"curies":[{"name":"wp","href":"https:\/\/api.w.org\/{rel}","templated":true}]}}