{"id":37054,"date":"2021-04-25T14:02:13","date_gmt":"2025-05-13T21:07:13","guid":{"rendered":"https:\/\/modernreef.eu\/?post_type=product&#038;p=37054"},"modified":"2025-05-13T23:12:55","modified_gmt":"2025-05-13T21:12:55","slug":"p-phosphorus-po4-mix-500ml","status":"publish","type":"product","link":"https:\/\/modernreef.eu\/es\/shop\/c-n-p-mix-es\/p-phosphorus-po4-mix-500ml\/","title":{"rendered":"P+ (Phosphorus PO4 MIX) 500ml"},"content":{"rendered":"<p><span class=\"JsGRdQ\"><strong>P+ (Phosphorus PO4 MIX)\u00a0<\/strong><br \/>\n<\/span><\/p>\n<p class=\"cvGsUA direction-ltr align-start para-style-body\"><span class=\"OYPEnA font-feature-liga-off font-feature-clig-off font-feature-calt-off text-decoration-none text-strikethrough-none\">Proporciona f\u00f3sforo a su arrecife moderno para acuarios con fosfato limitado, sin o con un m\u00ednimo de subproductos no deseados. Una mezcla especial de f\u00f3rmula de f\u00f3sforo purificado para evitar algunos de los efectos secundarios de otros suplementos similares, como los niveles elevados de sodio y potasio.<\/span><\/p>\n<ul>\n<li><span class=\"OYPEnA font-feature-liga-off font-feature-clig-off font-feature-calt-off text-decoration-none text-strikethrough-none\">Nulo o m\u00ednimo de subproductos no deseados<\/span><\/li>\n<li><span class=\"OYPEnA font-feature-liga-off font-feature-clig-off font-feature-calt-off text-decoration-none text-strikethrough-none\">Ayuda a reducir los nitratos<\/span><\/li>\n<li><span class=\"OYPEnA font-feature-liga-off font-feature-clig-off font-feature-calt-off text-decoration-none text-strikethrough-none\">Mejora la salud y el crecimiento debido al aumento de las poblaciones de zooxantelas y la producci\u00f3n fotosint\u00e9tica.<\/span><\/li>\n<\/ul>\n<p class=\"cvGsUA direction-ltr align-start para-style-body\"><strong><span class=\"OYPEnA font-feature-liga-off font-feature-clig-off font-feature-calt-off text-decoration-none text-strikethrough-none\">Instrucciones:<\/span><\/strong><\/p>\n<ul>\n<li><span class=\"OYPEnA font-feature-liga-off font-feature-clig-off font-feature-calt-off text-decoration-none text-strikethrough-none\">Comience agregando 1 ml por cada 100 litros \/ 1 gota por cada 5 litros por d\u00eda<\/span><\/li>\n<li><span class=\"OYPEnA font-feature-liga-off font-feature-clig-off font-feature-calt-off text-decoration-none text-strikethrough-none\">Pruebe el fosfato cada 4 d\u00edas y ajuste la dosis en consecuencia hasta que se alcance el nivel objetivo<\/span><\/li>\n<li><span class=\"OYPEnA font-feature-liga-off font-feature-clig-off font-feature-calt-off text-decoration-none text-strikethrough-none\">No aumente la dosis en m\u00e1s de 1 ml por cada 100 litros al d\u00eda en un per\u00edodo de 4 d\u00edas<\/span><\/li>\n<li><span class=\"OYPEnA font-feature-liga-off font-feature-clig-off font-feature-calt-off text-decoration-none text-strikethrough-none\">Recomendamos mantener los niveles de fosfato entre 0.02 &#8211; 0.06 mg \/ l dependiendo del tipo de acuario.<\/span><\/li>\n<\/ul>\n<p class=\"cvGsUA direction-ltr align-start para-style-body\"><strong><span class=\"OYPEnA font-feature-liga-off font-feature-clig-off font-feature-calt-off text-decoration-none text-strikethrough-none\">Concentraci\u00f3n:<\/span><\/strong><span class=\"OYPEnA font-feature-liga-off font-feature-clig-off font-feature-calt-off text-decoration-none text-strikethrough-none\"> 1ml\/100L de agua de acuario aumenta 1 ppm de fosfato<\/span><\/p>\n<p><span class=\"JsGRdQ\">\u00a0<\/span><\/p>\n","protected":false},"excerpt":{"rendered":"<p>P+ (Phosphorus PO4 MIX)\u00a0 Proporciona f\u00f3sforo a su arrecife moderno para acuarios con fosfato limitado, sin o con un m\u00ednimo de subproductos no deseados. Una mezcla especial de f\u00f3rmula de f\u00f3sforo purificado para evitar algunos de los efectos secundarios de otros suplementos similares, como los niveles elevados de sodio y potasio. Nulo o m\u00ednimo de [&#8230;]\n","protected":false},"featured_media":37485,"template":"","meta":[],"product_brand":[],"product_cat":[95],"product_tag":[],"class_list":{"0":"post-37054","1":"product","2":"type-product","3":"status-publish","4":"has-post-thumbnail","6":"product_cat-c-n-p-mix-es","7":"product_shipping_class-less-than-20kg","9":"first","10":"instock","11":"taxable","12":"shipping-taxable","13":"purchasable","14":"product-type-simple"},"_links":{"self":[{"href":"https:\/\/modernreef.eu\/es\/wp-json\/wp\/v2\/product\/37054","targetHints":{"allow":["GET"]}}],"collection":[{"href":"https:\/\/modernreef.eu\/es\/wp-json\/wp\/v2\/product"}],"about":[{"href":"https:\/\/modernreef.eu\/es\/wp-json\/wp\/v2\/types\/product"}],"wp:featuredmedia":[{"embeddable":true,"href":"https:\/\/modernreef.eu\/es\/wp-json\/wp\/v2\/media\/37485"}],"wp:attachment":[{"href":"https:\/\/modernreef.eu\/es\/wp-json\/wp\/v2\/media?parent=37054"}],"wp:term":[{"taxonomy":"product_brand","embeddable":true,"href":"https:\/\/modernreef.eu\/es\/wp-json\/wp\/v2\/product_brand?post=37054"},{"taxonomy":"product_cat","embeddable":true,"href":"https:\/\/modernreef.eu\/es\/wp-json\/wp\/v2\/product_cat?post=37054"},{"taxonomy":"product_tag","embeddable":true,"href":"https:\/\/modernreef.eu\/es\/wp-json\/wp\/v2\/product_tag?post=37054"}],"curies":[{"name":"wp","href":"https:\/\/api.w.org\/{rel}","templated":true}]}}