{"id":38842,"date":"2025-07-08T19:58:16","date_gmt":"2025-07-08T17:58:16","guid":{"rendered":"https:\/\/modernreef.eu\/shop\/sin%20categor\u00eda\/icp-flex-duo-3-sets-3-icp-reef-water-icp-flex-3-ro-di-water-analysis-pro\/"},"modified":"2025-07-19T14:29:31","modified_gmt":"2025-07-19T12:29:31","slug":"icp-flex-duo-3-sets-3-icp-reef-water-icp-flex-3-ro-di-water-analysis-pro","status":"publish","type":"product","link":"https:\/\/modernreef.eu\/es\/shop\/icp-ic-reef-lab-water-analysis-es\/icp-flex-duo-3-sets-3-icp-reef-water-icp-flex-3-ro-di-water-analysis-pro\/","title":{"rendered":"ICP FLEX DUO 3-SETS (3 ICP Reef Water ICP FLEX + 3 RO\/DI Water Analysis Pro)"},"content":{"rendered":"<p><span class=\"OYPEnA font-feature-liga-off font-feature-clig-off font-feature-calt-off text-decoration-none text-strikethrough-none\">Experimente un an\u00e1lisis de agua sin igual con nuestro ICP FLEX, que prueba con precisi\u00f3n hasta <\/span><span class=\"OYPEnA font-feature-liga-off font-feature-clig-off font-feature-calt-off text-decoration-none text-strikethrough-none\">49 par\u00e1metros esenciales<\/span><span class=\"OYPEnA font-feature-liga-off font-feature-clig-off font-feature-calt-off text-decoration-none text-strikethrough-none\"> utilizando tecnolog\u00eda ICP basada en MS\/OES y brindando resultados econ\u00f3micos. Lo que nos distingue en esta categoria es la flexibilidad para integrar sin problemas los resultados de pruebas faltantes hechos en casa (KH, pH, No3 y Fluoruro), lo que permite una gu\u00eda personalizada y una gama m\u00e1s amplia de monitoreo. Simplemente agregue o escanee el c\u00f3digo de barras en su panel de control y nuestro sistema reconocer\u00e1 autom\u00e1ticamente el tipo de muestra, lo que le permitir\u00e1 agregar los par\u00e1metros faltantes en el momento o m\u00e1s tarde cuando reciba los resultados. Adem\u00e1s, puede vincular f\u00e1cilmente el c\u00f3digo de barras a un acuario existente en nuestro sistema. Nuestro sistema considerar\u00e1 los an\u00e1lisis anteriores, incluso si no se realizaron con ICP FLEX, para aprovechar las tendencias hist\u00f3ricas de los par\u00e1metros de su acuario. Con nuestro sistema, recibir\u00e1 &#8220;dosis de correcci\u00f3n&#8221;, recomendaciones de mantenimiento y asesoramiento experto sobre equipos y ajustes de productos. Nuestras secciones &#8220;Anomal\u00edas&#8221; y &#8220;Tarea&#8221; agilizan la gesti\u00f3n de tareas, lo que garantiza que se mantenga al tanto de las sugerencias de nuestro laboratorio. Con nuestro servicio r\u00e1pido y confiable, recibir\u00e1 los resultados del an\u00e1lisis del agua en <\/span><span class=\"OYPEnA font-feature-liga-off font-feature-clig-off font-feature-calt-off text-decoration-none text-strikethrough-none\">24 horas<\/span><span class=\"OYPEnA font-feature-liga-off font-feature-clig-off font-feature-calt-off text-decoration-none text-strikethrough-none\">, con seguimiento del estado en l\u00ednea y escaneo de c\u00f3digos QR para mayor comodidad. Nuestro laboratorio dedicado, disponible las <\/span><span class=\"OYPEnA font-feature-liga-off font-feature-clig-off font-feature-calt-off text-decoration-none text-strikethrough-none\">24 horas<\/span><span class=\"OYPEnA font-feature-liga-off font-feature-clig-off font-feature-calt-off text-decoration-none text-strikethrough-none\"> del d\u00eda, los <\/span><span class=\"OYPEnA font-feature-liga-off font-feature-clig-off font-feature-calt-off text-decoration-none text-strikethrough-none\">7 d\u00edas de la semana<\/span><span class=\"OYPEnA font-feature-liga-off font-feature-clig-off font-feature-calt-off text-decoration-none text-strikethrough-none\">, prioriza cada muestra sin costos adicionales, lo que le permite lograr un acuario de arrecife pr\u00f3spero con el poder combinado de la tecnolog\u00eda ICP y nuestro conocimiento experto. Este set incluye an\u00e1lisis de agua de \u00f3smosis RO\/DI.<\/span><\/p>\n<h2>Caracter\u00edsticas Clave<\/h2>\n<ul>\n<li><strong>Control de Calidad con Analista IA:<\/strong><br \/>\nAnalista avanzado impulsado por inteligencia artificial que proporciona un tercer nivel de control de calidad, asegurando la m\u00e1xima precisi\u00f3n y fiabilidad en cada informe de an\u00e1lisis de agua.<\/li>\n<li><strong>Tecnolog\u00eda ICP-OES\/MS Base para 49 Par\u00e1metros:<\/strong><br \/>\nTecnolog\u00eda de vanguardia <strong>ICP-OES\/MS Base<\/strong> que analiza con precisi\u00f3n hasta <strong>49 par\u00e1metros esenciales del agua de arrecife<\/strong>\u2014incluyendo salinidad, calcio, magnesio, potasio, metales traza y m\u00e1s\u2014para un monitoreo integral. Cada <strong>1 set<\/strong> incluye el an\u00e1lisis de una muestra de agua de \u00f3smosis (RO\/DI) que cubre <strong>49 par\u00e1metros esenciales<\/strong>.<\/li>\n<li><strong>Flexibilidad Inigualable:<\/strong><br \/>\nIntegra f\u00e1cilmente tus propios resultados de pruebas caseras (KH, pH, NO\u2083, Fl\u00faor) para los par\u00e1metros no cubiertos. Solo a\u00f1ade o escanea el c\u00f3digo de barras desde tu panel\u2014nuestro sistema reconoce autom\u00e1ticamente el tipo de muestra y te permite agregar los par\u00e1metros faltantes al instante o despu\u00e9s.<\/li>\n<li><strong>Orientaci\u00f3n Personalizada:<\/strong><br \/>\nRecibe recomendaciones individualizadas de dosificaci\u00f3n correctiva, mantenimiento y asesor\u00eda experta sobre ajustes de equipos y productos, todo adaptado a las necesidades y tendencias hist\u00f3ricas de tu acuario.<\/li>\n<li><strong>Integraci\u00f3n de Tendencias Hist\u00f3ricas:<\/strong><br \/>\nVincula an\u00e1lisis\u2014incluyendo pruebas anteriores que no sean ICP FLEX\u2014a tu perfil de acuario. Nuestro sistema aprovecha todo el historial de par\u00e1metros de tu acuario para ofrecer recomendaciones m\u00e1s inteligentes y profundas.<\/li>\n<li><strong>Gesti\u00f3n Eficiente de Tareas y Anomal\u00edas:<\/strong><br \/>\nSecciones integradas de <strong>Anomal\u00edas<\/strong> y <strong>Tareas<\/strong> permiten un seguimiento y gesti\u00f3n semi-automatizados, manteni\u00e9ndote organizado y al tanto de las recomendaciones del laboratorio.<\/li>\n<li><strong>Resultados R\u00e1pidos y Fiables:<\/strong><br \/>\nRecibe los resultados del an\u00e1lisis de agua en <strong>menos de 24 horas<\/strong>. Nuestro laboratorio opera 24\/7, tratando todas las muestras como m\u00e1xima prioridad y sin coste adicional.<\/li>\n<li><strong>Seguimiento Online y Env\u00edo por QR:<\/strong><br \/>\nSupervisa el estado de tus muestras en tiempo real online y env\u00edalas f\u00e1cilmente escaneando un c\u00f3digo QR para un procesamiento \u00e1gil y sin errores.<\/li>\n<li><strong>Integraci\u00f3n Sencilla con tu Acuario:<\/strong><br \/>\nVincula f\u00e1cilmente cada c\u00f3digo de barras\/muestra a un acuario existente en tu sistema para un an\u00e1lisis y recomendaciones precisas y espec\u00edficas.<\/li>\n<li><strong>Resultados Profesionales y Rentables:<\/strong><br \/>\nDisfruta de an\u00e1lisis avanzados <strong>ICP-OES\/MS Base<\/strong> y soporte experto a un precio accesible, para que logres un acuario de arrecife saludable y pr\u00f3spero.<\/li>\n<\/ul>\n<p><strong><span class=\"OYPEnA font-feature-liga-off font-feature-clig-off font-feature-calt-off text-decoration-none text-strikethrough-none\">49 par\u00e1metros (Reef Water ICP only Analysis)<\/span><\/strong><\/p>\n<p class=\"cvGsUA direction-ltr align-justify para-style-body\"><span class=\"OYPEnA font-feature-liga-off font-feature-clig-off font-feature-calt-off text-decoration-none text-strikethrough-none\">SALINITY (PSU, SG, mS\/cm), Ca, Cl, B, Br, K, Mg, Na, S, Sr, Ba, Co, Cr, Cu, Fe, I, Li, Mn, Mo, Ni, Se, V, Zn, P, Po4, Si, Al, As, Ag, Be, Bi, Cd, Ga, Ge, Hg, La, In, Nb, Pb, Sb, Sc, Sn, Te, Ti, Tl, W, Zr<\/span><\/p>\n<p class=\"cvGsUA direction-ltr align-justify para-style-body\"><strong><span class=\"OYPEnA font-feature-liga-off font-feature-clig-off font-feature-calt-off text-decoration-none text-strikethrough-none\">49 par\u00e1metros (RO\/DI Water Analysis)<\/span><\/strong><\/p>\n<p class=\"cvGsUA direction-ltr align-justify para-style-body\"><span class=\"OYPEnA font-feature-liga-off font-feature-clig-off font-feature-calt-off text-decoration-none text-strikethrough-none\">SALINITY (PSU), Ca, Cl, B, Br, K, Mg, F, Na, S, Sr, Ba, Co, Cr, Cu, Fe, I, Li, Mn, Mo, Ni, Se, V, Zn, No3, P, Po4, Si, Al, As, Ag, Be, Bi, Cd, Ga, Ge, Hg, La, In, Nb, Pb, Sb, Sc, Sn, Te, Ti, Tl, W, Zr<\/span><\/p>\n","protected":false},"excerpt":{"rendered":"<p>Experimente un an\u00e1lisis de agua sin igual con nuestro ICP FLEX, que prueba con precisi\u00f3n hasta 49 par\u00e1metros esenciales utilizando tecnolog\u00eda ICP basada en MS\/OES y brindando resultados econ\u00f3micos. Lo que nos distingue en esta categoria es la flexibilidad para integrar sin problemas los resultados de pruebas faltantes hechos en casa (KH, pH, No3 y [&#8230;]\n","protected":false},"featured_media":38800,"template":"","meta":[],"product_brand":[],"product_cat":[134],"product_tag":[],"class_list":{"0":"post-38842","1":"product","2":"type-product","3":"status-publish","4":"has-post-thumbnail","6":"product_cat-icp-ic-reef-lab-water-analysis-es","8":"first","9":"instock","10":"taxable","11":"shipping-taxable","12":"purchasable","13":"product-type-simple"},"_links":{"self":[{"href":"https:\/\/modernreef.eu\/es\/wp-json\/wp\/v2\/product\/38842","targetHints":{"allow":["GET"]}}],"collection":[{"href":"https:\/\/modernreef.eu\/es\/wp-json\/wp\/v2\/product"}],"about":[{"href":"https:\/\/modernreef.eu\/es\/wp-json\/wp\/v2\/types\/product"}],"wp:featuredmedia":[{"embeddable":true,"href":"https:\/\/modernreef.eu\/es\/wp-json\/wp\/v2\/media\/38800"}],"wp:attachment":[{"href":"https:\/\/modernreef.eu\/es\/wp-json\/wp\/v2\/media?parent=38842"}],"wp:term":[{"taxonomy":"product_brand","embeddable":true,"href":"https:\/\/modernreef.eu\/es\/wp-json\/wp\/v2\/product_brand?post=38842"},{"taxonomy":"product_cat","embeddable":true,"href":"https:\/\/modernreef.eu\/es\/wp-json\/wp\/v2\/product_cat?post=38842"},{"taxonomy":"product_tag","embeddable":true,"href":"https:\/\/modernreef.eu\/es\/wp-json\/wp\/v2\/product_tag?post=38842"}],"curies":[{"name":"wp","href":"https:\/\/api.w.org\/{rel}","templated":true}]}}