{"id":38846,"date":"2025-07-08T20:09:23","date_gmt":"2025-07-08T18:09:23","guid":{"rendered":"https:\/\/modernreef.eu\/?post_type=product&#038;p=38846"},"modified":"2025-10-29T00:19:37","modified_gmt":"2025-10-28T23:19:37","slug":"reef-mastery-pro-duo-3-pack-3-reef-water-analysis-pro-3-ro-di-water-analysis-pro","status":"publish","type":"product","link":"https:\/\/modernreef.eu\/es\/shop\/icp-ic-reef-lab-water-analysis-es\/reef-mastery-pro-duo-3-pack-3-reef-water-analysis-pro-3-ro-di-water-analysis-pro\/","title":{"rendered":"Reef Mastery PRO DUO 3-SETS (3 Reef Water Analysis Pro + 3 RO\/DI Water Analysis Pro)"},"content":{"rendered":"<p><span class=\"OYPEnA font-feature-liga-off font-feature-clig-off font-feature-calt-off text-decoration-none text-strikethrough-none\">Aqu\u00ed es donde se encuentran la biolog\u00eda, la qu\u00edmica y la tecnolog\u00eda de los acuarios de arrecife, combinadas con el sitio web m\u00e1s intelectual y f\u00e1cil de leer que jam\u00e1s hayas encontrado. Nuestro sistema de sitio web resolver\u00e1 cualquier anomal\u00eda y lo guiar\u00e1 a un mejor resultado en funci\u00f3n de su acuario de arrecife. En otras palabras, nuestro an\u00e1lisis de agua no solo est\u00e1 destinado a solucionar un problema, sino tambi\u00e9n a lograr objetivos basados \u200b\u200ben la configuraci\u00f3n de su acuario, el equipo utilizado, el tipo de acuario de arrecife y los resultados del an\u00e1lisis de agua. Nuestro sistema encontrar\u00e1 una dosis de correcci\u00f3n para par\u00e1metros, dosis de mantenimiento para elementos, contaminantes y lo ayudar\u00e1 a decidir si su equipo o productos deben detenerse o agregarse a su acuario de arrecife. Nuestro sistema inteligente tambi\u00e9n ofrece una secci\u00f3n de ayuda denominada &#8220;Anomal\u00edas&#8221; con gesti\u00f3n semiautom\u00e1tica de multitarea para realizar un seguimiento de todas sus tareas sugeridas por nuestro laboratorio. Podemos analizar hasta <\/span><span class=\"OYPEnA font-feature-liga-off font-feature-clig-off font-feature-calt-off text-decoration-none text-strikethrough-none\">56 par\u00e1metros<\/span><span class=\"OYPEnA font-feature-liga-off font-feature-clig-off font-feature-calt-off text-decoration-none text-strikethrough-none\">, incluyendo KH, prueba de salinidad de alta resoluci\u00f3n, nutrientes, contaminantes y claridad del agua, para aprovechar al m\u00e1ximo su iluminaci\u00f3n, que solo ofrece Modern Reef Lab. Nuestros dos extensos laboratorios constan de m\u00e1s de m\u00e1quinas ICP MS\/OES; utilizamos cromatograf\u00eda IC y otros equipos y m\u00e9todos de labora-torio modernos para respaldar los resultados. Podemos entregar resultados de an\u00e1lisis de agua en <\/span><span class=\"OYPEnA font-feature-liga-off font-feature-clig-off font-feature-calt-off text-decoration-none text-strikethrough-none\">24 horas<\/span><span class=\"OYPEnA font-feature-liga-off font-feature-clig-off font-feature-calt-off text-decoration-none text-strikethrough-none\"> gracias a nuestras varias m\u00e1quinas por m\u00e9todo. Tambi\u00e9n tiene la opci\u00f3n de rastrear en vivo el estado de su muestra en l\u00ednea y escanear su c\u00f3digo QR para evitar errores de escritura. Nuestro laboratorio est\u00e1 operativo las <\/span><span class=\"OYPEnA font-feature-liga-off font-feature-clig-off font-feature-calt-off text-decoration-none text-strikethrough-none\">24 horas del d\u00eda, los 7 d\u00edas de la semana<\/span><span class=\"OYPEnA font-feature-liga-off font-feature-clig-off font-feature-calt-off text-decoration-none text-strikethrough-none\"> para garantizar resultados r\u00e1pidos, y consideramos todas nuestras muestras como una prioridad n\u00famero uno sin un costo adicional. Este set incluye an\u00e1lisis de agua de \u00f3smosis RO\/DI.<\/span><\/p>\n<h2>Caracter\u00edsticas Clave<\/h2>\n<ul>\n<li><strong>Control de Calidad con Analista IA:<\/strong><br \/>\nAnalista avanzado impulsado por inteligencia artificial que act\u00faa como un tercer nivel de control de calidad, garantizando la m\u00e1xima precisi\u00f3n, coherencia y fiabilidad en cada informe de an\u00e1lisis de agua.<\/li>\n<li><strong>An\u00e1lisis Integral del Agua:<\/strong><br \/>\nAnaliza hasta <strong>56 par\u00e1metros esenciales<\/strong>\u2014incluyendo salinidad, alcalinidad (KH), pH, calcio, magnesio, nutrientes, contaminantes y claridad del agua\u2014para ofrecer una visi\u00f3n completa del estado de tu acuario de arrecife. Cada <strong>1 set<\/strong> incluye el an\u00e1lisis de una muestra de agua de \u00f3smosis (RO\/DI) que cubre <strong>49 par\u00e1metros esenciales<\/strong>.<\/li>\n<li><strong>Motor Inteligente de Recomendaciones:<\/strong><br \/>\nSistema online de \u00faltima generaci\u00f3n que analiza tus resultados y proporciona soluciones personalizadas y accionables, adaptadas a la configuraci\u00f3n, el equipo y los objetivos de tu acuario.<\/li>\n<li><strong>Correcciones Orientadas a Objetivos:<\/strong><br \/>\nRecibe al instante recomendaciones precisas sobre dosis correctivas, mantenimiento peri\u00f3dico y ajustes de productos o equipos, todo personalizado seg\u00fan los resultados de tu an\u00e1lisis.<\/li>\n<li><strong>Gesti\u00f3n de Anomal\u00edas:<\/strong><br \/>\nSecci\u00f3n integrada de <strong>Anomal\u00edas<\/strong> con gesti\u00f3n semi-automatizada de tareas para resolver problemas y dar seguimiento a las acciones recomendadas por el laboratorio.<\/li>\n<li><strong>Tecnolog\u00eda de Laboratorio Avanzada:<\/strong><br \/>\nDos laboratorios de \u00faltima generaci\u00f3n equipados con <strong>ICP-OES\/MS Base<\/strong>, cromatograf\u00eda y otras t\u00e9cnicas anal\u00edticas modernas para una precisi\u00f3n inigualable.<\/li>\n<li><strong>Resultados R\u00e1pidos \u2013 Siempre Prioridad:<\/strong><br \/>\nResultados completos del an\u00e1lisis del agua en <strong>menos de 24 horas<\/strong>. Nuestros laboratorios operan 24\/7, y cada muestra se trata como m\u00e1xima prioridad, sin coste adicional.<\/li>\n<li><strong>Seguimiento F\u00e1cil de Muestras:<\/strong><br \/>\nConsulta el estado de tus muestras online en tiempo real y env\u00edalas f\u00e1cilmente mediante escaneo de c\u00f3digo QR para una gesti\u00f3n \u00e1gil y sin errores.<\/li>\n<li><strong>Plataforma Online Intuitiva:<\/strong><br \/>\nDisfruta de la web m\u00e1s avanzada y f\u00e1cil de usar del sector, con navegaci\u00f3n clara, asesor\u00eda experta y recursos educativos para todos los acuaristas de arrecife.<\/li>\n<\/ul>\n<p class=\"cvGsUA direction-ltr align-justify para-style-body\"><strong><span class=\"OYPEnA font-feature-liga-off font-feature-clig-off font-feature-calt-off text-decoration-none text-strikethrough-none\">56 par\u00e1metros (Reef Water Analysis)<\/span><\/strong><\/p>\n<p class=\"cvGsUA direction-ltr align-justify para-style-body\"><span class=\"OYPEnA font-feature-liga-off font-feature-clig-off font-feature-calt-off text-decoration-none text-strikethrough-none\">SALINITY (PSU, SG, mS\/cm), Kh, pH, CO2, WATER CLARITY (MRNU), PAR LOSS (PARL), Ca, Cl, B, Br, K, Mg, F, Na, S, Sr, Ba, Co, Cr, Cu, Fe, I, Li, Mn, Mo, Ni, Se, V, Zn, No3, P, Po4, Si, Al, As, Ag, Be, Bi, Cd, Ga, Ge, Hg, La, In, Nb, Pb, Sb, Sc, Sn, Te, Ti, Tl, W, Zr.<\/span><\/p>\n<p class=\"cvGsUA direction-ltr align-justify para-style-body\"><strong><span class=\"OYPEnA font-feature-liga-off font-feature-clig-off font-feature-calt-off text-decoration-none text-strikethrough-none\">49 par\u00e1metros (RO\/DI Water Analysis)<\/span><\/strong><\/p>\n<p class=\"cvGsUA direction-ltr align-justify para-style-body\"><span class=\"OYPEnA font-feature-liga-off font-feature-clig-off font-feature-calt-off text-decoration-none text-strikethrough-none\">SALINITY (PSU), Ca, Cl, B, Br, K, Mg, F, Na, S, Sr, Ba, Co, Cr, Cu, Fe, I, Li, Mn, Mo, Ni, Se, V, Zn, No3, P, Po4, Si, Al, As, Ag, Be, Bi, Cd, Ga, Ge, Hg, La, In, Nb, Pb, Sb, Sc, Sn, Te, Ti, Tl, W, Zr<\/span><\/p>\n","protected":false},"excerpt":{"rendered":"<p>Aqu\u00ed es donde se encuentran la biolog\u00eda, la qu\u00edmica y la tecnolog\u00eda de los acuarios de arrecife, combinadas con el sitio web m\u00e1s intelectual y f\u00e1cil de leer que jam\u00e1s hayas encontrado. Nuestro sistema de sitio web resolver\u00e1 cualquier anomal\u00eda y lo guiar\u00e1 a un mejor resultado en funci\u00f3n de su acuario de arrecife. En [&#8230;]\n","protected":false},"featured_media":38805,"template":"","meta":[],"product_brand":[],"product_cat":[134],"product_tag":[],"class_list":{"0":"post-38846","1":"product","2":"type-product","3":"status-publish","4":"has-post-thumbnail","6":"product_cat-icp-ic-reef-lab-water-analysis-es","8":"first","9":"instock","10":"taxable","11":"shipping-taxable","12":"purchasable","13":"product-type-simple"},"_links":{"self":[{"href":"https:\/\/modernreef.eu\/es\/wp-json\/wp\/v2\/product\/38846","targetHints":{"allow":["GET"]}}],"collection":[{"href":"https:\/\/modernreef.eu\/es\/wp-json\/wp\/v2\/product"}],"about":[{"href":"https:\/\/modernreef.eu\/es\/wp-json\/wp\/v2\/types\/product"}],"wp:featuredmedia":[{"embeddable":true,"href":"https:\/\/modernreef.eu\/es\/wp-json\/wp\/v2\/media\/38805"}],"wp:attachment":[{"href":"https:\/\/modernreef.eu\/es\/wp-json\/wp\/v2\/media?parent=38846"}],"wp:term":[{"taxonomy":"product_brand","embeddable":true,"href":"https:\/\/modernreef.eu\/es\/wp-json\/wp\/v2\/product_brand?post=38846"},{"taxonomy":"product_cat","embeddable":true,"href":"https:\/\/modernreef.eu\/es\/wp-json\/wp\/v2\/product_cat?post=38846"},{"taxonomy":"product_tag","embeddable":true,"href":"https:\/\/modernreef.eu\/es\/wp-json\/wp\/v2\/product_tag?post=38846"}],"curies":[{"name":"wp","href":"https:\/\/api.w.org\/{rel}","templated":true}]}}