{"id":4842,"date":"2021-12-08T00:19:52","date_gmt":"2021-12-07T23:19:52","guid":{"rendered":"https:\/\/modernreef.eu\/shop\/sin%20categor\u00eda\/c-dip\/"},"modified":"2022-09-02T23:51:35","modified_gmt":"2022-09-02T21:51:35","slug":"c-dip","status":"publish","type":"product","link":"https:\/\/modernreef.eu\/es\/shop\/problem-solving-es\/c-dip\/","title":{"rendered":"C-Dip 1 &#038; 2"},"content":{"rendered":"<p><span class=\"JsGRdQ\">\u00a1El primer ba\u00f1o de coral de inmersi\u00f3n de 2 etapas del mundo! Libre de yodo y oxidante. C-Dip contiene sustancias penetrantes que afectan las hebras de huevos de las par\u00e1sitos.<\/p>\n<p><\/span><span class=\"JsGRdQ\"><strong>C-Dip 1<\/strong> es un ba\u00f1o para corales profesional extremadamente eficaz contra par\u00e1sitos e infecciones bacterianas. Libre de yodo u oxidante. C-Dip contiene sustancias penetrantes que afectan las hebras de huevos de las plagas.<\/span><\/p>\n<p><strong><span class=\"JsGRdQ\">Como usar:<\/span><\/strong> <span class=\"JsGRdQ\">Agrega 12 gotas por cada 1 litro y mezclar bien. Coloque los corales y ag\u00edtelos suavemente varias veces en el ba\u00f1o de coral. Puede utilizar una peque\u00f1o bomba de movimiento para mantener el agua en movimiento. Despu\u00e9s de <\/span><span class=\"JsGRdQ\">5 minutos<\/span><span class=\"JsGRdQ\">, retire los corales y mu\u00e9valos al ba\u00f1o de coral C-Dip 2 (aseg\u00farese de tenerlo listo antes de comenzar con C-Dip 1). No reutilice el ba\u00f1o de coral preparado ya que los par\u00e1sitos pueden liberar toxinas. \u00a1\u00daselo solo como ba\u00f1o de inmersi\u00f3n!<\/span><\/p>\n<p><strong><span class=\"JsGRdQ\">\u00a1ADVERTENCIA! Puede causar irritaci\u00f3n grave de ojos y piel. \u00a1\u00daselo con precauci\u00f3n y l\u00e1vese las manos despu\u00e9s de su uso!<\/span><\/strong><\/p>\n<p class=\"_04xlpA direction-ltr align-start para-style-body\"><span class=\"JsGRdQ\"><strong>C-Dip 2<\/strong> es la segunda capa protectora de nuestro ba\u00f1o de coral profesional contra par\u00e1sitos e infecciones bacterianas. <\/span><span class=\"JsGRdQ\">C-Dip 2 tambi\u00e9n ayuda con la recuperaci\u00f3n de los corales del estr\u00e9s y el da\u00f1o causado por las pestes o el proceso de env\u00edo. Libre de yodo u oxidante. <\/span><\/p>\n<p class=\"_04xlpA direction-ltr align-start para-style-body\"><strong><span class=\"JsGRdQ\">Como usar: <\/span><\/strong><span class=\"JsGRdQ\">\u00a1Agite vigorosamente! Agrega <\/span><span class=\"JsGRdQ\">12 gotas por cada litro. Mezcle bien, luego coloque los corales en el ba\u00f1o de coral. Puede utilizar una peque\u00f1o bomba de movimiento para mantener el agua en movimiento. Despu\u00e9s de <\/span><span class=\"JsGRdQ\">30 minutos<\/span><span class=\"JsGRdQ\">, retire los corales y mu\u00e9valos directamente a su arrecife o acuario de cuarentena. Puede repetir todo el proceso de C-Dip 1 y C-Dip 2 cuatro veces cada cinco d\u00edas. No reutilice el ba\u00f1o de coral preparado ya que los par\u00e1sitos pueden liberar toxinas. \u00a1\u00daselo solo como ba\u00f1o de inmersi\u00f3n!<\/span><\/p>\n","protected":false},"excerpt":{"rendered":"<p><span class=\"JsGRdQ\">C-Dip 1 es un ba\u00f1o para corales profesional extremadamente eficaz contra par\u00e1sitos e infecciones bacterianas. <\/span><span class=\"JsGRdQ\">C-Dip 2 es la segunda capa protectora de nuestro ba\u00f1o de coral profesional contra par\u00e1sitos e infecciones bacterianas. <\/span><span class=\"JsGRdQ\">C-Dip 2 tambi\u00e9n ayuda con la recuperaci\u00f3n de los corales del estr\u00e9s y el da\u00f1o causado por las pestes o el proceso de env\u00edo. Libre de yodo u oxidante. C-Dip contiene sustancias penetrantes que afectan las hebras de huevos de las plagas. <\/span><\/p>\n","protected":false},"featured_media":21112,"template":"","meta":[],"product_brand":[],"product_cat":[103],"product_tag":[],"class_list":{"0":"post-4842","1":"product","2":"type-product","3":"status-publish","4":"has-post-thumbnail","6":"product_cat-problem-solving-es","7":"product_shipping_class-less-than-20kg","9":"first","10":"instock","11":"taxable","12":"shipping-taxable","13":"purchasable","14":"product-type-simple"},"_links":{"self":[{"href":"https:\/\/modernreef.eu\/es\/wp-json\/wp\/v2\/product\/4842","targetHints":{"allow":["GET"]}}],"collection":[{"href":"https:\/\/modernreef.eu\/es\/wp-json\/wp\/v2\/product"}],"about":[{"href":"https:\/\/modernreef.eu\/es\/wp-json\/wp\/v2\/types\/product"}],"wp:featuredmedia":[{"embeddable":true,"href":"https:\/\/modernreef.eu\/es\/wp-json\/wp\/v2\/media\/21112"}],"wp:attachment":[{"href":"https:\/\/modernreef.eu\/es\/wp-json\/wp\/v2\/media?parent=4842"}],"wp:term":[{"taxonomy":"product_brand","embeddable":true,"href":"https:\/\/modernreef.eu\/es\/wp-json\/wp\/v2\/product_brand?post=4842"},{"taxonomy":"product_cat","embeddable":true,"href":"https:\/\/modernreef.eu\/es\/wp-json\/wp\/v2\/product_cat?post=4842"},{"taxonomy":"product_tag","embeddable":true,"href":"https:\/\/modernreef.eu\/es\/wp-json\/wp\/v2\/product_tag?post=4842"}],"curies":[{"name":"wp","href":"https:\/\/api.w.org\/{rel}","templated":true}]}}