{"id":10958,"date":"2022-04-05T14:39:42","date_gmt":"2022-04-05T12:39:42","guid":{"rendered":"https:\/\/modernreef.eu\/one-4reef\/"},"modified":"2022-04-17T13:29:39","modified_gmt":"2022-04-17T11:29:39","slug":"one-4reef","status":"publish","type":"page","link":"https:\/\/modernreef.eu\/fr\/one-4reef\/","title":{"rendered":"One-4Reef"},"content":{"rendered":"<div class=\"row\"  id=\"row-1762863890\">\r\n\r\n\n\t<div id=\"col-572628462\" class=\"col small-12 large-12\"  >\n\t\t\t\t<div class=\"col-inner\"  >\n\t\t\t\n\t\t\t\r\n\r\n\t<div id=\"gap-476336145\" class=\"gap-element clearfix\" style=\"display:block; height:auto;\">\n\t\t\n<style>\n#gap-476336145 {\n  padding-top: 10px;\n}\n<\/style>\n\t<\/div>\n\t\r\n\r\n<div class=\"container section-title-container\" ><h3 class=\"section-title section-title-normal\"><b aria-hidden=\"true\"><\/b><span class=\"section-title-main\" >Guide de One-4Reef<\/span><b aria-hidden=\"true\"><\/b><\/h3><\/div>\r\n\r\n<p>ONE-4Reef est une forme organique pure super-concentr\u00e9e contenue dans un seul bidon dont la consommation est proportionnelle avec notre syst\u00e8me de Balling. Il contient tous les oligo-\u00e9l\u00e9ments indispensables de l'eau de mer naturelle ; les micro-nutriments organiques et les acides amin\u00e9s sont r\u00e9unis dans un seul produit. La solution est pr\u00eate \u00e0 l'emploi pour la maintenance d\u2019un aquarium r\u00e9cifal prosp\u00e8re et color\u00e9. Il est hautement concentr\u00e9 (1L contient 50.160 mg\/l de calcium et 7.000 \u00b0dKH\/l). Cette formule est sp\u00e9cialement con\u00e7ue pour \u00eatre utilis\u00e9e avec notre syst\u00e8me Reef Keeping System (RKS) mais elle peut \u00e9galement \u00eatre utilis\u00e9e seule ou dans les aquariums \u00e9quip\u00e9s de r\u00e9acteurs \u00e0 calcium.<\/p>\r\n<blockquote>\r\n<p><em><strong>Important! <\/strong>ONE-4Reef peut r\u00e9duire consid\u00e9rablement les nutriments en raison de l'activit\u00e9 bact\u00e9rienne produite par le dosage organique, ce qui entra\u00eene une coloration p\u00e2le et une stagnation de l'aquarium r\u00e9cifal. Par cons\u00e9quent, nous recommandons de surveiller NO3 et PO4 et de doser Modern Reef N+ et P+ si n\u00e9cessaire, en particulier dans les aquariums r\u00e9cifaux \u00e0 faible teneur en nutriments.<\/em><\/p>\r\n<\/blockquote>\r\n<p><strong>Avantages:<\/strong><\/p>\r\n<ul>\r\n<li>Bidon tout-en-un pour r\u00e9pondre \u00e0 tous les besoins des aquariums r\u00e9cifaux (Complete Reef Food et Polypop restent encore n\u00e9cessaires)<\/li>\r\n<li>Aucune accumulation de sous-produits comme le sodium ou le chlorure<\/li>\r\n<li>Convient \u00e0 tous les aquariums r\u00e9cifaux \u00e0 dominante LPS, \u00e0 dominante SPS, mous ou mixtes<\/li>\r\n<li>Am\u00e9lioration de la couleur et de la croissance par rapport \u00e0 d'autres m\u00e9thodes organiques de Balling<\/li>\r\n<li>Un environnement d'aquarium r\u00e9cifal plus r\u00e9sistant contre les cyanobact\u00e9ries et les dinoflagell\u00e9s<\/li>\r\n<li>Extension maximale des polypes sur tous les coraux<\/li>\r\n<li>Aide \u00e0 nettoyer les pierres et le sable<\/li>\r\n<li>Aide \u00e0 maintenir une eau claire<\/li>\r\n<li>R\u00e9duit les exc\u00e8s de nutriments comme les NO3 et PO4<\/li>\r\n<li>Convient au dosage manuel ou automatique<\/li>\r\n<li>Gain de place avec un seul bidon et une seule pompe lorsqu'il est utilis\u00e9 seul<\/li>\r\n<li>Peut \u00eatre utilis\u00e9 comme une application en \" Mode-\u00e9conomie\" pour les syst\u00e8mes d'aquariums r\u00e9cifaux avec balling ou r\u00e9acteurs \u00e0 calcium<\/li>\r\n<li>Consommation proportionnelle de Modern Reef formule unique sous forme organique<\/li>\r\n<\/ul>\r\n<p><strong>Vous pouvez utiliser ONE-4Reef de 3 fa\u00e7ons pour entretenir un aquarium r\u00e9cifal:<\/strong><\/p>\r\n<ul>\r\n<li><a href=\"#anchor-alone\">Seul comme syst\u00e8me de maintenance r\u00e9cifal de base<\/a><\/li>\r\n<li><a href=\"#anchor-with-RKS\">Avec le Modern Reef RKS (Reef Keeping System) comme application en\"Mode-\u00e9conomie\"<\/a><\/li>\r\n<li><a href=\"#anchor-with-calciumreactor\">Dans les aquariums r\u00e9cifaux avec r\u00e9acteurs \u00e0 calcium<\/a><\/li>\r\n<\/ul>\r\n<span class=\"scroll-to\" data-label=\"Scroll to: #anchor-alone\" data-bullet=\"true\" data-link=\"#anchor-alone\" data-title=\"ONE-4REEF SEUL COMME M\u00c9THODE DE CONSERVATION DES R\u00c9CIFS\"><a name=\"anchor-alone\"><\/a><\/span>\r\n\r\n<div class=\"container section-title-container\" ><h3 class=\"section-title section-title-normal\"><b aria-hidden=\"true\"><\/b><span class=\"section-title-main\" >ONE-4REEF SEUL COMME M\u00c9THODE DE CONSERVATION DES R\u00c9CIFS<\/span><b aria-hidden=\"true\"><\/b><\/h3><\/div>\r\n\r\n<p>Si vous pr\u00e9f\u00e9rez un dosage organique et une formule simple de Balling pour entretenir votre aquarium r\u00e9cifal, alors vous pouvez utiliser ONE-4Reef seul. Commencez par doser 4 ml de ONE-4Reef pour 100 litres. Ensuite, augmentez de 2 ml par 100 litres tous les 2-4 jours jusqu'\u00e0 ce que vous gardiez un KH et un calcium constant pour trouver votre dosage de maintenance. Testez r\u00e9guli\u00e8rement le KH et le calcium et utilisez le calcium comme r\u00e9gulateur de dosage. En effet, le niveau de KH fourni par ONE-4Reef (comme tous les types de Balling organique) peut prendre jusqu'\u00e0 2 jours pour commencer \u00e0 appara\u00eetre dans un kit de test KH. Ne d\u00e9passez pas 20 ml pour 100 litres par jour, et n'oubliez pas d'appliquer Modern Reef Complete Reef Food et Polypop pour compl\u00e9ter le syst\u00e8me de consommation proportionnelle.<\/p>\r\n<p>Si votre aquarium r\u00e9cifal est grand et que vous ne voulez pas le remplir constamment, vous pouvez diviser le dosage et connecter autant de bidons et de pompes doseuses que vous le souhaitez. Par exemple, si vous dosez 400 ml par jour de ONE-4Reef, vous pouvez connecter 4 bidons \u00e0 4 pompes doseuses et doser 100 ml chacun par jour. Cela diminuera votre maintenance avant que vous changiez les bidons ou les remplissiez \u00e0 nouveau. N'oubliez pas de multiplier la quantit\u00e9 totale dos\u00e9e lorsque vous appliquez Modern Reef Complete Reef Food et Polypop.<\/p>\r\n\n\t<section class=\"section\" id=\"section_1753507306\">\n\t\t<div class=\"section-bg fill\" >\n\t\t\t\t\t\t\t\t\t\n\t\t\t\n\n\t\t<\/div>\n\n\t\t\n\n\t\t<div class=\"section-content relative\">\n\t\t\t\r\n\r\n<div class=\"container section-title-container\" ><h4 class=\"section-title section-title-center\"><b aria-hidden=\"true\"><\/b><span class=\"section-title-main\" >ACTIONS SI VOUS UTILISEZ LE ONE-4REEF SEUL<\/span><b aria-hidden=\"true\"><\/b><\/h4><\/div>\r\n\r\n<div class=\"row row-small align-center row-box-shadow-2\"  id=\"row-1895090304\">\r\n\r\n\n\t<div id=\"col-947409223\" class=\"col medium-3 small-12 large-2\"  >\n\t\t\t\t<div class=\"col-inner\"  >\n\t\t\t\n\t\t\t\r\n\r\n<h2 style=\"text-align: center;\"><strong>Ca \u2193<br \/>\r\nKH \u2193<\/strong><\/h2>\r\n<p style=\"text-align: center;\">Augmentez la dose de ONE-4Reef tous les 2-4 jours<\/p>\r\n\r\n\t\t<\/div>\n\t\t\t\t\t<\/div>\n\n\t\r\n\n\t<div id=\"col-549961272\" class=\"col medium-3 small-12 large-2\"  >\n\t\t\t\t<div class=\"col-inner\"  >\n\t\t\t\n\t\t\t\r\n\r\n<h2 style=\"text-align: center;\"><strong>Ca \u2193<br \/>\r\nKH &#x2194;<\/strong><\/h2>\r\n<p style=\"text-align: center;\">Continuez avec le m\u00eame dosage de ONE-4Reef et dosez Ca+<\/p>\r\n\r\n\t\t<\/div>\n\t\t\t\t\t<\/div>\n\n\t\r\n\n\t<div id=\"col-1110481892\" class=\"col medium-3 small-12 large-2\"  >\n\t\t\t\t<div class=\"col-inner\"  >\n\t\t\t\n\t\t\t\r\n\r\n<h2 style=\"text-align: center;\"><strong>Ca \u2193 <\/strong>| <strong>&#x2194;<\/strong><strong><br \/>\r\nKH \u2191<\/strong><\/h2>\r\n<p style=\"text-align: center;\">R\u00e9duire le dosage de ONE-4Reef et ajouter du Ca+<\/p>\r\n\r\n\t\t<\/div>\n\t\t\t\t\t<\/div>\n\n\t\r\n\n\t<div id=\"col-927354024\" class=\"col medium-3 small-12 large-2\"  >\n\t\t\t\t<div class=\"col-inner\"  >\n\t\t\t\n\t\t\t\r\n\r\n<h2 style=\"text-align: center;\"><strong>Ca <\/strong><strong>&#x2194;<\/strong><strong><br \/>\r\nKH <\/strong><strong>&#x2194;<\/strong><\/h2>\r\n<p style=\"text-align: center;\">Continuez avec le m\u00eame dosage de ONE-4Reef<\/p>\r\n\r\n\t\t<\/div>\n\t\t\t\t\t<\/div>\n\n\t\r\n\n\t<div id=\"col-2091505814\" class=\"col medium-3 small-12 large-2\"  >\n\t\t\t\t<div class=\"col-inner\"  >\n\t\t\t\n\t\t\t\r\n\r\n<h2 style=\"text-align: center;\"><strong>Ca <\/strong><strong>&#x2194;<\/strong><strong><br \/>\r\nKH \u2193<\/strong><\/h2>\r\n<p style=\"text-align: center;\">Continuez avec le m\u00eame dosage de ONE-4Reef et la m\u00eame dose de KH+<\/p>\r\n\r\n\t\t<\/div>\n\t\t\t\t\t<\/div>\n\n\t\r\n\n\t<div id=\"col-1957365848\" class=\"col medium-3 small-12 large-2\"  >\n\t\t\t\t<div class=\"col-inner\"  >\n\t\t\t\n\t\t\t\r\n\r\n<h2 style=\"text-align: center;\"><strong>Ca \u2191\u00a0<\/strong><strong><br \/>\r\nKH \u2193 <\/strong>| <strong>&#x2194;<\/strong><\/h2>\r\n<p style=\"text-align: center;\">R\u00e9duire le dosage de ONE-4Reef et doser KH+<\/p>\r\n\r\n\t\t<\/div>\n\t\t\t\t\t<\/div>\n\n\t\r\n\n\t<div id=\"col-1699734663\" class=\"col medium-3 small-12 large-2\"  >\n\t\t\t\t<div class=\"col-inner\"  >\n\t\t\t\n\t\t\t\r\n\r\n<h2 style=\"text-align: center;\"><strong>Ca \u2191\u00a0<\/strong><strong><br \/>\r\nKH <\/strong><strong>\u2191\u00a0<\/strong><\/h2>\r\n<p style=\"text-align: center;\">R\u00e9duire le dosage de ONE-4Reef<\/p>\r\n\r\n\t\t<\/div>\n\t\t\t\t\t<\/div>\n\n\t\r\n\r\n\n<style>\n#row-1895090304 > .col > .col-inner {\n  padding: 8px 4px 1px 4px;\n}\n<\/style>\n<\/div>\r\n\r\n\t\t<\/div>\n\n\t\t\n<style>\n#section_1753507306 {\n  padding-top: 30px;\n  padding-bottom: 30px;\n}\n<\/style>\n\t<\/section>\n\t\r\n\r\n\t\t<\/div>\n\t\t\t\t\t<\/div>\n\n\t\r\n\n\t<div id=\"col-536537038\" class=\"col small-12 large-12\"  >\n\t\t\t\t<div class=\"col-inner\"  >\n\t\t\t\n\t\t\t\r\n\r\n<span class=\"scroll-to\" data-label=\"Scroll to: #anchor-with-RKS\" data-bullet=\"true\" data-link=\"#anchor-with-RKS\" data-title=\"ONE-4REEF AVEC MODERN REEF RKS\"><a name=\"anchor-with-RKS\"><\/a><\/span>\r\n\r\n<div class=\"container section-title-container\" ><h3 class=\"section-title section-title-normal\"><b aria-hidden=\"true\"><\/b><span class=\"section-title-main\" >ONE-4REEF AVEC MODERN REEF RKS<\/span><b aria-hidden=\"true\"><\/b><\/h3><\/div>\r\n\r\n<p>Le ONE-4Reef peut \u00eatre utilis\u00e9 avec Modern Reef - RKS - (Reef Keeping System)  pour l\u2019application \"Economique\" et pour b\u00e9n\u00e9ficier des avantages des dosages organiques et inorganiques du Balling comme:<\/p>\r\n<ul>\r\n<li>Une couleur et une croissance maximales de tous les coraux, en particulier des SPS<\/li>\r\n<li>Une extension extr\u00eame des polypes sur tous les coraux, en particulier sur l'Acropora<\/li>\r\n<li>Moins d'accumulation de sous-produits comme le sodium ou le chlorure<\/li>\r\n<li>Des pierres et du sable plus propres<\/li>\r\n<li>Une eau plus claire<\/li>\r\n<li>Une r\u00e9duction des exc\u00e8s de nutriments comme NO3 et PO4<\/li>\r\n<li>Une \u00e9conomie sur la consommation de doses de RKS (une \u00e9conomie jusqu'\u00e0 20%)<\/li>\r\n<li>Un environnement d'aquarium r\u00e9cifal plus r\u00e9sistant contre les cyanobact\u00e9ries et les dinoflagell\u00e9s<\/li>\r\n<\/ul>\r\n<p>Nos recherches ont r\u00e9v\u00e9l\u00e9 que les meilleurs r\u00e9sultats ont \u00e9t\u00e9 obtenus en utilisant cette m\u00e9thode et ont permis de r\u00e9duire consid\u00e9rablement la consommation de Modern Reef - RKS (Reef Keeping System).<\/p>\r\n<p>Il est important de toujours tester le KH et le Calcium lorsque vous commencez \u00e0 utiliser le ONE-4Reef pendant les 2 premi\u00e8res semaines. De plus, gardez \u00e0 l'esprit que le niveau de KH fourni par le ONE-4Reef peut prendre 2 jours pour commencer \u00e0 se manifester avec les kits de test de KH.<\/p>\r\n<p>Vous pouvez choisir de l'utiliser avec le Modern Reef - RKS de 2 fa\u00e7ons:<\/p>\r\n<ul>\r\n<li><strong>RKS \u00e0 75% et ONE-4Reef \u00e0 25%<\/strong><\/li>\r\n<li><strong>RKS \u00e0 50% et ONE-4Reef \u00e0 50%<\/strong><\/li>\r\n<\/ul>\r\n<p>(% pris sur le dosage quotidien de RKS)<\/p>\r\n<p><strong>RKS \u00e0 75% et ONE-4Reef \u00e0 25%: <\/strong>pour utiliser de cette fa\u00e7on le ONE-4Reef, r\u00e9duisez la dose quotidienne du RKS de 25% et dosez quotidiennement la m\u00eame quantit\u00e9 r\u00e9duite en ml de ONE-4Reef. Ensuite, gardez le ONE-4Reef sans changer le dosage, et continuez \u00e0 utiliser le RKS comme vous le faites normalement. Vous pouvez augmenter le ONE-4Reef de plus de 25% si vous le souhaitez plus tard et r\u00e9duire le dosage du RKS simultan\u00e9ment et lentement pour utiliser plus de ONE-4Reef et moins de RKS. Vous pouvez augmenter lentement jusqu'\u00e0 un dosage quotidien maximal \u00e9gal \u00e0 celui du RKS, ce qui en fera un syst\u00e8me de dosage en 5 parties \u00e9gales comme expliqu\u00e9 ci-dessous. Gardez juste \u00e0 l'esprit de ne pas d\u00e9passer le dosage quotidien du RKS avec le ONE-4Reef. Veuillez pr\u00e9voir un intervalle de 5 \u00e0 10 minutes entre chaque dose de chaque pompe.<\/p>\r\n<p><strong>RKS \u00e0 50% et ONE-4Reef \u00e0 50%: <\/strong>convertit le RKS et le ONE-4Reef en un syst\u00e8me de dosage en 5 parties \u00e9gales. Pour utiliser de cette fa\u00e7on le ONE-4Reef, r\u00e9duisez le dosage quotidien du RKS de 25% et dosez quotidiennement la m\u00eame quantit\u00e9 r\u00e9duite en ml de ONE-4Reef, puis attendez 4 jours, puis dosez les 5 parties \u00e9gales jusqu'\u00e0 ce que vous gardiez un KH et un calcium constants entre 7,2-8,5 dKH et 390-440 mg\/l de calcium. Si vous d\u00e9butez avec Modern Reef, commencez par doser 4 ml par 100 litres de chacun des 5 bidons (4 bidons RKS et 1 ONE-4Reef) et ajustez le dosage quotidien de 2ml par 100 litres jusqu'\u00e0 ce que vous gardiez un KH et un calcium constants entre 7.2-8.5 dKH et 390-440 mg\/l de calcium. Veuillez pr\u00e9voir un intervalle de 5 \u00e0 10 minutes entre chaque dose de chaque pompe.<\/p>\r\n<p>Un des inconv\u00e9nients de l'utilisation conjointe de ONE-4Reef et de RKS est la n\u00e9cessit\u00e9 d'une 5e pompe doseuse. Nous recommandons d'utiliser une 5e pompe doseuse et de la calibrer comme vous le faites pour le RKS. Si cela n'est pas possible, vous pouvez toujours doser la Base KH1 et la Base KH2 dans le m\u00eame r\u00e9cipient et multiplier le dosage par 2. Ainsi, par exemple, si vous dosez 50ml de chaque bidon, vous pouvez doser 100 ml de Base KH1 et de Base KH2 (combin\u00e9es dans un m\u00eame r\u00e9cipient) et 50ml de Base Cal et 50ml de Base Mag. Vous aurez alors une pompe de dosage suppl\u00e9mentaire libre pour le ONE-4Reef.<\/p>\r\n\n\t<section class=\"section\" id=\"section_1914807267\">\n\t\t<div class=\"section-bg fill\" >\n\t\t\t\t\t\t\t\t\t\n\t\t\t\n\n\t\t<\/div>\n\n\t\t\n\n\t\t<div class=\"section-content relative\">\n\t\t\t\r\n\r\n<div class=\"container section-title-container\" ><h4 class=\"section-title section-title-center\"><b aria-hidden=\"true\"><\/b><span class=\"section-title-main\" >ACTIONS AVEC ONE-4REEF ET RKS<\/span><b aria-hidden=\"true\"><\/b><\/h4><\/div>\r\n\r\n<div class=\"row row-small align-center row-box-shadow-2\"  id=\"row-999181624\">\r\n\r\n\n\t<div id=\"col-1203077589\" class=\"col medium-3 small-12 large-2\"  >\n\t\t\t\t<div class=\"col-inner\"  >\n\t\t\t\n\t\t\t\r\n\r\n<h2 style=\"text-align: center;\"><strong>Ca \u2193<br \/>\r\nKH \u2193<\/strong><\/h2>\r\n<p style=\"text-align: center;\">Augmentez la dose de ONE-4Reef\/RKS tous les 2-4 jours<\/p>\r\n\r\n\t\t<\/div>\n\t\t\t\t\t<\/div>\n\n\t\r\n\n\t<div id=\"col-1871532720\" class=\"col medium-3 small-12 large-2\"  >\n\t\t\t\t<div class=\"col-inner\"  >\n\t\t\t\n\t\t\t\r\n\r\n<h2 style=\"text-align: center;\"><strong>Ca \u2193<br \/>\r\nKH &#x2194;<\/strong><\/h2>\r\n<p style=\"text-align: center;\">Continuez avec le m\u00eame dosage de ONE-4Reef\/RKS et dosez Ca+<\/p>\r\n\r\n\t\t<\/div>\n\t\t\t\t\t<\/div>\n\n\t\r\n\n\t<div id=\"col-1045976096\" class=\"col medium-3 small-12 large-2\"  >\n\t\t\t\t<div class=\"col-inner\"  >\n\t\t\t\n\t\t\t\r\n\r\n<h2 style=\"text-align: center;\"><strong>Ca \u2193 <\/strong>| <strong>&#x2194;<\/strong><strong><br \/>\r\nKH \u2191<\/strong><\/h2>\r\n<p style=\"text-align: center;\">R\u00e9duire le dosage de ONE-4Reef\/RKS et ajouter du Ca+<\/p>\r\n\r\n\t\t<\/div>\n\t\t\t\t\t<\/div>\n\n\t\r\n\n\t<div id=\"col-1240097193\" class=\"col medium-3 small-12 large-2\"  >\n\t\t\t\t<div class=\"col-inner\"  >\n\t\t\t\n\t\t\t\r\n\r\n<h2 style=\"text-align: center;\"><strong>Ca <\/strong><strong>&#x2194;<\/strong><strong><br \/>\r\nKH <\/strong><strong>&#x2194;<\/strong><\/h2>\r\n<p style=\"text-align: center;\">Continuer avec le m\u00eame dosage de ONE-4Reef\/RKS<\/p>\r\n\r\n\t\t<\/div>\n\t\t\t\t\t<\/div>\n\n\t\r\n\n\t<div id=\"col-1772129707\" class=\"col medium-3 small-12 large-2\"  >\n\t\t\t\t<div class=\"col-inner\"  >\n\t\t\t\n\t\t\t\r\n\r\n<h2 style=\"text-align: center;\"><strong>Ca <\/strong><strong>&#x2194;<\/strong><strong><br \/>\r\nKH \u2193<\/strong><\/h2>\r\n<p style=\"text-align: center;\">Continuer avec le m\u00eame dosage de ONE-4Reef\/RKS et la m\u00eame dose de KH+<\/p>\r\n\r\n\t\t<\/div>\n\t\t\t\t\t<\/div>\n\n\t\r\n\n\t<div id=\"col-922379499\" class=\"col medium-3 small-12 large-2\"  >\n\t\t\t\t<div class=\"col-inner\"  >\n\t\t\t\n\t\t\t\r\n\r\n<h2 style=\"text-align: center;\"><strong>Ca \u2191\u00a0<\/strong><strong><br \/>\r\nKH \u2193 <\/strong>| <strong>&#x2194;<\/strong><\/h2>\r\n<p style=\"text-align: center;\">R\u00e9duire le dosage de ONE-4Reef\/RKS et doser KH+<\/p>\r\n\r\n\t\t<\/div>\n\t\t\t\t\t<\/div>\n\n\t\r\n\n\t<div id=\"col-963264939\" class=\"col medium-3 small-12 large-2\"  >\n\t\t\t\t<div class=\"col-inner\"  >\n\t\t\t\n\t\t\t\r\n\r\n<h2 style=\"text-align: center;\"><strong>Ca \u2191\u00a0<\/strong><strong><br \/>\r\nKH <\/strong><strong>\u2191\u00a0<\/strong><\/h2>\r\n<p style=\"text-align: center;\">R\u00e9duire le dosage de ONE-4Reef\/RKS<\/p>\r\n\r\n\t\t<\/div>\n\t\t\t\t\t<\/div>\n\n\t\r\n\r\n\n<style>\n#row-999181624 > .col > .col-inner {\n  padding: 8px 4px 1px 4px;\n}\n<\/style>\n<\/div>\r\n\r\n\t\t<\/div>\n\n\t\t\n<style>\n#section_1914807267 {\n  padding-top: 30px;\n  padding-bottom: 30px;\n}\n<\/style>\n\t<\/section>\n\t\r\n\r\n\t\t<\/div>\n\t\t\t\t\t<\/div>\n\n\t\r\n\n\t<div id=\"col-561663379\" class=\"col small-12 large-12\"  >\n\t\t\t\t<div class=\"col-inner\"  >\n\t\t\t\n\t\t\t\r\n\r\n<span class=\"scroll-to\" data-label=\"Scroll to: #anchor-with-calciumreactor\" data-bullet=\"true\" data-link=\"#anchor-with-calciumreactor\" data-title=\"ONE-4REEF AVEC R\u00c9ACTEUR \u00c0 CALCIUM\"><a name=\"anchor-with-calciumreactor\"><\/a><\/span>\r\n\r\n<div class=\"container section-title-container\" ><h3 class=\"section-title section-title-normal\"><b aria-hidden=\"true\"><\/b><span class=\"section-title-main\" >ONE-4REEF AVEC R\u00c9ACTEUR \u00c0 CALCIUM<\/span><b aria-hidden=\"true\"><\/b><\/h3><\/div>\r\n\r\n<p>ONE-4Reef peut \u00eatre utilis\u00e9 dans des aquariums r\u00e9cifaux avec des r\u00e9acteurs \u00e0 calcium. Dans ce cas, il faut appliquer ONE-4Reef comme s\u2019il \u00e9tait le seul  syst\u00e8me de maintenance, mais dans ce cas, vous devez r\u00e9duire la capacit\u00e9 du r\u00e9acteur \u00e0 calcium de 50%. Une fois que vous avez r\u00e9duit la capacit\u00e9 du r\u00e9acteur \u00e0 calcium de 50%, commencez par un dosage quotidien de 2 ml pour 100 litres. Puis ajustez le dosage de 1 ml par jour par 100 litres jusqu'\u00e0 ce que vous gardiez un KH et un calcium constants entre 7.2-8.5 dKH et 390-440 mg\/l de calcium. Vous avez ici quelques-uns des avantages de l'utilisation de ONE-4Reef dans un syst\u00e8me d'aquarium r\u00e9cifal avec un r\u00e9acteur \u00e0 calcium:<\/p>\r\n<ul>\r\n<li>Am\u00e9lioration de la couleur et de la croissance de tous les coraux, en particulier des SPS<\/li>\r\n<li>Meilleure extension des polypes sur tous les coraux, notamment l'Acropora<\/li>\r\n<li>Moins d'utilisation de CO2 par le r\u00e9acteur \u00e0 calcium qui am\u00e9liore la fluctuation du pH<\/li>\r\n<li>Des pierres et du sable plus propres<\/li>\r\n<li>Eau plus claire<\/li>\r\n<li>L'entretien du r\u00e9acteur \u00e0 calcium durera plus longtemps<\/li>\r\n<li>Suppl\u00e9mentation constante de certains \u00e9l\u00e9ments consomm\u00e9s par les bact\u00e9ries dans le r\u00e9acteur \u00e0 calcium<\/li>\r\n<li>R\u00e9duit les exc\u00e8s de nutriments comme NO3 et PO4<\/li>\r\n<li>Environnement d'aquarium r\u00e9cifal plus r\u00e9sistant contre les cyanobact\u00e9ries et les dinoflagell\u00e9s<\/li>\r\n<li>Application du syst\u00e8me de maintien des r\u00e9cifs \u00e0 consommation proportionnelle Modern Reef<\/li>\r\n<li>Permet un meilleur calcul pour Modern Reef Complete Reef Food et Polypop<\/li>\r\n<\/ul>\r\n\n\t<section class=\"section\" id=\"section_1694584789\">\n\t\t<div class=\"section-bg fill\" >\n\t\t\t\t\t\t\t\t\t\n\t\t\t\n\n\t\t<\/div>\n\n\t\t\n\n\t\t<div class=\"section-content relative\">\n\t\t\t\r\n\r\n<div class=\"container section-title-container\" ><h4 class=\"section-title section-title-center\"><b aria-hidden=\"true\"><\/b><span class=\"section-title-main\" >ACTIONS UTILISANT ONE-4REEF AVEC UN R\u00c9ACTEUR \u00c0 CALCIUM<\/span><b aria-hidden=\"true\"><\/b><\/h4><\/div>\r\n\r\n<div class=\"row row-small align-center row-box-shadow-2\"  id=\"row-1641040133\">\r\n\r\n\n\t<div id=\"col-222559399\" class=\"col medium-3 small-12 large-2\"  >\n\t\t\t\t<div class=\"col-inner\"  >\n\t\t\t\n\t\t\t\r\n\r\n<h2 style=\"text-align: center;\"><strong>Ca \u2193<br \/>\r\nKH \u2193<\/strong><\/h2>\r\n<p style=\"text-align: center;\">Augmentez la dose de ONE-4Reef tous les 2-4 jours<\/p>\r\n\r\n\t\t<\/div>\n\t\t\t\t\t<\/div>\n\n\t\r\n\n\t<div id=\"col-933366219\" class=\"col medium-3 small-12 large-2\"  >\n\t\t\t\t<div class=\"col-inner\"  >\n\t\t\t\n\t\t\t\r\n\r\n<h2 style=\"text-align: center;\"><strong>Ca \u2193<br \/>\r\nKH &#x2194;<\/strong><\/h2>\r\n<p style=\"text-align: center;\">Continuez avec le m\u00eame dosage de ONE-4Reef et dosez Ca+<\/p>\r\n\r\n\t\t<\/div>\n\t\t\t\t\t<\/div>\n\n\t\r\n\n\t<div id=\"col-662605053\" class=\"col medium-3 small-12 large-2\"  >\n\t\t\t\t<div class=\"col-inner\"  >\n\t\t\t\n\t\t\t\r\n\r\n<h2 style=\"text-align: center;\"><strong>Ca \u2193 <\/strong>| <strong>&#x2194;<\/strong><strong><br \/>\r\nKH \u2191<\/strong><\/h2>\r\n<p style=\"text-align: center;\">R\u00e9duire le dosage de ONE-4Reef et ajouter du Ca+<\/p>\r\n\r\n\t\t<\/div>\n\t\t\t\t\t<\/div>\n\n\t\r\n\n\t<div id=\"col-1725258576\" class=\"col medium-3 small-12 large-2\"  >\n\t\t\t\t<div class=\"col-inner\"  >\n\t\t\t\n\t\t\t\r\n\r\n<h2 style=\"text-align: center;\"><strong>Ca <\/strong><strong>&#x2194;<\/strong><strong><br \/>\r\nKH <\/strong><strong>&#x2194;<\/strong><\/h2>\r\n<p style=\"text-align: center;\">Continuez avec le m\u00eame dosage de ONE-4Reef<\/p>\r\n\r\n\t\t<\/div>\n\t\t\t\t\t<\/div>\n\n\t\r\n\n\t<div id=\"col-1463560525\" class=\"col medium-3 small-12 large-2\"  >\n\t\t\t\t<div class=\"col-inner\"  >\n\t\t\t\n\t\t\t\r\n\r\n<h2 style=\"text-align: center;\"><strong>Ca <\/strong><strong>&#x2194;<\/strong><strong><br \/>\r\nKH \u2193<\/strong><\/h2>\r\n<p style=\"text-align: center;\">Continuez avec le m\u00eame dosage de ONE-4Reef et la m\u00eame dose de KH+<\/p>\r\n\r\n\t\t<\/div>\n\t\t\t\t\t<\/div>\n\n\t\r\n\n\t<div id=\"col-1283465453\" class=\"col medium-3 small-12 large-2\"  >\n\t\t\t\t<div class=\"col-inner\"  >\n\t\t\t\n\t\t\t\r\n\r\n<h2 style=\"text-align: center;\"><strong>Ca \u2191\u00a0<\/strong><strong><br \/>\r\nKH \u2193 <\/strong>| <strong>&#x2194;<\/strong><\/h2>\r\n<p style=\"text-align: center;\">R\u00e9duire le dosage de ONE-4Reef et doser KH+<\/p>\r\n\r\n\t\t<\/div>\n\t\t\t\t\t<\/div>\n\n\t\r\n\n\t<div id=\"col-1987241769\" class=\"col medium-3 small-12 large-2\"  >\n\t\t\t\t<div class=\"col-inner\"  >\n\t\t\t\n\t\t\t\r\n\r\n<h2 style=\"text-align: center;\"><strong>Ca \u2191\u00a0<\/strong><strong><br \/>\r\nKH <\/strong><strong>\u2191\u00a0<\/strong><\/h2>\r\n<p style=\"text-align: center;\">R\u00e9duire le dosage de ONE-4Reef<\/p>\r\n\r\n\t\t<\/div>\n\t\t\t\t\t<\/div>\n\n\t\r\n\r\n\n<style>\n#row-1641040133 > .col > .col-inner {\n  padding: 8px 4px 1px 4px;\n}\n<\/style>\n<\/div>\r\n\r\n\t\t<\/div>\n\n\t\t\n<style>\n#section_1694584789 {\n  padding-top: 30px;\n  padding-bottom: 30px;\n}\n<\/style>\n\t<\/section>\n\t\r\n<div>ONE-4Reef n\u00e9cessite Modern Reef Complete Reef Food et Polypop pour compl\u00e9ter notre syst\u00e8me de maintien des r\u00e9cifs \u00e0 consommation proportionnelle. Veuillez apprendre comment les utiliser avec ONE-4Reef en utilisant le lien ci-dessous.<\/div>\r\n<div> <\/div>\r\n<div>Si vous avez des questions sur nos produits ou services Modern Reef, n'h\u00e9sitez pas \u00e0 nous contacter.<\/div>\r\n\r\n\t\t<\/div>\n\t\t\t\t\t<\/div>\n\n\t\r\n\r\n<\/div>\n","protected":false},"excerpt":{"rendered":"","protected":false},"author":1,"featured_media":0,"parent":0,"menu_order":0,"comment_status":"closed","ping_status":"closed","template":"","meta":{"footnotes":""},"class_list":["post-10958","page","type-page","status-publish","hentry"],"_links":{"self":[{"href":"https:\/\/modernreef.eu\/fr\/wp-json\/wp\/v2\/pages\/10958","targetHints":{"allow":["GET"]}}],"collection":[{"href":"https:\/\/modernreef.eu\/fr\/wp-json\/wp\/v2\/pages"}],"about":[{"href":"https:\/\/modernreef.eu\/fr\/wp-json\/wp\/v2\/types\/page"}],"author":[{"embeddable":true,"href":"https:\/\/modernreef.eu\/fr\/wp-json\/wp\/v2\/users\/1"}],"replies":[{"embeddable":true,"href":"https:\/\/modernreef.eu\/fr\/wp-json\/wp\/v2\/comments?post=10958"}],"version-history":[{"count":8,"href":"https:\/\/modernreef.eu\/fr\/wp-json\/wp\/v2\/pages\/10958\/revisions"}],"predecessor-version":[{"id":11008,"href":"https:\/\/modernreef.eu\/fr\/wp-json\/wp\/v2\/pages\/10958\/revisions\/11008"}],"wp:attachment":[{"href":"https:\/\/modernreef.eu\/fr\/wp-json\/wp\/v2\/media?parent=10958"}],"curies":[{"name":"wp","href":"https:\/\/api.w.org\/{rel}","templated":true}]}}