{"id":1305,"date":"2020-04-06T20:35:11","date_gmt":"2020-04-06T20:35:11","guid":{"rendered":"https:\/\/modernreef.eu\/about-modern-reef\/"},"modified":"2025-11-28T15:15:29","modified_gmt":"2025-11-28T14:15:29","slug":"a-propos-de-modern-reef","status":"publish","type":"page","link":"https:\/\/modernreef.eu\/fr\/a-propos-de-modern-reef\/","title":{"rendered":"\u00c0 propos de Modern Reef"},"content":{"rendered":"\t<div id=\"gap-106052647\" class=\"gap-element clearfix\" style=\"display:block; height:auto;\">\n\t\t\n<style>\n#gap-106052647 {\n  padding-top: 10px;\n}\n<\/style>\n\t<\/div>\n\t\n<div class=\"row\"  id=\"row-1433719969\">\n\n\t<div id=\"col-1469967320\" class=\"col small-12 large-12\"  >\n\t\t\t\t<div class=\"col-inner\"  >\n\t\t\t\n\t\t\t\n<p><strong>\u00c0 propos de Modern Reef<\/strong><br \/><strong>L\u00e0 o\u00f9 l\u2019expertise en culture de coraux rencontre la BIO\u2011science de r\u00e9cif la plus avanc\u00e9e<\/strong><\/p>\n<hr \/>\n<h2><strong>L\u2019origine de la pr\u00e9cision<\/strong><\/h2>\n<p>Modern Reef est n\u00e9 de plusieurs d\u00e9cennies d\u2019expertise en culture de coraux chez <strong>Euro Corals<\/strong>, l\u2019une des fermes de coraux <strong>100 % aquaculture<\/strong> les plus prestigieuses d\u2019Europe. Nous avons distill\u00e9 l\u2019exp\u00e9rience de la culture de coraux \u00e0 l\u2019\u00e9chelle commerciale en un <strong>syst\u00e8me de gestion de r\u00e9cif hautement sophistiqu\u00e9<\/strong>, minutieusement affin\u00e9 dans nos laboratoires d\u00e9di\u00e9s et d\u00e9sormais disponible pour les r\u00e9cifalistes du monde entier.<\/p>\n<hr \/>\n<h2><strong>Analyse d\u2019eau in\u00e9gal\u00e9e &amp; excellence technique<\/strong><\/h2>\n<p>Le laboratoire Modern Reef \u00e9tablit un <strong>nouveau standard pour l\u2019aquariophilie r\u00e9cifale<\/strong> gr\u00e2ce \u00e0 un <strong>syst\u00e8me d\u2019analyse de 56 param\u00e8tres<\/strong>. Nos capacit\u00e9s analytiques combinent la technologie <strong>ICP\u2011OES\/MS<\/strong> avec la <strong>chromatographie ionique (IC)<\/strong> et d\u2019autres instruments de pointe, offrant une <strong>pr\u00e9cision sans \u00e9quivalent<\/strong>, depuis des niveaux de l\u2019ordre de la partie par trillion (ppt) jusqu\u2019\u00e0 la partie par milliard (ppb).<br \/>Concr\u00e8tement, cela permet de <strong>d\u00e9tecter les probl\u00e8mes plus t\u00f4t<\/strong> et de <strong>corriger plus finement et plus s\u00fbrement<\/strong> les d\u00e9s\u00e9quilibres du bac r\u00e9cifal.<\/p>\n<h3><strong>Capacit\u00e9s analytiques de pointe<\/strong><\/h3>\n<ul>\n<li><strong>Approche multi\u2011instruments<\/strong> \u00e9liminant les fausses valeurs via des protocoles de <strong>validation crois\u00e9e<\/strong><\/li>\n<li><strong>Spectrom\u00e8tres avanc\u00e9s<\/strong> pour une analyse \u00e9l\u00e9mentaire pr\u00e9cise<\/li>\n<li><strong>Chromatographes haute pr\u00e9cision<\/strong> pour des mesures ioniques exactes<\/li>\n<li><strong>Syst\u00e8mes exclusifs de quantification de la turbidit\u00e9<\/strong> mesurant les particules qui r\u00e9duisent le PAR<\/li>\n<li><strong>Instruments de validation redondants<\/strong>, garantissant des donn\u00e9es fiables et reproductibles<\/li>\n<\/ul>\n<h3><strong>Au\u2011del\u00e0 des tests \u2013 des solutions compl\u00e8tes de syst\u00e8me<\/strong><\/h3>\n<p>Notre laboratoire stimule une innovation continue en :<\/p>\n<ol>\n<li><strong>D\u00e9veloppant des modifications cibl\u00e9es d\u2019\u00e9quipement<\/strong> pour corriger des probl\u00e8mes syst\u00e9miques<\/li>\n<li><strong>Formulant des produits sp\u00e9cialis\u00e9s<\/strong> pour traiter des d\u00e9s\u00e9quilibres pr\u00e9cis<\/li>\n<li><strong>Cr\u00e9ant des protocoles de maintenance optimis\u00e9s<\/strong>, bas\u00e9s sur des donn\u00e9es empiriques r\u00e9elles<\/li>\n<\/ol>\n<h3><strong>Service incomparable &amp; insights uniques<\/strong><\/h3>\n<ul>\n<li><strong>Analyse exclusive de la turbidit\u00e9<\/strong>, qui maximise l\u2019efficacit\u00e9 de l\u2019\u00e9clairage <strong>sans co\u00fbt suppl\u00e9mentaire<\/strong>, pour <strong>plus de croissance avec la m\u00eame rampe LED<\/strong><\/li>\n<li><strong>Int\u00e9gration continue de nouvelles technologies de laboratoire<\/strong>, sans frais additionnels<\/li>\n<li><strong>Traitement prioritaire 24\/7<\/strong>, avec <strong>r\u00e9sultats garantis sous 24 heures<\/strong><\/li>\n<li><strong>Syst\u00e8mes redondants<\/strong>, assurant une disponibilit\u00e9 de service ininterrompue<\/li>\n<\/ul>\n<p>Cet ensemble analytique complet apporte :<\/p>\n<ul>\n<li><strong>\u2713 Une visibilit\u00e9 in\u00e9dite<\/strong> sur la chimie de votre \u00e9cosyst\u00e8me r\u00e9cifal<\/li>\n<li><strong>\u2713 De vraies solutions de diagnostic<\/strong>, et pas seulement des r\u00e9sultats de tests<\/li>\n<li><strong>\u2713 Des informations actionnables<\/strong> pour optimiser le fonctionnement du bac<\/li>\n<li><strong>\u2713 Des outils pour une gestion \u00e0 long terme<\/strong> de la sant\u00e9 de votre aquarium r\u00e9cifal<\/li>\n<\/ul>\n<p>En combinant plusieurs technologies avanc\u00e9es avec des protocoles de validation rigoureux, nous transformons l\u2019analyse d\u2019eau d\u2019un <strong>simple outil de diagnostic<\/strong> en une <strong>v\u00e9ritable ressource d\u2019optimisation du syst\u00e8me<\/strong> \u2013 offrant aux r\u00e9cifalistes un <strong>contr\u00f4le complet<\/strong> de leur environnement aquatique.<\/p>\n<hr \/>\n<h2><strong>L\u2019\u00e9volution de la suppl\u00e9mentation r\u00e9cifale<\/strong><\/h2>\n<p>Nos formulations sont <strong>\u00e9prouv\u00e9es \u00e0 l\u2019\u00e9chelle professionnelle<\/strong>, affin\u00e9es durant des ann\u00e9es sur <strong>des milliers de colonies de coraux<\/strong> chez Euro Corals. Test\u00e9es sur de nombreuses esp\u00e8ces et dans des conditions de croissance vari\u00e9es, elles ont \u00e9t\u00e9 <strong>perfectionn\u00e9es en laboratoire selon des standards de qualit\u00e9 pharmaceutique<\/strong>, garantissant <strong>constance de lot et puret\u00e9<\/strong>.<\/p>\n<p>Nous avons r\u00e9volutionn\u00e9 la maintenance r\u00e9cifale avec des <strong>formulations de pr\u00e9cision<\/strong>, con\u00e7ues pour les <strong>exigences sp\u00e9cifiques des syst\u00e8mes ferm\u00e9s<\/strong> (aquariums r\u00e9cifaux). Contrairement \u00e0 l\u2019oc\u00e9an ouvert, un <strong>bac r\u00e9cifal<\/strong> fonctionne avec des contraintes biologiques et chimiques diff\u00e9rentes. Apr\u00e8s des ann\u00e9es d\u2019exp\u00e9rimentations, nous avons mis au point des solutions qui, en syst\u00e8me ferm\u00e9, peuvent <strong>surpasser l\u2019eau de mer naturelle<\/strong> en termes de <strong>stabilit\u00e9, de constance et d\u2019\u00e9quilibre nutritif favorable \u00e0 la croissance des coraux<\/strong>.<\/p>\n<p>Modern Reef pr\u00e9sente le <strong>Proportional Consumption Reef\u2011Keeping System<\/strong> \u2013 notre <strong>avanc\u00e9e hybride dans la gestion de pr\u00e9cision des aquariums r\u00e9cifaux<\/strong>. Cette <strong>technologie de dosage intelligent<\/strong> rend un <strong>niveau de contr\u00f4le professionnel<\/strong> accessible aux d\u00e9butants, tout en offrant une <strong>personnalisation pouss\u00e9e<\/strong> pour les r\u00e9cifalistes exp\u00e9riment\u00e9s, gr\u00e2ce \u00e0 un <strong>syst\u00e8me de maintenance propri\u00e9taire<\/strong> qui s\u2019adapte au <strong>profil de consommation r\u00e9el<\/strong> de votre r\u00e9cif.<\/p>\n<p>Contrairement aux approches classiques, notre syst\u00e8me <strong>s\u2019ajuste automatiquement<\/strong> aux variations de :<\/p>\n<ul>\n<li>Biomasse corallienne<\/li>\n<li>Conditions d\u2019\u00e9clairage<\/li>\n<li>Fr\u00e9quence et type de nourrissage<\/li>\n<li>Changements introduits par l\u2019aquariophile<\/li>\n<\/ul>\n<p>La m\u00e9thode de <strong>Consommation Proportionnelle<\/strong> offre une <strong>stabilit\u00e9 exceptionnelle<\/strong> en maintenant des <strong>rapports de nutriments optimaux<\/strong>, comparables \u00e0 ceux d\u2019un r\u00e9cifaliste expert, tout en <strong>r\u00e9duisant significativement la charge de maintenance<\/strong>. Le r\u00e9sultat : un <strong>\u00e9cosyst\u00e8me auto\u2011r\u00e9gul\u00e9<\/strong>, favorisant une <strong>croissance rapide et saine<\/strong> et une <strong>coloration intense<\/strong> des coraux gr\u00e2ce \u00e0 une <strong>suppl\u00e9mentation intelligente, guid\u00e9e par la consommation r\u00e9elle<\/strong>.<\/p>\n<hr \/>\n<h2><strong>Au\u2011del\u00e0 des suppl\u00e9ments : des solutions r\u00e9cifales compl\u00e8tes<\/strong><\/h2>\n<p>Modern Reef adopte une approche <strong>rigoureusement scientifique<\/strong> pour s\u2019attaquer aux probl\u00e8mes les plus persistants des bacs r\u00e9cifaux.<br \/>Nos <strong>strat\u00e9gies d\u2019augmentation de la biodiversit\u00e9<\/strong> permettent de cr\u00e9er des syst\u00e8mes <strong>naturellement plus r\u00e9sistants aux dinoflagell\u00e9s (dinos)<\/strong>, tandis que nos <strong>techniques d\u2019\u00e9quilibrage microbien<\/strong> ciblent la <strong>cyanobact\u00e9rie<\/strong> \u00e0 sa cause racine, plut\u00f4t que de seulement traiter les sympt\u00f4mes.<\/p>\n<p>Nous proposons \u00e9galement des <strong>recommandations d\u2019\u00e9clairage corr\u00e9l\u00e9es \u00e0 la turbidit\u00e9<\/strong>, optimisant l\u2019<strong>efficacit\u00e9 du PAR<\/strong> pour un <strong>d\u00e9veloppement plus rapide et plus sain des coraux<\/strong>, sans forc\u00e9ment augmenter la puissance ou le co\u00fbt de l\u2019\u00e9clairage.<\/p>\n<hr \/>\n<h2><strong>Principes scientifiques BIO\u2011Reef fondamentaux<\/strong><\/h2>\n<p>Chaque produit Modern Reef est <strong>valid\u00e9 dans de v\u00e9ritables syst\u00e8mes d\u2019aquaculture r\u00e9cifale<\/strong> avant sa commercialisation. Notre approche ne consiste pas \u00e0 simplement <strong>copier l\u2019oc\u00e9an<\/strong>, mais \u00e0 <strong>optimiser la r\u00e9ussite en syst\u00e8me ferm\u00e9<\/strong>, gr\u00e2ce \u00e0 des <strong>strat\u00e9gies de dosage adapt\u00e9es \u00e0 la physiologie des coraux et \u00e0 la dynamique propre des aquariums r\u00e9cifaux modernes<\/strong>.<\/p>\n<hr \/>\n<h2><strong>Rejoignez la r\u00e9volution Modern Reef<\/strong><\/h2>\n<p>Chez Modern Reef, nous croyons que <strong>les r\u00e9sultats doivent parler d\u2019eux\u2011m\u00eames<\/strong>. Nous ne pr\u00e9tendons pas \u00eatre les meilleurs \u2013 nous vous invitons simplement \u00e0 <strong>essayer notre syst\u00e8me et \u00e0 vous faire votre propre opinion<\/strong>.<br \/>Dans le monde r\u00e9cifal actuel, la plupart des produits peuvent maintenir les coraux en vie, mais nous vous mettons au d\u00e9fi <strong>d\u2019exp\u00e9rimenter la diff\u00e9rence de notre approche scientifique pendant seulement quatre semaines<\/strong>. Ensuite, ce sera <strong>\u00e0 vous \u2013 r\u00e9cifaliste \u2013 de d\u00e9cider<\/strong> ce qui fonctionne vraiment le mieux pour votre bac.<\/p>\n<p>Rejoignez notre <strong>groupe Facebook<\/strong> pour \u00e9changer avec des <strong>r\u00e9cifalistes exp\u00e9riment\u00e9s<\/strong>, partager vos retours et rester inform\u00e9 des <strong>derni\u00e8res innovations<\/strong>. D\u00e9couvrez ce que notre syst\u00e8me a d\u00e9j\u00e0 permis d\u2019obtenir sur des bacs mis \u00e0 l\u2019\u00e9preuve. Remarquez que nous <strong>ne d\u00e9pendons pas d\u2019influenceurs ni d\u2019envois massifs de produits gratuits<\/strong> : notre confiance vient de <strong>la science, des donn\u00e9es<\/strong> et surtout des <strong>r\u00e9cifalistes comme vous<\/strong>, qui ont pris le temps d\u2019\u00e9valuer s\u00e9rieusement notre m\u00e9thode.<\/p>\n<p><strong>Essayez\u2011le. Testez\u2011le. Prouvez\u2011le par vous\u2011m\u00eame.<\/strong> C\u2019est \u00e7a, <strong>l\u2019esprit Modern Reef<\/strong>.<\/p>\n<h3><strong>Modern Reef : l\u00e0 o\u00f9 la BIO\u2011science de r\u00e9cif rencontre la passion pour cr\u00e9er de v\u00e9ritables \u00e9cosyst\u00e8mes r\u00e9cifaux florissants.<\/strong><\/h3>\n\t\t<\/div>\n\t\t\t\t\t<\/div>\n\n\t\n<\/div>\n","protected":false},"excerpt":{"rendered":"","protected":false},"author":1,"featured_media":0,"parent":0,"menu_order":0,"comment_status":"closed","ping_status":"closed","template":"","meta":{"footnotes":""},"class_list":["post-1305","page","type-page","status-publish","hentry"],"_links":{"self":[{"href":"https:\/\/modernreef.eu\/fr\/wp-json\/wp\/v2\/pages\/1305","targetHints":{"allow":["GET"]}}],"collection":[{"href":"https:\/\/modernreef.eu\/fr\/wp-json\/wp\/v2\/pages"}],"about":[{"href":"https:\/\/modernreef.eu\/fr\/wp-json\/wp\/v2\/types\/page"}],"author":[{"embeddable":true,"href":"https:\/\/modernreef.eu\/fr\/wp-json\/wp\/v2\/users\/1"}],"replies":[{"embeddable":true,"href":"https:\/\/modernreef.eu\/fr\/wp-json\/wp\/v2\/comments?post=1305"}],"version-history":[{"count":17,"href":"https:\/\/modernreef.eu\/fr\/wp-json\/wp\/v2\/pages\/1305\/revisions"}],"predecessor-version":[{"id":47478,"href":"https:\/\/modernreef.eu\/fr\/wp-json\/wp\/v2\/pages\/1305\/revisions\/47478"}],"wp:attachment":[{"href":"https:\/\/modernreef.eu\/fr\/wp-json\/wp\/v2\/media?parent=1305"}],"curies":[{"name":"wp","href":"https:\/\/api.w.org\/{rel}","templated":true}]}}