{"id":38783,"date":"2025-07-08T14:41:17","date_gmt":"2025-07-08T12:41:17","guid":{"rendered":"https:\/\/modernreef.eu\/shop\/non%20class\u00e9\/ro-di-water-analysis-1-pack\/"},"modified":"2025-07-19T14:35:00","modified_gmt":"2025-07-19T12:35:00","slug":"ro-di-check-1-set-1-ro-di-water-analysis","status":"publish","type":"product","link":"https:\/\/modernreef.eu\/fr\/shop\/icp-ic-reef-lab-water-analysis-fr\/ro-di-check-1-set-1-ro-di-water-analysis\/","title":{"rendered":"RO\/DI CHECK 1-SET (1 RO\/DI Water Analysis)"},"content":{"rendered":"<p><span class=\"OYPEnA font-feature-liga-off font-feature-clig-off font-feature-calt-off text-decoration-none text-strikethrough-none\">RO\/DI Check est un service de laboratoire essentiel pour les amateurs d&#8217;aquariophilie r\u00e9cifale. Il vous aide \u00e0 vous assurer que votre eau osmos\u00e9e est pure et exempte de contaminants nocifs. En utilisant des \u00e9quipements de laboratoire avanc\u00e9s tels que la technologie ICP-MS\/OES, nous analysons <\/span><span class=\"OYPEnA font-feature-liga-off font-feature-clig-off font-feature-calt-off text-decoration-none text-strikethrough-none\">49 param\u00e8tres<\/span><span class=\"OYPEnA font-feature-liga-off font-feature-clig-off font-feature-calt-off text-decoration-none text-strikethrough-none\"> critiques avec pr\u00e9cision, fournissant des r\u00e9sultats rapides et fiables. Lorsque vous \u00eates confront\u00e9 \u00e0 l&#8217;accumulation d&#8217;\u00e9l\u00e9ments ind\u00e9sirables dans votre aquarium, l&#8217;eau osmos\u00e9e est la premi\u00e8re chose \u00e0 v\u00e9rifier. Les contaminants pr\u00e9sents dans votre eau de source peuvent souvent conduire \u00e0 une accumulation au cours du temps, affectant la sant\u00e9 de votre vie marine. En testant votre eau RO\/DI, vous pouvez identifier la source de ces accumulations et prendre des mesures pour les r\u00e9soudre. En outre, avant de commencer un aquarium r\u00e9cifal, il est essentiel de v\u00e9rifier la qualit\u00e9 de votre eau osmos\u00e9e. M\u00eame un syst\u00e8me de filtration performant ne parvient pas toujours \u00e0 \u00e9liminer toutes les impuret\u00e9s. RO\/DI Check garantit que votre eau r\u00e9pond aux normes de puret\u00e9 les plus strictes, vous donnant ainsi une base solide pour un \u00e9cosyst\u00e8me r\u00e9cifal florissant. Gr\u00e2ce \u00e0 des r\u00e9sultats rapides et des recommandations personnalis\u00e9es, nous vous aidons \u00e0 optimiser votre filtre RO\/DI pour \u00e9liminer efficacement les contaminants. Prot\u00e9gez votre aquarium r\u00e9cifal, \u00e9vitez les accumulations nocives et assurez-vous que votre aquarium r\u00e9cifal se d\u00e9veloppe en toute confiance.<\/span><\/p>\n<h3>Caract\u00e9ristiques principales<\/h3>\n<ul>\n<li><strong>Analyse compl\u00e8te de l&#8217;eau osmos\u00e9e (RO\/DI)<\/strong><br \/>\nChaque set offre une analyse de laboratoire d\u00e9taill\u00e9e de votre eau osmos\u00e9e (RO\/DI), couvrant <strong>49 param\u00e8tres essentiels<\/strong> pour garantir puret\u00e9 et s\u00e9curit\u00e9.<\/li>\n<li><strong>Technologie avanc\u00e9e<\/strong><br \/>\nUtilise des \u00e9quipements de laboratoire de pointe <strong>ICP-MS\/OES-based<\/strong> pour des r\u00e9sultats hautement pr\u00e9cis et fiables.<\/li>\n<li><strong>R\u00e9sultats rapides<\/strong><br \/>\nObtenez des r\u00e9sultats rapides et pr\u00e9cis pour r\u00e9soudre rapidement les probl\u00e8mes et assurer la sant\u00e9 de votre aquarium r\u00e9cifal.<\/li>\n<li><strong>D\u00e9tection des contaminants<\/strong><br \/>\nIdentifie les \u00e9l\u00e9ments et impuret\u00e9s nocifs pouvant s&#8217;accumuler dans votre aquarium, vous aidant \u00e0 en trouver la source.<\/li>\n<li><strong>Essentiel pour la sant\u00e9 du r\u00e9cif<\/strong><br \/>\nProt\u00e8ge la vie marine en garantissant que votre eau de source est exempte de contaminants pouvant nuire aux coraux et aux poissons.<\/li>\n<li><strong>Indispensable pour les nouvelles installations<\/strong><br \/>\nV\u00e9rifie la qualit\u00e9 de l&#8217;eau avant de d\u00e9marrer un nouvel aquarium r\u00e9cifal, vous offrant une tranquillit\u00e9 d&#8217;esprit d\u00e8s le d\u00e9but.<\/li>\n<li><strong>Optimisez votre syst\u00e8me RO\/DI<\/strong><br \/>\nRecevez des recommandations personnalis\u00e9es pour am\u00e9liorer votre syst\u00e8me de filtration et maintenir une eau de qualit\u00e9 sup\u00e9rieure.<\/li>\n<li><strong>Favorise un r\u00e9cif durable<\/strong><br \/>\nPr\u00e9vient l&#8217;accumulation d&#8217;\u00e9l\u00e9ments ind\u00e9sirables et favorise un \u00e9cosyst\u00e8me marin stable et prosp\u00e8re.<\/li>\n<li><strong>Simple et pratique<\/strong><br \/>\nProcessus d&#8217;envoi d&#8217;\u00e9chantillon facile avec des rapports de laboratoire clairs et exploitables.<\/li>\n<li><strong>Support professionnel<\/strong><br \/>\nB\u00e9n\u00e9ficiez de conseils d&#8217;experts pour interpr\u00e9ter vos r\u00e9sultats et prendre les meilleures d\u00e9cisions pour votre aquarium.<\/li>\n<\/ul>\n<p class=\"cvGsUA direction-ltr align-justify para-style-body\"><strong><span class=\"OYPEnA font-feature-liga-off font-feature-clig-off font-feature-calt-off text-decoration-none text-strikethrough-none\">49 param\u00e8tres (RO\/DI Water Analysis)<\/span><\/strong><\/p>\n<p class=\"cvGsUA direction-ltr align-justify para-style-body\"><span class=\"OYPEnA font-feature-liga-off font-feature-clig-off font-feature-calt-off text-decoration-none text-strikethrough-none\">SALINITY (PSU), Ca, Cl, B, Br, K, Mg, F, Na, S, Sr, Ba, Co, Cr, Cu, Fe, I, Li, Mn, Mo, Ni, Se, V, Zn, No3, P, Po4, Si, Al, As, Ag, Be, Bi, Cd, Ga, Ge, Hg, La, In, Nb, Pb, Sb, Sc, Sn, Te, Ti, Tl, W, Zr<\/span><\/p>\n<p><span class=\"OYPEnA font-feature-liga-off font-feature-clig-off font-feature-calt-off text-decoration-none text-strikethrough-none\">\u00a0<\/span><\/p>\n","protected":false},"excerpt":{"rendered":"<p>RO\/DI Check est un service de laboratoire essentiel pour les amateurs d&#8217;aquariophilie r\u00e9cifale. Il vous aide \u00e0 vous assurer que votre eau osmos\u00e9e est pure et exempte de contaminants nocifs. En utilisant des \u00e9quipements de laboratoire avanc\u00e9s tels que la technologie ICP-MS\/OES, nous analysons 49 param\u00e8tres critiques avec pr\u00e9cision, fournissant des r\u00e9sultats rapides et fiables. [&#8230;]\n","protected":false},"featured_media":38789,"template":"","meta":[],"product_brand":[],"product_cat":[131],"product_tag":[],"class_list":{"0":"post-38783","1":"product","2":"type-product","3":"status-publish","4":"has-post-thumbnail","6":"product_cat-icp-ic-reef-lab-water-analysis-fr","8":"first","9":"instock","10":"taxable","11":"shipping-taxable","12":"purchasable","13":"product-type-simple"},"_links":{"self":[{"href":"https:\/\/modernreef.eu\/fr\/wp-json\/wp\/v2\/product\/38783","targetHints":{"allow":["GET"]}}],"collection":[{"href":"https:\/\/modernreef.eu\/fr\/wp-json\/wp\/v2\/product"}],"about":[{"href":"https:\/\/modernreef.eu\/fr\/wp-json\/wp\/v2\/types\/product"}],"wp:featuredmedia":[{"embeddable":true,"href":"https:\/\/modernreef.eu\/fr\/wp-json\/wp\/v2\/media\/38789"}],"wp:attachment":[{"href":"https:\/\/modernreef.eu\/fr\/wp-json\/wp\/v2\/media?parent=38783"}],"wp:term":[{"taxonomy":"product_brand","embeddable":true,"href":"https:\/\/modernreef.eu\/fr\/wp-json\/wp\/v2\/product_brand?post=38783"},{"taxonomy":"product_cat","embeddable":true,"href":"https:\/\/modernreef.eu\/fr\/wp-json\/wp\/v2\/product_cat?post=38783"},{"taxonomy":"product_tag","embeddable":true,"href":"https:\/\/modernreef.eu\/fr\/wp-json\/wp\/v2\/product_tag?post=38783"}],"curies":[{"name":"wp","href":"https:\/\/api.w.org\/{rel}","templated":true}]}}