{"id":38839,"date":"2025-07-08T19:58:16","date_gmt":"2025-07-08T17:58:16","guid":{"rendered":"https:\/\/modernreef.eu\/shop\/non%20class\u00e9\/icp-flex-duo-3-sets-3-icp-reef-water-icp-flex-3-ro-di-water-analysis-pro\/"},"modified":"2025-07-19T14:29:18","modified_gmt":"2025-07-19T12:29:18","slug":"icp-flex-duo-3-sets-3-icp-reef-water-icp-flex-3-ro-di-water-analysis-pro","status":"publish","type":"product","link":"https:\/\/modernreef.eu\/fr\/shop\/icp-ic-reef-lab-water-analysis-fr\/icp-flex-duo-3-sets-3-icp-reef-water-icp-flex-3-ro-di-water-analysis-pro\/","title":{"rendered":"ICP FLEX DUO 3-SETS (3 ICP Reef Water ICP FLEX + 3 RO\/DI Water Analysis Pro)"},"content":{"rendered":"<p><span class=\"OYPEnA font-feature-liga-off font-feature-clig-off font-feature-calt-off text-decoration-none text-strikethrough-none\">Faites une exp\u00e9rience incomparable de l&#8217;analyse de l&#8217;eau avec notre ICP FLEX, qui teste avec pr\u00e9cision jusqu&#8217;\u00e0 <\/span><span class=\"OYPEnA font-feature-liga-off font-feature-clig-off font-feature-calt-off text-decoration-none text-strikethrough-none\">49 param\u00e8tres essentiels<\/span><span class=\"OYPEnA font-feature-liga-off font-feature-clig-off font-feature-calt-off text-decoration-none text-strikethrough-none\"> \u00e0 l&#8217;aide de la technologie ICP uniquement bas\u00e9e sur MS\/OES, tout en fournissant des r\u00e9sultats \u00e9conomiquement avantageux. Ce qui nous diff\u00e9rencie, c&#8217;est la possibilit\u00e9 d&#8217;int\u00e9grer de mani\u00e8re transparente les r\u00e9sultats de vos tests \u00e0 domicile concernant les param\u00e8tres manquants (KH, pH, No3 et Floride), ce qui permet d&#8217;offrir des conseils personnalis\u00e9s et une gamme plus \u00e9tendue de surveillance. Il suffit d&#8217;ajouter ou de scanner le code-barres dans votre tableau de bord, et notre syst\u00e8me reconna\u00eet automatiquement le type d&#8217;\u00e9chantillon, ce qui vous permet d&#8217;ajouter les param\u00e8tres manquants imm\u00e9diatement ou plus tard, lorsque vous recevez les r\u00e9sultats. De plus, vous pouvez facilement lier le code-barres \u00e0 un aquarium existant dans notre syst\u00e8me. Notre syst\u00e8me prendra alors en compte les analyses pr\u00e9c\u00e9dentes, m\u00eame si elles n&#8217;ont pas \u00e9t\u00e9 effectu\u00e9es avec l&#8217;ICP FLEX, en se basant sur les tendances historiques des param\u00e8tres de votre aquarium. Avec notre syst\u00e8me, vous recevrez des dosages de correction, des recommandations d&#8217;entretien et des conseils d&#8217;experts sur les ajustements de l&#8217;\u00e9quipement et des produits. Nos sections \u00ab Anomalies \u201c et \u201d T\u00e2ches \u00bb simplifient la gestion des t\u00e2ches et vous permettent de rester inform\u00e9 sur les suggestions de notre laboratoire. Gr\u00e2ce \u00e0 notre service rapide et fiable, vous recevrez les r\u00e9sultats d&#8217;analyse de l&#8217;eau dans les 24 heures, avec un suivi en ligne de l&#8217;\u00e9tat d&#8217;avancement et la lecture du code QR pour plus de confort. Notre laboratoire sp\u00e9cialis\u00e9, ouvert <\/span><span class=\"OYPEnA font-feature-liga-off font-feature-clig-off font-feature-calt-off text-decoration-none text-strikethrough-none\">24 heures<\/span> <span class=\"OYPEnA font-feature-liga-off font-feature-clig-off font-feature-calt-off text-decoration-none text-strikethrough-none\">sur 24 et 7 jours sur 7<\/span><span class=\"OYPEnA font-feature-liga-off font-feature-clig-off font-feature-calt-off text-decoration-none text-strikethrough-none\">, donne la priorit\u00e9 \u00e0 chaque \u00e9chantillon sans frais suppl\u00e9mentaires, vous permettant ainsi d&#8217;obtenir un aquarium r\u00e9cifal florissant gr\u00e2ce \u00e0 la puissance combin\u00e9e de la technologie ICP et de nos connaissances professionnelles. Ce kit inclut l&#8217;analyse de l&#8217;eau RO\/DI.<\/span><\/p>\n<h2>Caract\u00e9ristiques Cl\u00e9s<\/h2>\n<ul>\n<li><strong>Contr\u00f4le Qualit\u00e9 par Analyste IA :<\/strong><br \/>\nAnalyste avanc\u00e9 bas\u00e9 sur l\u2019intelligence artificielle qui assure un troisi\u00e8me niveau de contr\u00f4le qualit\u00e9, garantissant une pr\u00e9cision et une fiabilit\u00e9 maximales dans chaque rapport d\u2019analyse d\u2019eau.<\/li>\n<li><strong>Technologie ICP-OES\/MS Base pour 49 Param\u00e8tres :<\/strong><br \/>\nTechnologie <strong>ICP-OES\/MS Base<\/strong> de pointe permettant l\u2019analyse pr\u00e9cise de <strong>49 param\u00e8tres essentiels de l\u2019eau de r\u00e9cif<\/strong>\u2014y compris la salinit\u00e9, le calcium, le magn\u00e9sium, le potassium, les oligo-\u00e9l\u00e9ments, et plus encore\u2014pour un suivi complet de votre aquarium r\u00e9cifal. Chaque <strong>1 kit<\/strong> inclut une analyse d\u2019\u00e9chantillon d\u2019eau osmos\u00e9e (RO\/DI) couvrant <strong>49 param\u00e8tres essentiels<\/strong>.<\/li>\n<li><strong>Flexibilit\u00e9 In\u00e9gal\u00e9e :<\/strong><br \/>\nInt\u00e9grez facilement vos propres r\u00e9sultats de tests \u00e0 domicile (KH, pH, NO\u2083, Fluor) pour les param\u00e8tres non couverts. Ajoutez ou scannez simplement le code-barres via votre tableau de bord\u2014le syst\u00e8me reconna\u00eet automatiquement le type d\u2019\u00e9chantillon et vous permet de compl\u00e9ter les param\u00e8tres manquants imm\u00e9diatement ou ult\u00e9rieurement.<\/li>\n<li><strong>Recommandations Personnalis\u00e9es :<\/strong><br \/>\nRecevez des conseils individualis\u00e9s sur les dosages correctifs, la maintenance et des recommandations d\u2019experts sur l\u2019ajustement de l\u2019\u00e9quipement et des produits, adapt\u00e9s aux besoins et tendances historiques de votre aquarium.<\/li>\n<li><strong>Int\u00e9gration des Tendances Historiques :<\/strong><br \/>\nReliez les analyses\u2014m\u00eame les pr\u00e9c\u00e9dentes et non r\u00e9alis\u00e9es avec ICP FLEX\u2014au profil de votre aquarium. Le syst\u00e8me exploite l\u2019historique complet de vos param\u00e8tres pour proposer des recommandations plus intelligentes et approfondies.<\/li>\n<li><strong>Gestion Simplifi\u00e9e des T\u00e2ches et Anomalies :<\/strong><br \/>\nSections int\u00e9gr\u00e9es <strong>Anomalies<\/strong> et <strong>T\u00e2ches<\/strong> pour un suivi et une gestion semi-automatis\u00e9s, afin de toujours rester inform\u00e9 des recommandations du laboratoire.<\/li>\n<li><strong>R\u00e9sultats Rapides et Fiables :<\/strong><br \/>\nRecevez les r\u00e9sultats de vos analyses d\u2019eau en <strong>moins de 24 heures<\/strong>. Notre laboratoire d\u00e9di\u00e9 fonctionne 24h\/24, 7j\/7, en traitant chaque \u00e9chantillon en priorit\u00e9, sans frais suppl\u00e9mentaires.<\/li>\n<li><strong>Suivi en Ligne et Envoi par QR Code :<\/strong><br \/>\nSuivez le statut de vos \u00e9chantillons en temps r\u00e9el en ligne et envoyez-les facilement gr\u00e2ce au scan du code QR, pour un traitement rapide et sans erreur.<\/li>\n<li><strong>Int\u00e9gration Facile \u00e0 Votre Aquarium :<\/strong><br \/>\nReliez facilement chaque code-barres\/\u00e9chantillon \u00e0 un aquarium existant dans votre espace personnel pour des analyses et recommandations pr\u00e9cises et personnalis\u00e9es.<\/li>\n<li><strong>R\u00e9sultats Professionnels et Abordables :<\/strong><br \/>\nProfitez d\u2019analyses avanc\u00e9es <strong>ICP-OES\/MS Base<\/strong> et de l\u2019accompagnement d\u2019experts \u00e0 un prix comp\u00e9titif, pour un aquarium r\u00e9cifal sain et performant.<\/li>\n<\/ul>\n<p class=\"cvGsUA direction-ltr align-justify para-style-body\"><strong><span class=\"OYPEnA font-feature-liga-off font-feature-clig-off font-feature-calt-off text-decoration-none text-strikethrough-none\">49 param\u00e8tres (Reef Water ICP only Analysis)<\/span><\/strong><\/p>\n<p class=\"cvGsUA direction-ltr align-justify para-style-body\"><span class=\"OYPEnA font-feature-liga-off font-feature-clig-off font-feature-calt-off text-decoration-none text-strikethrough-none\">SALINITY (PSU, SG, mS\/cm), Ca, Cl, B, Br, K, Mg, Na, S, Sr, Ba, Co, Cr, Cu, Fe, I, Li, Mn, Mo, Ni, Se, V, Zn, P, Po4, Si, Al, As, Ag, Be, Bi, Cd, Ga, Ge, Hg, La, In, Nb, Pb, Sb, Sc, Sn, Te, Ti, Tl, W, Zr<\/span><\/p>\n<p class=\"cvGsUA direction-ltr align-justify para-style-body\"><strong><span class=\"OYPEnA font-feature-liga-off font-feature-clig-off font-feature-calt-off text-decoration-none text-strikethrough-none\">49 param\u00e8tres (RO\/DI Water Analysis)<\/span><\/strong><\/p>\n<p class=\"cvGsUA direction-ltr align-justify para-style-body\"><span class=\"OYPEnA font-feature-liga-off font-feature-clig-off font-feature-calt-off text-decoration-none text-strikethrough-none\">SALINITY (PSU), Ca, Cl, B, Br, K, Mg, F, Na, S, Sr, Ba, Co, Cr, Cu, Fe, I, Li, Mn, Mo, Ni, Se, V, Zn, No3, P, Po4, Si, Al, As, Ag, Be, Bi, Cd, Ga, Ge, Hg, La, In, Nb, Pb, Sb, Sc, Sn, Te, Ti, Tl, W, Zr<\/span><\/p>\n","protected":false},"excerpt":{"rendered":"<p>Faites une exp\u00e9rience incomparable de l&#8217;analyse de l&#8217;eau avec notre ICP FLEX, qui teste avec pr\u00e9cision jusqu&#8217;\u00e0 49 param\u00e8tres essentiels \u00e0 l&#8217;aide de la technologie ICP uniquement bas\u00e9e sur MS\/OES, tout en fournissant des r\u00e9sultats \u00e9conomiquement avantageux. Ce qui nous diff\u00e9rencie, c&#8217;est la possibilit\u00e9 d&#8217;int\u00e9grer de mani\u00e8re transparente les r\u00e9sultats de vos tests \u00e0 domicile [&#8230;]\n","protected":false},"featured_media":38797,"template":"","meta":[],"product_brand":[],"product_cat":[131],"product_tag":[],"class_list":{"0":"post-38839","1":"product","2":"type-product","3":"status-publish","4":"has-post-thumbnail","6":"product_cat-icp-ic-reef-lab-water-analysis-fr","8":"first","9":"instock","10":"taxable","11":"shipping-taxable","12":"purchasable","13":"product-type-simple"},"_links":{"self":[{"href":"https:\/\/modernreef.eu\/fr\/wp-json\/wp\/v2\/product\/38839","targetHints":{"allow":["GET"]}}],"collection":[{"href":"https:\/\/modernreef.eu\/fr\/wp-json\/wp\/v2\/product"}],"about":[{"href":"https:\/\/modernreef.eu\/fr\/wp-json\/wp\/v2\/types\/product"}],"wp:featuredmedia":[{"embeddable":true,"href":"https:\/\/modernreef.eu\/fr\/wp-json\/wp\/v2\/media\/38797"}],"wp:attachment":[{"href":"https:\/\/modernreef.eu\/fr\/wp-json\/wp\/v2\/media?parent=38839"}],"wp:term":[{"taxonomy":"product_brand","embeddable":true,"href":"https:\/\/modernreef.eu\/fr\/wp-json\/wp\/v2\/product_brand?post=38839"},{"taxonomy":"product_cat","embeddable":true,"href":"https:\/\/modernreef.eu\/fr\/wp-json\/wp\/v2\/product_cat?post=38839"},{"taxonomy":"product_tag","embeddable":true,"href":"https:\/\/modernreef.eu\/fr\/wp-json\/wp\/v2\/product_tag?post=38839"}],"curies":[{"name":"wp","href":"https:\/\/api.w.org\/{rel}","templated":true}]}}