{"id":38847,"date":"2025-07-08T20:09:23","date_gmt":"2025-07-08T18:09:23","guid":{"rendered":"https:\/\/modernreef.eu\/?post_type=product&#038;p=38847"},"modified":"2025-10-29T00:15:06","modified_gmt":"2025-10-28T23:15:06","slug":"reef-mastery-pro-duo-3-pack-3-reef-water-analysis-pro-3-ro-di-water-analysis-pro","status":"publish","type":"product","link":"https:\/\/modernreef.eu\/fr\/shop\/icp-ic-reef-lab-water-analysis-fr\/reef-mastery-pro-duo-3-pack-3-reef-water-analysis-pro-3-ro-di-water-analysis-pro\/","title":{"rendered":"Reef Mastery PRO DUO 3-SETS (3 Reef Water Analysis Pro + 3 RO\/DI Water Analysis Pro)"},"content":{"rendered":"<p><span class=\"OYPEnA font-feature-liga-off font-feature-clig-off font-feature-calt-off text-decoration-none text-strikethrough-none\">C&#8217;est ici que la biologie, la chimie et la technologie de l&#8217;aquarium r\u00e9cifal se rencontrent, combin\u00e9es avec le site web le plus intellectuel et le plus facile \u00e0 interpr\u00e9ter que vous puissiez trouver. Le syst\u00e8me de notre site web r\u00e9soudra toute anomalie et vous guidera vers un meilleur r\u00e9sultat en fonction de votre aquarium r\u00e9cifal. En d&#8217;autres termes, notre analyse de l&#8217;eau est destin\u00e9e \u00e0 r\u00e9soudre un probl\u00e8me et \u00e0 atteindre des objectifs en fonction de la configuration de votre aquarium, de l&#8217;\u00e9quipement utilis\u00e9, du type d&#8217;aquarium r\u00e9cifal et des r\u00e9sultats de l&#8217;analyse de l&#8217;eau. Notre syst\u00e8me trouvera un dosage de \u00ab correction \u00bb pour les param\u00e8tres, un dosage d&#8217;entretien pour les \u00e9l\u00e9ments, les polluants et vous aidera \u00e0 d\u00e9cider si votre \u00e9quipement ou vos produits doivent \u00eatre arr\u00eat\u00e9s ou ajout\u00e9s \u00e0 votre aquarium r\u00e9cifal. Notre syst\u00e8me intelligent offre \u00e9galement une section d&#8217;aide appel\u00e9e \u00ab Anomalies \u00bb, avec une gestion multi-t\u00e2ches semi-automatique pour garder une vue sur toutes les t\u00e2ches sugg\u00e9r\u00e9es par notre laboratoire. Nous pouvons tester jusqu&#8217;\u00e0 <\/span><span class=\"OYPEnA font-feature-liga-off font-feature-clig-off font-feature-calt-off text-decoration-none text-strikethrough-none\">56 param\u00e8tres<\/span><span class=\"OYPEnA font-feature-liga-off font-feature-clig-off font-feature-calt-off text-decoration-none text-strikethrough-none\">, y compris le KH, la salinit\u00e9 \u00e0 haute r\u00e9solution, les nutriments, les polluants et la clart\u00e9 de l&#8217;eau, afin de maximiser votre \u00e9clairage, ce qui n&#8217;est offert que par Modern Reef Lab. Nos deux vastes laboratoires ne sont pas seulement \u00e9quip\u00e9s de machines ICP MS\/OES ; nous utilisons la chromatographie et d&#8217;autres \u00e9quipements et m\u00e9thodes de laboratoire modernes pour confirmer les r\u00e9sultats. Nous pouvons fournir des r\u00e9sultats d&#8217;analyse de l&#8217;eau dans les <\/span><span class=\"OYPEnA font-feature-liga-off font-feature-clig-off font-feature-calt-off text-decoration-none text-strikethrough-none\">24 heures<\/span><span class=\"OYPEnA font-feature-liga-off font-feature-clig-off font-feature-calt-off text-decoration-none text-strikethrough-none\"> gr\u00e2ce \u00e0 plusieurs machines par m\u00e9thode. Vous avez \u00e9galement la possibilit\u00e9 de suivre le statut de votre \u00e9chantillon en ligne et de scanner votre code QR pour \u00e9viter les fautes de frappe. Notre laboratoire est op\u00e9rationnel <\/span><span class=\"OYPEnA font-feature-liga-off font-feature-clig-off font-feature-calt-off text-decoration-none text-strikethrough-none\">24 heures<\/span><span class=\"OYPEnA font-feature-liga-off font-feature-clig-off font-feature-calt-off text-decoration-none text-strikethrough-none\"> sur <\/span><span class=\"OYPEnA font-feature-liga-off font-feature-clig-off font-feature-calt-off text-decoration-none text-strikethrough-none\">24 et 7 jours sur 7<\/span><span class=\"OYPEnA font-feature-liga-off font-feature-clig-off font-feature-calt-off text-decoration-none text-strikethrough-none\"> pour garantir des r\u00e9sultats rapides, et nous consid\u00e9rons tous nos \u00e9chantillons comme la priorit\u00e9 num\u00e9ro un, sans co\u00fbt suppl\u00e9mentaire. Ce kit inclut l&#8217;analyse de l&#8217;eau RO\/DI.<\/span><\/p>\n<h2>Caract\u00e9ristiques principales<\/h2>\n<ul>\n<li><strong>Contr\u00f4le qualit\u00e9 par analyste IA :<\/strong><br \/>\nUn analyste avanc\u00e9 aliment\u00e9 par l\u2019IA agit comme troisi\u00e8me niveau de contr\u00f4le qualit\u00e9, garantissant une pr\u00e9cision, une coh\u00e9rence et une fiabilit\u00e9 in\u00e9gal\u00e9es dans chaque rapport d\u2019analyse d\u2019eau.<\/li>\n<li><strong>Analyse d\u2019eau compl\u00e8te :<\/strong><br \/>\n\u00c9valuez jusqu\u2019\u00e0 <strong>56 param\u00e8tres critiques<\/strong> \u2014 y compris la salinit\u00e9, l\u2019alcalinit\u00e9 (KH), le pH, le calcium, le magn\u00e9sium, les nutriments, les polluants et la clart\u00e9 de l\u2019eau \u2014 pour obtenir un aper\u00e7u complet de la sant\u00e9 de votre syst\u00e8me r\u00e9cifal. Chaque <strong>1 kit<\/strong> inclut une analyse d\u2019\u00e9chantillon d\u2019eau osmos\u00e9e (RO\/DI) couvrant <strong>49 param\u00e8tres essentiels<\/strong>.<\/li>\n<li><strong>Moteur de recommandations intelligentes :<\/strong><br \/>\nUn syst\u00e8me en ligne de pointe analyse vos r\u00e9sultats uniques et fournit des conseils personnalis\u00e9s et actionnables, adapt\u00e9s \u00e0 la configuration, \u00e0 l\u2019\u00e9quipement et aux objectifs de votre aquarium.<\/li>\n<li><strong>Corrections orient\u00e9es objectifs :<\/strong><br \/>\nRecevez instantan\u00e9ment des recommandations pr\u00e9cises pour les dosages correctifs, la maintenance continue et les ajustements de produits ou d\u2019\u00e9quipements \u2014 le tout personnalis\u00e9 selon les r\u00e9sultats de votre analyse d\u2019eau.<\/li>\n<li><strong>Gestion des anomalies :<\/strong><br \/>\nUne section d\u00e9di\u00e9e aux anomalies avec gestion semi-automatis\u00e9e des t\u00e2ches vous permet de r\u00e9soudre efficacement les probl\u00e8mes et de suivre les actions sugg\u00e9r\u00e9es par le laboratoire.<\/li>\n<li><strong>Technologie de laboratoire avanc\u00e9e :<\/strong><br \/>\nDeux laboratoires ultra-modernes \u00e9quip\u00e9s de <strong>ICP-OES\/MS Base<\/strong>, de chromatographie et d\u2019autres m\u00e9thodes analytiques modernes pour une pr\u00e9cision sans compromis.<\/li>\n<li><strong>R\u00e9sultats rapides \u2014 Toujours une priorit\u00e9 :<\/strong><br \/>\nR\u00e9sultats complets de l\u2019analyse d\u2019eau livr\u00e9s en 24 heures. Nos laboratoires fonctionnent 24h\/24 et 7j\/7, traitant chaque \u00e9chantillon comme une priorit\u00e9 absolue, sans frais suppl\u00e9mentaires.<\/li>\n<li><strong>Suivi d\u2019\u00e9chantillon sans effort :<\/strong><br \/>\nSuivez le statut de votre \u00e9chantillon en temps r\u00e9el en ligne et soumettez facilement vos \u00e9chantillons gr\u00e2ce au scan du code QR pour un traitement simple et sans erreur.<\/li>\n<li><strong>Exp\u00e9rience num\u00e9rique conviviale :<\/strong><br \/>\nAcc\u00e9dez au site le plus intellectuellement avanc\u00e9 et le plus facile \u00e0 lire du secteur, avec une navigation claire, des conseils d\u2019experts et des ressources p\u00e9dagogiques pour chaque aquariophile r\u00e9cifal.<\/li>\n<\/ul>\n<p class=\"cvGsUA direction-ltr align-justify para-style-body\"><strong><span class=\"OYPEnA font-feature-liga-off font-feature-clig-off font-feature-calt-off text-decoration-none text-strikethrough-none\">56 param\u00e8tres (Reef Water Analysis)<\/span><\/strong><\/p>\n<p class=\"cvGsUA direction-ltr align-justify para-style-body\"><span class=\"OYPEnA font-feature-liga-off font-feature-clig-off font-feature-calt-off text-decoration-none text-strikethrough-none\">SALINITY (PSU, SG, mS\/cm), Kh, pH, CO2, WATER CLARITY (MRNU), PAR LOSS (PARL), Ca, Cl, B, Br, K, Mg, F, Na, S, Sr, Ba, Co, Cr, Cu, Fe, I, Li, Mn, Mo, Ni, Se, V, Zn, No3, P, Po4, Si, Al, As, Ag, Be, Bi, Cd, Ga, Ge, Hg, La, In, Nb, Pb, Sb, Sc, Sn, Te, Ti, Tl, W, Zr.<\/span><\/p>\n<p class=\"cvGsUA direction-ltr align-justify para-style-body\"><strong><span class=\"OYPEnA font-feature-liga-off font-feature-clig-off font-feature-calt-off text-decoration-none text-strikethrough-none\">49 param\u00e8tres (RO\/DI Water Analysis)<\/span><\/strong><\/p>\n<p class=\"cvGsUA direction-ltr align-justify para-style-body\"><span class=\"OYPEnA font-feature-liga-off font-feature-clig-off font-feature-calt-off text-decoration-none text-strikethrough-none\">SALINITY (PSU), Ca, Cl, B, Br, K, Mg, F, Na, S, Sr, Ba, Co, Cr, Cu, Fe, I, Li, Mn, Mo, Ni, Se, V, Zn, No3, P, Po4, Si, Al, As, Ag, Be, Bi, Cd, Ga, Ge, Hg, La, In, Nb, Pb, Sb, Sc, Sn, Te, Ti, Tl, W, Zr<\/span><\/p>\n","protected":false},"excerpt":{"rendered":"<p>C&#8217;est ici que la biologie, la chimie et la technologie de l&#8217;aquarium r\u00e9cifal se rencontrent, combin\u00e9es avec le site web le plus intellectuel et le plus facile \u00e0 interpr\u00e9ter que vous puissiez trouver. Le syst\u00e8me de notre site web r\u00e9soudra toute anomalie et vous guidera vers un meilleur r\u00e9sultat en fonction de votre aquarium r\u00e9cifal. [&#8230;]\n","protected":false},"featured_media":38802,"template":"","meta":[],"product_brand":[],"product_cat":[131],"product_tag":[],"class_list":{"0":"post-38847","1":"product","2":"type-product","3":"status-publish","4":"has-post-thumbnail","6":"product_cat-icp-ic-reef-lab-water-analysis-fr","8":"first","9":"instock","10":"taxable","11":"shipping-taxable","12":"purchasable","13":"product-type-simple"},"_links":{"self":[{"href":"https:\/\/modernreef.eu\/fr\/wp-json\/wp\/v2\/product\/38847","targetHints":{"allow":["GET"]}}],"collection":[{"href":"https:\/\/modernreef.eu\/fr\/wp-json\/wp\/v2\/product"}],"about":[{"href":"https:\/\/modernreef.eu\/fr\/wp-json\/wp\/v2\/types\/product"}],"wp:featuredmedia":[{"embeddable":true,"href":"https:\/\/modernreef.eu\/fr\/wp-json\/wp\/v2\/media\/38802"}],"wp:attachment":[{"href":"https:\/\/modernreef.eu\/fr\/wp-json\/wp\/v2\/media?parent=38847"}],"wp:term":[{"taxonomy":"product_brand","embeddable":true,"href":"https:\/\/modernreef.eu\/fr\/wp-json\/wp\/v2\/product_brand?post=38847"},{"taxonomy":"product_cat","embeddable":true,"href":"https:\/\/modernreef.eu\/fr\/wp-json\/wp\/v2\/product_cat?post=38847"},{"taxonomy":"product_tag","embeddable":true,"href":"https:\/\/modernreef.eu\/fr\/wp-json\/wp\/v2\/product_tag?post=38847"}],"curies":[{"name":"wp","href":"https:\/\/api.w.org\/{rel}","templated":true}]}}