{"id":11261,"date":"2022-04-07T00:23:15","date_gmt":"2022-04-06T22:23:15","guid":{"rendered":"https:\/\/modernreef.eu\/shop\/senza-categoria\/one-4reef\/"},"modified":"2025-10-13T18:22:03","modified_gmt":"2025-10-13T16:22:03","slug":"one-4reef-5l","status":"publish","type":"product","link":"https:\/\/modernreef.eu\/it\/shop\/organic-reef-keeping-system-it\/one-4reef-5l\/","title":{"rendered":"ONE-4Reef 5L"},"content":{"rendered":"<div class=\"row\"  id=\"row-1705657878\">\r\n\r\n\n\t<div id=\"col-1095347785\" class=\"col small-12 large-12\"  >\n\t\t\t\t<div class=\"col-inner\"  >\n\t\t\t\n\t\t\t\r\n\r\n\t<div id=\"gap-792032833\" class=\"gap-element clearfix\" style=\"display:block; height:auto;\">\n\t\t\n<style>\n#gap-792032833 {\n  padding-top: 10px;\n}\n<\/style>\n\t<\/div>\n\t\r\n\r\n<div class=\"container section-title-container\" ><h3 class=\"section-title section-title-normal\"><b aria-hidden=\"true\"><\/b><span class=\"section-title-main\" >Guida One-4Reef<\/span><b aria-hidden=\"true\"><\/b><\/h3><\/div>\r\n\r\nONE-4Reef \u00e8 una forma organica pura super-concentrata del nostro sistema di mantenimento dell\u2019acquario marino a consumo proporzionale in un solo contenitore. Contiene tutti gli oligoelementi necessari contenuti nell'acqua di mare, micronutrienti organici e aminoacidi in un unico prodotto! Pronto all'uso per mantenere un acquario marino fiorente e colorato. Altamente concentrato (1L contiene 50.160 mg\/l di calcio e 7.000 \u00b0dKH\/l). Appositamente progettato per essere utilizzato con il nostro Reef Keeping System (RKS) ma pu\u00f2 anche essere utilizzato da solo o in acquari con reattori di calcio.\r\n<blockquote><em><strong>Importante! <\/strong> ONE-4Reef pu\u00f2 ridurre significativamente i nutrienti a causa dell'attivit\u00e0 batterica prodotta dal dosaggio organico, portando a colorazione pallida e ristagno dell'acquario marino. Pertanto, si consiglia di monitorare NO3 e PO4 e di dosare Modern Reef N + e P + se necessario, specialmente negli acquari di barriera a basso contenuto di nutrienti.<\/em><\/blockquote>\r\n<strong>Benefici:<\/strong>\r\n<ul>\r\n \t<li>Contenitore tutto in uno per soddisfare tutte le esigenze dell'acquario marino (Complete Reef Food e Polypop sono ancora necessari)<\/li>\r\n \t<li>Nessun accumulo di sottoprodotti come sodio o cloruro<\/li>\r\n \t<li>Adatto a tutti gli acquari marini di LPS, di  SPS , di molli o misti<\/li>\r\n \t<li>Miglioramento del colore e della crescita rispetto ad altri metodi di Balling organici<\/li>\r\n \t<li>Rende l\u2019ambiente dell\u2019acquario marino pi\u00f9 resistente contro i cianobatteri e i dinoflagellati<\/li>\r\n \t<li>Massima estensione dei polipi su tutti i coralli<\/li>\r\n \t<li>Aiuta a pulire rocce e sabbia<\/li>\r\n \t<li>Aiuta a mantenere l'acqua limpida<\/li>\r\n \t<li>Riduce i nutrienti in eccesso come NO3 e PO4<\/li>\r\n \t<li>Adatto per il dosaggio manuale o automatico<\/li>\r\n \t<li>Risparmio di spazio con un contenitore e una pompa se usato da solo<\/li>\r\n \t<li>Pu\u00f2 essere utilizzato come applicazione \"a risparmio\" per sistemi di acquari marini con reattori a sfera o di calcio<\/li>\r\n \t<li>Modern Reef ONE-4Reef \u00e8 una formula unica a consumo proporzionale in forma organica<\/li>\r\n<\/ul>\r\n<strong>\u00c8 possibile utilizzare ONE-4Reef in 3 modi per mantenere un acquario marino:<\/strong>\r\n<ul>\r\n \t<li><a href=\"#anchor-alone\">Da solo come sistema di mantenimento dell\u2019acquario marino di base<\/a><\/li>\r\n \t<li><a href=\"#anchor-with-RKS\">Con Modern Reef RKS (Reef Keeping System) come \"modalit\u00e0 di risparmio\"<\/a><\/li>\r\n \t<li><a href=\"#anchor-with-calciumreactor\">Negli acquari marini con reattori di calcio<\/a><\/li>\r\n<\/ul>\r\n<span class=\"scroll-to\" data-label=\"Scroll to: #anchor-alone\" data-bullet=\"true\" data-link=\"#anchor-alone\" data-title=\"ONE-4REEF DA SOLO COME METODO DI MANTENIMENTO DELL\u2019ACQUARIO MARINO\"><a name=\"anchor-alone\"><\/a><\/span>\r\n\r\n<div class=\"container section-title-container\" ><h3 class=\"section-title section-title-normal\"><b aria-hidden=\"true\"><\/b><span class=\"section-title-main\" >ONE-4REEF DA SOLO COME METODO DI MANTENIMENTO DELL\u2019ACQUARIO MARINO<\/span><b aria-hidden=\"true\"><\/b><\/h3><\/div>\r\n\r\nSe si preferisce il dosaggio organico e una forma di balling diversa da RKS per mantenere il tuo acquario marino, allora si pu\u00f2 usare ONE-4Reef da solo. Inizia dosando 4 ml di ONE-4Reef per 100 litri. Quindi, aumenta di 2 ml per 100 litri ogni 2-4 giorni fino a mantenere costante KH e calcio e trovare il dosaggio di mantenimento. Testa il KH ed il calcio regolarmente ed utilizza il calcio come regolatore di dosaggio. Questo perch\u00e9 il livello di KH fornito da ONE-4Reef (come tutti i tipi di balling organico) potrebbe richiedere fino a 2 giorni per iniziare a essere rilevato da un kit di test KH. Non superare i 20 ml per 100 litri al giorno e non dimenticare di utilizzare Modern Reef Complete Reef Food e Polypop per completare il sistema di consumo proporzionale.\r\n\r\nSe il tuo acquario marino \u00e8 grande e non vuoi ricaricare costantemente, puoi dividere il dosaggio e collegare tutti i contenitori e le pompe dosatrici che desideri. Ad esempio, se si dosano 400 ml al giorno di ONE-4Reef, \u00e8 possibile collegare 4 contenitori a 4 pompe dosatrici e dosare 100 ml di ognuno al giorno. Durer\u00e0 a lungo fino a quando non cambierai i contenitori o li riempirai. Basta tenere a mente di moltiplicare la quantit\u00e0 totale dosata quando si applica Modern Reef Complete Reef Food e Polypop.\r\n\r\n\n\t<section class=\"section\" id=\"section_1560198515\">\n\t\t<div class=\"section-bg fill\" >\n\t\t\t\t\t\t\t\t\t\n\t\t\t\n\n\t\t<\/div>\n\n\t\t\n\n\t\t<div class=\"section-content relative\">\n\t\t\t\r\n\r\n<div class=\"container section-title-container\" ><h4 class=\"section-title section-title-center\"><b aria-hidden=\"true\"><\/b><span class=\"section-title-main\" >AZIONI CHE UTILIZZANO DA SOLO IL ONE-4REEF<\/span><b aria-hidden=\"true\"><\/b><\/h4><\/div>\r\n\r\n<div class=\"row row-small align-center row-box-shadow-2\"  id=\"row-2025651435\">\r\n\r\n\n\t<div id=\"col-1668959237\" class=\"col medium-3 small-12 large-2\"  >\n\t\t\t\t<div class=\"col-inner\"  >\n\t\t\t\n\t\t\t\r\n<h2 style=\"text-align: center;\"><strong>Ca \u2193\r\nKH \u2193<\/strong><\/h2>\r\n<p style=\"text-align: center;\">Aumentare il dosaggio di ONE-4Reef ogni 2-4 giorni<\/p>\r\n\t\t<\/div>\n\t\t\t\t\t<\/div>\n\n\t\r\n\n\t<div id=\"col-1609425266\" class=\"col medium-3 small-12 large-2\"  >\n\t\t\t\t<div class=\"col-inner\"  >\n\t\t\t\n\t\t\t\r\n<h2 style=\"text-align: center;\"><strong>Ca \u2193\r\nKH &#x2194;<\/strong><\/h2>\r\n<p style=\"text-align: center;\">Continuare con lo stesso dosaggio di ONE-4Reef e dosare Ca+<\/p>\r\n\t\t<\/div>\n\t\t\t\t\t<\/div>\n\n\t\r\n\n\t<div id=\"col-1776439448\" class=\"col medium-3 small-12 large-2\"  >\n\t\t\t\t<div class=\"col-inner\"  >\n\t\t\t\n\t\t\t\r\n<h2 style=\"text-align: center;\"><strong>Ca \u2193 <\/strong>| <strong>&#x2194;<\/strong><strong>\r\nKH \u2191<\/strong><\/h2>\r\n<p style=\"text-align: center;\">Ridurre il dosaggio di ONE-4Reef e dosare Ca+<\/p>\r\n\t\t<\/div>\n\t\t\t\t\t<\/div>\n\n\t\r\n\n\t<div id=\"col-728673350\" class=\"col medium-3 small-12 large-2\"  >\n\t\t\t\t<div class=\"col-inner\"  >\n\t\t\t\n\t\t\t\r\n<h2 style=\"text-align: center;\"><strong>Ca <\/strong><strong>&#x2194;<\/strong><strong>\r\nKH <\/strong><strong>&#x2194;<\/strong><\/h2>\r\n<p style=\"text-align: center;\">Continuare con lo stesso dosaggio di ONE-4Reef<\/p>\r\n\t\t<\/div>\n\t\t\t\t\t<\/div>\n\n\t\r\n\n\t<div id=\"col-635763999\" class=\"col medium-3 small-12 large-2\"  >\n\t\t\t\t<div class=\"col-inner\"  >\n\t\t\t\n\t\t\t\r\n<h2 style=\"text-align: center;\"><strong>Ca <\/strong><strong>&#x2194;<\/strong><strong>\r\nKH \u2193<\/strong><\/h2>\r\n<p style=\"text-align: center;\">Continuare con lo stesso dosaggio di ONE-4Reef e dosare KH+<\/p>\r\n\t\t<\/div>\n\t\t\t\t\t<\/div>\n\n\t\r\n\n\t<div id=\"col-470412066\" class=\"col medium-3 small-12 large-2\"  >\n\t\t\t\t<div class=\"col-inner\"  >\n\t\t\t\n\t\t\t\r\n<h2 style=\"text-align: center;\"><strong>Ca \u2191\u00a0<\/strong><strong>\r\nKH \u2193 <\/strong>| <strong>&#x2194;<\/strong><\/h2>\r\n<p style=\"text-align: center;\">Ridurre il dosaggio di ONE-4Reef e dosare KH+<\/p>\r\n\t\t<\/div>\n\t\t\t\t\t<\/div>\n\n\t\r\n\n\t<div id=\"col-1490005450\" class=\"col medium-3 small-12 large-2\"  >\n\t\t\t\t<div class=\"col-inner\"  >\n\t\t\t\n\t\t\t\r\n<h2 style=\"text-align: center;\"><strong>Ca \u2191<\/strong><strong>\r\nKH <\/strong><strong>\u2191 <\/strong><\/h2>\r\n<p style=\"text-align: center;\">Diminuire il dosaggio di ONE-4Reef<\/p>\r\n\t\t<\/div>\n\t\t\t\t\t<\/div>\n\n\t\r\n\r\n\n<style>\n#row-2025651435 > .col > .col-inner {\n  padding: 8px 4px 1px 4px;\n}\n<\/style>\n<\/div>\r\n\r\n\t\t<\/div>\n\n\t\t\n<style>\n#section_1560198515 {\n  padding-top: 30px;\n  padding-bottom: 30px;\n}\n<\/style>\n\t<\/section>\n\t\r\n\r\n\t\t<\/div>\n\t\t\t\t\t<\/div>\n\n\t\r\n\n\t<div id=\"col-997215023\" class=\"col small-12 large-12\"  >\n\t\t\t\t<div class=\"col-inner\"  >\n\t\t\t\n\t\t\t\r\n\r\n<span class=\"scroll-to\" data-label=\"Scroll to: #anchor-with-RKS\" data-bullet=\"true\" data-link=\"#anchor-with-RKS\" data-title=\"ONE-4REEF CON MODERN REEF RKS\"><a name=\"anchor-with-RKS\"><\/a><\/span>\r\n\r\n<div class=\"container section-title-container\" ><h3 class=\"section-title section-title-normal\"><b aria-hidden=\"true\"><\/b><span class=\"section-title-main\" >ONE-4Reef con Reef RKS Moderno<\/span><b aria-hidden=\"true\"><\/b><\/h3><\/div>\r\n\r\nIl ONE-4Reef pu\u00f2 essere utilizzato con Modern Reef - RKS - (Reef Keeping System) come applicazione \"al Risparmio\" e per beneficiare maggiormente del dosaggio Balling organico e inorganico incluso:\r\n<ul>\r\n \t<li>Massimo colore e crescita di tutti i coralli, in particolare SPS<\/li>\r\n \t<li>Estensione dei polipi estrema su tutti i coralli, in particolare le acropore<\/li>\r\n \t<li>Minor accumulo di sottoprodotti come sodio o cloruro<\/li>\r\n \t<li>Rocce e sabbia pi\u00f9 pulite<\/li>\r\n \t<li>Acqua pi\u00f9 limpida<\/li>\r\n \t<li>Riduce i nutrienti in eccesso come NO3 e PO4<\/li>\r\n \t<li>Risparmio con il consumo di dosaggio RKS (fino a 20% nel confronto costi)<\/li>\r\n \t<li>Rende l\u2019ambiente dell'acquario marino pi\u00f9 resistente contro i cianobatteri e i dinoflagellati<\/li>\r\n<\/ul>\r\nLa nostra ricerca ha rilevato che i migliori risultati sono stati raggiunti utilizzando questo metodo e ha contribuito a ridurre significativamente il consumo di Modern Reef - RKS (Reef Keeping System).\r\n\r\n\u00c8 importante testare sempre il KH e il Calcio quando si inizia a utilizzare ONE-4Reef per le prime 2 settimane. Inoltre, si tenga presente che il livello di KH fornito da ONE-4Reef potrebbe richiedere 2 giorni per iniziare a misurarlo con i kit del test del KH. Si pu\u00f2 scegliere di usarlo con il Modern Reef - RKS in 2 modi:\r\n\r\nSi pu\u00f2 scegliere di usarlo con il Modern Reef - RKS in 2 modi:\r\n<ul>\r\n \t<li><strong>RKS al 75% e ONE-4Reef al 25%<\/strong><\/li>\r\n \t<li><strong>RKS al 50% e ONE-4Reef al 50%<\/strong><\/li>\r\n<\/ul>\r\n(% presa dal dosaggio giornaliero di RKS)\r\n\r\n<strong>RKS al 75% e ONE-4Reef al 25%: <\/strong>Per utilizzare in questo modo ONE-4Reef, ridurre il dosaggio giornaliero dell'RKS del 25% e dosare giornalmente la stessa quantit\u00e0 ridotta in ml di ONE-4Reef. Quindi mantenere ONE-4Reef senza modificare il dosaggio e continuare a utilizzare l'RKS come si fa normalmente. \u00c8 possibile successivamente aumentare l'ONE-4Reef a pi\u00f9 del 25% e diminuire il dosaggio di RKS contemporaneamente e lentamente per utilizzare pi\u00f9 il ONE-4Reef e meno il RKS. Si pu\u00f2 portare lentamente al massimo e uguale dosaggio giornaliero di RKS, che lo render\u00e0 5 parti uguali sistema di dosaggio come spiegato in seguito. Basta tenere presente di non superare il dosaggio giornaliero di RKS con il ONE-4Reef. Si prega di lasciare un intervallo di 5-10 minuti tra ogni dose di ciascuna pompa.\r\n\r\n<strong>RKS al 50% e ONE-4Reef al 50%: <\/strong>Converte l'RKS e l'ONE-4Reef in un sistema di dosaggio a 5 parti uguali. Per utilizzare in questo modo l'ONE-4Reef, ridurre il dosaggio giornaliero dell'RKS del 25% della dose giornaliera la stessa quantit\u00e0 ridotta in ml di ONE-4Reef, quindi attendere 4 giorni, quindi dosare tutte e 5 le parti uguali fino a mantenere costanti il KH e il calcio tra 7,2-8,5 dKH e 390-440 mg \/ l di calcio. Se stai iniziando da zero  con Modern Reef, inizia dosando 4 ml per 100 litri da ciascuno dei 5 contenitori (4 contenitori RKS e 1 ONE-4Reef) fai i test giornalmente e regola il dosaggio giornaliero di 2 ml per 100 litri fino a mantenere costante il KH e il calcio tra 7,2-8,5 dKH e 390-440 mg \/ l di calcio. Si prega di lasciare un intervallo di 5-10 minuti tra ogni dose di ciascuna pompa.\r\n\r\nUno svantaggio dell'utilizzo di ONE-4Reef con RKS insieme \u00e8 la necessit\u00e0 di una 5a pompa dosatrice. Si consiglia di utilizzare una 5a pompa dosatrice e calibrarla come si fa per l'RKS. Se questa non \u00e8 un'opzione fattibile, \u00e8 comunque possibile dosare RKS KH1 e RKS KH2 in un contenitore e moltiplicare il dosaggio per 2. Quindi, ad esempio, se stai dosando 50 ml di ciascun contenitore, puoi dosare 100 ml di RKS KH1 e RKS KH2 (combinati in un unico contenitore) e 50 ml di RKS Cal e 50 ml di RKS Mag. Quindi avrai una pompa dosatrice aggiuntiva libera per ONE-4Reef.\r\n\r\n\n\t<section class=\"section\" id=\"section_1386778601\">\n\t\t<div class=\"section-bg fill\" >\n\t\t\t\t\t\t\t\t\t\n\t\t\t\n\n\t\t<\/div>\n\n\t\t\n\n\t\t<div class=\"section-content relative\">\n\t\t\t\r\n\r\n<div class=\"container section-title-container\" ><h4 class=\"section-title section-title-center\"><b aria-hidden=\"true\"><\/b><span class=\"section-title-main\" >Azioni con ONE-4Reef e RKS<\/span><b aria-hidden=\"true\"><\/b><\/h4><\/div>\r\n\r\n<div class=\"row row-small align-center row-box-shadow-2\"  id=\"row-1581846520\">\r\n\r\n\n\t<div id=\"col-1056789543\" class=\"col medium-3 small-12 large-2\"  >\n\t\t\t\t<div class=\"col-inner\"  >\n\t\t\t\n\t\t\t\r\n<h2 style=\"text-align: center;\"><strong>Ca \u2193\r\nKH \u2193<\/strong><\/h2>\r\n<p style=\"text-align: center;\">Aumentare il dosaggio di ONE-4Reef \/ RKS ogni 2-4 giorni<\/p>\r\n\t\t<\/div>\n\t\t\t\t\t<\/div>\n\n\t\r\n\n\t<div id=\"col-342679708\" class=\"col medium-3 small-12 large-2\"  >\n\t\t\t\t<div class=\"col-inner\"  >\n\t\t\t\n\t\t\t\r\n<h2 style=\"text-align: center;\"><strong>Ca \u2193\r\nKH \u00b7 &#x2194;<\/strong><\/h2>\r\n<p style=\"text-align: center;\">Continuare con lo stesso dosaggio ONE-4Reef\/RKS e dosare Ca+<\/p>\r\n\t\t<\/div>\n\t\t\t\t\t<\/div>\n\n\t\r\n\n\t<div id=\"col-1130812741\" class=\"col medium-3 small-12 large-2\"  >\n\t\t\t\t<div class=\"col-inner\"  >\n\t\t\t\n\t\t\t\r\n<h2 style=\"text-align: center;\"><strong>Ca \u2193 <\/strong>| <strong>&#x2194;<\/strong><strong>\r\nKH \u2191<\/strong><\/h2>\r\n<p style=\"text-align: center;\">Ridurre il dosaggio di ONE-4Reef\/RKS e dosare Ca+<\/p>\r\n\t\t<\/div>\n\t\t\t\t\t<\/div>\n\n\t\r\n\n\t<div id=\"col-1496136124\" class=\"col medium-3 small-12 large-2\"  >\n\t\t\t\t<div class=\"col-inner\"  >\n\t\t\t\n\t\t\t\r\n<h2 style=\"text-align: center;\"><strong>Ca <\/strong><strong>&#x2194;<\/strong><strong>\r\nKH \u00b7 <\/strong><strong>&#x2194;<\/strong><\/h2>\r\n<p style=\"text-align: center;\">Continuare con lo stesso dosaggio ONE-4Reef\/RKS<\/p>\r\n\t\t<\/div>\n\t\t\t\t\t<\/div>\n\n\t\r\n\n\t<div id=\"col-900116722\" class=\"col medium-3 small-12 large-2\"  >\n\t\t\t\t<div class=\"col-inner\"  >\n\t\t\t\n\t\t\t\r\n<h2 style=\"text-align: center;\"><strong>Ca <\/strong><strong>&#x2194;<\/strong><strong>\r\nKH \u2193<\/strong><\/h2>\r\n<p style=\"text-align: center;\">Continuare con lo stesso dosaggio ONE-4Reef\/RKS e dosare KH+<\/p>\r\n\t\t<\/div>\n\t\t\t\t\t<\/div>\n\n\t\r\n\n\t<div id=\"col-952579177\" class=\"col medium-3 small-12 large-2\"  >\n\t\t\t\t<div class=\"col-inner\"  >\n\t\t\t\n\t\t\t\r\n<h2 style=\"text-align: center;\"><strong>Ca \u2191<\/strong><strong>\r\nKH \u2193 <\/strong>| <strong>&#x2194;<\/strong><\/h2>\r\n<p style=\"text-align: center;\">Ridurre il dosaggio di ONE-4Reef\/RKS e dosare KH+<\/p>\r\n\t\t<\/div>\n\t\t\t\t\t<\/div>\n\n\t\r\n\n\t<div id=\"col-983236604\" class=\"col medium-3 small-12 large-2\"  >\n\t\t\t\t<div class=\"col-inner\"  >\n\t\t\t\n\t\t\t\r\n<h2 style=\"text-align: center;\"><strong>Ca \u2191<\/strong><strong>\r\nKH <\/strong><strong>\u2191 <\/strong><\/h2>\r\n<p style=\"text-align: center;\">Diminuire il dosaggio di ONE-4Reef\/RKS<\/p>\r\n\t\t<\/div>\n\t\t\t\t\t<\/div>\n\n\t\r\n\r\n\n<style>\n#row-1581846520 > .col > .col-inner {\n  padding: 8px 4px 1px 4px;\n}\n<\/style>\n<\/div>\r\n\r\n\t\t<\/div>\n\n\t\t\n<style>\n#section_1386778601 {\n  padding-top: 30px;\n  padding-bottom: 30px;\n}\n<\/style>\n\t<\/section>\n\t\r\n\r\n\t\t<\/div>\n\t\t\t\t\t<\/div>\n\n\t\r\n\n\t<div id=\"col-1461769977\" class=\"col small-12 large-12\"  >\n\t\t\t\t<div class=\"col-inner\"  >\n\t\t\t\n\t\t\t\r\n\r\n<span class=\"scroll-to\" data-label=\"Scroll to: #anchor-with-calciumreactor\" data-bullet=\"true\" data-link=\"#anchor-with-calciumreactor\" data-title=\"ONE-4REEF CON REATTORE DI CALCIO\"><a name=\"anchor-with-calciumreactor\"><\/a><\/span>\r\n\r\n<div class=\"container section-title-container\" ><h3 class=\"section-title section-title-normal\"><b aria-hidden=\"true\"><\/b><span class=\"section-title-main\" >ONE-4REEF CON REATTORE DI CALCIO<\/span><b aria-hidden=\"true\"><\/b><\/h3><\/div>\r\n\r\nONE-4Reef pu\u00f2 essere utilizzato in acquari marini con reattori di calcio. \u00c8 lo stesso che usare ONE-4Reef da solo come sistema di mantenimento dell\u2019acquario marino base, ma in questo caso \u00e8 necessario ridurre la capacit\u00e0 del reattore di calcio del 50%. Una volta ridotta la capacit\u00e0 del reattore di calcio al 50%, iniziare con la somministrazione giornaliera di 2 ml per 100 litri. Quindi regolare il dosaggio di 1 ml al giorno per 100 litri fino a mantenere costanti il KH e il calcio tra 7,2-8,5 dKH e 390-440 mg \/ l di calcio. Ecco alcuni dei vantaggi dell'utilizzo di ONE-4Reef in un sistema di acquario marino con un reattore di calcio:\r\n<ul>\r\n \t<li>Miglioramento del colore e della crescita di tutti i coralli, specialmente SPS<\/li>\r\n \t<li>Migliore estensione del polipo su tutti i coralli, in particolare le acropore<\/li>\r\n \t<li>Minor consumo di CO2 da parte del reattore di calcio che migliorer\u00e0 la fluttuazione del pH<\/li>\r\n \t<li>Rocce e sabbia pi\u00f9 pulite<\/li>\r\n \t<li>Acqua pi\u00f9 limpida<\/li>\r\n \t<li>La manutenzione del reattore di calcio durer\u00e0 pi\u00f9 a lungo<\/li>\r\n \t<li>Integrazione costante di alcuni elementi consumati dai batteri nel reattore di calcio<\/li>\r\n \t<li>Riduce i nutrienti in eccesso come NO3 e PO4<\/li>\r\n \t<li>Rende l\u2019ambiente dell\u2019acquario marino pi\u00f9 resistente contro i cianobatteri e i dinoflagellati<\/li>\r\n \t<li>Applicazione del sistema di mantenimento della barriera corallina a consumo proporzionale Modern Reef<\/li>\r\n \t<li>Consente un calcolo migliore per Modern Reef Complete Reef Food e Polypop<\/li>\r\n<\/ul>\r\n\n\t<section class=\"section\" id=\"section_604585349\">\n\t\t<div class=\"section-bg fill\" >\n\t\t\t\t\t\t\t\t\t\n\t\t\t\n\n\t\t<\/div>\n\n\t\t\n\n\t\t<div class=\"section-content relative\">\n\t\t\t\r\n\r\n<div class=\"container section-title-container\" ><h4 class=\"section-title section-title-center\"><b aria-hidden=\"true\"><\/b><span class=\"section-title-main\" >Azioni con ONE-4Reef con reattore di calcio<\/span><b aria-hidden=\"true\"><\/b><\/h4><\/div>\r\n\r\n<div class=\"row row-small align-center row-box-shadow-2\"  id=\"row-1186600101\">\r\n\r\n\n\t<div id=\"col-2061585013\" class=\"col medium-3 small-12 large-2\"  >\n\t\t\t\t<div class=\"col-inner\"  >\n\t\t\t\n\t\t\t\r\n<h2 style=\"text-align: center;\"><strong>Ca \u2193\r\nKH \u2193<\/strong><\/h2>\r\n<p style=\"text-align: center;\">Aumentare il dosaggio di ONE-4Reef ogni 2-4 giorni<\/p>\r\n\t\t<\/div>\n\t\t\t\t\t<\/div>\n\n\t\r\n\n\t<div id=\"col-1760050193\" class=\"col medium-3 small-12 large-2\"  >\n\t\t\t\t<div class=\"col-inner\"  >\n\t\t\t\n\t\t\t\r\n<h2 style=\"text-align: center;\"><strong>Ca \u2193\r\nKH &#x2194;<\/strong><\/h2>\r\n<p style=\"text-align: center;\">Continuare con lo stesso dosaggio di ONE-4Reef e dosare Ca+<\/p>\r\n\t\t<\/div>\n\t\t\t\t\t<\/div>\n\n\t\r\n\n\t<div id=\"col-2027272667\" class=\"col medium-3 small-12 large-2\"  >\n\t\t\t\t<div class=\"col-inner\"  >\n\t\t\t\n\t\t\t\r\n<h2 style=\"text-align: center;\"><strong>Ca \u2193 <\/strong>| <strong>&#x2194;<\/strong><strong>\r\nKH \u2191<\/strong><\/h2>\r\n<p style=\"text-align: center;\">Ridurre il dosaggio di ONE-4Reef e dosare Ca+<\/p>\r\n\t\t<\/div>\n\t\t\t\t\t<\/div>\n\n\t\r\n\n\t<div id=\"col-1025372728\" class=\"col medium-3 small-12 large-2\"  >\n\t\t\t\t<div class=\"col-inner\"  >\n\t\t\t\n\t\t\t\r\n<h2 style=\"text-align: center;\"><strong>Ca <\/strong><strong>&#x2194;<\/strong><strong>\r\nKH <\/strong><strong>&#x2194;<\/strong><\/h2>\r\n<p style=\"text-align: center;\">Continuare con lo stesso dosaggio di ONE-4Reef<\/p>\r\n\t\t<\/div>\n\t\t\t\t\t<\/div>\n\n\t\r\n\n\t<div id=\"col-855847930\" class=\"col medium-3 small-12 large-2\"  >\n\t\t\t\t<div class=\"col-inner\"  >\n\t\t\t\n\t\t\t\r\n<h2 style=\"text-align: center;\"><strong>Ca <\/strong><strong>&#x2194;<\/strong><strong>\r\nKH \u2193<\/strong><\/h2>\r\n<p style=\"text-align: center;\">Continuare con lo stesso dosaggio di ONE-4Reef e dosare KH+<\/p>\r\n\t\t<\/div>\n\t\t\t\t\t<\/div>\n\n\t\r\n\n\t<div id=\"col-1758526421\" class=\"col medium-3 small-12 large-2\"  >\n\t\t\t\t<div class=\"col-inner\"  >\n\t\t\t\n\t\t\t\r\n<h2 style=\"text-align: center;\"><strong>Ca \u2191\u00a0<\/strong><strong>\r\nKH \u2193 <\/strong>| <strong>&#x2194;<\/strong><\/h2>\r\n<p style=\"text-align: center;\">Ridurre il dosaggio di ONE-4Reef e dosare KH+<\/p>\r\n\t\t<\/div>\n\t\t\t\t\t<\/div>\n\n\t\r\n\n\t<div id=\"col-484144039\" class=\"col medium-3 small-12 large-2\"  >\n\t\t\t\t<div class=\"col-inner\"  >\n\t\t\t\n\t\t\t\r\n<h2 style=\"text-align: center;\"><strong>Ca \u2191<\/strong><strong>\r\nKH <\/strong><strong>\u2191 <\/strong><\/h2>\r\n<p style=\"text-align: center;\">Diminuire il dosaggio di ONE-4Reef<\/p>\r\n\t\t<\/div>\n\t\t\t\t\t<\/div>\n\n\t\r\n\r\n\n<style>\n#row-1186600101 > .col > .col-inner {\n  padding: 8px 4px 1px 4px;\n}\n<\/style>\n<\/div>\r\n\r\n\t\t<\/div>\n\n\t\t\n<style>\n#section_604585349 {\n  padding-top: 30px;\n  padding-bottom: 30px;\n}\n<\/style>\n\t<\/section>\n\t\r\n<div>ONE-4Reef richiede Modern Reef Complete Reef Food e Polypop per completare il nostro sistema di mantenimento dell\u2019acquario marino a consumo proporzionale. Scopri come usarli con ONE-4Reef usando il link qui sotto.<\/div>\r\n<div><\/div>\r\n<div>Per ogni domanda sui nostri prodotti o servizi Modern Reef, non esitate a contattarci.<\/div>\r\n\t\t<\/div>\n\t\t\t\t\t<\/div>\n\n\t\r\n\r\n<\/div>\n","protected":false},"excerpt":{"rendered":"<p>ONE-4Reef is a super-concentrated pure organic form of our proportional consumption reef-keeping system in one canister. It contains all necessary trace elements in natural seawater, organic micro-nutrients, and amino acids in one product! Ready to use to maintain a thriving and colorful reef aquarium. Highly concentrated (1L contains 50.160 mg\/l calcium and 7.000 \u00b0dKH\/l). Specially designed to be used with our Reef Keeping System (RKS) but can also be used alone or in aquariums with calcium reactors.<\/p>\n","protected":false},"featured_media":21196,"template":"","meta":[],"product_brand":[],"product_cat":[152],"product_tag":[],"class_list":{"0":"post-11261","1":"product","2":"type-product","3":"status-publish","4":"has-post-thumbnail","6":"product_cat-organic-reef-keeping-system-it","8":"first","9":"instock","10":"taxable","11":"shipping-taxable","12":"purchasable","13":"product-type-simple"},"_links":{"self":[{"href":"https:\/\/modernreef.eu\/it\/wp-json\/wp\/v2\/product\/11261","targetHints":{"allow":["GET"]}}],"collection":[{"href":"https:\/\/modernreef.eu\/it\/wp-json\/wp\/v2\/product"}],"about":[{"href":"https:\/\/modernreef.eu\/it\/wp-json\/wp\/v2\/types\/product"}],"wp:featuredmedia":[{"embeddable":true,"href":"https:\/\/modernreef.eu\/it\/wp-json\/wp\/v2\/media\/21196"}],"wp:attachment":[{"href":"https:\/\/modernreef.eu\/it\/wp-json\/wp\/v2\/media?parent=11261"}],"wp:term":[{"taxonomy":"product_brand","embeddable":true,"href":"https:\/\/modernreef.eu\/it\/wp-json\/wp\/v2\/product_brand?post=11261"},{"taxonomy":"product_cat","embeddable":true,"href":"https:\/\/modernreef.eu\/it\/wp-json\/wp\/v2\/product_cat?post=11261"},{"taxonomy":"product_tag","embeddable":true,"href":"https:\/\/modernreef.eu\/it\/wp-json\/wp\/v2\/product_tag?post=11261"}],"curies":[{"name":"wp","href":"https:\/\/api.w.org\/{rel}","templated":true}]}}